{"id":1152,"date":"2026-02-05T15:38:38","date_gmt":"2026-02-05T15:38:38","guid":{"rendered":"https:\/\/loka-samsara.de\/?page_id=1152"},"modified":"2026-03-07T21:25:45","modified_gmt":"2026-03-07T21:25:45","slug":"samsara-alikana","status":"publish","type":"page","link":"https:\/\/loka-samsara.de\/en\/samsara-alikana\/","title":{"rendered":"Samsara Alikana"},"content":{"rendered":"<div data-elementor-type=\"wp-page\" data-elementor-id=\"1152\" class=\"elementor elementor-1152\">\n\t\t\t\t<div class=\"elementor-element elementor-element-489bfd64 e-flex e-con-boxed e-con e-parent\" data-id=\"489bfd64\" data-element_type=\"container\">\n\t\t\t\t\t<div class=\"e-con-inner\">\n\t\t<div class=\"elementor-element elementor-element-168ea72b e-con-full e-flex e-con e-child\" data-id=\"168ea72b\" data-element_type=\"container\" data-settings=\"{&quot;background_background&quot;:&quot;gradient&quot;}\">\n\t\t<div class=\"elementor-element elementor-element-679df53c e-con-full e-flex e-con e-child\" data-id=\"679df53c\" data-element_type=\"container\">\n\t\t\t\t<div class=\"elementor-element elementor-element-6fed6869 elementor-widget elementor-widget-heading\" data-id=\"6fed6869\" data-element_type=\"widget\" data-widget_type=\"heading.default\">\n\t\t\t\t\t<h2 class=\"elementor-heading-title elementor-size-default\">Samsara Alikana<\/h2>\t\t\t\t<\/div>\n\t\t<div class=\"elementor-element elementor-element-fb7ee37 e-flex e-con-boxed e-con e-child\" data-id=\"fb7ee37\" data-element_type=\"container\">\n\t\t\t\t\t<div class=\"e-con-inner\">\n\t\t\t\t<div class=\"elementor-element elementor-element-4df01611 elementor-widget elementor-widget-text-editor\" data-id=\"4df01611\" data-element_type=\"widget\" data-widget_type=\"text-editor.default\">\n\t\t\t\t\t\t\t\t\t<p>Ein kleine Shih Tzu H\u00fcndin aus Polen.<br \/>Samy ist am 24.4.2008 in Polen geboren. Zu der Zeit suchte ich eine kleine und helle H\u00fcndin um Cremefarbene Shih Tzu zu z\u00fcchten. Ich bekam ein kleine Diva voller Liebe und Z\u00e4rtlichkeit. Samy wuchs zusammen mit der gleichaltrigen Fiffi (letztes Baby meiner Suchi) auf. Samy wollte sich lange Zeit von niemand Fremdes anfassen lassen, was ein erfolgreiches Ausstellen unm\u00f6glich machte.\u00a0Trotzdem erm\u00f6glichten ihr Charme und ihr Gangwerk ihr Vorz\u00fcgliche Bewertungen.<br \/>Samy hat mir 3 wunderbare W\u00fcrfe gebracht.\u00a0<\/p>\t\t\t\t\t\t\t\t<\/div>\n\t\t\t\t\t<\/div>\n\t\t\t\t<\/div>\n\t\t<div class=\"elementor-element elementor-element-5d9cd2c e-con-full e-flex e-con e-child\" data-id=\"5d9cd2c\" data-element_type=\"container\">\n\t\t\t\t<div class=\"elementor-element elementor-element-1d030e0 elementor-widget__width-inherit elementor-widget elementor-widget-twbb_gallery\" data-id=\"1d030e0\" data-element_type=\"widget\" data-settings=\"{&quot;columns&quot;:3,&quot;gap&quot;:{&quot;unit&quot;:&quot;px&quot;,&quot;size&quot;:12,&quot;sizes&quot;:[]},&quot;hgap&quot;:{&quot;unit&quot;:&quot;px&quot;,&quot;size&quot;:15,&quot;sizes&quot;:[]},&quot;lazyload&quot;:&quot;yes&quot;,&quot;gallery_layout&quot;:&quot;grid&quot;,&quot;columns_tablet&quot;:2,&quot;columns_mobile&quot;:1,&quot;gap_tablet&quot;:{&quot;unit&quot;:&quot;px&quot;,&quot;size&quot;:10,&quot;sizes&quot;:[]},&quot;gap_mobile&quot;:{&quot;unit&quot;:&quot;px&quot;,&quot;size&quot;:10,&quot;sizes&quot;:[]},&quot;hgap_tablet&quot;:{&quot;unit&quot;:&quot;px&quot;,&quot;size&quot;:10,&quot;sizes&quot;:[]},&quot;hgap_mobile&quot;:{&quot;unit&quot;:&quot;px&quot;,&quot;size&quot;:10,&quot;sizes&quot;:[]},&quot;link_to&quot;:&quot;file&quot;,&quot;aspect_ratio&quot;:&quot;3:2&quot;,&quot;overlay_background&quot;:&quot;yes&quot;,&quot;image_title_description&quot;:&quot;on_hover&quot;,&quot;content_hover_animation&quot;:&quot;fade-in&quot;}\" data-widget_type=\"twbb_gallery.default\">\n\t\t\t\t<div class=\"elementor-widget-container\">\n\t\t\t\t\t        <div class=\"elementor-single-gallery-title-description-wrapper elementor-field-group elementor-column elementor-col-100 elementor-widget-wrap elementor-widget-heading\">\n          <div class=\"elementor-single-gallery-title elementor-element elementor-heading-title\"><\/div>        <\/div>\n        \t\t<div class=\"elementor-gallery__container\">\n\t\t\t\t\t\t\t<a\n                class=\"e-gallery-item elementor-gallery-item twbb-flex-end-item elementor-animated-content\" href=\"https:\/\/loka-samsara.de\/wp-content\/uploads\/2025\/12\/LS-Samsara_Hochschwanger_2013.jpg\" data-elementor-open-lightbox=\"yes\" data-elementor-lightbox-slideshow=\"all-1d030e0\" data-elementor-lightbox-title=\"LS-Samsara_Hochschwanger_2013\" data-e-action-hash=\"#elementor-action%3Aaction%3Dlightbox%26settings%3DeyJpZCI6MjQxLCJ1cmwiOiJodHRwczpcL1wvbG9rYS1zYW1zYXJhLmRlXC93cC1jb250ZW50XC91cGxvYWRzXC8yMDI1XC8xMlwvTFMtU2Ftc2FyYV9Ib2Noc2Nod2FuZ2VyXzIwMTMuanBnIiwic2xpZGVzaG93IjoiYWxsLTFkMDMwZTAifQ%3D%3D\">\n        \n        <div class=\"twbb_item_image_section\">\n          <div class=\"e-gallery-image elementor-gallery-item__image\" data-thumbnail=\"https:\/\/loka-samsara.de\/wp-content\/uploads\/2025\/12\/LS-Samsara_Hochschwanger_2013.jpg\" data-width=\"400\" data-height=\"590\" alt=\"\" ><\/div>\n                      <div class=\"elementor-gallery-item__overlay\"><\/div>\n                  <\/div>\n               <\/a>\n      \t\t\t\t<a\n                class=\"e-gallery-item elementor-gallery-item twbb-flex-end-item elementor-animated-content\" href=\"https:\/\/loka-samsara.de\/wp-content\/uploads\/2025\/12\/Samsara.jpeg\" data-elementor-open-lightbox=\"yes\" data-elementor-lightbox-slideshow=\"all-1d030e0\" data-elementor-lightbox-title=\"Samsara\" data-e-action-hash=\"#elementor-action%3Aaction%3Dlightbox%26settings%3DeyJpZCI6MjQyLCJ1cmwiOiJodHRwczpcL1wvbG9rYS1zYW1zYXJhLmRlXC93cC1jb250ZW50XC91cGxvYWRzXC8yMDI1XC8xMlwvU2Ftc2FyYS5qcGVnIiwic2xpZGVzaG93IjoiYWxsLTFkMDMwZTAifQ%3D%3D\">\n        \n        <div class=\"twbb_item_image_section\">\n          <div class=\"e-gallery-image elementor-gallery-item__image\" data-thumbnail=\"https:\/\/loka-samsara.de\/wp-content\/uploads\/2025\/12\/Samsara.jpeg\" data-width=\"400\" data-height=\"266\" alt=\"\" ><\/div>\n                      <div class=\"elementor-gallery-item__overlay\"><\/div>\n                  <\/div>\n               <\/a>\n      \t\t\t\t<a\n                class=\"e-gallery-item elementor-gallery-item twbb-flex-end-item elementor-animated-content\" href=\"https:\/\/loka-samsara.de\/wp-content\/uploads\/2025\/12\/IMG_4804-2.jpg\" data-elementor-open-lightbox=\"yes\" data-elementor-lightbox-slideshow=\"all-1d030e0\" data-elementor-lightbox-title=\"IMG_4804 2\" data-e-action-hash=\"#elementor-action%3Aaction%3Dlightbox%26settings%3DeyJpZCI6MjQzLCJ1cmwiOiJodHRwczpcL1wvbG9rYS1zYW1zYXJhLmRlXC93cC1jb250ZW50XC91cGxvYWRzXC8yMDI1XC8xMlwvSU1HXzQ4MDQtMi5qcGciLCJzbGlkZXNob3ciOiJhbGwtMWQwMzBlMCJ9\">\n        \n        <div class=\"twbb_item_image_section\">\n          <div class=\"e-gallery-image elementor-gallery-item__image\" data-thumbnail=\"https:\/\/loka-samsara.de\/wp-content\/uploads\/2025\/12\/IMG_4804-2.jpg\" data-width=\"687\" data-height=\"691\" alt=\"\" ><\/div>\n                      <div class=\"elementor-gallery-item__overlay\"><\/div>\n                  <\/div>\n               <\/a>\n            <\/div>\n\n      \t\t\t\t<\/div>\n\t\t\t\t<\/div>\n\t\t<div class=\"elementor-element elementor-element-2f38c8b e-con-full e-flex e-con e-child\" data-id=\"2f38c8b\" data-element_type=\"container\">\n\t\t\t\t<div class=\"elementor-element elementor-element-42e703c0 elementor-widget__width-inherit elementor-widget elementor-widget-text-editor\" data-id=\"42e703c0\" data-element_type=\"widget\" data-widget_type=\"text-editor.default\">\n\t\t\t\t\t\t\t\t\t<p>The first babies were born on February 12, 2013. There was one black-and-white male and one gold-and-white male. The father of the puppies is Lucky Lions Quin Gun.<br \/><span style=\"color: #ff00ff;\"><a style=\"color: #ff00ff;\" href=\"https:\/\/loka-samsara.de\/en\/samy-1-wurf\/\">take a look<\/a><\/span><br \/>Samy\u2019s second litter was born on June 8, 2014. Two sweet girls and two sweet boys now bring joy to their families. The father of the puppies is Jai-Alai Jamali Loka Samsara.<br \/><span style=\"color: #ff00ff;\"><a style=\"color: #ff00ff;\" href=\"https:\/\/loka-samsara.de\/en\/samy-2-wurf\/\">take a look<\/a><\/span><br \/>Samy\u2019s last litter, born on August 27, 2015, brought two little boys. The father is Kenji Loka Samsara.<br \/><span style=\"color: #ff00ff;\"><a style=\"color: #ff00ff;\" href=\"https:\/\/loka-samsara.de\/en\/samy-3-wurf\/\">take a look<\/a><\/span><\/p>\t\t\t\t\t\t\t\t<\/div>\n\t\t\t\t<\/div>\n\t\t\t\t<\/div>\n\t\t\t\t<\/div>\n\t\t\t\t<\/div>\n\t\t\t\t\t<\/div>\n\t\t\t\t<\/div>\n\t\t\t\t<\/div>","protected":false},"excerpt":{"rendered":"<p>Samsara Alikana Ein kleine Shih Tzu H\u00fcndin aus Polen.Samy ist am 24.4.2008 in Polen geboren. Zu der Zeit suchte ich eine kleine und helle H\u00fcndin um Cremefarbene Shih Tzu zu z\u00fcchten. Ich bekam ein kleine Diva voller Liebe und Z\u00e4rtlichkeit. Samy wuchs zusammen mit der gleichaltrigen Fiffi (letztes Baby meiner Suchi) auf. Samy wollte sich [&hellip;]<\/p>\n","protected":false},"author":2,"featured_media":0,"parent":0,"menu_order":0,"comment_status":"closed","ping_status":"closed","template":"elementor_header_footer","meta":{"inline_featured_image":false,"two_page_speed":[],"footnotes":""},"class_list":["post-1152","page","type-page","status-publish","hentry"],"_links":{"self":[{"href":"https:\/\/loka-samsara.de\/en\/wp-json\/wp\/v2\/pages\/1152","targetHints":{"allow":["GET"]}}],"collection":[{"href":"https:\/\/loka-samsara.de\/en\/wp-json\/wp\/v2\/pages"}],"about":[{"href":"https:\/\/loka-samsara.de\/en\/wp-json\/wp\/v2\/types\/page"}],"author":[{"embeddable":true,"href":"https:\/\/loka-samsara.de\/en\/wp-json\/wp\/v2\/users\/2"}],"replies":[{"embeddable":true,"href":"https:\/\/loka-samsara.de\/en\/wp-json\/wp\/v2\/comments?post=1152"}],"version-history":[{"count":0,"href":"https:\/\/loka-samsara.de\/en\/wp-json\/wp\/v2\/pages\/1152\/revisions"}],"wp:attachment":[{"href":"https:\/\/loka-samsara.de\/en\/wp-json\/wp\/v2\/media?parent=1152"}],"curies":[{"name":"wp","href":"https:\/\/api.w.org\/{rel}","templated":true}]}}