{"id":1235,"date":"2026-02-09T21:27:34","date_gmt":"2026-02-09T21:27:34","guid":{"rendered":"https:\/\/loka-samsara.de\/?page_id=1235"},"modified":"2026-03-07T20:39:11","modified_gmt":"2026-03-07T20:39:11","slug":"kashmir-loka-samsara","status":"publish","type":"page","link":"https:\/\/loka-samsara.de\/en\/kashmir-loka-samsara\/","title":{"rendered":"Kashmir Loka Samsara"},"content":{"rendered":"<div data-elementor-type=\"wp-page\" data-elementor-id=\"1235\" class=\"elementor elementor-1235\">\n\t\t\t\t<div class=\"elementor-element elementor-element-489bfd64 e-flex e-con-boxed e-con e-parent\" data-id=\"489bfd64\" data-element_type=\"container\">\n\t\t\t\t\t<div class=\"e-con-inner\">\n\t\t<div class=\"elementor-element elementor-element-168ea72b e-con-full e-flex e-con e-child\" data-id=\"168ea72b\" data-element_type=\"container\" data-settings=\"{&quot;background_background&quot;:&quot;gradient&quot;}\">\n\t\t<div class=\"elementor-element elementor-element-679df53c e-con-full e-flex e-con e-child\" data-id=\"679df53c\" data-element_type=\"container\">\n\t\t\t\t<div class=\"elementor-element elementor-element-6fed6869 elementor-widget elementor-widget-heading\" data-id=\"6fed6869\" data-element_type=\"widget\" data-widget_type=\"heading.default\">\n\t\t\t\t\t<h2 class=\"elementor-heading-title elementor-size-default\">Kashmir Loka Samsara<\/h2>\t\t\t\t<\/div>\n\t\t<div class=\"elementor-element elementor-element-fb7ee37 e-flex e-con-boxed e-con e-child\" data-id=\"fb7ee37\" data-element_type=\"container\">\n\t\t\t\t\t<div class=\"e-con-inner\">\n\t\t\t\t<div class=\"elementor-element elementor-element-8268e4c elementor-widget elementor-widget-text-editor\" data-id=\"8268e4c\" data-element_type=\"widget\" data-widget_type=\"text-editor.default\">\n\t\t\t\t\t\t\t\t\t<p>Kashi<\/p>\t\t\t\t\t\t\t\t<\/div>\n\t\t\t\t\t<\/div>\n\t\t\t\t<\/div>\n\t\t<div class=\"elementor-element elementor-element-1d0ac9f e-con-full e-flex e-con e-child\" data-id=\"1d0ac9f\" data-element_type=\"container\">\n\t\t\t\t<div class=\"elementor-element elementor-element-fe6ff7f elementor-widget elementor-widget-text-editor\" data-id=\"fe6ff7f\" data-element_type=\"widget\" data-widget_type=\"text-editor.default\">\n\t\t\t\t\t\t\t\t\t<p>She is my little Swiss clockwork\u2014reliable and precise in everything she does. She is my dream dog and has taken the place of Sushi in my heart. Kashmir\u2019s successes would certainly be even greater if I attended more shows abroad with her. Together with her brother Kenji Loka Samsara, we were very successful internationally in the brace class.<\/p><p><strong><br \/>Show achievements:<\/strong><\/p><p><strong>Luxembourg  junior Champion<\/strong><\/p><p><strong>BeNeLux Junior Winner<\/strong><br \/><strong>Crufts Qualifikationen<\/strong><br \/><strong>German Junior Champion<\/strong><br \/><strong>Austrian Junior Champion<\/strong><br \/><strong>4th place World Dog Show Mailand<\/strong><br \/><strong>1.Platz Brace Class mit Kenji Loka Samsara (Paarklasse) World Dog Show Mailand<\/strong><br \/><strong>German Champion VDH<\/strong><br \/><strong>Austrian Champion \u00f6kv<\/strong><br \/><strong>Croatian Champion<\/strong><br \/><strong>international champion FCI<\/strong><\/p><div class=\"elementor elementor-262\" data-elementor-type=\"wp-page\" data-elementor-id=\"262\"><section class=\"elementor-section elementor-top-section elementor-element elementor-element-7f979378 elementor-section-full_width elementor-section-stretched elementor-section-height-default elementor-section-height-default\" data-id=\"7f979378\" data-element_type=\"section\" data-settings=\"{&quot;stretch_section&quot;:&quot;section-stretched&quot;}\"><div class=\"elementor-container elementor-column-gap-no two_elementor_element\"><div class=\"elementor-column elementor-col-100 elementor-top-column elementor-element elementor-element-74a2142f two_elementor_element\" data-id=\"74a2142f\" data-element_type=\"column\"><div class=\"elementor-widget-wrap elementor-element-populated two_elementor_element\"><div class=\"elementor-element elementor-element-79286357 elementor-widget elementor-widget-twbbpost-content two_elementor_element\" data-id=\"79286357\" data-element_type=\"widget\" data-widget_type=\"twbbpost-content.default\"><div class=\"elementor-widget-container two_elementor_element\"><div class=\"elementor elementor-262 two_elementor_element\" data-elementor-type=\"wp-page\" data-elementor-id=\"262\"><div class=\"elementor-element elementor-element-f051d4b e-flex e-con-boxed e-con e-parent two_elementor_element e-lazyloaded two_bg_lazy_init\" data-id=\"f051d4b\" data-element_type=\"container\" data-settings=\"{&quot;background_background&quot;:&quot;gradient&quot;}\"><div class=\"e-con-inner two_elementor_element\"><div class=\"elementor-element elementor-element-cf5c12f elementor-widget elementor-widget-text-editor two_elementor_element\" data-id=\"cf5c12f\" data-element_type=\"widget\" data-widget_type=\"text-editor.default\"><h2 class=\"two_elementor_element\"><strong>\u00a0<\/strong><\/h2><\/div><\/div><\/div><\/div><\/div><\/div><\/div><\/div><\/div><\/section><\/div>\t\t\t\t\t\t\t\t<\/div>\n\t\t\t\t<\/div>\n\t\t<div class=\"elementor-element elementor-element-80a8823 e-con-full e-flex e-con e-child\" data-id=\"80a8823\" data-element_type=\"container\">\n\t\t\t\t<div class=\"elementor-element elementor-element-dd2cbad elementor-widget elementor-widget-text-editor\" data-id=\"dd2cbad\" data-element_type=\"widget\" data-widget_type=\"text-editor.default\">\n\t\t\t\t\t\t\t\t\t<p>Kashi ist Mama von 2 W\u00fcrfen<\/p><p><span style=\"color: #ff00ff;\"><a style=\"color: #ff00ff;\" href=\"https:\/\/loka-samsara.de\/en\/jin-jin-2-wurf\/\">Here you can go to Litter 1.<\/a><\/span><\/p><p><span style=\"color: #ff00ff;\"><a style=\"color: #ff00ff;\" href=\"https:\/\/loka-samsara.de\/en\/kashi-1-wurf\/\">Here you can go to Litter 2.<\/a><\/span><\/p>\t\t\t\t\t\t\t\t<\/div>\n\t\t\t\t<\/div>\n\t\t<div class=\"elementor-element elementor-element-5d9cd2c e-con-full e-flex e-con e-child\" data-id=\"5d9cd2c\" data-element_type=\"container\">\n\t\t\t\t<div class=\"elementor-element elementor-element-1d030e0 elementor-widget__width-inherit elementor-widget elementor-widget-twbb_gallery\" data-id=\"1d030e0\" data-element_type=\"widget\" data-settings=\"{&quot;columns&quot;:3,&quot;gap&quot;:{&quot;unit&quot;:&quot;px&quot;,&quot;size&quot;:12,&quot;sizes&quot;:[]},&quot;hgap&quot;:{&quot;unit&quot;:&quot;px&quot;,&quot;size&quot;:15,&quot;sizes&quot;:[]},&quot;lazyload&quot;:&quot;yes&quot;,&quot;gallery_layout&quot;:&quot;grid&quot;,&quot;columns_tablet&quot;:2,&quot;columns_mobile&quot;:1,&quot;gap_tablet&quot;:{&quot;unit&quot;:&quot;px&quot;,&quot;size&quot;:10,&quot;sizes&quot;:[]},&quot;gap_mobile&quot;:{&quot;unit&quot;:&quot;px&quot;,&quot;size&quot;:10,&quot;sizes&quot;:[]},&quot;hgap_tablet&quot;:{&quot;unit&quot;:&quot;px&quot;,&quot;size&quot;:10,&quot;sizes&quot;:[]},&quot;hgap_mobile&quot;:{&quot;unit&quot;:&quot;px&quot;,&quot;size&quot;:10,&quot;sizes&quot;:[]},&quot;link_to&quot;:&quot;file&quot;,&quot;aspect_ratio&quot;:&quot;3:2&quot;,&quot;overlay_background&quot;:&quot;yes&quot;,&quot;image_title_description&quot;:&quot;on_hover&quot;,&quot;content_hover_animation&quot;:&quot;fade-in&quot;}\" data-widget_type=\"twbb_gallery.default\">\n\t\t\t\t<div class=\"elementor-widget-container\">\n\t\t\t\t\t        <div class=\"elementor-single-gallery-title-description-wrapper elementor-field-group elementor-column elementor-col-100 elementor-widget-wrap elementor-widget-heading\">\n          <div class=\"elementor-single-gallery-title elementor-element elementor-heading-title\"><\/div>        <\/div>\n        \t\t<div class=\"elementor-gallery__container\">\n\t\t\t\t\t\t\t<a\n                class=\"e-gallery-item elementor-gallery-item twbb-flex-end-item elementor-animated-content\" href=\"https:\/\/loka-samsara.de\/wp-content\/uploads\/2026\/02\/Kashmir-crufts.jpeg\" data-elementor-open-lightbox=\"yes\" data-elementor-lightbox-slideshow=\"all-1d030e0\" data-elementor-lightbox-title=\"Kashmir crufts\" data-e-action-hash=\"#elementor-action%3Aaction%3Dlightbox%26settings%3DeyJpZCI6MTIzNywidXJsIjoiaHR0cHM6XC9cL2xva2Etc2Ftc2FyYS5kZVwvd3AtY29udGVudFwvdXBsb2Fkc1wvMjAyNlwvMDJcL0thc2htaXItY3J1ZnRzLmpwZWciLCJzbGlkZXNob3ciOiJhbGwtMWQwMzBlMCJ9\">\n        \n        <div class=\"twbb_item_image_section\">\n          <div class=\"e-gallery-image elementor-gallery-item__image\" data-thumbnail=\"https:\/\/loka-samsara.de\/wp-content\/uploads\/2026\/02\/Kashmir-crufts.jpeg\" data-width=\"925\" data-height=\"925\" alt=\"\" ><\/div>\n                      <div class=\"elementor-gallery-item__overlay\"><\/div>\n                  <\/div>\n               <\/a>\n      \t\t\t\t<a\n                class=\"e-gallery-item elementor-gallery-item twbb-flex-end-item elementor-animated-content\" href=\"https:\/\/loka-samsara.de\/wp-content\/uploads\/2026\/02\/KaSHMIR-CRUFTS1.jpeg\" data-elementor-open-lightbox=\"yes\" data-elementor-lightbox-slideshow=\"all-1d030e0\" data-elementor-lightbox-title=\"KaSHMIR CRUFTS1\" data-e-action-hash=\"#elementor-action%3Aaction%3Dlightbox%26settings%3DeyJpZCI6MTIzOCwidXJsIjoiaHR0cHM6XC9cL2xva2Etc2Ftc2FyYS5kZVwvd3AtY29udGVudFwvdXBsb2Fkc1wvMjAyNlwvMDJcL0thU0hNSVItQ1JVRlRTMS5qcGVnIiwic2xpZGVzaG93IjoiYWxsLTFkMDMwZTAifQ%3D%3D\">\n        \n        <div class=\"twbb_item_image_section\">\n          <div class=\"e-gallery-image elementor-gallery-item__image\" data-thumbnail=\"https:\/\/loka-samsara.de\/wp-content\/uploads\/2026\/02\/KaSHMIR-CRUFTS1.jpeg\" data-width=\"960\" data-height=\"720\" alt=\"\" ><\/div>\n                      <div class=\"elementor-gallery-item__overlay\"><\/div>\n                  <\/div>\n               <\/a>\n      \t\t\t\t<a\n                class=\"e-gallery-item elementor-gallery-item twbb-flex-end-item elementor-animated-content\" href=\"https:\/\/loka-samsara.de\/wp-content\/uploads\/2026\/02\/Kashmir-Mailand.jpeg\" data-elementor-open-lightbox=\"yes\" data-elementor-lightbox-slideshow=\"all-1d030e0\" data-elementor-lightbox-title=\"Kashmir Mailand\" data-e-action-hash=\"#elementor-action%3Aaction%3Dlightbox%26settings%3DeyJpZCI6MTIzOSwidXJsIjoiaHR0cHM6XC9cL2xva2Etc2Ftc2FyYS5kZVwvd3AtY29udGVudFwvdXBsb2Fkc1wvMjAyNlwvMDJcL0thc2htaXItTWFpbGFuZC5qcGVnIiwic2xpZGVzaG93IjoiYWxsLTFkMDMwZTAifQ%3D%3D\">\n        \n        <div class=\"twbb_item_image_section\">\n          <div class=\"e-gallery-image elementor-gallery-item__image\" data-thumbnail=\"https:\/\/loka-samsara.de\/wp-content\/uploads\/2026\/02\/Kashmir-Mailand.jpeg\" data-width=\"743\" data-height=\"1024\" alt=\"\" ><\/div>\n                      <div class=\"elementor-gallery-item__overlay\"><\/div>\n                  <\/div>\n               <\/a>\n      \t\t\t\t<a\n                class=\"e-gallery-item elementor-gallery-item twbb-flex-end-item elementor-animated-content\" href=\"https:\/\/loka-samsara.de\/wp-content\/uploads\/2026\/02\/Kashmir-und-ich.jpeg\" data-elementor-open-lightbox=\"yes\" data-elementor-lightbox-slideshow=\"all-1d030e0\" data-elementor-lightbox-title=\"Kashmir und ich\" data-e-action-hash=\"#elementor-action%3Aaction%3Dlightbox%26settings%3DeyJpZCI6MTI0MCwidXJsIjoiaHR0cHM6XC9cL2xva2Etc2Ftc2FyYS5kZVwvd3AtY29udGVudFwvdXBsb2Fkc1wvMjAyNlwvMDJcL0thc2htaXItdW5kLWljaC5qcGVnIiwic2xpZGVzaG93IjoiYWxsLTFkMDMwZTAifQ%3D%3D\">\n        \n        <div class=\"twbb_item_image_section\">\n          <div class=\"e-gallery-image elementor-gallery-item__image\" data-thumbnail=\"https:\/\/loka-samsara.de\/wp-content\/uploads\/2026\/02\/Kashmir-und-ich.jpeg\" data-width=\"640\" data-height=\"960\" alt=\"\" ><\/div>\n                      <div class=\"elementor-gallery-item__overlay\"><\/div>\n                  <\/div>\n               <\/a>\n      \t\t\t\t<a\n                class=\"e-gallery-item elementor-gallery-item twbb-flex-end-item elementor-animated-content\" href=\"https:\/\/loka-samsara.de\/wp-content\/uploads\/2026\/02\/Kashmir_Welpe.jpg\" data-elementor-open-lightbox=\"yes\" data-elementor-lightbox-slideshow=\"all-1d030e0\" data-elementor-lightbox-title=\"Kashmir_Welpe\" data-e-action-hash=\"#elementor-action%3Aaction%3Dlightbox%26settings%3DeyJpZCI6MTI0MSwidXJsIjoiaHR0cHM6XC9cL2xva2Etc2Ftc2FyYS5kZVwvd3AtY29udGVudFwvdXBsb2Fkc1wvMjAyNlwvMDJcL0thc2htaXJfV2VscGUuanBnIiwic2xpZGVzaG93IjoiYWxsLTFkMDMwZTAifQ%3D%3D\">\n        \n        <div class=\"twbb_item_image_section\">\n          <div class=\"e-gallery-image elementor-gallery-item__image\" data-thumbnail=\"https:\/\/loka-samsara.de\/wp-content\/uploads\/2026\/02\/Kashmir_Welpe.jpg\" data-width=\"960\" data-height=\"871\" alt=\"\" ><\/div>\n                      <div class=\"elementor-gallery-item__overlay\"><\/div>\n                  <\/div>\n               <\/a>\n      \t\t\t\t<a\n                class=\"e-gallery-item elementor-gallery-item twbb-flex-end-item elementor-animated-content\" href=\"https:\/\/loka-samsara.de\/wp-content\/uploads\/2026\/02\/KashmirKenji.jpeg\" data-elementor-open-lightbox=\"yes\" data-elementor-lightbox-slideshow=\"all-1d030e0\" data-elementor-lightbox-title=\"Kashmir&amp;Kenji\" data-e-action-hash=\"#elementor-action%3Aaction%3Dlightbox%26settings%3DeyJpZCI6MTI0MiwidXJsIjoiaHR0cHM6XC9cL2xva2Etc2Ftc2FyYS5kZVwvd3AtY29udGVudFwvdXBsb2Fkc1wvMjAyNlwvMDJcL0thc2htaXJLZW5qaS5qcGVnIiwic2xpZGVzaG93IjoiYWxsLTFkMDMwZTAifQ%3D%3D\">\n        \n        <div class=\"twbb_item_image_section\">\n          <div class=\"e-gallery-image elementor-gallery-item__image\" data-thumbnail=\"https:\/\/loka-samsara.de\/wp-content\/uploads\/2026\/02\/KashmirKenji.jpeg\" data-width=\"1024\" data-height=\"1024\" alt=\"\" ><\/div>\n                      <div class=\"elementor-gallery-item__overlay\"><\/div>\n                  <\/div>\n               <\/a>\n      \t\t\t\t<a\n                class=\"e-gallery-item elementor-gallery-item twbb-flex-end-item elementor-animated-content\" href=\"https:\/\/loka-samsara.de\/wp-content\/uploads\/2026\/02\/Kashmir1.jpeg\" data-elementor-open-lightbox=\"yes\" data-elementor-lightbox-slideshow=\"all-1d030e0\" data-elementor-lightbox-title=\"Kashmir1\" data-e-action-hash=\"#elementor-action%3Aaction%3Dlightbox%26settings%3DeyJpZCI6MTI0MywidXJsIjoiaHR0cHM6XC9cL2xva2Etc2Ftc2FyYS5kZVwvd3AtY29udGVudFwvdXBsb2Fkc1wvMjAyNlwvMDJcL0thc2htaXIxLmpwZWciLCJzbGlkZXNob3ciOiJhbGwtMWQwMzBlMCJ9\">\n        \n        <div class=\"twbb_item_image_section\">\n          <div class=\"e-gallery-image elementor-gallery-item__image\" data-thumbnail=\"https:\/\/loka-samsara.de\/wp-content\/uploads\/2026\/02\/Kashmir1.jpeg\" data-width=\"657\" data-height=\"1024\" alt=\"\" ><\/div>\n                      <div class=\"elementor-gallery-item__overlay\"><\/div>\n                  <\/div>\n               <\/a>\n      \t\t\t\t<a\n                class=\"e-gallery-item elementor-gallery-item twbb-flex-end-item elementor-animated-content\" href=\"https:\/\/loka-samsara.de\/wp-content\/uploads\/2026\/02\/Kashmir2.jpeg\" data-elementor-open-lightbox=\"yes\" data-elementor-lightbox-slideshow=\"all-1d030e0\" data-elementor-lightbox-title=\"Kashmir2\" data-e-action-hash=\"#elementor-action%3Aaction%3Dlightbox%26settings%3DeyJpZCI6MTI0NCwidXJsIjoiaHR0cHM6XC9cL2xva2Etc2Ftc2FyYS5kZVwvd3AtY29udGVudFwvdXBsb2Fkc1wvMjAyNlwvMDJcL0thc2htaXIyLmpwZWciLCJzbGlkZXNob3ciOiJhbGwtMWQwMzBlMCJ9\">\n        \n        <div class=\"twbb_item_image_section\">\n          <div class=\"e-gallery-image elementor-gallery-item__image\" data-thumbnail=\"https:\/\/loka-samsara.de\/wp-content\/uploads\/2026\/02\/Kashmir2.jpeg\" data-width=\"768\" data-height=\"1024\" alt=\"\" ><\/div>\n                      <div class=\"elementor-gallery-item__overlay\"><\/div>\n                  <\/div>\n               <\/a>\n      \t\t\t\t<a\n                class=\"e-gallery-item elementor-gallery-item twbb-flex-end-item elementor-animated-content\" href=\"https:\/\/loka-samsara.de\/wp-content\/uploads\/2026\/02\/Kashmir3.jpeg\" data-elementor-open-lightbox=\"yes\" data-elementor-lightbox-slideshow=\"all-1d030e0\" data-elementor-lightbox-title=\"Kashmir3\" data-e-action-hash=\"#elementor-action%3Aaction%3Dlightbox%26settings%3DeyJpZCI6MTI0NSwidXJsIjoiaHR0cHM6XC9cL2xva2Etc2Ftc2FyYS5kZVwvd3AtY29udGVudFwvdXBsb2Fkc1wvMjAyNlwvMDJcL0thc2htaXIzLmpwZWciLCJzbGlkZXNob3ciOiJhbGwtMWQwMzBlMCJ9\">\n        \n        <div class=\"twbb_item_image_section\">\n          <div class=\"e-gallery-image elementor-gallery-item__image\" data-thumbnail=\"https:\/\/loka-samsara.de\/wp-content\/uploads\/2026\/02\/Kashmir3.jpeg\" data-width=\"582\" data-height=\"1024\" alt=\"\" ><\/div>\n                      <div class=\"elementor-gallery-item__overlay\"><\/div>\n                  <\/div>\n               <\/a>\n      \t\t\t\t<a\n                class=\"e-gallery-item elementor-gallery-item twbb-flex-end-item elementor-animated-content\" href=\"https:\/\/loka-samsara.de\/wp-content\/uploads\/2026\/02\/Kashmir4.jpeg\" data-elementor-open-lightbox=\"yes\" data-elementor-lightbox-slideshow=\"all-1d030e0\" data-elementor-lightbox-title=\"Kashmir4\" data-e-action-hash=\"#elementor-action%3Aaction%3Dlightbox%26settings%3DeyJpZCI6MTI0NiwidXJsIjoiaHR0cHM6XC9cL2xva2Etc2Ftc2FyYS5kZVwvd3AtY29udGVudFwvdXBsb2Fkc1wvMjAyNlwvMDJcL0thc2htaXI0LmpwZWciLCJzbGlkZXNob3ciOiJhbGwtMWQwMzBlMCJ9\">\n        \n        <div class=\"twbb_item_image_section\">\n          <div class=\"e-gallery-image elementor-gallery-item__image\" data-thumbnail=\"https:\/\/loka-samsara.de\/wp-content\/uploads\/2026\/02\/Kashmir4.jpeg\" data-width=\"1000\" data-height=\"738\" alt=\"\" ><\/div>\n                      <div class=\"elementor-gallery-item__overlay\"><\/div>\n                  <\/div>\n               <\/a>\n            <\/div>\n\n      \t\t\t\t<\/div>\n\t\t\t\t<\/div>\n\t\t\t\t<\/div>\n\t\t\t\t<\/div>\n\t\t\t\t<\/div>\n\t\t\t\t\t<\/div>\n\t\t\t\t<\/div>\n\t\t\t\t<\/div>","protected":false},"excerpt":{"rendered":"<p>Kashmir Loka Samsara Kashi ist mein kleines Schweizer Uhrwerk. Zuverl\u00e4ssig und exakt in ihren Ausf\u00fchrungen. Sie ist mein Traumhund und hat die Nachfolge von Sushi in meinem Herzen angetreten. Die Erfolge von Kashmir w\u00e4ren mit Sicherheit wesentlich gr\u00f6\u00dfer, w\u00fcrde ich mehr Ausstellungen im Ausland mit ihr besuchen. Zusammen mit ihrem Bruder Kenji Loka Samsara waren [&hellip;]<\/p>\n","protected":false},"author":2,"featured_media":0,"parent":0,"menu_order":0,"comment_status":"closed","ping_status":"closed","template":"elementor_header_footer","meta":{"inline_featured_image":false,"two_page_speed":[],"footnotes":""},"class_list":["post-1235","page","type-page","status-publish","hentry"],"_links":{"self":[{"href":"https:\/\/loka-samsara.de\/en\/wp-json\/wp\/v2\/pages\/1235","targetHints":{"allow":["GET"]}}],"collection":[{"href":"https:\/\/loka-samsara.de\/en\/wp-json\/wp\/v2\/pages"}],"about":[{"href":"https:\/\/loka-samsara.de\/en\/wp-json\/wp\/v2\/types\/page"}],"author":[{"embeddable":true,"href":"https:\/\/loka-samsara.de\/en\/wp-json\/wp\/v2\/users\/2"}],"replies":[{"embeddable":true,"href":"https:\/\/loka-samsara.de\/en\/wp-json\/wp\/v2\/comments?post=1235"}],"version-history":[{"count":0,"href":"https:\/\/loka-samsara.de\/en\/wp-json\/wp\/v2\/pages\/1235\/revisions"}],"wp:attachment":[{"href":"https:\/\/loka-samsara.de\/en\/wp-json\/wp\/v2\/media?parent=1235"}],"curies":[{"name":"wp","href":"https:\/\/api.w.org\/{rel}","templated":true}]}}