{"id":1254,"date":"2026-02-09T22:06:55","date_gmt":"2026-02-09T22:06:55","guid":{"rendered":"https:\/\/loka-samsara.de\/?page_id=1254"},"modified":"2026-03-07T20:44:03","modified_gmt":"2026-03-07T20:44:03","slug":"kira-of-tibetain-flowers","status":"publish","type":"page","link":"https:\/\/loka-samsara.de\/en\/kira-of-tibetain-flowers\/","title":{"rendered":"Kira of Tibetain Flowers"},"content":{"rendered":"<div data-elementor-type=\"wp-page\" data-elementor-id=\"1254\" class=\"elementor elementor-1254\">\n\t\t\t\t<div class=\"elementor-element elementor-element-489bfd64 e-flex e-con-boxed e-con e-parent\" data-id=\"489bfd64\" data-element_type=\"container\">\n\t\t\t\t\t<div class=\"e-con-inner\">\n\t\t<div class=\"elementor-element elementor-element-168ea72b e-con-full e-flex e-con e-child\" data-id=\"168ea72b\" data-element_type=\"container\" data-settings=\"{&quot;background_background&quot;:&quot;gradient&quot;}\">\n\t\t<div class=\"elementor-element elementor-element-679df53c e-con-full e-flex e-con e-child\" data-id=\"679df53c\" data-element_type=\"container\">\n\t\t\t\t<div class=\"elementor-element elementor-element-6fed6869 elementor-widget elementor-widget-heading\" data-id=\"6fed6869\" data-element_type=\"widget\" data-widget_type=\"heading.default\">\n\t\t\t\t\t<h2 class=\"elementor-heading-title elementor-size-default\">Kira of Tibetain Flowers<\/h2>\t\t\t\t<\/div>\n\t\t<div class=\"elementor-element elementor-element-fb7ee37 e-flex e-con-boxed e-con e-child\" data-id=\"fb7ee37\" data-element_type=\"container\">\n\t\t\t\t\t<div class=\"e-con-inner\">\n\t\t\t\t<div class=\"elementor-element elementor-element-4df01611 elementor-widget elementor-widget-text-editor\" data-id=\"4df01611\" data-element_type=\"widget\" data-widget_type=\"text-editor.default\">\n\t\t\t\t\t\t\t\t\t<p>unser kleiner Wirbelwind. Ich habe Kira im Alter von 6 Monaten bekommen und muss sagen, dass sie genauso geblieben ist wie der erste Eindruck vermittelt hat. Charmant, lustig, verspielt, sozial und das alles miteinander&#8230; Kira konnte leider ihre H\u00f6henangst nie \u00fcberwinden und war somit kein Ausstellungshund. In Luxemburg m\u00fcssten wir 2 richterliche Bewertungen von CAC oder CACIB Shows vorlegen um die Zuchtzulassung zu erhalten, so dass es eine echte Herausforderung war die kleine wilde Maus, die nicht stehen bleibt wenn sie in der H\u00f6he, sprich am Tisch angefasst wird, auf den Richtertisch zu stellen. Unsere Zuschauer haben sehr gelacht und ich habe Blut geschwitzt. F\u00fcr Ihre 2. Bewertung hatte ich Kira in der Zwischenklasse gemeldet, gleichzeitig mit meiner Kashmir. Plan war, dass Kira uns hinterher l\u00e4uft und sich wie zu Hause auch an Kashmir orientiert&#8230; Ich fand einen netten Ausstellungsfreund der sich nicht zu schade war mit einer Ausstellungs boykottierenden H\u00fcndin in den Ring zu steigen. Kira hatte es geschafft, so dass ich erleichtert und vor allem auch Kira erleichtert das Fell k\u00fcrzen konnte, ganz ihrem Bewegungsdrang entsprechend.<\/p>\t\t\t\t\t\t\t\t<\/div>\n\t\t\t\t\t<\/div>\n\t\t\t\t<\/div>\n\t\t<div class=\"elementor-element elementor-element-5d9cd2c e-con-full e-flex e-con e-child\" data-id=\"5d9cd2c\" data-element_type=\"container\">\n\t\t\t\t<div class=\"elementor-element elementor-element-1d030e0 elementor-widget__width-inherit elementor-widget elementor-widget-twbb_gallery\" data-id=\"1d030e0\" data-element_type=\"widget\" data-settings=\"{&quot;columns&quot;:3,&quot;gap&quot;:{&quot;unit&quot;:&quot;px&quot;,&quot;size&quot;:12,&quot;sizes&quot;:[]},&quot;hgap&quot;:{&quot;unit&quot;:&quot;px&quot;,&quot;size&quot;:15,&quot;sizes&quot;:[]},&quot;lazyload&quot;:&quot;yes&quot;,&quot;gallery_layout&quot;:&quot;grid&quot;,&quot;columns_tablet&quot;:2,&quot;columns_mobile&quot;:1,&quot;gap_tablet&quot;:{&quot;unit&quot;:&quot;px&quot;,&quot;size&quot;:10,&quot;sizes&quot;:[]},&quot;gap_mobile&quot;:{&quot;unit&quot;:&quot;px&quot;,&quot;size&quot;:10,&quot;sizes&quot;:[]},&quot;hgap_tablet&quot;:{&quot;unit&quot;:&quot;px&quot;,&quot;size&quot;:10,&quot;sizes&quot;:[]},&quot;hgap_mobile&quot;:{&quot;unit&quot;:&quot;px&quot;,&quot;size&quot;:10,&quot;sizes&quot;:[]},&quot;link_to&quot;:&quot;file&quot;,&quot;aspect_ratio&quot;:&quot;3:2&quot;,&quot;overlay_background&quot;:&quot;yes&quot;,&quot;image_title_description&quot;:&quot;on_hover&quot;,&quot;content_hover_animation&quot;:&quot;fade-in&quot;}\" data-widget_type=\"twbb_gallery.default\">\n\t\t\t\t<div class=\"elementor-widget-container\">\n\t\t\t\t\t        <div class=\"elementor-single-gallery-title-description-wrapper elementor-field-group elementor-column elementor-col-100 elementor-widget-wrap elementor-widget-heading\">\n          <div class=\"elementor-single-gallery-title elementor-element elementor-heading-title\"><\/div>        <\/div>\n        \t\t<div class=\"elementor-gallery__container\">\n\t\t\t\t\t\t\t<a\n                class=\"e-gallery-item elementor-gallery-item twbb-flex-end-item elementor-animated-content\" href=\"https:\/\/loka-samsara.de\/wp-content\/uploads\/2026\/02\/Kira_klein.jpg\" data-elementor-open-lightbox=\"yes\" data-elementor-lightbox-slideshow=\"all-1d030e0\" data-elementor-lightbox-title=\"Kira_klein\" data-e-action-hash=\"#elementor-action%3Aaction%3Dlightbox%26settings%3DeyJpZCI6MTI1NywidXJsIjoiaHR0cHM6XC9cL2xva2Etc2Ftc2FyYS5kZVwvd3AtY29udGVudFwvdXBsb2Fkc1wvMjAyNlwvMDJcL0tpcmFfa2xlaW4uanBnIiwic2xpZGVzaG93IjoiYWxsLTFkMDMwZTAifQ%3D%3D\">\n        \n        <div class=\"twbb_item_image_section\">\n          <div class=\"e-gallery-image elementor-gallery-item__image\" data-thumbnail=\"https:\/\/loka-samsara.de\/wp-content\/uploads\/2026\/02\/Kira_klein.jpg\" data-width=\"1024\" data-height=\"683\" alt=\"\" ><\/div>\n                      <div class=\"elementor-gallery-item__overlay\"><\/div>\n                  <\/div>\n               <\/a>\n      \t\t\t\t<a\n                class=\"e-gallery-item elementor-gallery-item twbb-flex-end-item elementor-animated-content\" href=\"https:\/\/loka-samsara.de\/wp-content\/uploads\/2026\/02\/Kira_kurz.jpg\" data-elementor-open-lightbox=\"yes\" data-elementor-lightbox-slideshow=\"all-1d030e0\" data-elementor-lightbox-title=\"Kira_kurz\" data-e-action-hash=\"#elementor-action%3Aaction%3Dlightbox%26settings%3DeyJpZCI6MTI1OCwidXJsIjoiaHR0cHM6XC9cL2xva2Etc2Ftc2FyYS5kZVwvd3AtY29udGVudFwvdXBsb2Fkc1wvMjAyNlwvMDJcL0tpcmFfa3Vyei5qcGciLCJzbGlkZXNob3ciOiJhbGwtMWQwMzBlMCJ9\">\n        \n        <div class=\"twbb_item_image_section\">\n          <div class=\"e-gallery-image elementor-gallery-item__image\" data-thumbnail=\"https:\/\/loka-samsara.de\/wp-content\/uploads\/2026\/02\/Kira_kurz.jpg\" data-width=\"1024\" data-height=\"727\" alt=\"\" ><\/div>\n                      <div class=\"elementor-gallery-item__overlay\"><\/div>\n                  <\/div>\n               <\/a>\n      \t\t\t\t<a\n                class=\"e-gallery-item elementor-gallery-item twbb-flex-end-item elementor-animated-content\" href=\"https:\/\/loka-samsara.de\/wp-content\/uploads\/2026\/02\/kira.jpeg\" data-elementor-open-lightbox=\"yes\" data-elementor-lightbox-slideshow=\"all-1d030e0\" data-elementor-lightbox-title=\"kira\" data-e-action-hash=\"#elementor-action%3Aaction%3Dlightbox%26settings%3DeyJpZCI6MTI1OSwidXJsIjoiaHR0cHM6XC9cL2xva2Etc2Ftc2FyYS5kZVwvd3AtY29udGVudFwvdXBsb2Fkc1wvMjAyNlwvMDJcL2tpcmEuanBlZyIsInNsaWRlc2hvdyI6ImFsbC0xZDAzMGUwIn0%3D\">\n        \n        <div class=\"twbb_item_image_section\">\n          <div class=\"e-gallery-image elementor-gallery-item__image\" data-thumbnail=\"https:\/\/loka-samsara.de\/wp-content\/uploads\/2026\/02\/kira.jpeg\" data-width=\"1024\" data-height=\"744\" alt=\"\" ><\/div>\n                      <div class=\"elementor-gallery-item__overlay\"><\/div>\n                  <\/div>\n               <\/a>\n      \t\t\t\t<a\n                class=\"e-gallery-item elementor-gallery-item twbb-flex-end-item elementor-animated-content\" href=\"https:\/\/loka-samsara.de\/wp-content\/uploads\/2026\/02\/Kira.jpg\" data-elementor-open-lightbox=\"yes\" data-elementor-lightbox-slideshow=\"all-1d030e0\" data-elementor-lightbox-title=\"Kira\" data-e-action-hash=\"#elementor-action%3Aaction%3Dlightbox%26settings%3DeyJpZCI6MTI2MCwidXJsIjoiaHR0cHM6XC9cL2xva2Etc2Ftc2FyYS5kZVwvd3AtY29udGVudFwvdXBsb2Fkc1wvMjAyNlwvMDJcL0tpcmEuanBnIiwic2xpZGVzaG93IjoiYWxsLTFkMDMwZTAifQ%3D%3D\">\n        \n        <div class=\"twbb_item_image_section\">\n          <div class=\"e-gallery-image elementor-gallery-item__image\" data-thumbnail=\"https:\/\/loka-samsara.de\/wp-content\/uploads\/2026\/02\/Kira.jpg\" data-width=\"619\" data-height=\"960\" alt=\"\" ><\/div>\n                      <div class=\"elementor-gallery-item__overlay\"><\/div>\n                  <\/div>\n               <\/a>\n      \t\t\t\t<a\n                class=\"e-gallery-item elementor-gallery-item twbb-flex-end-item elementor-animated-content\" href=\"https:\/\/loka-samsara.de\/wp-content\/uploads\/2026\/02\/kira1.jpeg\" data-elementor-open-lightbox=\"yes\" data-elementor-lightbox-slideshow=\"all-1d030e0\" data-elementor-lightbox-title=\"OLYMPUS DIGITAL CAMERA\" data-e-action-hash=\"#elementor-action%3Aaction%3Dlightbox%26settings%3DeyJpZCI6MTI2MSwidXJsIjoiaHR0cHM6XC9cL2xva2Etc2Ftc2FyYS5kZVwvd3AtY29udGVudFwvdXBsb2Fkc1wvMjAyNlwvMDJcL2tpcmExLmpwZWciLCJzbGlkZXNob3ciOiJhbGwtMWQwMzBlMCJ9\">\n        \n        <div class=\"twbb_item_image_section\">\n          <div class=\"e-gallery-image elementor-gallery-item__image\" data-thumbnail=\"https:\/\/loka-samsara.de\/wp-content\/uploads\/2026\/02\/kira1.jpeg\" data-width=\"1024\" data-height=\"768\" alt=\"\" ><\/div>\n                      <div class=\"elementor-gallery-item__overlay\"><\/div>\n                  <\/div>\n               <\/a>\n      \t\t\t\t<a\n                class=\"e-gallery-item elementor-gallery-item twbb-flex-end-item elementor-animated-content\" href=\"https:\/\/loka-samsara.de\/wp-content\/uploads\/2026\/02\/kira3.jpeg\" data-elementor-open-lightbox=\"yes\" data-elementor-lightbox-slideshow=\"all-1d030e0\" data-elementor-lightbox-title=\"kira3\" data-e-action-hash=\"#elementor-action%3Aaction%3Dlightbox%26settings%3DeyJpZCI6MTI2MiwidXJsIjoiaHR0cHM6XC9cL2xva2Etc2Ftc2FyYS5kZVwvd3AtY29udGVudFwvdXBsb2Fkc1wvMjAyNlwvMDJcL2tpcmEzLmpwZWciLCJzbGlkZXNob3ciOiJhbGwtMWQwMzBlMCJ9\">\n        \n        <div class=\"twbb_item_image_section\">\n          <div class=\"e-gallery-image elementor-gallery-item__image\" data-thumbnail=\"https:\/\/loka-samsara.de\/wp-content\/uploads\/2026\/02\/kira3.jpeg\" data-width=\"1024\" data-height=\"1024\" alt=\"\" ><\/div>\n                      <div class=\"elementor-gallery-item__overlay\"><\/div>\n                  <\/div>\n               <\/a>\n      \t\t\t\t<a\n                class=\"e-gallery-item elementor-gallery-item twbb-flex-end-item elementor-animated-content\" href=\"https:\/\/loka-samsara.de\/wp-content\/uploads\/2026\/02\/kira4.jpeg\" data-elementor-open-lightbox=\"yes\" data-elementor-lightbox-slideshow=\"all-1d030e0\" data-elementor-lightbox-title=\"kira4\" data-e-action-hash=\"#elementor-action%3Aaction%3Dlightbox%26settings%3DeyJpZCI6MTI2MywidXJsIjoiaHR0cHM6XC9cL2xva2Etc2Ftc2FyYS5kZVwvd3AtY29udGVudFwvdXBsb2Fkc1wvMjAyNlwvMDJcL2tpcmE0LmpwZWciLCJzbGlkZXNob3ciOiJhbGwtMWQwMzBlMCJ9\">\n        \n        <div class=\"twbb_item_image_section\">\n          <div class=\"e-gallery-image elementor-gallery-item__image\" data-thumbnail=\"https:\/\/loka-samsara.de\/wp-content\/uploads\/2026\/02\/kira4.jpeg\" data-width=\"1024\" data-height=\"683\" alt=\"\" ><\/div>\n                      <div class=\"elementor-gallery-item__overlay\"><\/div>\n                  <\/div>\n               <\/a>\n      \t\t\t\t<a\n                class=\"e-gallery-item elementor-gallery-item twbb-flex-end-item elementor-animated-content\" href=\"https:\/\/loka-samsara.de\/wp-content\/uploads\/2026\/02\/kira5.jpeg\" data-elementor-open-lightbox=\"yes\" data-elementor-lightbox-slideshow=\"all-1d030e0\" data-elementor-lightbox-title=\"kira5\" data-e-action-hash=\"#elementor-action%3Aaction%3Dlightbox%26settings%3DeyJpZCI6MTI2NCwidXJsIjoiaHR0cHM6XC9cL2xva2Etc2Ftc2FyYS5kZVwvd3AtY29udGVudFwvdXBsb2Fkc1wvMjAyNlwvMDJcL2tpcmE1LmpwZWciLCJzbGlkZXNob3ciOiJhbGwtMWQwMzBlMCJ9\">\n        \n        <div class=\"twbb_item_image_section\">\n          <div class=\"e-gallery-image elementor-gallery-item__image\" data-thumbnail=\"https:\/\/loka-samsara.de\/wp-content\/uploads\/2026\/02\/kira5.jpeg\" data-width=\"704\" data-height=\"1024\" alt=\"\" ><\/div>\n                      <div class=\"elementor-gallery-item__overlay\"><\/div>\n                  <\/div>\n               <\/a>\n            <\/div>\n\n      \t\t\t\t<\/div>\n\t\t\t\t<\/div>\n\t\t<div class=\"elementor-element elementor-element-2f38c8b e-con-full e-flex e-con e-child\" data-id=\"2f38c8b\" data-element_type=\"container\">\n\t\t\t\t<div class=\"elementor-element elementor-element-42e703c0 elementor-widget__width-inherit elementor-widget elementor-widget-text-editor\" data-id=\"42e703c0\" data-element_type=\"widget\" data-widget_type=\"text-editor.default\">\n\t\t\t\t\t\t\t\t\t<p><strong>Kira became mother of 2 litters<\/strong><\/p><p><span style=\"color: #ff00ff;\"><a style=\"color: #ff00ff;\" href=\"https:\/\/loka-samsara.de\/en\/kiras-1-wurf\/\" target=\"_blank\" rel=\"noopener\"><strong>Here you can go to Litter 1.<\/strong><\/a><\/span><\/p><p><a href=\"https:\/\/loka-samsara.de\/en\/kira-2-wurf\/\" target=\"_blank\" rel=\"noopener\"><span style=\"color: #ff00ff;\"><strong>Here you can go to Litter 2.<\/strong><\/span><\/a><\/p>\t\t\t\t\t\t\t\t<\/div>\n\t\t\t\t<\/div>\n\t\t\t\t<\/div>\n\t\t\t\t<\/div>\n\t\t\t\t<\/div>\n\t\t\t\t\t<\/div>\n\t\t\t\t<\/div>\n\t\t\t\t<\/div>","protected":false},"excerpt":{"rendered":"<p>Kira of Tibetain Flowers unser kleiner Wirbelwind. Ich habe Kira im Alter von 6 Monaten bekommen und muss sagen, dass sie genauso geblieben ist wie der erste Eindruck vermittelt hat. Charmant, lustig, verspielt, sozial und das alles miteinander&#8230; Kira konnte leider ihre H\u00f6henangst nie \u00fcberwinden und war somit kein Ausstellungshund. In Luxemburg m\u00fcssten wir 2 [&hellip;]<\/p>\n","protected":false},"author":2,"featured_media":0,"parent":0,"menu_order":0,"comment_status":"closed","ping_status":"closed","template":"elementor_header_footer","meta":{"inline_featured_image":false,"two_page_speed":[],"footnotes":""},"class_list":["post-1254","page","type-page","status-publish","hentry"],"_links":{"self":[{"href":"https:\/\/loka-samsara.de\/en\/wp-json\/wp\/v2\/pages\/1254","targetHints":{"allow":["GET"]}}],"collection":[{"href":"https:\/\/loka-samsara.de\/en\/wp-json\/wp\/v2\/pages"}],"about":[{"href":"https:\/\/loka-samsara.de\/en\/wp-json\/wp\/v2\/types\/page"}],"author":[{"embeddable":true,"href":"https:\/\/loka-samsara.de\/en\/wp-json\/wp\/v2\/users\/2"}],"replies":[{"embeddable":true,"href":"https:\/\/loka-samsara.de\/en\/wp-json\/wp\/v2\/comments?post=1254"}],"version-history":[{"count":0,"href":"https:\/\/loka-samsara.de\/en\/wp-json\/wp\/v2\/pages\/1254\/revisions"}],"wp:attachment":[{"href":"https:\/\/loka-samsara.de\/en\/wp-json\/wp\/v2\/media?parent=1254"}],"curies":[{"name":"wp","href":"https:\/\/api.w.org\/{rel}","templated":true}]}}