{"id":1320,"date":"2026-02-10T13:38:20","date_gmt":"2026-02-10T13:38:20","guid":{"rendered":"https:\/\/loka-samsara.de\/?page_id=1320"},"modified":"2026-03-07T20:12:48","modified_gmt":"2026-03-07T20:12:48","slug":"datenschutz","status":"publish","type":"page","link":"https:\/\/loka-samsara.de\/en\/datenschutz\/","title":{"rendered":"Privacy Policy"},"content":{"rendered":"<div data-elementor-type=\"wp-page\" data-elementor-id=\"1320\" class=\"elementor elementor-1320\">\n\t\t\t\t<div class=\"elementor-element elementor-element-489bfd64 e-flex e-con-boxed e-con e-parent\" data-id=\"489bfd64\" data-element_type=\"container\">\n\t\t\t\t\t<div class=\"e-con-inner\">\n\t\t<div class=\"elementor-element elementor-element-168ea72b e-con-full e-flex e-con e-child\" data-id=\"168ea72b\" data-element_type=\"container\" data-settings=\"{&quot;background_background&quot;:&quot;gradient&quot;}\">\n\t\t<div class=\"elementor-element elementor-element-679df53c e-con-full e-flex e-con e-child\" data-id=\"679df53c\" data-element_type=\"container\">\n\t\t\t\t<div class=\"elementor-element elementor-element-6fed6869 elementor-widget elementor-widget-heading\" data-id=\"6fed6869\" data-element_type=\"widget\" data-widget_type=\"heading.default\">\n\t\t\t\t\t<h2 class=\"elementor-heading-title elementor-size-default\">Privacy Policy<\/h2>\t\t\t\t<\/div>\n\t\t<div class=\"elementor-element elementor-element-fb7ee37 e-flex e-con-boxed e-con e-child\" data-id=\"fb7ee37\" data-element_type=\"container\">\n\t\t\t\t\t<div class=\"e-con-inner\">\n\t\t\t\t<div class=\"elementor-element elementor-element-4df01611 elementor-widget elementor-widget-text-editor\" data-id=\"4df01611\" data-element_type=\"widget\" data-widget_type=\"text-editor.default\">\n\t\t\t\t\t\t\t\t\t<h1>Privacy Policy<\/h1><p>The responsible entity within the meaning of the data protection laws, in particular the EU General Data Protection Regulation (GDPR), is:<\/p><p>Joelle Ling\u00e9e<br \/>Adress<br \/>Raiffeisenstrasse 14 D-83355 Erlst\u00e4tt<br \/>Kennel Name<br \/>Loka-Samsara<br \/>Email Adress\u00a0<span id=\"cloak6f2b169873c6f9957e2479fafd2f6705\"><a href=\"mailto:shihtzu@t-online.de\">shihtzu@t-online.de<\/a><\/span><br \/>Phone Germany: +49 861 15993<br \/>Mobile Germany: +49 15158553263<\/p><h3>Your Rights as a Data Subject<\/h3><p>Using the contact details provided above, you may exercise the following rights at any time:<\/p><ul><li>Information about your data stored by us and its processing<\/li><li>Correction of inaccurate personal data<\/li><li>Deletion of your data stored by us<\/li><li>Restriction of data processing if we are not yet allowed to delete your data due to legal obligations<\/li><li>Objection to the processing of your data by us<\/li><li>Data portability, provided you have consented to the data processing or concluded a contract with us<\/li><\/ul><p>If you have given us consent, you may revoke this consent at any time with effect for the future.<\/p><p>You may also file a complaint at any time with the supervisory authority responsible for you. The responsible supervisory authority depends on the federal state of your residence, workplace, or the presumed violation. A list of supervisory authorities (for the non-public sector) with addresses can be found at:\u00a0<a href=\"https:\/\/www.bfdi.bund.de\/DE\/Infothek\/Anschriften_Links\/anschriften_links-node.html\" target=\"_blank\" rel=\"noopener\">https:\/\/www.bfdi.bund.de\/DE\/Infothek\/Anschriften_Links\/anschriften_links-node.html<\/a>.<\/p><h3>Purposes of Data Processing by the Responsible Entity and Third Parties<\/h3><p>We process your personal data only for the purposes stated in this privacy policy. Your personal data will not be transferred to third parties for purposes other than those listed below. We only share your personal data with third parties if:<\/p><ul><li>You have given your explicit consent<\/li><li>The processing is necessary for the execution of a contract with you<\/li><li>The processing is necessary for compliance with a legal obligation<\/li><\/ul><p>The processing is necessary for the protection of legitimate interests and there is no reason to assume that you have an overriding legitimate interest in not disclosing your data<\/p><h3>Deletion or Blocking of Data<\/h3><p>We adhere to the principles of data avoidance and data minimization. Therefore, we store your personal data only for as long as necessary to achieve the purposes stated here or as required by the statutory retention periods provided by law. Once the respective purpose ceases to apply or these periods expire, the corresponding data will be routinely blocked or deleted in accordance with legal requirements.<\/p><h3>Provision of Paid Services<\/h3><p>In order to provide paid services, additional data may be requested, such as payment information, in order to process your order. We store this data in our systems until the statutory retention periods have expired.<\/p><h3><strong>Changes to Our Privacy Policy<\/strong><\/h3><p>We reserve the right to adapt this privacy policy so that it always complies with current legal requirements or to implement changes to our services in the privacy policy, for example when introducing new services. The new privacy policy will then apply to your next visit.<\/p><h3><strong>Questions to the Data Protection Officer<\/strong><\/h3><p>If you have any questions regarding data protection, please send us an email or contact the person responsible for data protection within our organization.<\/p><p><em>This privacy policy was created using the -privacy policy generator of active<a href=\"https:\/\/www.activemind.de\/generatoren\/datenschutzerklaerung\/\">\u00a0<\/a><\/em><em>Mind AG<\/em><em>.<\/em><\/p>\t\t\t\t\t\t\t\t<\/div>\n\t\t\t\t\t<\/div>\n\t\t\t\t<\/div>\n\t\t<div class=\"elementor-element elementor-element-5d9cd2c e-con-full e-flex e-con e-child\" data-id=\"5d9cd2c\" data-element_type=\"container\">\n\t\t<div class=\"elementor-element elementor-element-2f38c8b e-con-full e-flex e-con e-child\" data-id=\"2f38c8b\" data-element_type=\"container\">\n\t\t\t\t<\/div>\n\t\t\t\t<\/div>\n\t\t\t\t<\/div>\n\t\t\t\t<\/div>\n\t\t\t\t\t<\/div>\n\t\t\t\t<\/div>\n\t\t\t\t<\/div>","protected":false},"excerpt":{"rendered":"<p>Datenschutz Datenschutzerkl\u00e4rung Verantwortliche Stelle im Sinne der Datenschutzgesetze, insbesondere der EU-Datenschutzgrundverordnung (DSGVO), ist: Joelle Ling\u00e9eAdresse:Raiffeisenstrasse 14 D-83355 Erlst\u00e4ttZ\u00fcchtername:Loka-SamsaraEmailadresse:\u00a0shihtzu@t-online.deTelefon Deutschland:0861 15993Mobil Deutschland: 0151 58553263 Ihre Betroffenenrechte Unter den angegebenen Kontaktdaten unseres Datenschutzbeauftragten k\u00f6nnen Sie jederzeit folgende Rechte aus\u00fcben: Auskunft \u00fcber Ihre bei uns gespeicherten Daten und deren Verarbeitung, Berichtigung unrichtiger personenbezogener Daten, L\u00f6schung Ihrer bei uns [&hellip;]<\/p>\n","protected":false},"author":2,"featured_media":0,"parent":0,"menu_order":0,"comment_status":"closed","ping_status":"closed","template":"elementor_header_footer","meta":{"inline_featured_image":false,"two_page_speed":[],"footnotes":""},"class_list":["post-1320","page","type-page","status-publish","hentry"],"_links":{"self":[{"href":"https:\/\/loka-samsara.de\/en\/wp-json\/wp\/v2\/pages\/1320","targetHints":{"allow":["GET"]}}],"collection":[{"href":"https:\/\/loka-samsara.de\/en\/wp-json\/wp\/v2\/pages"}],"about":[{"href":"https:\/\/loka-samsara.de\/en\/wp-json\/wp\/v2\/types\/page"}],"author":[{"embeddable":true,"href":"https:\/\/loka-samsara.de\/en\/wp-json\/wp\/v2\/users\/2"}],"replies":[{"embeddable":true,"href":"https:\/\/loka-samsara.de\/en\/wp-json\/wp\/v2\/comments?post=1320"}],"version-history":[{"count":0,"href":"https:\/\/loka-samsara.de\/en\/wp-json\/wp\/v2\/pages\/1320\/revisions"}],"wp:attachment":[{"href":"https:\/\/loka-samsara.de\/en\/wp-json\/wp\/v2\/media?parent=1320"}],"curies":[{"name":"wp","href":"https:\/\/api.w.org\/{rel}","templated":true}]}}