{"id":1342,"date":"2026-02-10T15:14:35","date_gmt":"2026-02-10T15:14:35","guid":{"rendered":"https:\/\/loka-samsara.de\/?page_id=1342"},"modified":"2026-03-04T09:19:45","modified_gmt":"2026-03-04T09:19:45","slug":"phoebe-loka-samsara","status":"publish","type":"page","link":"https:\/\/loka-samsara.de\/en\/phoebe-loka-samsara\/","title":{"rendered":"Phoebe Loka Samsara"},"content":{"rendered":"<div data-elementor-type=\"wp-page\" data-elementor-id=\"1342\" class=\"elementor elementor-1342\">\n\t\t\t\t<div class=\"elementor-element elementor-element-489bfd64 e-flex e-con-boxed e-con e-parent\" data-id=\"489bfd64\" data-element_type=\"container\">\n\t\t\t\t\t<div class=\"e-con-inner\">\n\t\t<div class=\"elementor-element elementor-element-168ea72b e-con-full e-flex e-con e-child\" data-id=\"168ea72b\" data-element_type=\"container\" data-settings=\"{&quot;background_background&quot;:&quot;gradient&quot;}\">\n\t\t<div class=\"elementor-element elementor-element-679df53c e-con-full e-flex e-con e-child\" data-id=\"679df53c\" data-element_type=\"container\">\n\t\t\t\t<div class=\"elementor-element elementor-element-6fed6869 elementor-widget elementor-widget-heading\" data-id=\"6fed6869\" data-element_type=\"widget\" data-widget_type=\"heading.default\">\n\t\t\t\t\t<h2 class=\"elementor-heading-title elementor-size-default\">Phoebe Loka Samsara<\/h2>\t\t\t\t<\/div>\n\t\t<div class=\"elementor-element elementor-element-7462c38 e-con-full e-flex e-con e-child\" data-id=\"7462c38\" data-element_type=\"container\">\n\t\t\t\t<div class=\"elementor-element elementor-element-a4f01f4 elementor-widget elementor-widget-text-editor\" data-id=\"a4f01f4\" data-element_type=\"widget\" data-widget_type=\"text-editor.default\">\n\t\t\t\t\t\t\t\t\t<p>Born April 30, 2018<\/p>\t\t\t\t\t\t\t\t<\/div>\n\t\t\t\t<\/div>\n\t\t<div class=\"elementor-element elementor-element-5d9cd2c e-con-full e-flex e-con e-child\" data-id=\"5d9cd2c\" data-element_type=\"container\">\n\t\t\t\t<div class=\"elementor-element elementor-element-1d030e0 elementor-widget__width-inherit elementor-widget elementor-widget-twbb_gallery\" data-id=\"1d030e0\" data-element_type=\"widget\" data-settings=\"{&quot;columns&quot;:3,&quot;gap&quot;:{&quot;unit&quot;:&quot;px&quot;,&quot;size&quot;:12,&quot;sizes&quot;:[]},&quot;hgap&quot;:{&quot;unit&quot;:&quot;px&quot;,&quot;size&quot;:15,&quot;sizes&quot;:[]},&quot;lazyload&quot;:&quot;yes&quot;,&quot;gallery_layout&quot;:&quot;grid&quot;,&quot;columns_tablet&quot;:2,&quot;columns_mobile&quot;:1,&quot;gap_tablet&quot;:{&quot;unit&quot;:&quot;px&quot;,&quot;size&quot;:10,&quot;sizes&quot;:[]},&quot;gap_mobile&quot;:{&quot;unit&quot;:&quot;px&quot;,&quot;size&quot;:10,&quot;sizes&quot;:[]},&quot;hgap_tablet&quot;:{&quot;unit&quot;:&quot;px&quot;,&quot;size&quot;:10,&quot;sizes&quot;:[]},&quot;hgap_mobile&quot;:{&quot;unit&quot;:&quot;px&quot;,&quot;size&quot;:10,&quot;sizes&quot;:[]},&quot;link_to&quot;:&quot;file&quot;,&quot;aspect_ratio&quot;:&quot;3:2&quot;,&quot;overlay_background&quot;:&quot;yes&quot;,&quot;image_title_description&quot;:&quot;on_hover&quot;,&quot;content_hover_animation&quot;:&quot;fade-in&quot;}\" data-widget_type=\"twbb_gallery.default\">\n\t\t\t\t<div class=\"elementor-widget-container\">\n\t\t\t\t\t        <div class=\"elementor-single-gallery-title-description-wrapper elementor-field-group elementor-column elementor-col-100 elementor-widget-wrap elementor-widget-heading\">\n          <div class=\"elementor-single-gallery-title elementor-element elementor-heading-title\"><\/div>        <\/div>\n        \t\t<div class=\"elementor-gallery__container\">\n\t\t\t\t\t\t\t<a\n                class=\"e-gallery-item elementor-gallery-item twbb-flex-end-item elementor-animated-content\" href=\"https:\/\/loka-samsara.de\/wp-content\/uploads\/2025\/12\/Phoebe.jpg\" data-elementor-open-lightbox=\"yes\" data-elementor-lightbox-slideshow=\"all-1d030e0\" data-elementor-lightbox-title=\"Phoebe\" data-e-action-hash=\"#elementor-action%3Aaction%3Dlightbox%26settings%3DeyJpZCI6MjAwLCJ1cmwiOiJodHRwczpcL1wvbG9rYS1zYW1zYXJhLmRlXC93cC1jb250ZW50XC91cGxvYWRzXC8yMDI1XC8xMlwvUGhvZWJlLmpwZyIsInNsaWRlc2hvdyI6ImFsbC0xZDAzMGUwIn0%3D\">\n        \n        <div class=\"twbb_item_image_section\">\n          <div class=\"e-gallery-image elementor-gallery-item__image\" data-thumbnail=\"https:\/\/loka-samsara.de\/wp-content\/uploads\/2025\/12\/Phoebe.jpg\" data-width=\"720\" data-height=\"960\" alt=\"\" ><\/div>\n                      <div class=\"elementor-gallery-item__overlay\"><\/div>\n                  <\/div>\n               <\/a>\n      \t\t\t\t<a\n                class=\"e-gallery-item elementor-gallery-item twbb-flex-end-item elementor-animated-content\" href=\"https:\/\/loka-samsara.de\/wp-content\/uploads\/2025\/12\/IMG_4811.jpg\" data-elementor-open-lightbox=\"yes\" data-elementor-lightbox-slideshow=\"all-1d030e0\" data-elementor-lightbox-title=\"Phoebe\" data-e-action-hash=\"#elementor-action%3Aaction%3Dlightbox%26settings%3DeyJpZCI6MTYxLCJ1cmwiOiJodHRwczpcL1wvbG9rYS1zYW1zYXJhLmRlXC93cC1jb250ZW50XC91cGxvYWRzXC8yMDI1XC8xMlwvSU1HXzQ4MTEuanBnIiwic2xpZGVzaG93IjoiYWxsLTFkMDMwZTAifQ%3D%3D\">\n        \n        <div class=\"twbb_item_image_section\">\n          <div class=\"e-gallery-image elementor-gallery-item__image\" data-thumbnail=\"https:\/\/loka-samsara.de\/wp-content\/uploads\/2025\/12\/IMG_4811.jpg\" data-width=\"1125\" data-height=\"1502\" alt=\"\" ><\/div>\n                      <div class=\"elementor-gallery-item__overlay\"><\/div>\n                  <\/div>\n               <\/a>\n      \t\t\t\t<a\n                class=\"e-gallery-item elementor-gallery-item twbb-flex-end-item elementor-animated-content\" href=\"https:\/\/loka-samsara.de\/wp-content\/uploads\/2026\/02\/Phoebe3.jpg\" data-elementor-open-lightbox=\"yes\" data-elementor-lightbox-slideshow=\"all-1d030e0\" data-elementor-lightbox-title=\"Phoebe3\" data-e-action-hash=\"#elementor-action%3Aaction%3Dlightbox%26settings%3DeyJpZCI6MTM0NSwidXJsIjoiaHR0cHM6XC9cL2xva2Etc2Ftc2FyYS5kZVwvd3AtY29udGVudFwvdXBsb2Fkc1wvMjAyNlwvMDJcL1Bob2ViZTMuanBnIiwic2xpZGVzaG93IjoiYWxsLTFkMDMwZTAifQ%3D%3D\">\n        \n        <div class=\"twbb_item_image_section\">\n          <div class=\"e-gallery-image elementor-gallery-item__image\" data-thumbnail=\"https:\/\/loka-samsara.de\/wp-content\/uploads\/2026\/02\/Phoebe3.jpg\" data-width=\"960\" data-height=\"720\" alt=\"\" ><\/div>\n                      <div class=\"elementor-gallery-item__overlay\"><\/div>\n                  <\/div>\n               <\/a>\n      \t\t\t\t<a\n                class=\"e-gallery-item elementor-gallery-item twbb-flex-end-item elementor-animated-content\" href=\"https:\/\/loka-samsara.de\/wp-content\/uploads\/2026\/02\/Phoebe4.jpg\" data-elementor-open-lightbox=\"yes\" data-elementor-lightbox-slideshow=\"all-1d030e0\" data-elementor-lightbox-title=\"Phoebe4\" data-e-action-hash=\"#elementor-action%3Aaction%3Dlightbox%26settings%3DeyJpZCI6MTM0NiwidXJsIjoiaHR0cHM6XC9cL2xva2Etc2Ftc2FyYS5kZVwvd3AtY29udGVudFwvdXBsb2Fkc1wvMjAyNlwvMDJcL1Bob2ViZTQuanBnIiwic2xpZGVzaG93IjoiYWxsLTFkMDMwZTAifQ%3D%3D\">\n        \n        <div class=\"twbb_item_image_section\">\n          <div class=\"e-gallery-image elementor-gallery-item__image\" data-thumbnail=\"https:\/\/loka-samsara.de\/wp-content\/uploads\/2026\/02\/Phoebe4.jpg\" data-width=\"720\" data-height=\"960\" alt=\"\" ><\/div>\n                      <div class=\"elementor-gallery-item__overlay\"><\/div>\n                  <\/div>\n               <\/a>\n      \t\t\t\t<a\n                class=\"e-gallery-item elementor-gallery-item twbb-flex-end-item elementor-animated-content\" href=\"https:\/\/loka-samsara.de\/wp-content\/uploads\/2026\/02\/Phoebe5.jpg\" data-elementor-open-lightbox=\"yes\" data-elementor-lightbox-slideshow=\"all-1d030e0\" data-elementor-lightbox-title=\"Phoebe5\" data-e-action-hash=\"#elementor-action%3Aaction%3Dlightbox%26settings%3DeyJpZCI6MTM0NywidXJsIjoiaHR0cHM6XC9cL2xva2Etc2Ftc2FyYS5kZVwvd3AtY29udGVudFwvdXBsb2Fkc1wvMjAyNlwvMDJcL1Bob2ViZTUuanBnIiwic2xpZGVzaG93IjoiYWxsLTFkMDMwZTAifQ%3D%3D\">\n        \n        <div class=\"twbb_item_image_section\">\n          <div class=\"e-gallery-image elementor-gallery-item__image\" data-thumbnail=\"https:\/\/loka-samsara.de\/wp-content\/uploads\/2026\/02\/Phoebe5.jpg\" data-width=\"720\" data-height=\"960\" alt=\"\" ><\/div>\n                      <div class=\"elementor-gallery-item__overlay\"><\/div>\n                  <\/div>\n               <\/a>\n      \t\t\t\t<a\n                class=\"e-gallery-item elementor-gallery-item twbb-flex-end-item elementor-animated-content\" href=\"https:\/\/loka-samsara.de\/wp-content\/uploads\/2026\/02\/Phoebe6.jpg\" data-elementor-open-lightbox=\"yes\" data-elementor-lightbox-slideshow=\"all-1d030e0\" data-elementor-lightbox-title=\"Phoebe6\" data-e-action-hash=\"#elementor-action%3Aaction%3Dlightbox%26settings%3DeyJpZCI6MTM0OCwidXJsIjoiaHR0cHM6XC9cL2xva2Etc2Ftc2FyYS5kZVwvd3AtY29udGVudFwvdXBsb2Fkc1wvMjAyNlwvMDJcL1Bob2ViZTYuanBnIiwic2xpZGVzaG93IjoiYWxsLTFkMDMwZTAifQ%3D%3D\">\n        \n        <div class=\"twbb_item_image_section\">\n          <div class=\"e-gallery-image elementor-gallery-item__image\" data-thumbnail=\"https:\/\/loka-samsara.de\/wp-content\/uploads\/2026\/02\/Phoebe6.jpg\" data-width=\"720\" data-height=\"960\" alt=\"\" ><\/div>\n                      <div class=\"elementor-gallery-item__overlay\"><\/div>\n                  <\/div>\n               <\/a>\n      \t\t\t\t<a\n                class=\"e-gallery-item elementor-gallery-item twbb-flex-end-item elementor-animated-content\" href=\"https:\/\/loka-samsara.de\/wp-content\/uploads\/2026\/02\/Phoebe7.jpg\" data-elementor-open-lightbox=\"yes\" data-elementor-lightbox-slideshow=\"all-1d030e0\" data-elementor-lightbox-title=\"Phoebe7\" data-e-action-hash=\"#elementor-action%3Aaction%3Dlightbox%26settings%3DeyJpZCI6MTM0OSwidXJsIjoiaHR0cHM6XC9cL2xva2Etc2Ftc2FyYS5kZVwvd3AtY29udGVudFwvdXBsb2Fkc1wvMjAyNlwvMDJcL1Bob2ViZTcuanBnIiwic2xpZGVzaG93IjoiYWxsLTFkMDMwZTAifQ%3D%3D\">\n        \n        <div class=\"twbb_item_image_section\">\n          <div class=\"e-gallery-image elementor-gallery-item__image\" data-thumbnail=\"https:\/\/loka-samsara.de\/wp-content\/uploads\/2026\/02\/Phoebe7.jpg\" data-width=\"720\" data-height=\"960\" alt=\"\" ><\/div>\n                      <div class=\"elementor-gallery-item__overlay\"><\/div>\n                  <\/div>\n               <\/a>\n            <\/div>\n\n      \t\t\t\t<\/div>\n\t\t\t\t<\/div>\n\t\t\t\t<div class=\"elementor-element elementor-element-4df01611 elementor-widget elementor-widget-text-editor\" data-id=\"4df01611\" data-element_type=\"widget\" data-widget_type=\"text-editor.default\">\n\t\t\t\t\t\t\t\t\t<p>Phoebe is the daughter of Kashmir Loka Samsara and The Royal Garden Elton John.<br \/>A small, lively and sweet female whom I decided to keep after much deliberation.<\/p><p>Phoebe presents herself exactly as a Shih Tzu should be\u2014arrogant, self-confident, and floating above the ground.<br \/>I was looking forward to many show successes with her\u2026 and then Corona came.<\/p><p>Phoebe is a wonderful mother and has given me four very beautiful babies.<\/p><p>On February 15, 2026, Phoebe gave birth to beautiful puppies who all sadly passed away under dramatic circumstances.<\/p><p><span style=\"color: #ff00ff;\"><a style=\"color: #ff00ff;\" href=\"https:\/\/loka-samsara.de\/en\/phoebe-1-wurf\/\" target=\"_blank\" rel=\"noopener\"><strong class=\"two_elementor_element\">Here you can go to Litter 1.<\/strong><\/a><\/span><\/p><p><span style=\"color: #ff00ff;\"><a style=\"color: #ff00ff;\" href=\"https:\/\/loka-samsara.de\/en\/phoebe-2-wurf\/\" target=\"_blank\" rel=\"noopener\">Here you can go to Litter 2.<\/a><\/span><\/p><h2 class=\"two_elementor_element\">\u00a0<\/h2>\t\t\t\t\t\t\t\t<\/div>\n\t\t\t\t<\/div>\n\t\t\t\t<\/div>\n\t\t\t\t<\/div>\n\t\t\t\t\t<\/div>\n\t\t\t\t<\/div>\n\t\t\t\t<\/div>","protected":false},"excerpt":{"rendered":"<p>Phoebe Loka Samsara geboren am 31.4.2018 Phoebe ist die Tochter von Kashmir Loka Samsara und The Royal Garden Elton JohnEine kleine quirelige s\u00fcsse H\u00fcndin die ich nach langem hin und her behalten habe. Phoebe pr\u00e4sentiert sich wie ein Shih Tzu sein soll. Arrogant, selbstsicher und \u00fcber den Boden schwebend.Ich freute mich auf viele Showerfolge mit [&hellip;]<\/p>\n","protected":false},"author":2,"featured_media":0,"parent":0,"menu_order":0,"comment_status":"closed","ping_status":"closed","template":"elementor_header_footer","meta":{"inline_featured_image":false,"two_page_speed":[],"footnotes":""},"class_list":["post-1342","page","type-page","status-publish","hentry"],"_links":{"self":[{"href":"https:\/\/loka-samsara.de\/en\/wp-json\/wp\/v2\/pages\/1342","targetHints":{"allow":["GET"]}}],"collection":[{"href":"https:\/\/loka-samsara.de\/en\/wp-json\/wp\/v2\/pages"}],"about":[{"href":"https:\/\/loka-samsara.de\/en\/wp-json\/wp\/v2\/types\/page"}],"author":[{"embeddable":true,"href":"https:\/\/loka-samsara.de\/en\/wp-json\/wp\/v2\/users\/2"}],"replies":[{"embeddable":true,"href":"https:\/\/loka-samsara.de\/en\/wp-json\/wp\/v2\/comments?post=1342"}],"version-history":[{"count":0,"href":"https:\/\/loka-samsara.de\/en\/wp-json\/wp\/v2\/pages\/1342\/revisions"}],"wp:attachment":[{"href":"https:\/\/loka-samsara.de\/en\/wp-json\/wp\/v2\/media?parent=1342"}],"curies":[{"name":"wp","href":"https:\/\/api.w.org\/{rel}","templated":true}]}}