{"id":1382,"date":"2026-02-10T16:27:19","date_gmt":"2026-02-10T16:27:19","guid":{"rendered":"https:\/\/loka-samsara.de\/?page_id=1382"},"modified":"2026-03-11T16:29:39","modified_gmt":"2026-03-11T16:29:39","slug":"geplante-wuerfe","status":"publish","type":"page","link":"https:\/\/loka-samsara.de\/en\/geplante-wuerfe\/","title":{"rendered":"Planned Litters"},"content":{"rendered":"<div data-elementor-type=\"wp-page\" data-elementor-id=\"1382\" class=\"elementor elementor-1382\">\n\t\t\t\t<div class=\"elementor-element elementor-element-489bfd64 e-flex e-con-boxed e-con e-parent\" data-id=\"489bfd64\" data-element_type=\"container\" data-settings=\"{&quot;background_background&quot;:&quot;gradient&quot;}\">\n\t\t\t\t\t<div class=\"e-con-inner\">\n\t\t<div class=\"elementor-element elementor-element-19e17f54 e-con-full e-flex e-con e-child\" data-id=\"19e17f54\" data-element_type=\"container\">\n\t\t<div class=\"elementor-element elementor-element-a28eaa2 e-con-full e-flex e-con e-child\" data-id=\"a28eaa2\" data-element_type=\"container\">\n\t\t\t\t<div class=\"elementor-element elementor-element-6fed6869 elementor-widget elementor-widget-heading\" data-id=\"6fed6869\" data-element_type=\"widget\" data-widget_type=\"heading.default\">\n\t\t\t\t\t<h2 class=\"elementor-heading-title elementor-size-default\">Planned Litters<\/h2>\t\t\t\t<\/div>\n\t\t\t\t<\/div>\n\t\t\t\t<div class=\"elementor-element elementor-element-4df01611 elementor-widget elementor-widget-text-editor\" data-id=\"4df01611\" data-element_type=\"widget\" data-widget_type=\"text-editor.default\">\n\t\t\t\t\t\t\t\t\t\nI only breed carefully selected and absolutely healthy dogs. Reservations can of course be made in advance. For this, I need as much information as possible from you so that you can be sure to receive a dog that truly fits you and your living circumstances.\t\t\t\t\t\t\t\t<\/div>\n\t\t<div class=\"elementor-element elementor-element-3049cba3 e-con-full e-flex e-con e-child\" data-id=\"3049cba3\" data-element_type=\"container\">\n\t\t\t\t<div class=\"elementor-element elementor-element-63543ac4 elementor-widget__width-initial elementor-widget elementor-widget-image\" data-id=\"63543ac4\" data-element_type=\"widget\" data-widget_type=\"image.default\">\n\t\t\t\t\t\t\t\t\t\t\t\t\t\t\t<img fetchpriority=\"high\" decoding=\"async\" width=\"400\" height=\"600\" src=\"https:\/\/loka-samsara.de\/wp-content\/uploads\/2026\/03\/Wurfankuendigung-Prim2026-400x600.png\" class=\"attachment-tenweb_optimizer_mobile size-tenweb_optimizer_mobile wp-image-2183\" alt=\"\" srcset=\"https:\/\/loka-samsara.de\/wp-content\/uploads\/2026\/03\/Wurfankuendigung-Prim2026-400x600.png 400w, https:\/\/loka-samsara.de\/wp-content\/uploads\/2026\/03\/Wurfankuendigung-Prim2026-200x300.png 200w, https:\/\/loka-samsara.de\/wp-content\/uploads\/2026\/03\/Wurfankuendigung-Prim2026-683x1024.png 683w, https:\/\/loka-samsara.de\/wp-content\/uploads\/2026\/03\/Wurfankuendigung-Prim2026-768x1152.png 768w, https:\/\/loka-samsara.de\/wp-content\/uploads\/2026\/03\/Wurfankuendigung-Prim2026.png 1024w\" sizes=\"(max-width: 400px) 100vw, 400px\" \/>\t\t\t\t\t\t\t\t\t\t\t\t\t\t\t<\/div>\n\t\t<div class=\"elementor-element elementor-element-0edc5f8 e-con-full e-flex e-con e-child\" data-id=\"0edc5f8\" data-element_type=\"container\">\n\t\t\t\t<div class=\"elementor-element elementor-element-7f1a2c54 elementor-widget__width-initial elementor-widget elementor-widget-heading\" data-id=\"7f1a2c54\" data-element_type=\"widget\" data-widget_type=\"heading.default\">\n\t\t\t\t\t<h3 class=\"elementor-heading-title elementor-size-default\">Primrose Black Loka Samsara   &amp;\n Suki-yaki's Joyfull Firefly<\/h3>\t\t\t\t<\/div>\n\t\t\t\t<div class=\"elementor-element elementor-element-42e703c0 elementor-widget elementor-widget-text-editor\" data-id=\"42e703c0\" data-element_type=\"widget\" data-widget_type=\"text-editor.default\">\n\t\t\t\t\t\t\t\t\t<p>Prim and Paul<br \/>may fall in love in March \ud83d\udc3e<\/p>\t\t\t\t\t\t\t\t<\/div>\n\t\t\t\t<\/div>\n\t\t\t\t<\/div>\n\t\t<div class=\"elementor-element elementor-element-9ac1709 e-con-full e-flex e-con e-child\" data-id=\"9ac1709\" data-element_type=\"container\">\n\t\t\t\t<div class=\"elementor-element elementor-element-80b0e74 elementor-widget__width-initial elementor-widget elementor-widget-image\" data-id=\"80b0e74\" data-element_type=\"widget\" data-widget_type=\"image.default\">\n\t\t\t\t\t\t\t\t\t\t\t\t\t\t\t<img decoding=\"async\" width=\"400\" height=\"600\" src=\"https:\/\/loka-samsara.de\/wp-content\/uploads\/2026\/03\/Wurfankuendigung-Queeny-2026-400x600.png\" class=\"attachment-tenweb_optimizer_mobile size-tenweb_optimizer_mobile wp-image-2189\" alt=\"\" srcset=\"https:\/\/loka-samsara.de\/wp-content\/uploads\/2026\/03\/Wurfankuendigung-Queeny-2026-400x600.png 400w, https:\/\/loka-samsara.de\/wp-content\/uploads\/2026\/03\/Wurfankuendigung-Queeny-2026-200x300.png 200w, https:\/\/loka-samsara.de\/wp-content\/uploads\/2026\/03\/Wurfankuendigung-Queeny-2026-683x1024.png 683w, https:\/\/loka-samsara.de\/wp-content\/uploads\/2026\/03\/Wurfankuendigung-Queeny-2026-768x1152.png 768w, https:\/\/loka-samsara.de\/wp-content\/uploads\/2026\/03\/Wurfankuendigung-Queeny-2026.png 1024w\" sizes=\"(max-width: 400px) 100vw, 400px\" \/>\t\t\t\t\t\t\t\t\t\t\t\t\t\t\t<\/div>\n\t\t<div class=\"elementor-element elementor-element-7db6b8f e-con-full e-flex e-con e-child\" data-id=\"7db6b8f\" data-element_type=\"container\">\n\t\t\t\t<div class=\"elementor-element elementor-element-3e37216 elementor-widget__width-initial elementor-widget elementor-widget-heading\" data-id=\"3e37216\" data-element_type=\"widget\" data-widget_type=\"heading.default\">\n\t\t\t\t\t<h3 class=\"elementor-heading-title elementor-size-default\">Queeny Loka Samsara \n \n&amp;\n\nSuki-Yaki's Joyfull Firefly<\/h3>\t\t\t\t<\/div>\n\t\t\t\t<div class=\"elementor-element elementor-element-475b7ad elementor-widget elementor-widget-text-editor\" data-id=\"475b7ad\" data-element_type=\"widget\" data-widget_type=\"text-editor.default\">\n\t\t\t\t\t\t\t\t\tmay mate in May \ud83d\udc3e\t\t\t\t\t\t\t\t<\/div>\n\t\t\t\t<\/div>\n\t\t\t\t<\/div>\n\t\t<div class=\"elementor-element elementor-element-a066d61 e-con-full e-flex e-con e-child\" data-id=\"a066d61\" data-element_type=\"container\">\n\t\t\t\t<div class=\"elementor-element elementor-element-cd2f390 elementor-widget__width-initial elementor-widget elementor-widget-image\" data-id=\"cd2f390\" data-element_type=\"widget\" data-widget_type=\"image.default\">\n\t\t\t\t\t\t\t\t\t\t\t\t\t\t\t<img decoding=\"async\" width=\"1536\" height=\"1024\" src=\"https:\/\/loka-samsara.de\/wp-content\/uploads\/2026\/02\/Phoebe8.jpg\" class=\"attachment-full size-full wp-image-1350\" alt=\"\" srcset=\"https:\/\/loka-samsara.de\/wp-content\/uploads\/2026\/02\/Phoebe8.jpg 1536w, https:\/\/loka-samsara.de\/wp-content\/uploads\/2026\/02\/Phoebe8-300x200.jpg 300w, https:\/\/loka-samsara.de\/wp-content\/uploads\/2026\/02\/Phoebe8-1024x683.jpg 1024w, https:\/\/loka-samsara.de\/wp-content\/uploads\/2026\/02\/Phoebe8-768x512.jpg 768w, https:\/\/loka-samsara.de\/wp-content\/uploads\/2026\/02\/Phoebe8-600x400.jpg 600w\" sizes=\"(max-width: 1536px) 100vw, 1536px\" \/>\t\t\t\t\t\t\t\t\t\t\t\t\t\t\t<\/div>\n\t\t<div class=\"elementor-element elementor-element-263cf24 e-con-full e-flex e-con e-child\" data-id=\"263cf24\" data-element_type=\"container\">\n\t\t\t\t<div class=\"elementor-element elementor-element-88d7a15 elementor-widget elementor-widget-heading\" data-id=\"88d7a15\" data-element_type=\"widget\" data-widget_type=\"heading.default\">\n\t\t\t\t\t<h3 class=\"elementor-heading-title elementor-size-default\">Phoebe Loka Samsara and Pallaquins Zorro<\/h3>\t\t\t\t<\/div>\n\t\t\t\t<div class=\"elementor-element elementor-element-7727305 elementor-widget elementor-widget-text-editor\" data-id=\"7727305\" data-element_type=\"widget\" data-widget_type=\"text-editor.default\">\n\t\t\t\t\t\t\t\t\t<p>sind Mitte Februar 2026 Eltern geworden<\/p>\t\t\t\t\t\t\t\t<\/div>\n\t\t\t\t<\/div>\n\t\t\t\t<\/div>\n\t\t\t\t<\/div>\n\t\t\t\t\t<\/div>\n\t\t\t\t<\/div>\n\t\t\t\t<\/div>","protected":false},"excerpt":{"rendered":"<p>geplante W\u00fcrfe Ich verpaare nur ausgew\u00e4hlte und absolut gesunde Hunde. Reservierungen k\u00f6nnen selbstverst\u00e4ndlich vorab gemacht werden. Hierf\u00fcr ben\u00f6tige ich so viele Angaben wie nur m\u00f6glich, damit Sie auch sicher, den zu Ihnen und Ihren Lebensumst\u00e4nden passenden Hund bekommen. Primrose Black Loka Samsara &amp; Suki-yaki&#8217;s Joyfull Firefly Prim und Pauld\u00fcrfen im M\u00e4rz 2026 Liebe machen Queeny [&hellip;]<\/p>\n","protected":false},"author":2,"featured_media":0,"parent":0,"menu_order":0,"comment_status":"closed","ping_status":"closed","template":"elementor_header_footer","meta":{"inline_featured_image":false,"two_page_speed":[],"footnotes":""},"class_list":["post-1382","page","type-page","status-publish","hentry"],"_links":{"self":[{"href":"https:\/\/loka-samsara.de\/en\/wp-json\/wp\/v2\/pages\/1382","targetHints":{"allow":["GET"]}}],"collection":[{"href":"https:\/\/loka-samsara.de\/en\/wp-json\/wp\/v2\/pages"}],"about":[{"href":"https:\/\/loka-samsara.de\/en\/wp-json\/wp\/v2\/types\/page"}],"author":[{"embeddable":true,"href":"https:\/\/loka-samsara.de\/en\/wp-json\/wp\/v2\/users\/2"}],"replies":[{"embeddable":true,"href":"https:\/\/loka-samsara.de\/en\/wp-json\/wp\/v2\/comments?post=1382"}],"version-history":[{"count":0,"href":"https:\/\/loka-samsara.de\/en\/wp-json\/wp\/v2\/pages\/1382\/revisions"}],"wp:attachment":[{"href":"https:\/\/loka-samsara.de\/en\/wp-json\/wp\/v2\/media?parent=1382"}],"curies":[{"name":"wp","href":"https:\/\/api.w.org\/{rel}","templated":true}]}}