{"id":1420,"date":"2026-02-10T19:13:20","date_gmt":"2026-02-10T19:13:20","guid":{"rendered":"https:\/\/loka-samsara.de\/?page_id=1420"},"modified":"2026-03-07T21:03:06","modified_gmt":"2026-03-07T21:03:06","slug":"papas-von-auswaerts","status":"publish","type":"page","link":"https:\/\/loka-samsara.de\/en\/papas-von-auswaerts\/","title":{"rendered":"Papa&#8217;s von Ausw\u00e4rts"},"content":{"rendered":"<div data-elementor-type=\"wp-page\" data-elementor-id=\"1420\" class=\"elementor elementor-1420\">\n\t\t\t\t<div class=\"elementor-element elementor-element-489bfd64 e-flex e-con-boxed e-con e-parent\" data-id=\"489bfd64\" data-element_type=\"container\" data-settings=\"{&quot;background_background&quot;:&quot;gradient&quot;}\">\n\t\t\t\t\t<div class=\"e-con-inner\">\n\t\t<div class=\"elementor-element elementor-element-19e17f54 e-con-full e-flex e-con e-child\" data-id=\"19e17f54\" data-element_type=\"container\">\n\t\t<div class=\"elementor-element elementor-element-a28eaa2 e-con-full e-flex e-con e-child\" data-id=\"a28eaa2\" data-element_type=\"container\">\n\t\t\t\t<div class=\"elementor-element elementor-element-6fed6869 elementor-widget elementor-widget-heading\" data-id=\"6fed6869\" data-element_type=\"widget\" data-widget_type=\"heading.default\">\n\t\t\t\t\t<h2 class=\"elementor-heading-title elementor-size-default\">outside stud dogs<\/h2>\t\t\t\t<\/div>\n\t\t\t\t<\/div>\n\t\t\t\t<div class=\"elementor-element elementor-element-4df01611 elementor-widget elementor-widget-text-editor\" data-id=\"4df01611\" data-element_type=\"widget\" data-widget_type=\"text-editor.default\">\n\t\t\t\t\t\t\t\t\t<p>Ich wollte ja nie in meinem Leben zum R\u00fcdenhalter werden, da meine Hundehaltung es eigentlich nicht vorsieht Hunde zu separieren oder gar weg zu sperren. Folglich bleibt einem zum z\u00fcchten ja nichts anderes \u00fcbrig, als sich auf die Aussagen der R\u00fcdenbesitzer zu verlassen und mit eigenen Augen soviel wie m\u00f6glich Informationen herauszufiltern.<\/p>\t\t\t\t\t\t\t\t<\/div>\n\t\t<div class=\"elementor-element elementor-element-3049cba3 e-con-full e-flex e-con e-child\" data-id=\"3049cba3\" data-element_type=\"container\">\n\t\t\t\t<div class=\"elementor-element elementor-element-63543ac4 elementor-widget__width-initial elementor-widget elementor-widget-image\" data-id=\"63543ac4\" data-element_type=\"widget\" data-widget_type=\"image.default\">\n\t\t\t\t\t\t\t\t\t\t\t\t\t\t\t<img fetchpriority=\"high\" decoding=\"async\" width=\"960\" height=\"500\" src=\"https:\/\/loka-samsara.de\/wp-content\/uploads\/2026\/02\/Wimpy.jpg\" class=\"attachment-full size-full wp-image-1422\" alt=\"\" srcset=\"https:\/\/loka-samsara.de\/wp-content\/uploads\/2026\/02\/Wimpy.jpg 960w, https:\/\/loka-samsara.de\/wp-content\/uploads\/2026\/02\/Wimpy-300x156.jpg 300w, https:\/\/loka-samsara.de\/wp-content\/uploads\/2026\/02\/Wimpy-768x400.jpg 768w, https:\/\/loka-samsara.de\/wp-content\/uploads\/2026\/02\/Wimpy-600x313.jpg 600w\" sizes=\"(max-width: 960px) 100vw, 960px\" \/>\t\t\t\t\t\t\t\t\t\t\t\t\t\t\t<\/div>\n\t\t<div class=\"elementor-element elementor-element-0edc5f8 e-con-full e-flex e-con e-child\" data-id=\"0edc5f8\" data-element_type=\"container\">\n\t\t\t\t<div class=\"elementor-element elementor-element-7f1a2c54 elementor-widget elementor-widget-heading\" data-id=\"7f1a2c54\" data-element_type=\"widget\" data-widget_type=\"heading.default\">\n\t\t\t\t\t<h3 class=\"elementor-heading-title elementor-size-default\">Wimpy vom Heydpark <\/h3>\t\t\t\t<\/div>\n\t\t\t\t<div class=\"elementor-element elementor-element-42e703c0 elementor-widget elementor-widget-text-editor\" data-id=\"42e703c0\" data-element_type=\"widget\" data-widget_type=\"text-editor.default\">\n\t\t\t\t\t\t\t\t\t<p>Breeder: Carola Vorderstemann<br \/>Owner: Christian Francois<br \/>Father of the  G-Litter of (Kissi) DKiss from Audreys Paradise<\/p>\t\t\t\t\t\t\t\t<\/div>\n\t\t\t\t<\/div>\n\t\t\t\t<\/div>\n\t\t<div class=\"elementor-element elementor-element-26c69be e-con-full e-flex e-con e-child\" data-id=\"26c69be\" data-element_type=\"container\">\n\t\t\t\t<div class=\"elementor-element elementor-element-4c8ac5d elementor-widget__width-initial elementor-widget elementor-widget-image\" data-id=\"4c8ac5d\" data-element_type=\"widget\" data-widget_type=\"image.default\">\n\t\t\t\t\t\t\t\t\t\t\t\t\t\t\t<img decoding=\"async\" width=\"249\" height=\"165\" src=\"https:\/\/loka-samsara.de\/wp-content\/uploads\/2026\/02\/Black-unique.jpg\" class=\"attachment-full size-full wp-image-1425\" alt=\"\" \/>\t\t\t\t\t\t\t\t\t\t\t\t\t\t\t<\/div>\n\t\t<div class=\"elementor-element elementor-element-d241d39 e-con-full e-flex e-con e-child\" data-id=\"d241d39\" data-element_type=\"container\">\n\t\t\t\t<div class=\"elementor-element elementor-element-48d4968 elementor-widget elementor-widget-heading\" data-id=\"48d4968\" data-element_type=\"widget\" data-widget_type=\"heading.default\">\n\t\t\t\t\t<h3 class=\"elementor-heading-title elementor-size-default\">Lin Pearls Unique Carbon Black<\/h3>\t\t\t\t<\/div>\n\t\t\t\t<div class=\"elementor-element elementor-element-c4bfd69 elementor-widget elementor-widget-text-editor\" data-id=\"c4bfd69\" data-element_type=\"widget\" data-widget_type=\"text-editor.default\">\n\t\t\t\t\t\t\t\t\t<p>Breeder: Linda Reinelt-Gebauer<br \/>Owner: Linda Reinelt-Gebauer<br \/>Father of the J-litter of DKiss from Audreys Paradise<\/p>\t\t\t\t\t\t\t\t<\/div>\n\t\t\t\t<\/div>\n\t\t\t\t<\/div>\n\t\t<div class=\"elementor-element elementor-element-ed4bb5c e-con-full e-flex e-con e-child\" data-id=\"ed4bb5c\" data-element_type=\"container\">\n\t\t\t\t<div class=\"elementor-element elementor-element-94766c2 elementor-widget__width-initial elementor-widget elementor-widget-image\" data-id=\"94766c2\" data-element_type=\"widget\" data-widget_type=\"image.default\">\n\t\t\t\t\t\t\t\t\t\t\t\t\t\t\t<img decoding=\"async\" width=\"276\" height=\"183\" src=\"https:\/\/loka-samsara.de\/wp-content\/uploads\/2026\/02\/Quin_Gun-2.jpg\" class=\"attachment-full size-full wp-image-1426\" alt=\"\" \/>\t\t\t\t\t\t\t\t\t\t\t\t\t\t\t<\/div>\n\t\t<div class=\"elementor-element elementor-element-8ea8cdc e-con-full e-flex e-con e-child\" data-id=\"8ea8cdc\" data-element_type=\"container\">\n\t\t\t\t<div class=\"elementor-element elementor-element-aa10ab5 elementor-widget elementor-widget-heading\" data-id=\"aa10ab5\" data-element_type=\"widget\" data-widget_type=\"heading.default\">\n\t\t\t\t\t<h3 class=\"elementor-heading-title elementor-size-default\">Lucky Lions Quin Gun<\/h3>\t\t\t\t<\/div>\n\t\t\t\t<div class=\"elementor-element elementor-element-45d2185 elementor-widget elementor-widget-text-editor\" data-id=\"45d2185\" data-element_type=\"widget\" data-widget_type=\"text-editor.default\">\n\t\t\t\t\t\t\t\t\t<p>Breeder: Ellen Lipserwers<br \/>Owner: Katja Jochum<br \/>Father of the K-litter of Samsara Alikana<\/p>\t\t\t\t\t\t\t\t<\/div>\n\t\t\t\t<\/div>\n\t\t\t\t<\/div>\n\t\t\t\t<\/div>\n\t\t\t\t\t<\/div>\n\t\t\t\t<\/div>\n\t\t<div class=\"elementor-element elementor-element-cd5aebb e-flex e-con-boxed e-con e-parent\" data-id=\"cd5aebb\" data-element_type=\"container\" data-settings=\"{&quot;background_background&quot;:&quot;gradient&quot;}\">\n\t\t\t\t\t<div class=\"e-con-inner\">\n\t\t<div class=\"elementor-element elementor-element-9706653 e-con-full e-flex e-con e-child\" data-id=\"9706653\" data-element_type=\"container\">\n\t\t<div class=\"elementor-element elementor-element-c7ca0b0 e-con-full e-flex e-con e-child\" data-id=\"c7ca0b0\" data-element_type=\"container\">\n\t\t\t\t<div class=\"elementor-element elementor-element-6bbd076 elementor-widget__width-initial elementor-widget elementor-widget-image\" data-id=\"6bbd076\" data-element_type=\"widget\" data-widget_type=\"image.default\">\n\t\t\t\t\t\t\t\t\t\t\t\t\t\t\t<img loading=\"lazy\" decoding=\"async\" width=\"480\" height=\"640\" src=\"https:\/\/loka-samsara.de\/wp-content\/uploads\/2026\/02\/Baloo.jpg\" class=\"attachment-full size-full wp-image-1427\" alt=\"\" srcset=\"https:\/\/loka-samsara.de\/wp-content\/uploads\/2026\/02\/Baloo.jpg 480w, https:\/\/loka-samsara.de\/wp-content\/uploads\/2026\/02\/Baloo-225x300.jpg 225w, https:\/\/loka-samsara.de\/wp-content\/uploads\/2026\/02\/Baloo-450x600.jpg 450w\" sizes=\"(max-width: 480px) 100vw, 480px\" \/>\t\t\t\t\t\t\t\t\t\t\t\t\t\t\t<\/div>\n\t\t<div class=\"elementor-element elementor-element-5f57355 e-con-full e-flex e-con e-child\" data-id=\"5f57355\" data-element_type=\"container\">\n\t\t\t\t<div class=\"elementor-element elementor-element-384ae07 elementor-widget elementor-widget-heading\" data-id=\"384ae07\" data-element_type=\"widget\" data-widget_type=\"heading.default\">\n\t\t\t\t\t<h3 class=\"elementor-heading-title elementor-size-default\">Chohan Babys Balou<\/h3>\t\t\t\t<\/div>\n\t\t\t\t<div class=\"elementor-element elementor-element-675bcd2 elementor-widget elementor-widget-text-editor\" data-id=\"675bcd2\" data-element_type=\"widget\" data-widget_type=\"text-editor.default\">\n\t\t\t\t\t\t\t\t\t<p>Breeder: Barbo Groth<br \/>Owner: Verena Vogt<br \/>Father of the K-litter of Giulia Reina Loka Samsara<br \/>Father of the M-Litter of Giulia Reina Loka Samsara<\/p>\t\t\t\t\t\t\t\t<\/div>\n\t\t\t\t<\/div>\n\t\t\t\t<\/div>\n\t\t<div class=\"elementor-element elementor-element-a0c9012 e-con-full e-flex e-con e-child\" data-id=\"a0c9012\" data-element_type=\"container\">\n\t\t\t\t<div class=\"elementor-element elementor-element-07ed0de elementor-widget__width-initial elementor-widget elementor-widget-image\" data-id=\"07ed0de\" data-element_type=\"widget\" data-widget_type=\"image.default\">\n\t\t\t\t\t\t\t\t\t\t\t\t\t\t\t<img loading=\"lazy\" decoding=\"async\" width=\"960\" height=\"618\" src=\"https:\/\/loka-samsara.de\/wp-content\/uploads\/2026\/02\/EltonJohn.jpg\" class=\"attachment-full size-full wp-image-1428\" alt=\"\" srcset=\"https:\/\/loka-samsara.de\/wp-content\/uploads\/2026\/02\/EltonJohn.jpg 960w, https:\/\/loka-samsara.de\/wp-content\/uploads\/2026\/02\/EltonJohn-300x193.jpg 300w, https:\/\/loka-samsara.de\/wp-content\/uploads\/2026\/02\/EltonJohn-768x494.jpg 768w, https:\/\/loka-samsara.de\/wp-content\/uploads\/2026\/02\/EltonJohn-600x386.jpg 600w\" sizes=\"(max-width: 960px) 100vw, 960px\" \/>\t\t\t\t\t\t\t\t\t\t\t\t\t\t\t<\/div>\n\t\t<div class=\"elementor-element elementor-element-3c3ea1b e-con-full e-flex e-con e-child\" data-id=\"3c3ea1b\" data-element_type=\"container\">\n\t\t\t\t<div class=\"elementor-element elementor-element-3973b8f elementor-widget elementor-widget-heading\" data-id=\"3973b8f\" data-element_type=\"widget\" data-widget_type=\"heading.default\">\n\t\t\t\t\t<h3 class=\"elementor-heading-title elementor-size-default\">The Royal Shih Tsu Garden Elton John <\/h3>\t\t\t\t<\/div>\n\t\t\t\t<div class=\"elementor-element elementor-element-335a3c8 elementor-widget elementor-widget-text-editor\" data-id=\"335a3c8\" data-element_type=\"widget\" data-widget_type=\"text-editor.default\">\n\t\t\t\t\t\t\t\t\t<p>Breeder: Verena Vogt<br \/>Owner: Verena Vogt<br \/>Father of the P-litter of Kashmir Loka Samsara<\/p>\t\t\t\t\t\t\t\t<\/div>\n\t\t\t\t<\/div>\n\t\t\t\t<\/div>\n\t\t<div class=\"elementor-element elementor-element-0b6b25e e-con-full e-flex e-con e-child\" data-id=\"0b6b25e\" data-element_type=\"container\">\n\t\t\t\t<div class=\"elementor-element elementor-element-128a2d7 elementor-widget__width-initial elementor-widget elementor-widget-image\" data-id=\"128a2d7\" data-element_type=\"widget\" data-widget_type=\"image.default\">\n\t\t\t\t\t\t\t\t\t\t\t\t\t\t\t<img loading=\"lazy\" decoding=\"async\" width=\"792\" height=\"768\" src=\"https:\/\/loka-samsara.de\/wp-content\/uploads\/2026\/02\/MaxShow.jpg\" class=\"attachment-full size-full wp-image-1429\" alt=\"\" srcset=\"https:\/\/loka-samsara.de\/wp-content\/uploads\/2026\/02\/MaxShow.jpg 792w, https:\/\/loka-samsara.de\/wp-content\/uploads\/2026\/02\/MaxShow-300x291.jpg 300w, https:\/\/loka-samsara.de\/wp-content\/uploads\/2026\/02\/MaxShow-768x745.jpg 768w, https:\/\/loka-samsara.de\/wp-content\/uploads\/2026\/02\/MaxShow-600x582.jpg 600w\" sizes=\"(max-width: 792px) 100vw, 792px\" \/>\t\t\t\t\t\t\t\t\t\t\t\t\t\t\t<\/div>\n\t\t<div class=\"elementor-element elementor-element-2f532dc e-con-full e-flex e-con e-child\" data-id=\"2f532dc\" data-element_type=\"container\">\n\t\t\t\t<div class=\"elementor-element elementor-element-6cca47a elementor-widget elementor-widget-heading\" data-id=\"6cca47a\" data-element_type=\"widget\" data-widget_type=\"heading.default\">\n\t\t\t\t\t<h3 class=\"elementor-heading-title elementor-size-default\">Santoshas Blaze of Fire\n\"Max\"<\/h3>\t\t\t\t<\/div>\n\t\t\t\t<div class=\"elementor-element elementor-element-69ce9c5 elementor-widget elementor-widget-text-editor\" data-id=\"69ce9c5\" data-element_type=\"widget\" data-widget_type=\"text-editor.default\">\n\t\t\t\t\t\t\t\t\t<p>Breeder: Susan Crossley<br \/>Owner: Carsten Schr\u00f6der<br \/>Father of the Q-Litter of Miss Milka Loka Samsara<\/p>\t\t\t\t\t\t\t\t<\/div>\n\t\t\t\t<\/div>\n\t\t\t\t<\/div>\n\t\t<div class=\"elementor-element elementor-element-cd3c600 e-con-full e-flex e-con e-child\" data-id=\"cd3c600\" data-element_type=\"container\">\n\t\t\t\t<div class=\"elementor-element elementor-element-ef5b14c elementor-widget__width-initial elementor-widget elementor-widget-image\" data-id=\"ef5b14c\" data-element_type=\"widget\" data-widget_type=\"image.default\">\n\t\t\t\t\t\t\t\t\t\t\t\t\t\t\t<img loading=\"lazy\" decoding=\"async\" width=\"640\" height=\"960\" src=\"https:\/\/loka-samsara.de\/wp-content\/uploads\/2026\/02\/Santosha_Firelord.jpg\" class=\"attachment-full size-full wp-image-1430\" alt=\"\" srcset=\"https:\/\/loka-samsara.de\/wp-content\/uploads\/2026\/02\/Santosha_Firelord.jpg 640w, https:\/\/loka-samsara.de\/wp-content\/uploads\/2026\/02\/Santosha_Firelord-200x300.jpg 200w, https:\/\/loka-samsara.de\/wp-content\/uploads\/2026\/02\/Santosha_Firelord-400x600.jpg 400w\" sizes=\"(max-width: 640px) 100vw, 640px\" \/>\t\t\t\t\t\t\t\t\t\t\t\t\t\t\t<\/div>\n\t\t<div class=\"elementor-element elementor-element-b289f28 e-con-full e-flex e-con e-child\" data-id=\"b289f28\" data-element_type=\"container\">\n\t\t\t\t<div class=\"elementor-element elementor-element-2251b4f elementor-widget elementor-widget-heading\" data-id=\"2251b4f\" data-element_type=\"widget\" data-widget_type=\"heading.default\">\n\t\t\t\t\t<h3 class=\"elementor-heading-title elementor-size-default\">Santoshas Firelord<\/h3>\t\t\t\t<\/div>\n\t\t\t\t<div class=\"elementor-element elementor-element-2cc7576 elementor-widget elementor-widget-text-editor\" data-id=\"2cc7576\" data-element_type=\"widget\" data-widget_type=\"text-editor.default\">\n\t\t\t\t\t\t\t\t\t<p>Breeder: Susan Crossley<br \/>Owner: Carsten Schr\u00f6der<br \/>Father of the R-Litter of Kashmir Loka Samsara and R-Litter of Miss Milka Loka Samsara<br \/>Vater vom R-Wurf von Miss Milka Loka Samsara<\/p>\t\t\t\t\t\t\t\t<\/div>\n\t\t\t\t<\/div>\n\t\t\t\t<\/div>\n\t\t<div class=\"elementor-element elementor-element-fbf694a e-con-full e-flex e-con e-child\" data-id=\"fbf694a\" data-element_type=\"container\">\n\t\t\t\t<div class=\"elementor-element elementor-element-4fb23dd elementor-widget__width-initial elementor-widget elementor-widget-image\" data-id=\"4fb23dd\" data-element_type=\"widget\" data-widget_type=\"image.default\">\n\t\t\t\t\t\t\t\t\t\t\t\t\t\t\t<img loading=\"lazy\" decoding=\"async\" width=\"1024\" height=\"1536\" src=\"https:\/\/loka-samsara.de\/wp-content\/uploads\/2026\/02\/PHOTO-2026-01-15-19-00-17.jpeg\" class=\"attachment-full size-full wp-image-1449\" alt=\"\" srcset=\"https:\/\/loka-samsara.de\/wp-content\/uploads\/2026\/02\/PHOTO-2026-01-15-19-00-17.jpeg 1024w, https:\/\/loka-samsara.de\/wp-content\/uploads\/2026\/02\/PHOTO-2026-01-15-19-00-17-200x300.jpeg 200w, https:\/\/loka-samsara.de\/wp-content\/uploads\/2026\/02\/PHOTO-2026-01-15-19-00-17-683x1024.jpeg 683w, https:\/\/loka-samsara.de\/wp-content\/uploads\/2026\/02\/PHOTO-2026-01-15-19-00-17-768x1152.jpeg 768w, https:\/\/loka-samsara.de\/wp-content\/uploads\/2026\/02\/PHOTO-2026-01-15-19-00-17-400x600.jpeg 400w\" sizes=\"(max-width: 1024px) 100vw, 1024px\" \/>\t\t\t\t\t\t\t\t\t\t\t\t\t\t\t<\/div>\n\t\t<div class=\"elementor-element elementor-element-7f7d67e e-con-full e-flex e-con e-child\" data-id=\"7f7d67e\" data-element_type=\"container\">\n\t\t\t\t<div class=\"elementor-element elementor-element-4356f71 elementor-widget elementor-widget-heading\" data-id=\"4356f71\" data-element_type=\"widget\" data-widget_type=\"heading.default\">\n\t\t\t\t\t<h3 class=\"elementor-heading-title elementor-size-default\">Pallaquins Zorro<\/h3>\t\t\t\t<\/div>\n\t\t\t\t<div class=\"elementor-element elementor-element-a3b6c60 elementor-widget elementor-widget-text-editor\" data-id=\"a3b6c60\" data-element_type=\"widget\" data-widget_type=\"text-editor.default\">\n\t\t\t\t\t\t\t\t\t<p>Breeder: Barbara L. Brem USA<br \/>Owner: Verena Vogt<br \/>Father of the X-Litter of Phoebe Loka Samsara<\/p>\t\t\t\t\t\t\t\t<\/div>\n\t\t\t\t<\/div>\n\t\t\t\t<\/div>\n\t\t\t\t<\/div>\n\t\t\t\t\t<\/div>\n\t\t\t\t<\/div>\n\t\t\t\t<\/div>","protected":false},"excerpt":{"rendered":"<p>Papa&#8217;s von Ausw\u00e4rts Ich wollte ja nie in meinem Leben zum R\u00fcdenhalter werden, da meine Hundehaltung es eigentlich nicht vorsieht Hunde zu separieren oder gar weg zu sperren. Folglich bleibt einem zum z\u00fcchten ja nichts anderes \u00fcbrig, als sich auf die Aussagen der R\u00fcdenbesitzer zu verlassen und mit eigenen Augen soviel wie m\u00f6glich Informationen herauszufiltern. [&hellip;]<\/p>\n","protected":false},"author":2,"featured_media":0,"parent":0,"menu_order":0,"comment_status":"closed","ping_status":"closed","template":"elementor_header_footer","meta":{"inline_featured_image":false,"two_page_speed":[],"footnotes":""},"class_list":["post-1420","page","type-page","status-publish","hentry"],"_links":{"self":[{"href":"https:\/\/loka-samsara.de\/en\/wp-json\/wp\/v2\/pages\/1420","targetHints":{"allow":["GET"]}}],"collection":[{"href":"https:\/\/loka-samsara.de\/en\/wp-json\/wp\/v2\/pages"}],"about":[{"href":"https:\/\/loka-samsara.de\/en\/wp-json\/wp\/v2\/types\/page"}],"author":[{"embeddable":true,"href":"https:\/\/loka-samsara.de\/en\/wp-json\/wp\/v2\/users\/2"}],"replies":[{"embeddable":true,"href":"https:\/\/loka-samsara.de\/en\/wp-json\/wp\/v2\/comments?post=1420"}],"version-history":[{"count":0,"href":"https:\/\/loka-samsara.de\/en\/wp-json\/wp\/v2\/pages\/1420\/revisions"}],"wp:attachment":[{"href":"https:\/\/loka-samsara.de\/en\/wp-json\/wp\/v2\/media?parent=1420"}],"curies":[{"name":"wp","href":"https:\/\/api.w.org\/{rel}","templated":true}]}}