{"id":1460,"date":"2026-02-12T15:11:44","date_gmt":"2026-02-12T15:11:44","guid":{"rendered":"https:\/\/loka-samsara.de\/?page_id=1460"},"modified":"2026-03-27T12:27:13","modified_gmt":"2026-03-27T12:27:13","slug":"welpen","status":"publish","type":"page","link":"https:\/\/loka-samsara.de\/en\/welpen\/","title":{"rendered":"Puppies"},"content":{"rendered":"<div data-elementor-type=\"wp-page\" data-elementor-id=\"1460\" class=\"elementor elementor-1460\">\n\t\t\t\t<div class=\"elementor-element elementor-element-489bfd64 e-flex e-con-boxed e-con e-parent\" data-id=\"489bfd64\" data-element_type=\"container\" data-settings=\"{&quot;background_background&quot;:&quot;gradient&quot;}\">\n\t\t\t\t\t<div class=\"e-con-inner\">\n\t\t<div class=\"elementor-element elementor-element-19e17f54 e-con-full e-flex e-con e-child\" data-id=\"19e17f54\" data-element_type=\"container\">\n\t\t<div class=\"elementor-element elementor-element-a28eaa2 e-con-full e-grid e-con e-child\" data-id=\"a28eaa2\" data-element_type=\"container\">\n\t\t\t\t<div class=\"elementor-element elementor-element-0568cad elementor-widget elementor-widget-image\" data-id=\"0568cad\" data-element_type=\"widget\" data-widget_type=\"image.default\">\n\t\t\t\t\t\t\t\t\t\t\t\t\t\t\t<img fetchpriority=\"high\" decoding=\"async\" width=\"640\" height=\"853\" src=\"https:\/\/loka-samsara.de\/wp-content\/uploads\/2026\/03\/Shihtzu-welpen-popo-768x1024.jpeg\" class=\"attachment-medium_large size-medium_large wp-image-2986\" alt=\"Shih Tzu Welpe Schokoladenseite\" srcset=\"https:\/\/loka-samsara.de\/wp-content\/uploads\/2026\/03\/Shihtzu-welpen-popo-768x1024.jpeg 768w, https:\/\/loka-samsara.de\/wp-content\/uploads\/2026\/03\/Shihtzu-welpen-popo-225x300.jpeg 225w, https:\/\/loka-samsara.de\/wp-content\/uploads\/2026\/03\/Shihtzu-welpen-popo-1152x1536.jpeg 1152w, https:\/\/loka-samsara.de\/wp-content\/uploads\/2026\/03\/Shihtzu-welpen-popo-1536x2048.jpeg 1536w, https:\/\/loka-samsara.de\/wp-content\/uploads\/2026\/03\/Shihtzu-welpen-popo-9x12.jpeg 9w, https:\/\/loka-samsara.de\/wp-content\/uploads\/2026\/03\/Shihtzu-welpen-popo-450x600.jpeg 450w, https:\/\/loka-samsara.de\/wp-content\/uploads\/2026\/03\/Shihtzu-welpen-popo-scaled.jpeg 1920w\" sizes=\"(max-width: 640px) 100vw, 640px\" \/>\t\t\t\t\t\t\t\t\t\t\t\t\t\t\t<\/div>\n\t\t\t\t<div class=\"elementor-element elementor-element-af34e46 elementor-widget elementor-widget-image\" data-id=\"af34e46\" data-element_type=\"widget\" data-widget_type=\"image.default\">\n\t\t\t\t\t\t\t\t\t\t\t\t\t\t\t<img decoding=\"async\" width=\"640\" height=\"935\" src=\"https:\/\/loka-samsara.de\/wp-content\/uploads\/2026\/03\/Shihtzu-welpen-luxembourg-768x1122.jpeg\" class=\"attachment-medium_large size-medium_large wp-image-2985\" alt=\"gl\u00fcckliche Shihtzu Welpen\" srcset=\"https:\/\/loka-samsara.de\/wp-content\/uploads\/2026\/03\/Shihtzu-welpen-luxembourg-768x1122.jpeg 768w, https:\/\/loka-samsara.de\/wp-content\/uploads\/2026\/03\/Shihtzu-welpen-luxembourg-205x300.jpeg 205w, https:\/\/loka-samsara.de\/wp-content\/uploads\/2026\/03\/Shihtzu-welpen-luxembourg-701x1024.jpeg 701w, https:\/\/loka-samsara.de\/wp-content\/uploads\/2026\/03\/Shihtzu-welpen-luxembourg-1052x1536.jpeg 1052w, https:\/\/loka-samsara.de\/wp-content\/uploads\/2026\/03\/Shihtzu-welpen-luxembourg-1402x2048.jpeg 1402w, https:\/\/loka-samsara.de\/wp-content\/uploads\/2026\/03\/Shihtzu-welpen-luxembourg-8x12.jpeg 8w, https:\/\/loka-samsara.de\/wp-content\/uploads\/2026\/03\/Shihtzu-welpen-luxembourg-411x600.jpeg 411w, https:\/\/loka-samsara.de\/wp-content\/uploads\/2026\/03\/Shihtzu-welpen-luxembourg.jpeg 1724w\" sizes=\"(max-width: 640px) 100vw, 640px\" \/>\t\t\t\t\t\t\t\t\t\t\t\t\t\t\t<\/div>\n\t\t\t\t<\/div>\n\t\t<div class=\"elementor-element elementor-element-da1fa50 e-con-full e-flex e-con e-child\" data-id=\"da1fa50\" data-element_type=\"container\">\n\t\t\t\t<div class=\"elementor-element elementor-element-f4ffc45 elementor-widget elementor-widget-heading\" data-id=\"f4ffc45\" data-element_type=\"widget\" data-widget_type=\"heading.default\">\n\t\t\t\t\t<h2 class=\"elementor-heading-title elementor-size-default\">Do you want a puppy? \ud83d\udc3e<\/h2>\t\t\t\t<\/div>\n\t\t\t\t<\/div>\n\t\t\t\t<div class=\"elementor-element elementor-element-4df01611 elementor-widget elementor-widget-text-editor\" data-id=\"4df01611\" data-element_type=\"widget\" data-widget_type=\"text-editor.default\">\n\t\t\t\t\t\t\t\t\t<p>Dann sollten Sie sich im Klaren sein, dass Sie einen Lebensgef\u00e4hrten f\u00fcr eine sehr lange Zeit erwerben und dieses kleine Wollkn\u00e4uel nat\u00fcrlich sehr schnell zu einem richtigen Hund wird und bis 8,5kg schwer (idealerweise nicht mehr als 7,3kg) werden kann. Den sogenannte Toy oder Imperial Shih Tzu\u00b4s gibt es im <strong><span style=\"color: #ff00ff;\"><a style=\"color: #ff00ff;\" href=\"https:\/\/www.fci.be\/Nomenclature\/Standards\/208g09-fr.pdf\" target=\"_blank\" rel=\"noopener\">FCI Standart<\/a><\/span><\/strong> nicht. \u00a0Kleinwuchs ist als Fehler anzusehen und wird vom FCI nie zur Zucht zugelassen werden. Das Mindestgewicht liegt bei einem ausgewachsenen Shih Tzu bei 4,5kg, was schon sehr klein ist.<\/p><p>Der Shih Tzu mag es \u00fcberall dabei zu sein und ist, wenn er von einem verantwortungsbewussten Z\u00fcchter abstammt und richtig sozialisiert wurde, ein mutiges und robustes und sehr treues Familienmitglied. Mehr zur Geschichte des Shih Tzu, auch Shihtzu geschrieben finden Sie <span style=\"color: #ff00ff;\"><strong><a style=\"color: #ff00ff;\" href=\"https:\/\/loka-samsara.de\/en\/shihtzu\/\" target=\"_blank\" rel=\"noopener\">-Hier-<\/a><\/strong><\/span><\/p><p>How can you recognize a good breeder and what are my argum<\/p><p>Ein verantwortungsvoller Z\u00fcchter lebt gemeinsam mit seinen Hunden im Haus und hat seine T\u00fcr f\u00fcr Welpen-Interessenten immer offen stehen.<\/p><p>A good breeder will never let puppies go to their new homes before the age of 10 weeks.<\/p><p>if you are asked the question, \u201cDo you want the puppy with a pedigree or without?\u201d, you should immediately refrain from buying. Such breeders are not reputable and do not follow the breeding regulations that help ensure healthy dogs.<\/p><p>Ich z\u00fcchte unter dem<span style=\"color: #ff00ff;\"><strong><a style=\"color: #ff00ff;\" href=\"http:\/\/www.shih-tzu-club.eu\/\"> -ISTC- Internationaler Shih Tzu Club<\/a> <\/strong><span style=\"color: #000000;\"><strong><span style=\"color: #ff00ff;\">\u00a0<\/span><\/strong>dessen Dachverband der <a href=\"https:\/\/vdh.de\"><strong><span style=\"color: #ff00ff;\">VDH<\/span><\/strong><\/a> ist <\/span><\/span>und garantiere f\u00fcr die Reinheit meiner Verpaarungen. Die Welpen werden regelm\u00e4\u00dfig entwurmt und sind bei der Abgabe mit einer aktuellen Labordiagnostik auf Parasiten, internationalem Impfpass und Mikrochip f\u00fcr die Reise in ihre neue Heimat ausgestattet.<\/p><p>Vor der Schwangerschaft wird die zuk\u00fcnftige Hunde Mama bereits entwurmt. Meine Welpen werden nie vor der 8ten Woche geimpft aber dann 5fach und zur gleichen Zeit wird auch gechipt, bei Tasso kann der neue Besitzer selber registrieren, das erfolgt einfach online.<\/p><p>Every puppy buyer receives a serious and transparent purchase contract that guarantees a pedigree issued by a recognized umbrella organization under the FCI, dedicated to promoting and protecting purebred dogs.<\/p><p>It is important that there is also a health guarantee for the puppy. Statements claiming that physical defects such as umbilical hernias or dewclaws are normal and typical for the breed should be treated with caution.<\/p><p>Es ist richtig, dass spezifische Probleme bei Rassehunden auftreten. Wenn einer meiner Welpen einen Nabelbruch hat, weil die Mutter zu kurz abgenabelt hat oder bei der Abnabelung zu brutal vorgegangen ist, der Welpe zu dick ist und die Bauchdecke Fettbedingt nicht zuw\u00e4chst, oder der Kleine sp\u00e4ter zu flott unterwegs war und sich beim zu fr\u00fchem Treppenspringen einen Bruch zugezogen hat, wird der kleine Fehler von meinem Tierarzt vor dem Verlassen des Hauses auf meine Kosten in Ordnung gebracht, ausser der neue Besitzer m\u00f6chte diesen kleinen Eingriff liebe in Kombination mit Kastration erledigt sehen. Ein Nabelbruch ist keine gesundheitliche Beeintr\u00e4chtigung. Bei einer Gr\u00f6\u00dfe bis 0,5cm Durchmesser verw\u00e4chst sich dieser Nabelbruch meist in den ersten 6 Monaten von selbst, warum ich die Welpenk\u00e4ufer immer frage ob sie trotzdem den Eingriff w\u00fcnschen.<\/p><p>A breeder should try to show the puppy as much of the world as possible. Car rides, street noise, children, unfamiliar dogs, and everyday household sounds such as vacuum cleaners or the washing machine\u2019s spin cycle give the puppy important experiences for its future life.<\/p><p>All impressions a young puppy experiences leave lasting memories. That is why I take my little ones almost everywhere with me, with great care, patience, and sensitivity.<\/p><p>My puppies are raised in the middle of the family and receive excellent care even before they are born. The expectant mother is prepared by the whole family\u2014both physically and mentally\u2014for her important task. This means lots of love for her well-being and high-quality food for her body.<br \/>Through gentle belly rubs for the mother during pregnancy and loving care for the little dog family after birth, the puppies are socialized very early. They experience car rides, are familiar with everyday household life, and from about the 8th week many of them even \u201chelp\u201d with sweeping the floor\u2014by happily surfing on the broom.\n\nBecause<\/p><p>Due to new regulations, puppies traveling abroad must first receive a rabies vaccination, which can only be given from the 12th week onward. Once the vaccination has been active for 21 days, the puppy is allowed to cross the border. But don\u2019t worry\u2014in this extended time I take even more care of the little ones. By the time they move to their new homes, they can walk on a leash, are largely house-trained, and have learned many nuances of canine communication within the pack<\/p><p>Each puppy receives a puppy card - Welpenkarte- where everything related to its health during its time with me is documented, including medication names.<br \/>For first-time dog owners, I also provide a \u201cuser manual\u201d for the puppy, which I call the \u201cPuppy Guide -Welpenfiebel-<\/p>\t\t\t\t\t\t\t\t<\/div>\n\t\t<div class=\"elementor-element elementor-element-ed4bb5c e-con-full e-grid e-con e-child\" data-id=\"ed4bb5c\" data-element_type=\"container\">\n\t\t\t\t<div class=\"elementor-element elementor-element-4a49c77 elementor-widget elementor-widget-image\" data-id=\"4a49c77\" data-element_type=\"widget\" data-widget_type=\"image.default\">\n\t\t\t\t\t\t\t\t\t\t\t\t\t\t\t\t<a href=\"https:\/\/loka-samsara.de\/wp-content\/uploads\/2026\/02\/Welpenfiebel-Neu.pdf\" target=\"_blank\">\n\t\t\t\t\t\t\t<img decoding=\"async\" width=\"640\" height=\"427\" src=\"https:\/\/loka-samsara.de\/wp-content\/uploads\/2026\/02\/Welpenfiebel-1024x683.png\" class=\"attachment-large size-large wp-image-1467\" alt=\"\" srcset=\"https:\/\/loka-samsara.de\/wp-content\/uploads\/2026\/02\/Welpenfiebel-1024x683.png 1024w, https:\/\/loka-samsara.de\/wp-content\/uploads\/2026\/02\/Welpenfiebel-300x200.png 300w, https:\/\/loka-samsara.de\/wp-content\/uploads\/2026\/02\/Welpenfiebel-768x512.png 768w, https:\/\/loka-samsara.de\/wp-content\/uploads\/2026\/02\/Welpenfiebel-600x400.png 600w, https:\/\/loka-samsara.de\/wp-content\/uploads\/2026\/02\/Welpenfiebel.png 1536w\" sizes=\"(max-width: 640px) 100vw, 640px\" \/>\t\t\t\t\t\t\t\t<\/a>\n\t\t\t\t\t\t\t\t\t\t\t\t\t\t\t<\/div>\n\t\t\t\t<div class=\"elementor-element elementor-element-a66d770 elementor-widget elementor-widget-image\" data-id=\"a66d770\" data-element_type=\"widget\" data-widget_type=\"image.default\">\n\t\t\t\t\t\t\t\t\t\t\t\t\t\t\t\t<a href=\"https:\/\/loka-samsara.de\/wp-content\/uploads\/2026\/02\/Welpenkarte.jpeg\" target=\"_blank\">\n\t\t\t\t\t\t\t<img loading=\"lazy\" decoding=\"async\" width=\"640\" height=\"427\" src=\"https:\/\/loka-samsara.de\/wp-content\/uploads\/2026\/02\/Welpenkarte-1024x683.png\" class=\"attachment-large size-large wp-image-1463\" alt=\"\" srcset=\"https:\/\/loka-samsara.de\/wp-content\/uploads\/2026\/02\/Welpenkarte-1024x683.png 1024w, https:\/\/loka-samsara.de\/wp-content\/uploads\/2026\/02\/Welpenkarte-300x200.png 300w, https:\/\/loka-samsara.de\/wp-content\/uploads\/2026\/02\/Welpenkarte-768x512.png 768w, https:\/\/loka-samsara.de\/wp-content\/uploads\/2026\/02\/Welpenkarte-600x400.png 600w, https:\/\/loka-samsara.de\/wp-content\/uploads\/2026\/02\/Welpenkarte.png 1536w\" sizes=\"(max-width: 640px) 100vw, 640px\" \/>\t\t\t\t\t\t\t\t<\/a>\n\t\t\t\t\t\t\t\t\t\t\t\t\t\t\t<\/div>\n\t\t\t\t<\/div>\n\t\t\t\t<\/div>\n\t\t<div class=\"elementor-element elementor-element-12d6e87 e-con-full e-flex e-con e-child\" data-id=\"12d6e87\" data-element_type=\"container\">\n\t\t\t\t<div class=\"elementor-element elementor-element-aa00cfd elementor-widget elementor-widget-heading\" data-id=\"aa00cfd\" data-element_type=\"widget\" data-widget_type=\"heading.default\">\n\t\t\t\t\t<h2 class=\"elementor-heading-title elementor-size-default\">Photo impressions<\/h2>\t\t\t\t<\/div>\n\t\t\t\t<\/div>\n\t\t\t\t<div class=\"elementor-element elementor-element-d0cdbab elementor-widget elementor-widget-image-gallery\" data-id=\"d0cdbab\" data-element_type=\"widget\" data-widget_type=\"image-gallery.default\">\n\t\t\t\t\t\t\t<div class=\"elementor-image-gallery\">\n\t\t\t<div id='gallery-1' class='gallery galleryid-1460 gallery-columns-4 gallery-size-thumbnail'><figure class='gallery-item'>\n\t\t\t<div class='gallery-icon landscape'>\n\t\t\t\t<a data-elementor-open-lightbox=\"yes\" data-elementor-lightbox-slideshow=\"d0cdbab\" data-elementor-lightbox-title=\"Welpen5\" data-e-action-hash=\"#elementor-action%3Aaction%3Dlightbox%26settings%3DeyJpZCI6MTQ3MiwidXJsIjoiaHR0cHM6XC9cL2xva2Etc2Ftc2FyYS5kZVwvd3AtY29udGVudFwvdXBsb2Fkc1wvMjAyNlwvMDJcL1dlbHBlbjUuanBnIiwic2xpZGVzaG93IjoiZDBjZGJhYiJ9\" href='https:\/\/loka-samsara.de\/wp-content\/uploads\/2026\/02\/Welpen5.jpg'><img loading=\"lazy\" decoding=\"async\" width=\"150\" height=\"150\" src=\"https:\/\/loka-samsara.de\/wp-content\/uploads\/2026\/02\/Welpen5-150x150.jpg\" class=\"attachment-thumbnail size-thumbnail\" alt=\"\" aria-describedby=\"gallery-1-1472\" \/><\/a>\n\t\t\t<\/div>\n\t\t\t\t<figcaption class='wp-caption-text gallery-caption' id='gallery-1-1472'>\n\t\t\t\tWelpen in Erlst\u00e4tt\n\t\t\t\t<\/figcaption><\/figure><figure class='gallery-item'>\n\t\t\t<div class='gallery-icon landscape'>\n\t\t\t\t<a data-elementor-open-lightbox=\"yes\" data-elementor-lightbox-slideshow=\"d0cdbab\" data-elementor-lightbox-title=\"Welpencollage\" data-e-action-hash=\"#elementor-action%3Aaction%3Dlightbox%26settings%3DeyJpZCI6MTQ3MSwidXJsIjoiaHR0cHM6XC9cL2xva2Etc2Ftc2FyYS5kZVwvd3AtY29udGVudFwvdXBsb2Fkc1wvMjAyNlwvMDJcL1dlbHBlbmNvbGxhZ2UuanBnIiwic2xpZGVzaG93IjoiZDBjZGJhYiJ9\" href='https:\/\/loka-samsara.de\/wp-content\/uploads\/2026\/02\/Welpencollage.jpg'><img loading=\"lazy\" decoding=\"async\" width=\"150\" height=\"150\" src=\"https:\/\/loka-samsara.de\/wp-content\/uploads\/2026\/02\/Welpencollage-150x150.jpg\" class=\"attachment-thumbnail size-thumbnail\" alt=\"\" aria-describedby=\"gallery-1-1471\" srcset=\"https:\/\/loka-samsara.de\/wp-content\/uploads\/2026\/02\/Welpencollage-150x150.jpg 150w, https:\/\/loka-samsara.de\/wp-content\/uploads\/2026\/02\/Welpencollage-300x300.jpg 300w, https:\/\/loka-samsara.de\/wp-content\/uploads\/2026\/02\/Welpencollage-1024x1024.jpg 1024w, https:\/\/loka-samsara.de\/wp-content\/uploads\/2026\/02\/Welpencollage-768x768.jpg 768w, https:\/\/loka-samsara.de\/wp-content\/uploads\/2026\/02\/Welpencollage-1536x1536.jpg 1536w, https:\/\/loka-samsara.de\/wp-content\/uploads\/2026\/02\/Welpencollage-600x600.jpg 600w, https:\/\/loka-samsara.de\/wp-content\/uploads\/2026\/02\/Welpencollage.jpg 2048w\" sizes=\"(max-width: 150px) 100vw, 150px\" \/><\/a>\n\t\t\t<\/div>\n\t\t\t\t<figcaption class='wp-caption-text gallery-caption' id='gallery-1-1471'>\n\t\t\t\tShihtzu Familienzucht\n\t\t\t\t<\/figcaption><\/figure><figure class='gallery-item'>\n\t\t\t<div class='gallery-icon portrait'>\n\t\t\t\t<a data-elementor-open-lightbox=\"yes\" data-elementor-lightbox-slideshow=\"d0cdbab\" data-elementor-lightbox-title=\"Muffin Baby\" data-e-action-hash=\"#elementor-action%3Aaction%3Dlightbox%26settings%3DeyJpZCI6MTQ3MCwidXJsIjoiaHR0cHM6XC9cL2xva2Etc2Ftc2FyYS5kZVwvd3AtY29udGVudFwvdXBsb2Fkc1wvMjAyNlwvMDJcL011ZmZpbi1CYWJ5LmpwZWciLCJzbGlkZXNob3ciOiJkMGNkYmFiIn0%3D\" href='https:\/\/loka-samsara.de\/wp-content\/uploads\/2026\/02\/Muffin-Baby.jpeg'><img loading=\"lazy\" decoding=\"async\" width=\"150\" height=\"150\" src=\"https:\/\/loka-samsara.de\/wp-content\/uploads\/2026\/02\/Muffin-Baby-150x150.jpeg\" class=\"attachment-thumbnail size-thumbnail\" alt=\"\" \/><\/a>\n\t\t\t<\/div><\/figure><figure class='gallery-item'>\n\t\t\t<div class='gallery-icon landscape'>\n\t\t\t\t<a data-elementor-open-lightbox=\"yes\" data-elementor-lightbox-slideshow=\"d0cdbab\" data-elementor-lightbox-title=\"Muffin Baby1\" data-e-action-hash=\"#elementor-action%3Aaction%3Dlightbox%26settings%3DeyJpZCI6MTQ2OSwidXJsIjoiaHR0cHM6XC9cL2xva2Etc2Ftc2FyYS5kZVwvd3AtY29udGVudFwvdXBsb2Fkc1wvMjAyNlwvMDJcL011ZmZpbi1CYWJ5MS5qcGVnIiwic2xpZGVzaG93IjoiZDBjZGJhYiJ9\" href='https:\/\/loka-samsara.de\/wp-content\/uploads\/2026\/02\/Muffin-Baby1.jpeg'><img loading=\"lazy\" decoding=\"async\" width=\"150\" height=\"150\" src=\"https:\/\/loka-samsara.de\/wp-content\/uploads\/2026\/02\/Muffin-Baby1-150x150.jpeg\" class=\"attachment-thumbnail size-thumbnail\" alt=\"\" \/><\/a>\n\t\t\t<\/div><\/figure><figure class='gallery-item'>\n\t\t\t<div class='gallery-icon landscape'>\n\t\t\t\t<a data-elementor-open-lightbox=\"yes\" data-elementor-lightbox-slideshow=\"d0cdbab\" data-elementor-lightbox-title=\"Milka 2.Wurf\" data-e-action-hash=\"#elementor-action%3Aaction%3Dlightbox%26settings%3DeyJpZCI6MTI5MCwidXJsIjoiaHR0cHM6XC9cL2xva2Etc2Ftc2FyYS5kZVwvd3AtY29udGVudFwvdXBsb2Fkc1wvMjAyNlwvMDJcL01pbGthLTIuV3VyZl8uanBlZyIsInNsaWRlc2hvdyI6ImQwY2RiYWIifQ%3D%3D\" href='https:\/\/loka-samsara.de\/wp-content\/uploads\/2026\/02\/Milka-2.Wurf_.jpeg'><img loading=\"lazy\" decoding=\"async\" width=\"150\" height=\"150\" src=\"https:\/\/loka-samsara.de\/wp-content\/uploads\/2026\/02\/Milka-2.Wurf_-150x150.jpeg\" class=\"attachment-thumbnail size-thumbnail\" alt=\"\" \/><\/a>\n\t\t\t<\/div><\/figure><figure class='gallery-item'>\n\t\t\t<div class='gallery-icon landscape'>\n\t\t\t\t<a data-elementor-open-lightbox=\"yes\" data-elementor-lightbox-slideshow=\"d0cdbab\" data-elementor-lightbox-title=\"Milka 6M\u00e4dchen\" data-e-action-hash=\"#elementor-action%3Aaction%3Dlightbox%26settings%3DeyJpZCI6MTI5MSwidXJsIjoiaHR0cHM6XC9cL2xva2Etc2Ftc2FyYS5kZVwvd3AtY29udGVudFwvdXBsb2Fkc1wvMjAyNlwvMDJcL01pbGthLTZNYWVkY2hlbi5qcGciLCJzbGlkZXNob3ciOiJkMGNkYmFiIn0%3D\" href='https:\/\/loka-samsara.de\/wp-content\/uploads\/2026\/02\/Milka-6Maedchen.jpg'><img loading=\"lazy\" decoding=\"async\" width=\"150\" height=\"150\" src=\"https:\/\/loka-samsara.de\/wp-content\/uploads\/2026\/02\/Milka-6Maedchen-150x150.jpg\" class=\"attachment-thumbnail size-thumbnail\" alt=\"\" \/><\/a>\n\t\t\t<\/div><\/figure><figure class='gallery-item'>\n\t\t\t<div class='gallery-icon landscape'>\n\t\t\t\t<a data-elementor-open-lightbox=\"yes\" data-elementor-lightbox-slideshow=\"d0cdbab\" data-elementor-lightbox-title=\"Welpe3\" data-e-action-hash=\"#elementor-action%3Aaction%3Dlightbox%26settings%3DeyJpZCI6MTQ3MywidXJsIjoiaHR0cHM6XC9cL2xva2Etc2Ftc2FyYS5kZVwvd3AtY29udGVudFwvdXBsb2Fkc1wvMjAyNlwvMDJcL1dlbHBlMy5qcGciLCJzbGlkZXNob3ciOiJkMGNkYmFiIn0%3D\" href='https:\/\/loka-samsara.de\/wp-content\/uploads\/2026\/02\/Welpe3.jpg'><img loading=\"lazy\" decoding=\"async\" width=\"150\" height=\"150\" src=\"https:\/\/loka-samsara.de\/wp-content\/uploads\/2026\/02\/Welpe3-150x150.jpg\" class=\"attachment-thumbnail size-thumbnail\" alt=\"\" aria-describedby=\"gallery-1-1473\" srcset=\"https:\/\/loka-samsara.de\/wp-content\/uploads\/2026\/02\/Welpe3-150x150.jpg 150w, https:\/\/loka-samsara.de\/wp-content\/uploads\/2026\/02\/Welpe3-300x300.jpg 300w, https:\/\/loka-samsara.de\/wp-content\/uploads\/2026\/02\/Welpe3-1024x1024.jpg 1024w, https:\/\/loka-samsara.de\/wp-content\/uploads\/2026\/02\/Welpe3-768x768.jpg 768w, https:\/\/loka-samsara.de\/wp-content\/uploads\/2026\/02\/Welpe3-1536x1536.jpg 1536w, https:\/\/loka-samsara.de\/wp-content\/uploads\/2026\/02\/Welpe3-600x600.jpg 600w, https:\/\/loka-samsara.de\/wp-content\/uploads\/2026\/02\/Welpe3.jpg 2048w\" sizes=\"(max-width: 150px) 100vw, 150px\" \/><\/a>\n\t\t\t<\/div>\n\t\t\t\t<figcaption class='wp-caption-text gallery-caption' id='gallery-1-1473'>\n\t\t\t\tShihtzu Standart\n\t\t\t\t<\/figcaption><\/figure><figure class='gallery-item'>\n\t\t\t<div class='gallery-icon landscape'>\n\t\t\t\t<a data-elementor-open-lightbox=\"yes\" data-elementor-lightbox-slideshow=\"d0cdbab\" data-elementor-lightbox-title=\"Kenji_3_Monate\" data-e-action-hash=\"#elementor-action%3Aaction%3Dlightbox%26settings%3DeyJpZCI6MTM5NSwidXJsIjoiaHR0cHM6XC9cL2xva2Etc2Ftc2FyYS5kZVwvd3AtY29udGVudFwvdXBsb2Fkc1wvMjAyNlwvMDJcL0tlbmppXzNfTW9uYXRlLmpwZyIsInNsaWRlc2hvdyI6ImQwY2RiYWIifQ%3D%3D\" href='https:\/\/loka-samsara.de\/wp-content\/uploads\/2026\/02\/Kenji_3_Monate.jpg'><img loading=\"lazy\" decoding=\"async\" width=\"150\" height=\"150\" src=\"https:\/\/loka-samsara.de\/wp-content\/uploads\/2026\/02\/Kenji_3_Monate-150x150.jpg\" class=\"attachment-thumbnail size-thumbnail\" alt=\"\" \/><\/a>\n\t\t\t<\/div><\/figure><figure class='gallery-item'>\n\t\t\t<div class='gallery-icon landscape'>\n\t\t\t\t<a data-elementor-open-lightbox=\"yes\" data-elementor-lightbox-slideshow=\"d0cdbab\" data-elementor-lightbox-title=\"samy2\" data-e-action-hash=\"#elementor-action%3Aaction%3Dlightbox%26settings%3DeyJpZCI6MTQ3NCwidXJsIjoiaHR0cHM6XC9cL2xva2Etc2Ftc2FyYS5kZVwvd3AtY29udGVudFwvdXBsb2Fkc1wvMjAyNlwvMDJcL3NhbXkyLmpwZWciLCJzbGlkZXNob3ciOiJkMGNkYmFiIn0%3D\" href='https:\/\/loka-samsara.de\/wp-content\/uploads\/2026\/02\/samy2.jpeg'><img loading=\"lazy\" decoding=\"async\" width=\"150\" height=\"150\" src=\"https:\/\/loka-samsara.de\/wp-content\/uploads\/2026\/02\/samy2-150x150.jpeg\" class=\"attachment-thumbnail size-thumbnail\" alt=\"\" aria-describedby=\"gallery-1-1474\" \/><\/a>\n\t\t\t<\/div>\n\t\t\t\t<figcaption class='wp-caption-text gallery-caption' id='gallery-1-1474'>\n\t\t\t\tSamsara meine Namensgeberin\n\t\t\t\t<\/figcaption><\/figure><figure class='gallery-item'>\n\t\t\t<div class='gallery-icon landscape'>\n\t\t\t\t<a data-elementor-open-lightbox=\"yes\" data-elementor-lightbox-slideshow=\"d0cdbab\" data-elementor-lightbox-title=\"Baby\" data-e-action-hash=\"#elementor-action%3Aaction%3Dlightbox%26settings%3DeyJpZCI6MTQ3NSwidXJsIjoiaHR0cHM6XC9cL2xva2Etc2Ftc2FyYS5kZVwvd3AtY29udGVudFwvdXBsb2Fkc1wvMjAyNlwvMDJcL0JhYnkuanBnIiwic2xpZGVzaG93IjoiZDBjZGJhYiJ9\" href='https:\/\/loka-samsara.de\/wp-content\/uploads\/2026\/02\/Baby.jpg'><img loading=\"lazy\" decoding=\"async\" width=\"150\" height=\"150\" src=\"https:\/\/loka-samsara.de\/wp-content\/uploads\/2026\/02\/Baby-150x150.jpg\" class=\"attachment-thumbnail size-thumbnail\" alt=\"\" aria-describedby=\"gallery-1-1475\" \/><\/a>\n\t\t\t<\/div>\n\t\t\t\t<figcaption class='wp-caption-text gallery-caption' id='gallery-1-1475'>\n\t\t\t\tWelpe am Chiemsee\n\t\t\t\t<\/figcaption><\/figure><figure class='gallery-item'>\n\t\t\t<div class='gallery-icon landscape'>\n\t\t\t\t<a data-elementor-open-lightbox=\"yes\" data-elementor-lightbox-slideshow=\"d0cdbab\" data-elementor-lightbox-title=\"Welpe1\" data-e-action-hash=\"#elementor-action%3Aaction%3Dlightbox%26settings%3DeyJpZCI6MTQ3NiwidXJsIjoiaHR0cHM6XC9cL2xva2Etc2Ftc2FyYS5kZVwvd3AtY29udGVudFwvdXBsb2Fkc1wvMjAyNlwvMDJcL1dlbHBlMS5qcGciLCJzbGlkZXNob3ciOiJkMGNkYmFiIn0%3D\" href='https:\/\/loka-samsara.de\/wp-content\/uploads\/2026\/02\/Welpe1.jpg'><img loading=\"lazy\" decoding=\"async\" width=\"150\" height=\"150\" src=\"https:\/\/loka-samsara.de\/wp-content\/uploads\/2026\/02\/Welpe1-150x150.jpg\" class=\"attachment-thumbnail size-thumbnail\" alt=\"\" aria-describedby=\"gallery-1-1476\" srcset=\"https:\/\/loka-samsara.de\/wp-content\/uploads\/2026\/02\/Welpe1-150x150.jpg 150w, https:\/\/loka-samsara.de\/wp-content\/uploads\/2026\/02\/Welpe1-300x300.jpg 300w, https:\/\/loka-samsara.de\/wp-content\/uploads\/2026\/02\/Welpe1-1024x1024.jpg 1024w, https:\/\/loka-samsara.de\/wp-content\/uploads\/2026\/02\/Welpe1-768x768.jpg 768w, https:\/\/loka-samsara.de\/wp-content\/uploads\/2026\/02\/Welpe1-600x600.jpg 600w, https:\/\/loka-samsara.de\/wp-content\/uploads\/2026\/02\/Welpe1.jpg 1536w\" sizes=\"(max-width: 150px) 100vw, 150px\" \/><\/a>\n\t\t\t<\/div>\n\t\t\t\t<figcaption class='wp-caption-text gallery-caption' id='gallery-1-1476'>\n\t\t\t\tGross und klein in Bayern\n\t\t\t\t<\/figcaption><\/figure><figure class='gallery-item'>\n\t\t\t<div class='gallery-icon landscape'>\n\t\t\t\t<a data-elementor-open-lightbox=\"yes\" data-elementor-lightbox-slideshow=\"d0cdbab\" data-elementor-lightbox-title=\"Baby2\" data-e-action-hash=\"#elementor-action%3Aaction%3Dlightbox%26settings%3DeyJpZCI6MTQ3NywidXJsIjoiaHR0cHM6XC9cL2xva2Etc2Ftc2FyYS5kZVwvd3AtY29udGVudFwvdXBsb2Fkc1wvMjAyNlwvMDJcL0JhYnkyLmpwZyIsInNsaWRlc2hvdyI6ImQwY2RiYWIifQ%3D%3D\" href='https:\/\/loka-samsara.de\/wp-content\/uploads\/2026\/02\/Baby2.jpg'><img loading=\"lazy\" decoding=\"async\" width=\"150\" height=\"150\" src=\"https:\/\/loka-samsara.de\/wp-content\/uploads\/2026\/02\/Baby2-150x150.jpg\" class=\"attachment-thumbnail size-thumbnail\" alt=\"\" aria-describedby=\"gallery-1-1477\" \/><\/a>\n\t\t\t<\/div>\n\t\t\t\t<figcaption class='wp-caption-text gallery-caption' id='gallery-1-1477'>\n\t\t\t\tWelpe in Luxemburg\n\t\t\t\t<\/figcaption><\/figure>\n\t\t<\/div>\n\t\t<\/div>\n\t\t\t\t\t\t<\/div>\n\t\t\t\t\t<\/div>\n\t\t\t\t<\/div>\n\t\t<div class=\"elementor-element elementor-element-4d66b0d e-flex e-con-boxed e-con e-parent\" data-id=\"4d66b0d\" data-element_type=\"container\">\n\t\t\t\t\t<div class=\"e-con-inner\">\n\t\t\t\t\t<\/div>\n\t\t\t\t<\/div>\n\t\t\t\t<\/div>","protected":false},"excerpt":{"rendered":"<p>Sie wollen einen Welpen? Dann sollten Sie sich im Klaren sein, dass Sie einen Lebensgef\u00e4hrten f\u00fcr eine sehr lange Zeit erwerben und dieses kleine Wollkn\u00e4uel nat\u00fcrlich sehr schnell zu einem richtigen Hund wird und bis 8,5kg schwer (idealerweise nicht mehr als 7,3kg) werden kann. Den sogenannte Toy oder Imperial Shih Tzu\u00b4s gibt es im FCI [&hellip;]<\/p>\n","protected":false},"author":2,"featured_media":0,"parent":0,"menu_order":0,"comment_status":"closed","ping_status":"closed","template":"elementor_header_footer","meta":{"inline_featured_image":false,"two_page_speed":[],"footnotes":""},"class_list":["post-1460","page","type-page","status-publish","hentry"],"_links":{"self":[{"href":"https:\/\/loka-samsara.de\/en\/wp-json\/wp\/v2\/pages\/1460","targetHints":{"allow":["GET"]}}],"collection":[{"href":"https:\/\/loka-samsara.de\/en\/wp-json\/wp\/v2\/pages"}],"about":[{"href":"https:\/\/loka-samsara.de\/en\/wp-json\/wp\/v2\/types\/page"}],"author":[{"embeddable":true,"href":"https:\/\/loka-samsara.de\/en\/wp-json\/wp\/v2\/users\/2"}],"replies":[{"embeddable":true,"href":"https:\/\/loka-samsara.de\/en\/wp-json\/wp\/v2\/comments?post=1460"}],"version-history":[{"count":0,"href":"https:\/\/loka-samsara.de\/en\/wp-json\/wp\/v2\/pages\/1460\/revisions"}],"wp:attachment":[{"href":"https:\/\/loka-samsara.de\/en\/wp-json\/wp\/v2\/media?parent=1460"}],"curies":[{"name":"wp","href":"https:\/\/api.w.org\/{rel}","templated":true}]}}