{"id":1488,"date":"2026-02-12T17:39:03","date_gmt":"2026-02-12T17:39:03","guid":{"rendered":"https:\/\/loka-samsara.de\/?page_id=1488"},"modified":"2026-03-07T21:00:05","modified_gmt":"2026-03-07T21:00:05","slug":"nachzuchten","status":"publish","type":"page","link":"https:\/\/loka-samsara.de\/en\/nachzuchten\/","title":{"rendered":"Offsspring"},"content":{"rendered":"<div data-elementor-type=\"wp-page\" data-elementor-id=\"1488\" class=\"elementor elementor-1488\">\n\t\t\t\t<div class=\"elementor-element elementor-element-489bfd64 e-con-full e-flex e-con e-parent\" data-id=\"489bfd64\" data-element_type=\"container\" data-settings=\"{&quot;background_background&quot;:&quot;gradient&quot;}\">\n\t\t<div class=\"elementor-element elementor-element-19e17f54 e-con-full e-flex e-con e-child\" data-id=\"19e17f54\" data-element_type=\"container\">\n\t\t<div class=\"elementor-element elementor-element-67e1fd5 e-con-full e-flex e-con e-child\" data-id=\"67e1fd5\" data-element_type=\"container\">\n\t\t\t\t<div class=\"elementor-element elementor-element-47cc251 elementor-widget elementor-widget-heading\" data-id=\"47cc251\" data-element_type=\"widget\" data-widget_type=\"heading.default\">\n\t\t\t\t\t<h2 class=\"elementor-heading-title elementor-size-default\">Offsspring<\/h2>\t\t\t\t<\/div>\n\t\t\t\t<\/div>\n\t\t<div class=\"elementor-element elementor-element-3049cba3 e-con-full e-flex e-con e-child\" data-id=\"3049cba3\" data-element_type=\"container\">\n\t\t\t\t<div class=\"elementor-element elementor-element-d1e9690 elementor-widget elementor-widget-text-editor\" data-id=\"d1e9690\" data-element_type=\"widget\" data-widget_type=\"text-editor.default\">\n\t\t\t\t\t\t\t\t\t<p>To present the puppies in a reasonably clear way over the years, I decided to create a separate page for each mother. You can simply click on the individual names of the mothers, or you can look here in the table for the first letters of the litters, which are directly linked to the corresponding offspring page.\n\nSince I bred in the Dessidenz until 2007 (7 litters), I only begin linking the litters from 2009 onwards. In Luxembourg, the first letter for the puppies\u2019 names simply continues annually, regardless of how many litters are born in a year. Therefore, please do not be surprised if some letters are missing or appear twice. The one litter from my Chinese Crested female is no longer included here.<\/p><p>In November 2025, I moved to Germany and joined the ISTC, continuing with the letter W.<\/p><p>\u00a0<\/p><p><span style=\"color: #ff0000;\">The table below is not optimized for the mobile version.<\/span><\/p>\t\t\t\t\t\t\t\t<\/div>\n\t\t\t\t<\/div>\n\t\t<div class=\"elementor-element elementor-element-7b3d443 e-con-full e-flex e-con e-child\" data-id=\"7b3d443\" data-element_type=\"container\">\n\t\t\t\t<div class=\"elementor-element elementor-element-f74bf92 elementor-widget elementor-widget-image\" data-id=\"f74bf92\" data-element_type=\"widget\" data-widget_type=\"image.default\">\n\t\t\t\t\t\t\t\t\t\t\t\t\t\t\t<img decoding=\"async\" width=\"450\" height=\"100\" src=\"https:\/\/loka-samsara.de\/wp-content\/uploads\/2026\/03\/ranken-0001.gif\" class=\"attachment-large size-large wp-image-1679\" alt=\"\" \/>\t\t\t\t\t\t\t\t\t\t\t\t\t\t\t<\/div>\n\t\t\t\t<\/div>\n\t\t<div class=\"elementor-element elementor-element-d9f805c e-con-full e-flex e-con e-child\" data-id=\"d9f805c\" data-element_type=\"container\">\n\t\t\t\t<div class=\"elementor-element elementor-element-abad338 elementor-widget elementor-widget-text-editor\" data-id=\"abad338\" data-element_type=\"widget\" data-widget_type=\"text-editor.default\">\n\t\t\t\t\t\t\t\t\t<style>\n.loka-table-wrap{\n  width:100%;\n  overflow-x:auto;\n}\n\n.loka-table{\n  width:100%;\n  border-collapse:collapse;\n  font-family:Georgia, serif;\n  font-size:16px;\n  background:#ffffff;\n  box-shadow:0 4px 18px rgba(0,0,0,.05);\n}\n\n.loka-table thead th{\n  background:linear-gradient(180deg,#f9eef4 0%,#f2dbe8 100%);\n  border:1px solid #d6b36a;\n  border-bottom:3px solid #c6a24f;\n  padding:20px;\n  text-align:left;\n  font-size:22px;\n  font-weight:800;\n  letter-spacing:.8px;\n  color:#5a3e4d;\n  position:sticky;\n  top:0;\n  z-index:2;\n}\n\n.loka-table tbody td{\n  border:1px solid #ead7e2;\n  padding:14px;\n  background:#fcf7fa;\n  color:#333;\n  vertical-align:top;\n}\n\n.loka-table tbody tr:hover td{\n  background:#f4e3ec;\n  transition:.25s ease;\n}\n\n.loka-table a{\n  color:#7a4f6b;\n  text-decoration:none;\n  font-weight:700;\n}\n\n.loka-table a:hover{\n  color:#b07aa1;\n  text-decoration:underline;\n}\n\n\/* Mobiloptimierung *\/\n@media (max-width: 768px){\n  .loka-table{\n    min-width:700px;\n    font-size:14px;\n  }\n\n  .loka-table thead th{\n    font-size:17px;\n    padding:12px;\n  }\n\n  .loka-table tbody td{\n    padding:10px;\n  }\n}\n<\/style>\n\n<div class=\"loka-table-wrap\">\n  <table class=\"loka-table\">\n    <thead>\n      <tr>\n        <th>Birthday<\/th>\n        <th>First letter of the litter<br>Males\/Females<\/th>\n        <th>Name of the Mother<\/th>\n        <th>Availability<\/th>\n      <\/tr>\n    <\/thead>\n    <tbody>\n      <!-- A\u2013G ohne Links -->\n      <tr>\n        <td>26.03.2005<\/td>\n        <td>A-litter 6-2<\/td>\n        <td>Sushi des Poupons Fris\u00e9es<\/td>\n        <td>0<\/td>\n      <\/tr>\n      <tr>\n        <td>26.05.2006<\/td>\n        <td>B-litter 2-2<\/td>\n        <td>Sushi des Poupons Fris\u00e9es<\/td>\n        <td>0<\/td>\n      <\/tr>\n      <tr>\n        <td>12.03.2007<\/td>\n        <td>C-litter 3-3<\/td>\n        <td>An-Xi von der Schlossheck<\/td>\n        <td>0<\/td>\n      <\/tr>\n      <tr>\n        <td>15.06.2007<\/td>\n        <td>D-litter 4-2<\/td>\n        <td>Sushi des Poupons Fris\u00e9es<\/td>\n        <td>0<\/td>\n      <\/tr>\n      <tr>\n        <td>13.03.2008<\/td>\n        <td>E-litter 2-2<\/td>\n        <td>Agia-Gin von der Schlossheck<\/td>\n        <td>0<\/td>\n      <\/tr>\n      <tr>\n        <td>10.07.2008<\/td>\n        <td>F-litter 4-3<\/td>\n        <td>Sushi des Poupons Fris\u00e9es<\/td>\n        <td>0<\/td>\n      <\/tr>\n      <tr>\n        <td>15.06.2009<\/td>\n        <td>G-litter 2-1<\/td>\n        <td>Agia-Gin von der Schlossheck<\/td>\n        <td>0<\/td>\n      <\/tr>\n\n      <!-- Ab hier wieder verlinkt -->\n      <tr>\n        <td>31.08.2009<\/td>\n        <td><a href=\"https:\/\/loka-samsara.de\/en\/von-d-kiss-from-audreys-paradise\/\">G-Litter 1-3<\/a><\/td>\n        <td>D-Kiss from Audrey&#8217;s Paradise<\/td>\n        <td>0<\/td>\n      <\/tr>\n      <tr>\n        <td>29.02.2012<\/td>\n        <td><a href=\"https:\/\/loka-samsara.de\/en\/von-d-kiss-from-audreys-paradise\/\">J-Litter 1-3<\/a><\/td>\n        <td>D-Kiss from Audrey&#8217;s Paradise<\/td>\n        <td>0<\/td>\n      <\/tr>\n      <tr>\n        <td>12.02.2013<\/td>\n        <td><a href=\"https:\/\/loka-samsara.de\/en\/samy-1-wurf\/\">K-Litter 2-0<\/a><\/td>\n        <td>Samsara Alikana<\/td>\n        <td>0<\/td>\n      <\/tr>\n      <tr>\n        <td>03.08.2013<\/td>\n        <td><a href=\"https:\/\/loka-samsara.de\/en\/giulia-1-wurf\/\">K-Litter 1-2<\/a><\/td>\n        <td>Giulia Reina Loka Samsara<\/td>\n        <td>0<\/td>\n      <\/tr>\n      <tr>\n        <td>08.06.2014<\/td>\n        <td><a href=\"https:\/\/loka-samsara.de\/en\/samy-2-wurf\/\">L-Litter 2-2<\/a><\/td>\n        <td>Samsara Alikana<\/td>\n        <td>0<\/td>\n      <\/tr>\n      <tr>\n        <td>27.08.2015<\/td>\n        <td><a href=\"https:\/\/loka-samsara.de\/en\/samy-3-wurf\/\">M-Litter 2-0<\/a><\/td>\n        <td>Samsara Alikana<\/td>\n        <td>0<\/td>\n      <\/tr>\n      <tr>\n        <td>03.12.2015<\/td>\n        <td><a href=\"https:\/\/loka-samsara.de\/en\/giulia-2-wurf\/\">M-Litter 2-4<\/a><\/td>\n        <td>Giulia Reina Loka Samsara<\/td>\n        <td>0<\/td>\n      <\/tr>\n      <tr>\n        <td>25.01.2016<\/td>\n        <td><a href=\"https:\/\/loka-samsara.de\/en\/kiras-1-wurf\/\">N-Litter 2-2<\/a><\/td>\n        <td>Kira of Tibetain Flower<\/td>\n        <td>0<\/td>\n      <\/tr>\n      <tr>\n        <td>01.05.2016<\/td>\n        <td><a href=\"https:\/\/loka-samsara.de\/en\/jin-jin-1-wurf\/\">N-Wurf 3-2<\/a><\/td>\n        <td>Jin-Jin Loka Samsara<\/td>\n        <td>0<\/td>\n      <\/tr>\n      <tr>\n        <td>26.04.2017<\/td>\n        <td><a href=\"https:\/\/loka-samsara.de\/en\/kira-2-wurf\/\">O-Litter 3-3<\/a><\/td>\n        <td>Kira of Tibetain Flowers<\/td>\n        <td>0<\/td>\n      <\/tr>\n      <tr>\n        <td>31.03.2018<\/td>\n        <td><a href=\"https:\/\/loka-samsara.de\/en\/jin-jin-2-wurf\/\">P-Litter 1-3<\/a><\/td>\n        <td>Kashmir Loka Samsara<\/td>\n        <td>0<\/td>\n      <\/tr>\n      <tr>\n        <td>03.04.2018<\/td>\n        <td><a href=\"https:\/\/loka-samsara.de\/en\/jin-jin-1-wurf-2\/\">P-Litter 2-2<\/a><\/td>\n        <td>Jin-Jin Loka Samsara<\/td>\n        <td>0<\/td>\n      <\/tr>\n      <tr>\n        <td>08.09.2019<\/td>\n        <td><a href=\"https:\/\/loka-samsara.de\/en\/milka-1-wurf\/\">Q-Litter 0-6<\/a><\/td>\n        <td>Miss Milka Loka Samsara<\/td>\n        <td>0<\/td>\n      <\/tr>\n      <tr>\n        <td>19.04.2020<\/td>\n        <td><a href=\"https:\/\/loka-samsara.de\/en\/kashi-1-wurf\/\">R-Litter 1-1<\/a><\/td>\n        <td>Kashmir Loka Samsara<\/td>\n        <td>0<\/td>\n      <\/tr>\n      <tr>\n        <td>15.11.2020<\/td>\n        <td><a href=\"https:\/\/loka-samsara.de\/en\/milka-2-wurf\/\">R-Litter 1-4<\/a><\/td>\n        <td>Miss Milka Loka Samsara<\/td>\n        <td>0<\/td>\n      <\/tr>\n      <tr>\n        <td>31.03.2021<\/td>\n        <td><a href=\"https:\/\/loka-samsara.de\/en\/prim-1-wurf\/\">S-Litter 3-2<\/a><\/td>\n        <td>Primrose Black Loka Samsara<\/td>\n        <td>0<\/td>\n      <\/tr>\n      <tr>\n        <td>18.04.2021<\/td>\n        <td><a href=\"https:\/\/loka-samsara.de\/en\/phoebe-1-wurf\/\">S-Litter 2-2<\/a><\/td>\n        <td>Phoebe Loka Samsara<\/td>\n        <td>0<\/td>\n      <\/tr>\n      <tr>\n        <td>01.11.2021<\/td>\n        <td><a href=\"https:\/\/loka-samsara.de\/en\/queen-1-wurf\/\">S-Litter 1-5<\/a><\/td>\n        <td>Queen Loka Samsara<\/td>\n        <td>0<\/td>\n      <\/tr>\n      <tr>\n        <td>10.12.2023<\/td>\n        <td><a href=\"https:\/\/loka-samsara.de\/en\/rija-1-wurf\/\">U-Wurf 1-2<\/a><\/td>\n        <td>Rija Loka Samsara<\/td>\n        <td>0<\/td>\n      <\/tr>\n      <tr>\n        <td>27.12.2024<\/td>\n        <td><a href=\"https:\/\/loka-samsara.de\/en\/santana-1-wurf\/\">V-Litter 1-4<\/a><\/td>\n        <td>Santana Loka Samsara<\/td>\n        <td>0<\/td>\n      <\/tr>\n      <tr>\n        <td>30.11.2025<\/td>\n        <td><a href=\"https:\/\/loka-samsara.de\/en\/saabi-1-wurf\/\">W-Litter 2-0<\/a><\/td>\n        <td>Saabi Loka Samsara<\/td>\n        <td>0<\/td>\n      <\/tr>\n      <tr>\n        <td>15.02.2026<\/td>\n        <td><a href=\"https:\/\/loka-samsara.de\/en\/phoebe-2-wurf\/\">X-Litter 1-2<\/a><\/td>\n        <td>Phoebe Loka Samsara<\/td>\n        <td>0<\/td>\n      <\/tr>\n      <tr>\n        <td>?<\/td>\n        <td><a href=\"\/en\/y-wurf\/\">Y-Wurf<\/a><\/td>\n        <td>?<\/td>\n        <td>0<\/td>\n      <\/tr>\n      <tr>\n        <td>?<\/td>\n        <td><a href=\"\/en\/z-wurf\/\">Z-Wurf<\/a><\/td>\n        <td>?<\/td>\n        <td>0<\/td>\n      <\/tr>\n    <\/tbody>\n  <\/table>\n<\/div>\t\t\t\t\t\t\t\t<\/div>\n\t\t\t\t<\/div>\n\t\t\t\t<div class=\"elementor-element elementor-element-da0e892 elementor-widget elementor-widget-text-editor\" data-id=\"da0e892\" data-element_type=\"widget\" data-widget_type=\"text-editor.default\">\n\t\t\t\t\t\t\t\t\t<p>The first days of a puppy\u2019s life are a time when every hour can matter.<br \/>As breeders, we carry a special responsibility\u2014not only in preparation, but also in decisive action. This guide is intended to encourage breeders to take their observations seriously, respond effectively, and communicate clearly and objectively with veterinarians. Not every veterinary practice deals with neonatology on a daily basis. All the more reason to be well prepared, ask targeted questions, and\u2014when necessary\u2014address specific diagnostic or therapeutic steps.<br \/>Dieser Leitfaden soll dazu ermutigen, Beobachtungen ernst zu nehmen, fr\u00fchzeitig zu reagieren und im Gespr\u00e4ch mit Tier\u00e4rzten klar und sachlich aufzutreten. Nicht jede Praxis ist t\u00e4glich mit neonatologischen Fragestellungen konfrontiert. Umso wichtiger ist es, gut vorbereitet zu sein, gezielt nachzufragen und \u2013 wenn n\u00f6tig \u2013 konkrete diagnostische oder therapeutische Schritte anzusprechen.<br \/>Mut bedeutet in diesem Zusammenhang nicht Konfrontation, sondern F\u00fcrsorge:<br \/>F\u00fcr das Wohl des Welpen einzustehen, Zeitverluste zu vermeiden und auf einer angemessenen Versorgung zu bestehen.<\/p>\t\t\t\t\t\t\t\t<\/div>\n\t\t<div class=\"elementor-element elementor-element-ed4bb5c e-con-full e-flex e-con e-child\" data-id=\"ed4bb5c\" data-element_type=\"container\">\n\t\t<div class=\"elementor-element elementor-element-1eb3345 e-con-full e-grid e-con e-child\" data-id=\"1eb3345\" data-element_type=\"container\">\n\t\t\t\t<div class=\"elementor-element elementor-element-64e31fe elementor-widget__width-auto elementor-widget elementor-widget-image\" data-id=\"64e31fe\" data-element_type=\"widget\" data-widget_type=\"image.default\">\n\t\t\t\t\t\t\t\t\t\t\t\t\t\t\t\t<a href=\"https:\/\/loka-samsara.de\/wp-content\/uploads\/2026\/03\/Fertiger-Leitfaden-neonatalogie.pdf\" target=\"_blank\">\n\t\t\t\t\t\t\t<img fetchpriority=\"high\" decoding=\"async\" width=\"640\" height=\"427\" src=\"https:\/\/loka-samsara.de\/wp-content\/uploads\/2026\/03\/Button-Neonatologie-1024x683.png\" class=\"attachment-large size-large wp-image-1540\" alt=\"\" srcset=\"https:\/\/loka-samsara.de\/wp-content\/uploads\/2026\/03\/Button-Neonatologie-1024x683.png 1024w, https:\/\/loka-samsara.de\/wp-content\/uploads\/2026\/03\/Button-Neonatologie-300x200.png 300w, https:\/\/loka-samsara.de\/wp-content\/uploads\/2026\/03\/Button-Neonatologie-768x512.png 768w, https:\/\/loka-samsara.de\/wp-content\/uploads\/2026\/03\/Button-Neonatologie-600x400.png 600w, https:\/\/loka-samsara.de\/wp-content\/uploads\/2026\/03\/Button-Neonatologie.png 1536w\" sizes=\"(max-width: 640px) 100vw, 640px\" \/>\t\t\t\t\t\t\t\t<\/a>\n\t\t\t\t\t\t\t\t\t\t\t\t\t\t\t<\/div>\n\t\t\t\t<div class=\"elementor-element elementor-element-2d678b6 elementor-widget elementor-widget-image\" data-id=\"2d678b6\" data-element_type=\"widget\" data-widget_type=\"image.default\">\n\t\t\t\t\t\t\t\t\t\t\t\t\t\t\t\t<a href=\"https:\/\/loka-samsara.de\/wp-content\/uploads\/2026\/03\/Anhang_Notfallausstattung_Neonatologie_Loka_Samsara_mit_Wasserzeichen.pdf\" target=\"_blank\">\n\t\t\t\t\t\t\t<img decoding=\"async\" width=\"640\" height=\"427\" src=\"https:\/\/loka-samsara.de\/wp-content\/uploads\/2026\/03\/Button-notfallausstattung-1024x683.png\" class=\"attachment-large size-large wp-image-1550\" alt=\"\" srcset=\"https:\/\/loka-samsara.de\/wp-content\/uploads\/2026\/03\/Button-notfallausstattung-1024x683.png 1024w, https:\/\/loka-samsara.de\/wp-content\/uploads\/2026\/03\/Button-notfallausstattung-300x200.png 300w, https:\/\/loka-samsara.de\/wp-content\/uploads\/2026\/03\/Button-notfallausstattung-768x512.png 768w, https:\/\/loka-samsara.de\/wp-content\/uploads\/2026\/03\/Button-notfallausstattung-600x400.png 600w, https:\/\/loka-samsara.de\/wp-content\/uploads\/2026\/03\/Button-notfallausstattung.png 1536w\" sizes=\"(max-width: 640px) 100vw, 640px\" \/>\t\t\t\t\t\t\t\t<\/a>\n\t\t\t\t\t\t\t\t\t\t\t\t\t\t\t<\/div>\n\t\t\t\t<\/div>\n\t\t\t\t<\/div>\n\t\t\t\t<\/div>\n\t\t\t\t<\/div>\n\t\t\t\t<\/div>","protected":false},"excerpt":{"rendered":"<p>Nachzuchten Um die Welpen einigerma\u00dfen \u00fcbersichtlich \u00fcber die Jahre pr\u00e4sentieren zu k\u00f6nnen habe ich mich entschlossen jeder Mama eine eigene Unterseite zu gestalten. Sie brauchen einfach nur die einzelnen Namen der M\u00fctter anzuklicken oder Sie schauen hier in der Tabelle nach den Anfangsbuchstaben der W\u00fcrfe, welche direkt verlinkt sind mit der entsprechenden Nachzuchtseite. Da ich [&hellip;]<\/p>\n","protected":false},"author":2,"featured_media":0,"parent":0,"menu_order":0,"comment_status":"closed","ping_status":"closed","template":"elementor_header_footer","meta":{"inline_featured_image":false,"two_page_speed":[],"footnotes":""},"class_list":["post-1488","page","type-page","status-publish","hentry"],"_links":{"self":[{"href":"https:\/\/loka-samsara.de\/en\/wp-json\/wp\/v2\/pages\/1488","targetHints":{"allow":["GET"]}}],"collection":[{"href":"https:\/\/loka-samsara.de\/en\/wp-json\/wp\/v2\/pages"}],"about":[{"href":"https:\/\/loka-samsara.de\/en\/wp-json\/wp\/v2\/types\/page"}],"author":[{"embeddable":true,"href":"https:\/\/loka-samsara.de\/en\/wp-json\/wp\/v2\/users\/2"}],"replies":[{"embeddable":true,"href":"https:\/\/loka-samsara.de\/en\/wp-json\/wp\/v2\/comments?post=1488"}],"version-history":[{"count":0,"href":"https:\/\/loka-samsara.de\/en\/wp-json\/wp\/v2\/pages\/1488\/revisions"}],"wp:attachment":[{"href":"https:\/\/loka-samsara.de\/en\/wp-json\/wp\/v2\/media?parent=1488"}],"curies":[{"name":"wp","href":"https:\/\/api.w.org\/{rel}","templated":true}]}}