{"id":1561,"date":"2026-03-01T18:21:52","date_gmt":"2026-03-01T18:21:52","guid":{"rendered":"https:\/\/loka-samsara.de\/?page_id=1561"},"modified":"2026-03-08T09:17:48","modified_gmt":"2026-03-08T09:17:48","slug":"von-samsara-alikana","status":"publish","type":"page","link":"https:\/\/loka-samsara.de\/en\/von-samsara-alikana\/","title":{"rendered":"von Samsara Alikana"},"content":{"rendered":"<div data-elementor-type=\"wp-page\" data-elementor-id=\"1561\" class=\"elementor elementor-1561\">\n\t\t\t\t<div class=\"elementor-element elementor-element-489bfd64 e-con-full e-flex e-con e-parent\" data-id=\"489bfd64\" data-element_type=\"container\">\n\t\t<div class=\"elementor-element elementor-element-168ea72b e-con-full e-flex e-con e-child\" data-id=\"168ea72b\" data-element_type=\"container\" data-settings=\"{&quot;background_background&quot;:&quot;gradient&quot;}\">\n\t\t<div class=\"elementor-element elementor-element-679df53c e-con-full e-flex e-con e-child\" data-id=\"679df53c\" data-element_type=\"container\">\n\t\t\t\t<div class=\"elementor-element elementor-element-6fed6869 elementor-widget elementor-widget-heading\" data-id=\"6fed6869\" data-element_type=\"widget\" data-widget_type=\"heading.default\">\n\t\t\t\t\t<h2 class=\"elementor-heading-title elementor-size-default\">Samara Alikana's Offsprings<\/h2>\t\t\t\t<\/div>\n\t\t<div class=\"elementor-element elementor-element-fb7ee37 e-flex e-con-boxed e-con e-child\" data-id=\"fb7ee37\" data-element_type=\"container\">\n\t\t\t\t\t<div class=\"e-con-inner\">\n\t\t\t\t<div class=\"elementor-element elementor-element-4df01611 elementor-widget elementor-widget-text-editor\" data-id=\"4df01611\" data-element_type=\"widget\" data-widget_type=\"text-editor.default\">\n\t\t\t\t\t\t\t\t\t<p>Samy, meine kleine Polin ist eine hervorragende Mutter. Leider hat sie einen sehr langen Zyklus und wird nur alle 13 Monate l\u00e4ufig, weshalb sie auch erst so sp\u00e4t das Muttergl\u00fcck erfahren hat.<\/p><p>Im <span style=\"color: #ff00ff;\"><a style=\"color: #ff00ff;\" href=\"https:\/\/loka-samsara.de\/en\/samy-1-wurf\/\" target=\"_blank\" rel=\"noopener\">1th Litter<\/a><\/span>\u00a0On February 12, 2013, she gave birth to two males. At that time, I was still a declared non-male-dog owner, which is why I did not keep any of the puppies. \ud83d\udc3e<\/p><p>Der <a href=\"https:\/\/loka-samsara.de\/en\/samy-2-wurf\/\" target=\"_blank\" rel=\"noopener\"><span style=\"color: #ff00ff;\">2th Litter<\/span> <\/a>kam am 8.6.2014 zur Welt. Es sind 3 H\u00fcndinnen und 2 R\u00fcden auf diese Welt gekommen. Leider gab es ein kleines Drama, welches ich in der Beschreibung des Wurfes kurz erz\u00e4hle. Aus dem Wurf habe ich keinen Welpen behalten, da ich ja schon Kenji und Kashmir von Giulias erstem Wurf behalten habe und Kira dazu gekauft habe.<\/p><p>Der <a href=\"https:\/\/loka-samsara.de\/en\/samy-3-wurf\/\" target=\"_blank\" rel=\"noopener\"><span style=\"color: #ff00ff;\">3th Litter<\/span> <\/a>aus dem ich mir eine H\u00fcndin behalten wollte brachte mir 2 zuckers\u00fcsse R\u00fcden, sodass ich ohne Nachzucht von Samy geblieben bin.<\/p>\t\t\t\t\t\t\t\t<\/div>\n\t\t\t\t\t<\/div>\n\t\t\t\t<\/div>\n\t\t\t\t<\/div>\n\t\t\t\t<\/div>\n\t\t\t\t<\/div>\n\t\t\t\t<\/div>","protected":false},"excerpt":{"rendered":"<p>Samsara Alikana^s Nachzuchten Samy, meine kleine Polin ist eine hervorragende Mutter. Leider hat sie einen sehr langen Zyklus und wird nur alle 13 Monate l\u00e4ufig, weshalb sie auch erst so sp\u00e4t das Muttergl\u00fcck erfahren hat. Im 1. Wurf\u00a0am 12.2.2013 brachte sie 2 R\u00fcden zur Welt. Zu der Zeit war ich noch bekennende nicht R\u00fcden Halterin, [&hellip;]<\/p>\n","protected":false},"author":2,"featured_media":0,"parent":0,"menu_order":0,"comment_status":"closed","ping_status":"closed","template":"elementor_header_footer","meta":{"inline_featured_image":false,"two_page_speed":[],"footnotes":""},"class_list":["post-1561","page","type-page","status-publish","hentry"],"_links":{"self":[{"href":"https:\/\/loka-samsara.de\/en\/wp-json\/wp\/v2\/pages\/1561","targetHints":{"allow":["GET"]}}],"collection":[{"href":"https:\/\/loka-samsara.de\/en\/wp-json\/wp\/v2\/pages"}],"about":[{"href":"https:\/\/loka-samsara.de\/en\/wp-json\/wp\/v2\/types\/page"}],"author":[{"embeddable":true,"href":"https:\/\/loka-samsara.de\/en\/wp-json\/wp\/v2\/users\/2"}],"replies":[{"embeddable":true,"href":"https:\/\/loka-samsara.de\/en\/wp-json\/wp\/v2\/comments?post=1561"}],"version-history":[{"count":0,"href":"https:\/\/loka-samsara.de\/en\/wp-json\/wp\/v2\/pages\/1561\/revisions"}],"wp:attachment":[{"href":"https:\/\/loka-samsara.de\/en\/wp-json\/wp\/v2\/media?parent=1561"}],"curies":[{"name":"wp","href":"https:\/\/api.w.org\/{rel}","templated":true}]}}