{"id":1584,"date":"2026-03-01T19:03:11","date_gmt":"2026-03-01T19:03:11","guid":{"rendered":"https:\/\/loka-samsara.de\/?page_id=1584"},"modified":"2026-03-07T21:30:03","modified_gmt":"2026-03-07T21:30:03","slug":"samy-2-wurf","status":"publish","type":"page","link":"https:\/\/loka-samsara.de\/en\/samy-2-wurf\/","title":{"rendered":"Samy 2. Litter"},"content":{"rendered":"<div data-elementor-type=\"wp-page\" data-elementor-id=\"1584\" class=\"elementor elementor-1584\">\n\t\t\t\t<div class=\"elementor-element elementor-element-489bfd64 e-flex e-con-boxed e-con e-parent\" data-id=\"489bfd64\" data-element_type=\"container\">\n\t\t\t\t\t<div class=\"e-con-inner\">\n\t\t<div class=\"elementor-element elementor-element-168ea72b e-con-full e-flex e-con e-child\" data-id=\"168ea72b\" data-element_type=\"container\" data-settings=\"{&quot;background_background&quot;:&quot;gradient&quot;}\">\n\t\t<div class=\"elementor-element elementor-element-679df53c e-con-full e-flex e-con e-child\" data-id=\"679df53c\" data-element_type=\"container\">\n\t\t\t\t<div class=\"elementor-element elementor-element-6fed6869 elementor-widget elementor-widget-heading\" data-id=\"6fed6869\" data-element_type=\"widget\" data-widget_type=\"heading.default\">\n\t\t\t\t\t<h2 class=\"elementor-heading-title elementor-size-default\">2nd litter<\/h2>\t\t\t\t<\/div>\n\t\t<div class=\"elementor-element elementor-element-ad32cb0 e-con-full e-flex e-con e-child\" data-id=\"ad32cb0\" data-element_type=\"container\">\n\t\t\t\t<div class=\"elementor-element elementor-element-8eafbb5 elementor-widget elementor-widget-text-editor\" data-id=\"8eafbb5\" data-element_type=\"widget\" data-widget_type=\"text-editor.default\">\n\t\t\t\t\t\t\t\t\t<p>geboren am 8.6.2014<br \/>Vater der Welpen ist mein eigener R\u00fcde Jai-Alai Jamali Loka Samsara. Dieser kr\u00e4ftige wundersch\u00f6ne R\u00fcde hat seinen Wirkungskreis bei meiner Tochter, wo er alles und jeden im Griff hat.<br \/>Samy had no complications during pregnancy or during the birth; only I had trouble keeping up with the mother, as she brought five puppies into the world within just 2.5 hours.<br \/>Um 0:02 Uhr kam die erste H\u00fcndin mit einem Gewicht von 82g zur Welt.<br \/>At 12:20 a.m., Lillifee Delicate Blossoms followed with a weight of 151 grams.<br \/>At 1:20 a.m., the third female, Lollipop Sugar Baby, was born with a weight of 112 g.<br \/>At 1:35 a.m., the first boy saw the light of day, Lionheart A Twist in a Myth, weighing 150 g.<br \/>At 2:35 a.m., the last puppy was born\u2014Look in a Future\u2014with a weight of 142 g.<br \/>On the first day everything went according to plan and Samy took wonderful care of her little family. As always, during the first nights I slept next to the whelping box on the couch. Already on the first night I was abruptly awakened by Samy, who jumped onto the couch with her firstborn in her mouth and tried to bury the little one under a pillow\u2026 Of course I did not allow any discussion and immediately placed mother and puppy back into the whelping box! The same thing happened again early the next morning.\n\nAt that time I had a webcam above the whelping box that could also be accessed from outside, and my mother enjoyed watching what was happening in the box from time to time. The phone rang while I was preparing lunch and my mother, completely hysterical, shouted that I should immediately check on the puppies\u2014Samy was about to kill one of them\u2026\n\nThe whelping box and the stove were about ten meters apart, and I was there immediately. Samy had her firstborn in her mouth and was trying to suffocate it. Of course I immediately took the puppy away from her and from that moment on hand-raised her\u2014feeding every two hours and so on.\n\nUnfortunately, despite my efforts, the constant support of my veterinarian, and many tears, the little one did not survive. Chouchou, as we had named her, passed away on June 17 around midnight.\n\nI would never have believed that a Shih Tzu\u2014my Shih Tzu\u2014could make such a decision and try to remove a non-viable puppy from the litter right from the beginning\u2026 \ud83d\udc3e<br \/>Zu dem Zeitpunkt hatte ich eine Webcam \u00fcber der Wurfkiste die auch von Aussen zug\u00e4nglich war und meine Mutter machte sich einen Spass daraus dem Treiben in der Kiste regelm\u00e4ssig zuzuschauen. Es klingelte das Telefon als ich gerade das Mittagessen am zubereiten war und eine v\u00f6llig hysterische Mutter schrie ich solle sofort nach den Kleinen sehen, Samy w\u00fcrde eines t\u00f6ten&#8230;.<br \/>Wurfkiste und Herd lagen etwa 10 Meter auseinander und ich war sofort vor Ort. Samsara hatte ihr Erstgeborenes im Maul und versuchte es zu ersticken!!! Nat\u00fcrlich habe ich ihr das Kleine sofort entzogen und ab da Handaufgezogen&#8230;. Das hie\u00df alle 2 Std f\u00fcttern usw. Leider wurden meine Bem\u00fchungen, trotz st\u00e4ndiger Begleitung meines Tierarztes und vielen Tr\u00e4nen nicht belohnt. Denn Chouchou, so hatten wir die Kleine getauft, verstarb am 17.6. gegen Mitternacht.<br \/>Ich h\u00e4tte nie gedacht dass ein Shih tzu, mein Shih tzu, solche Entscheidungen zu treffen vermag und ein nicht lebensf\u00e4higes Baby sofort am Anfang aus dem Wurf entfernen will&#8230;..<\/p>\t\t\t\t\t\t\t\t<\/div>\n\t\t\t\t<div class=\"elementor-element elementor-element-fe5f494 elementor-widget elementor-widget-image\" data-id=\"fe5f494\" data-element_type=\"widget\" data-widget_type=\"image.default\">\n\t\t\t\t\t\t\t\t\t\t\t\t\t\t\t<img fetchpriority=\"high\" decoding=\"async\" width=\"640\" height=\"480\" src=\"https:\/\/loka-samsara.de\/wp-content\/uploads\/2026\/03\/Samy2.Wurf_.jpg\" class=\"attachment-large size-large wp-image-1587\" alt=\"\" srcset=\"https:\/\/loka-samsara.de\/wp-content\/uploads\/2026\/03\/Samy2.Wurf_.jpg 1024w, https:\/\/loka-samsara.de\/wp-content\/uploads\/2026\/03\/Samy2.Wurf_-300x225.jpg 300w, https:\/\/loka-samsara.de\/wp-content\/uploads\/2026\/03\/Samy2.Wurf_-768x576.jpg 768w, https:\/\/loka-samsara.de\/wp-content\/uploads\/2026\/03\/Samy2.Wurf_-600x450.jpg 600w\" sizes=\"(max-width: 640px) 100vw, 640px\" \/>\t\t\t\t\t\t\t\t\t\t\t\t\t\t\t<\/div>\n\t\t\t\t<\/div>\n\t\t\t\t<\/div>\n\t\t\t\t<\/div>\n\t\t\t\t\t<\/div>\n\t\t\t\t<\/div>\n\t\t\t\t<\/div>","protected":false},"excerpt":{"rendered":"<p>2.Wurf geboren am 8.6.2014Vater der Welpen ist mein eigener R\u00fcde Jai-Alai Jamali Loka Samsara. Dieser kr\u00e4ftige wundersch\u00f6ne R\u00fcde hat seinen Wirkungskreis bei meiner Tochter, wo er alles und jeden im Griff hat.Samy hatte in der Schwangerschaft und w\u00e4hrend der Geburt gar keine Komplikationen, lediglich ich hatte M\u00fche mit der Mama Schritt zu halten, denn innerhalb [&hellip;]<\/p>\n","protected":false},"author":2,"featured_media":0,"parent":0,"menu_order":0,"comment_status":"closed","ping_status":"closed","template":"elementor_header_footer","meta":{"inline_featured_image":false,"two_page_speed":[],"footnotes":""},"class_list":["post-1584","page","type-page","status-publish","hentry"],"_links":{"self":[{"href":"https:\/\/loka-samsara.de\/en\/wp-json\/wp\/v2\/pages\/1584","targetHints":{"allow":["GET"]}}],"collection":[{"href":"https:\/\/loka-samsara.de\/en\/wp-json\/wp\/v2\/pages"}],"about":[{"href":"https:\/\/loka-samsara.de\/en\/wp-json\/wp\/v2\/types\/page"}],"author":[{"embeddable":true,"href":"https:\/\/loka-samsara.de\/en\/wp-json\/wp\/v2\/users\/2"}],"replies":[{"embeddable":true,"href":"https:\/\/loka-samsara.de\/en\/wp-json\/wp\/v2\/comments?post=1584"}],"version-history":[{"count":0,"href":"https:\/\/loka-samsara.de\/en\/wp-json\/wp\/v2\/pages\/1584\/revisions"}],"wp:attachment":[{"href":"https:\/\/loka-samsara.de\/en\/wp-json\/wp\/v2\/media?parent=1584"}],"curies":[{"name":"wp","href":"https:\/\/api.w.org\/{rel}","templated":true}]}}