{"id":1592,"date":"2026-03-01T19:12:18","date_gmt":"2026-03-01T19:12:18","guid":{"rendered":"https:\/\/loka-samsara.de\/?page_id=1592"},"modified":"2026-03-07T21:34:12","modified_gmt":"2026-03-07T21:34:12","slug":"samy-3-wurf","status":"publish","type":"page","link":"https:\/\/loka-samsara.de\/en\/samy-3-wurf\/","title":{"rendered":"Samy 3. Litter"},"content":{"rendered":"<div data-elementor-type=\"wp-page\" data-elementor-id=\"1592\" class=\"elementor elementor-1592\">\n\t\t\t\t<div class=\"elementor-element elementor-element-489bfd64 e-flex e-con-boxed e-con e-parent\" data-id=\"489bfd64\" data-element_type=\"container\">\n\t\t\t\t\t<div class=\"e-con-inner\">\n\t\t<div class=\"elementor-element elementor-element-168ea72b e-con-full e-flex e-con e-child\" data-id=\"168ea72b\" data-element_type=\"container\" data-settings=\"{&quot;background_background&quot;:&quot;gradient&quot;}\">\n\t\t<div class=\"elementor-element elementor-element-679df53c e-con-full e-flex e-con e-child\" data-id=\"679df53c\" data-element_type=\"container\">\n\t\t\t\t<div class=\"elementor-element elementor-element-6fed6869 elementor-widget elementor-widget-heading\" data-id=\"6fed6869\" data-element_type=\"widget\" data-widget_type=\"heading.default\">\n\t\t\t\t\t<h2 class=\"elementor-heading-title elementor-size-default\">3th litter<\/h2>\t\t\t\t<\/div>\n\t\t<div class=\"elementor-element elementor-element-ad32cb0 e-con-full e-flex e-con e-child\" data-id=\"ad32cb0\" data-element_type=\"container\">\n\t\t\t\t<div class=\"elementor-element elementor-element-8eafbb5 elementor-widget elementor-widget-text-editor\" data-id=\"8eafbb5\" data-element_type=\"widget\" data-widget_type=\"text-editor.default\">\n\t\t\t\t\t\t\t\t\t<p>Born August 27, 2015<\/p><p>The father of the puppies is my male, Kenji Loka Samsara.<br \/>The pregnancy and the birth went without any difficulties. Both puppies were born on the 59th day; they were two boys.<br \/>Der erste gold-weisse R\u00fcde mit Name &#8222;My new Star is born&#8220;, genannt Maa-Chu, wurde um 18.00 Uhr mit einem Kampfgewicht von 213g geboren.<br \/>Um 19:05 Uhr folgte der Zweite kleine Mann in schwarz-weis &#8222;Mystic Boy&#8220; genannt Missung mit einem Gewicht von 188g.<br \/>F\u00fcr mich als Z\u00fcchterin war es ziemlich entt\u00e4uschend, dass ich nun von meiner Samy keinen weiblichen Nachkommen haben konnte, aber so ist das Leben&#8230;.<br \/>Und weil das Leben kein Ponyhof ist, kam es am 2. Tag dann Kn\u00fcppel hart. Samy verfiel in eine Art Apathie die ich nicht zuordnen konnte. Verweigerte Essen und Trinken, k\u00fcmmerte sich zwar noch um ihre Welpen aber gefiel mir gar nicht. Ich rief meinen Tierarzt morgens um 8 Uhr an, er solle sich die H\u00fcndin bitte anschauen. Er kam sofort vorbei und schickte mich gleich in die Klinik zum Labor und Ultrashall. Leider waren alle kompetenten und entscheidungsfreudigen \u00c4rzte gerade im Sommerurlaub. Ich sa\u00df also mit meiner s\u00fcssen Samy und ihren 2 Welpen im Behandlungsraum und musste nachdem Labortechnisch eine An\u00e4mie festgestellt wurde noch geschlagene 3 Std warten bis die Kollegin die sich einigerma\u00dfe mit dem Ultrashall auskennt Zeit hatte und aus der Mittagspause zur\u00fcck war. Der Shall brachte keine nennenswerte Erkenntnis ausser dass die Geb\u00e4rmutter dicker ist wie normal (Vergleichswerte bei Frischgeb\u00e4render fehlten). Nachdem ich meine H\u00fcndin in der Tierklinik auf dem Behandlungstisch fast sterben gesehen habe und etwas Dampf gemacht hab, wurde ich zu einem weiteren Arzt 50 km weit weg geschickt der mit CT und sehr guten Ger\u00e4ten ausgestattet ist und eben spezialisiert ist auf die Bild gebenden Diagnostik. Dort traf ich um 17 Uhr ein. Samy konnte nicht mehr aufstehen und ihr Urin nicht halten, sie ging aus wie eine Kerze. Der TA hat, nachdem er Samy bis in jede Ecke geshallt hatte und keine inneren Blutungen feststellen konnte (irgendwo sollte das Blut ja hin sein), sofort Schmerzstillende Mittel und Konstitutionsmittel eingesetzt und sie weiter mit Ringer infundiert bis sie wieder hoch kam&#8230; wir haben die Praxis um 22:30 Uhr verlassen. Samy hatte es \u00fcberstanden&#8230; was es genau war weis niemand, aber dass ich sowas nicht nochmals brauche, das weis ich.<br \/>Dies war Samy\u00b4s letzter Wurf.<\/p>\t\t\t\t\t\t\t\t<\/div>\n\t\t\t\t<div class=\"elementor-element elementor-element-fe5f494 elementor-widget elementor-widget-image\" data-id=\"fe5f494\" data-element_type=\"widget\" data-widget_type=\"image.default\">\n\t\t\t\t\t\t\t\t\t\t\t\t\t\t\t<img fetchpriority=\"high\" decoding=\"async\" width=\"640\" height=\"853\" src=\"https:\/\/loka-samsara.de\/wp-content\/uploads\/2026\/03\/Samy3.wurf_.jpg\" class=\"attachment-large size-large wp-image-1594\" alt=\"\" srcset=\"https:\/\/loka-samsara.de\/wp-content\/uploads\/2026\/03\/Samy3.wurf_.jpg 720w, https:\/\/loka-samsara.de\/wp-content\/uploads\/2026\/03\/Samy3.wurf_-225x300.jpg 225w, https:\/\/loka-samsara.de\/wp-content\/uploads\/2026\/03\/Samy3.wurf_-450x600.jpg 450w\" sizes=\"(max-width: 640px) 100vw, 640px\" \/>\t\t\t\t\t\t\t\t\t\t\t\t\t\t\t<\/div>\n\t\t<div class=\"elementor-element elementor-element-b801c95 e-flex e-con-boxed e-con e-child\" data-id=\"b801c95\" data-element_type=\"container\">\n\t\t\t\t\t<div class=\"e-con-inner\">\n\t\t<div class=\"elementor-element elementor-element-eda5eab e-flex e-con-boxed e-con e-child\" data-id=\"eda5eab\" data-element_type=\"container\">\n\t\t\t\t\t<div class=\"e-con-inner\">\n\t\t\t\t<div class=\"elementor-element elementor-element-47129bb elementor-widget elementor-widget-image\" data-id=\"47129bb\" data-element_type=\"widget\" data-widget_type=\"image.default\">\n\t\t\t\t\t\t\t\t\t\t\t\t\t\t\t<img decoding=\"async\" width=\"640\" height=\"853\" src=\"https:\/\/loka-samsara.de\/wp-content\/uploads\/2026\/03\/Stark_Corinne-768x1024.jpg\" class=\"attachment-large size-large wp-image-1596\" alt=\"\" srcset=\"https:\/\/loka-samsara.de\/wp-content\/uploads\/2026\/03\/Stark_Corinne-768x1024.jpg 768w, https:\/\/loka-samsara.de\/wp-content\/uploads\/2026\/03\/Stark_Corinne-225x300.jpg 225w, https:\/\/loka-samsara.de\/wp-content\/uploads\/2026\/03\/Stark_Corinne-450x600.jpg 450w, https:\/\/loka-samsara.de\/wp-content\/uploads\/2026\/03\/Stark_Corinne.jpg 1024w\" sizes=\"(max-width: 640px) 100vw, 640px\" \/>\t\t\t\t\t\t\t\t\t\t\t\t\t\t\t<\/div>\n\t\t\t\t\t<\/div>\n\t\t\t\t<\/div>\n\t\t<div class=\"elementor-element elementor-element-0c14f84 e-con-full e-flex e-con e-child\" data-id=\"0c14f84\" data-element_type=\"container\">\n\t\t\t\t<div class=\"elementor-element elementor-element-8845e4c elementor-widget elementor-widget-text-editor\" data-id=\"8845e4c\" data-element_type=\"widget\" data-widget_type=\"text-editor.default\">\n\t\t\t\t\t\t\t\t\tMaa-shu (My New Star Is Born Loka Samsara) moved to his new home on December 30, 2015.<\/h4>\t\t\t\t\t\t\t\t<\/div>\n\t\t\t\t<\/div>\n\t\t<div class=\"elementor-element elementor-element-5381497 e-con-full e-flex e-con e-child\" data-id=\"5381497\" data-element_type=\"container\">\n\t\t\t\t<div class=\"elementor-element elementor-element-e81544e elementor-widget elementor-widget-image\" data-id=\"e81544e\" data-element_type=\"widget\" data-widget_type=\"image.default\">\n\t\t\t\t\t\t\t\t\t\t\t\t\t\t\t<img decoding=\"async\" width=\"640\" height=\"853\" src=\"https:\/\/loka-samsara.de\/wp-content\/uploads\/2026\/03\/Stark_tschuess-768x1024.jpg\" class=\"attachment-large size-large wp-image-1597\" alt=\"\" srcset=\"https:\/\/loka-samsara.de\/wp-content\/uploads\/2026\/03\/Stark_tschuess-768x1024.jpg 768w, https:\/\/loka-samsara.de\/wp-content\/uploads\/2026\/03\/Stark_tschuess-225x300.jpg 225w, https:\/\/loka-samsara.de\/wp-content\/uploads\/2026\/03\/Stark_tschuess-450x600.jpg 450w, https:\/\/loka-samsara.de\/wp-content\/uploads\/2026\/03\/Stark_tschuess.jpg 1024w\" sizes=\"(max-width: 640px) 100vw, 640px\" \/>\t\t\t\t\t\t\t\t\t\t\t\t\t\t\t<\/div>\n\t\t\t\t<\/div>\n\t\t\t\t\t<\/div>\n\t\t\t\t<\/div>\n\t\t<div class=\"elementor-element elementor-element-9e1067c e-con-full e-flex e-con e-child\" data-id=\"9e1067c\" data-element_type=\"container\">\n\t\t<div class=\"elementor-element elementor-element-31806b2 e-flex e-con-boxed e-con e-child\" data-id=\"31806b2\" data-element_type=\"container\">\n\t\t\t\t\t<div class=\"e-con-inner\">\n\t\t\t\t<div class=\"elementor-element elementor-element-f27bb58 elementor-widget elementor-widget-image\" data-id=\"f27bb58\" data-element_type=\"widget\" data-widget_type=\"image.default\">\n\t\t\t\t\t\t\t\t\t\t\t\t\t\t\t<img loading=\"lazy\" decoding=\"async\" width=\"640\" height=\"853\" src=\"https:\/\/loka-samsara.de\/wp-content\/uploads\/2026\/03\/Mystik_-768x1024.jpg\" class=\"attachment-large size-large wp-image-1598\" alt=\"\" srcset=\"https:\/\/loka-samsara.de\/wp-content\/uploads\/2026\/03\/Mystik_-768x1024.jpg 768w, https:\/\/loka-samsara.de\/wp-content\/uploads\/2026\/03\/Mystik_-225x300.jpg 225w, https:\/\/loka-samsara.de\/wp-content\/uploads\/2026\/03\/Mystik_-450x600.jpg 450w, https:\/\/loka-samsara.de\/wp-content\/uploads\/2026\/03\/Mystik_.jpg 1024w\" sizes=\"(max-width: 640px) 100vw, 640px\" \/>\t\t\t\t\t\t\t\t\t\t\t\t\t\t\t<\/div>\n\t\t\t\t\t<\/div>\n\t\t\t\t<\/div>\n\t\t<div class=\"elementor-element elementor-element-4ef919f e-con-full e-flex e-con e-child\" data-id=\"4ef919f\" data-element_type=\"container\">\n\t\t\t\t<div class=\"elementor-element elementor-element-80a406b elementor-widget elementor-widget-text-editor\" data-id=\"80a406b\" data-element_type=\"widget\" data-widget_type=\"text-editor.default\">\n\t\t\t\t\t\t\t\t\tMissung (Mystic Boy Loka Samsara) moved to his new family at the age of 12 weeks.\t\t\t\t\t\t\t\t<\/div>\n\t\t\t\t<\/div>\n\t\t<div class=\"elementor-element elementor-element-2b65b9d e-con-full e-flex e-con e-child\" data-id=\"2b65b9d\" data-element_type=\"container\">\n\t\t\t\t<div class=\"elementor-element elementor-element-871a9d2 elementor-widget elementor-widget-image\" data-id=\"871a9d2\" data-element_type=\"widget\" data-widget_type=\"image.default\">\n\t\t\t\t\t\t\t\t\t\t\t\t\t\t\t<img loading=\"lazy\" decoding=\"async\" width=\"640\" height=\"853\" src=\"https:\/\/loka-samsara.de\/wp-content\/uploads\/2026\/03\/Mystik1.jpg\" class=\"attachment-large size-large wp-image-1599\" alt=\"\" srcset=\"https:\/\/loka-samsara.de\/wp-content\/uploads\/2026\/03\/Mystik1.jpg 768w, https:\/\/loka-samsara.de\/wp-content\/uploads\/2026\/03\/Mystik1-225x300.jpg 225w, https:\/\/loka-samsara.de\/wp-content\/uploads\/2026\/03\/Mystik1-450x600.jpg 450w\" sizes=\"(max-width: 640px) 100vw, 640px\" \/>\t\t\t\t\t\t\t\t\t\t\t\t\t\t\t<\/div>\n\t\t\t\t<\/div>\n\t\t\t\t<\/div>\n\t\t\t\t<\/div>\n\t\t\t\t<\/div>\n\t\t\t\t<\/div>\n\t\t\t\t\t<\/div>\n\t\t\t\t<\/div>\n\t\t\t\t<\/div>","protected":false},"excerpt":{"rendered":"<p>3.Wurf geboren 27.8.2015 Vater der Welpen ist mein R\u00fcde Kenji Loka Samsara.Schwangerschaft und Geburt verliefen ohne Komplikationen. Beide Welpen kamen am 59. Tag auf die Welt, es waren 2 Jungs.Der erste gold-weisse R\u00fcde mit Name &#8222;My new Star is born&#8220;, genannt Maa-Chu, wurde um 18.00 Uhr mit einem Kampfgewicht von 213g geboren.Um 19:05 Uhr folgte [&hellip;]<\/p>\n","protected":false},"author":2,"featured_media":0,"parent":0,"menu_order":0,"comment_status":"closed","ping_status":"closed","template":"elementor_header_footer","meta":{"inline_featured_image":false,"two_page_speed":[],"footnotes":""},"class_list":["post-1592","page","type-page","status-publish","hentry"],"_links":{"self":[{"href":"https:\/\/loka-samsara.de\/en\/wp-json\/wp\/v2\/pages\/1592","targetHints":{"allow":["GET"]}}],"collection":[{"href":"https:\/\/loka-samsara.de\/en\/wp-json\/wp\/v2\/pages"}],"about":[{"href":"https:\/\/loka-samsara.de\/en\/wp-json\/wp\/v2\/types\/page"}],"author":[{"embeddable":true,"href":"https:\/\/loka-samsara.de\/en\/wp-json\/wp\/v2\/users\/2"}],"replies":[{"embeddable":true,"href":"https:\/\/loka-samsara.de\/en\/wp-json\/wp\/v2\/comments?post=1592"}],"version-history":[{"count":0,"href":"https:\/\/loka-samsara.de\/en\/wp-json\/wp\/v2\/pages\/1592\/revisions"}],"wp:attachment":[{"href":"https:\/\/loka-samsara.de\/en\/wp-json\/wp\/v2\/media?parent=1592"}],"curies":[{"name":"wp","href":"https:\/\/api.w.org\/{rel}","templated":true}]}}