{"id":1643,"date":"2026-03-02T06:25:39","date_gmt":"2026-03-02T06:25:39","guid":{"rendered":"https:\/\/loka-samsara.de\/?page_id=1643"},"modified":"2026-03-08T08:53:02","modified_gmt":"2026-03-08T08:53:02","slug":"von-jin-jin-loka-samsara","status":"publish","type":"page","link":"https:\/\/loka-samsara.de\/en\/von-jin-jin-loka-samsara\/","title":{"rendered":"von Jin-Jin Loka Samsara"},"content":{"rendered":"<div data-elementor-type=\"wp-page\" data-elementor-id=\"1643\" class=\"elementor elementor-1643\">\n\t\t\t\t<div class=\"elementor-element elementor-element-489bfd64 e-flex e-con-boxed e-con e-parent\" data-id=\"489bfd64\" data-element_type=\"container\">\n\t\t\t\t\t<div class=\"e-con-inner\">\n\t\t<div class=\"elementor-element elementor-element-168ea72b e-con-full e-flex e-con e-child\" data-id=\"168ea72b\" data-element_type=\"container\" data-settings=\"{&quot;background_background&quot;:&quot;gradient&quot;}\">\n\t\t<div class=\"elementor-element elementor-element-679df53c e-con-full e-flex e-con e-child\" data-id=\"679df53c\" data-element_type=\"container\">\n\t\t\t\t<div class=\"elementor-element elementor-element-6fed6869 elementor-widget elementor-widget-heading\" data-id=\"6fed6869\" data-element_type=\"widget\" data-widget_type=\"heading.default\">\n\t\t\t\t\t<h2 class=\"elementor-heading-title elementor-size-default\">Jin-Jin^s Offsprings<\/h2>\t\t\t\t<\/div>\n\t\t<div class=\"elementor-element elementor-element-fb7ee37 e-flex e-con-boxed e-con e-child\" data-id=\"fb7ee37\" data-element_type=\"container\">\n\t\t\t\t\t<div class=\"e-con-inner\">\n\t\t\t\t<div class=\"elementor-element elementor-element-4df01611 elementor-widget elementor-widget-text-editor\" data-id=\"4df01611\" data-element_type=\"widget\" data-widget_type=\"text-editor.default\">\n\t\t\t\t\t\t\t\t\t<p>Meine kleine S\u00fcssigkeit, wie ich Jin-Jin immer nenne, hat lange auf Nachwuchs warten lassen. Ich bin an 2 aneinander folgenden L\u00e4ufigkeiten \u00fcber 2000km gefahren um zu dem f\u00fcr mich optimalen R\u00fcden zum decken zu fahren.<br \/>2x wollte der Herr von Jin-Jin nix wissen, oder nur unbeholfen&#8230;. Daraufhin musste sich, da Jin-Jin 4 Jahre alt wurde, mein bester und absolut zuverl\u00e4ssigster Deckr\u00fcde Kenji der Sache annehmen, um der Welt zu beweisen dass Jin-Jin absolut imstande ist Babies zu bekommen und auch gro\u00dfzuziehen.<br \/>Sie war schon immer von den Welpen der anderen M\u00fctter begeistert und immer sehr an deren Pflege beteiligt. Umso intensiver k\u00fcmmert sie sich um ihre eigenen Babies, die am 1.5.2016 das Licht der Welt erblickt haben.<br \/>But see for yourself under Wurf 1 (Button)<br \/>On April 3, 2018, Jin-Jin became a mother for the second time. Everything went smoothly without complications. Mother and babies are doing well.<br \/>Papa der Welpen ist Mister Muffin Loka Samsara, der zum heutigen Zeitpunkt mit 27 Monaten bereits Kroatischer Champion, \u00d6sterreichischer Champion, Luxemburgischer Jugendchampion, \u00d6strreichischer Jugendchampion und Deutscher Jugendchampion ist.<br \/>See for yourself under Wurf 2 (Button)<\/p>\t\t\t\t\t\t\t\t<\/div>\n\t\t\t\t\t<\/div>\n\t\t\t\t<\/div>\n\t\t<div class=\"elementor-element elementor-element-59f0bad e-flex e-con-boxed e-con e-child\" data-id=\"59f0bad\" data-element_type=\"container\">\n\t\t\t\t\t<div class=\"e-con-inner\">\n\t\t<div class=\"elementor-element elementor-element-ed9d65d e-con-full e-flex e-con e-child\" data-id=\"ed9d65d\" data-element_type=\"container\">\n\t\t\t\t<div class=\"elementor-element elementor-element-5884d42 elementor-widget__width-initial elementor-widget elementor-widget-image\" data-id=\"5884d42\" data-element_type=\"widget\" data-widget_type=\"image.default\">\n\t\t\t\t\t\t\t\t\t\t\t\t\t\t\t\t<a href=\"https:\/\/loka-samsara.de\/en\/jin-jin-1-wurf\/\" target=\"_blank\">\n\t\t\t\t\t\t\t<img decoding=\"async\" width=\"150\" height=\"150\" src=\"https:\/\/loka-samsara.de\/wp-content\/uploads\/2026\/03\/Wurf1-Button-150x150.png\" class=\"attachment-thumbnail size-thumbnail wp-image-1633\" alt=\"\" \/>\t\t\t\t\t\t\t\t<\/a>\n\t\t\t\t\t\t\t\t\t\t\t\t\t\t\t<\/div>\n\t\t\t\t<\/div>\n\t\t\t\t\t<\/div>\n\t\t\t\t<\/div>\n\t\t<div class=\"elementor-element elementor-element-0ffbe3d e-con-full e-flex e-con e-child\" data-id=\"0ffbe3d\" data-element_type=\"container\">\n\t\t<div class=\"elementor-element elementor-element-134e506 e-con-full e-flex e-con e-child\" data-id=\"134e506\" data-element_type=\"container\">\n\t\t\t\t<div class=\"elementor-element elementor-element-04fd431 elementor-widget__width-initial elementor-widget elementor-widget-image\" data-id=\"04fd431\" data-element_type=\"widget\" data-widget_type=\"image.default\">\n\t\t\t\t\t\t\t\t\t\t\t\t\t\t\t\t<a href=\"https:\/\/loka-samsara.de\/en\/jin-jin-2-wurf-2\/\" target=\"_blank\">\n\t\t\t\t\t\t\t<img decoding=\"async\" width=\"150\" height=\"150\" src=\"https:\/\/loka-samsara.de\/wp-content\/uploads\/2026\/03\/Wurf-2-Button-2-150x150.png\" class=\"attachment-thumbnail size-thumbnail wp-image-1635\" alt=\"\" \/>\t\t\t\t\t\t\t\t<\/a>\n\t\t\t\t\t\t\t\t\t\t\t\t\t\t\t<\/div>\n\t\t\t\t<\/div>\n\t\t\t\t<\/div>\n\t\t\t\t<\/div>\n\t\t\t\t<\/div>\n\t\t\t\t\t<\/div>\n\t\t\t\t<\/div>\n\t\t\t\t<\/div>","protected":false},"excerpt":{"rendered":"<p>Jin-Jin&#8217;s Nachzuchten Meine kleine S\u00fcssigkeit, wie ich Jin-Jin immer nenne, hat lange auf Nachwuchs warten lassen. Ich bin an 2 aneinander folgenden L\u00e4ufigkeiten \u00fcber 2000km gefahren um zu dem f\u00fcr mich optimalen R\u00fcden zum decken zu fahren.2x wollte der Herr von Jin-Jin nix wissen, oder nur unbeholfen&#8230;. Daraufhin musste sich, da Jin-Jin 4 Jahre alt [&hellip;]<\/p>\n","protected":false},"author":2,"featured_media":0,"parent":0,"menu_order":0,"comment_status":"closed","ping_status":"closed","template":"elementor_header_footer","meta":{"inline_featured_image":false,"two_page_speed":[],"footnotes":""},"class_list":["post-1643","page","type-page","status-publish","hentry"],"_links":{"self":[{"href":"https:\/\/loka-samsara.de\/en\/wp-json\/wp\/v2\/pages\/1643","targetHints":{"allow":["GET"]}}],"collection":[{"href":"https:\/\/loka-samsara.de\/en\/wp-json\/wp\/v2\/pages"}],"about":[{"href":"https:\/\/loka-samsara.de\/en\/wp-json\/wp\/v2\/types\/page"}],"author":[{"embeddable":true,"href":"https:\/\/loka-samsara.de\/en\/wp-json\/wp\/v2\/users\/2"}],"replies":[{"embeddable":true,"href":"https:\/\/loka-samsara.de\/en\/wp-json\/wp\/v2\/comments?post=1643"}],"version-history":[{"count":0,"href":"https:\/\/loka-samsara.de\/en\/wp-json\/wp\/v2\/pages\/1643\/revisions"}],"wp:attachment":[{"href":"https:\/\/loka-samsara.de\/en\/wp-json\/wp\/v2\/media?parent=1643"}],"curies":[{"name":"wp","href":"https:\/\/api.w.org\/{rel}","templated":true}]}}