{"id":1649,"date":"2026-03-02T06:34:49","date_gmt":"2026-03-02T06:34:49","guid":{"rendered":"https:\/\/loka-samsara.de\/?page_id=1649"},"modified":"2026-03-08T08:55:09","modified_gmt":"2026-03-08T08:55:09","slug":"von-kashmir-loka-samsara","status":"publish","type":"page","link":"https:\/\/loka-samsara.de\/en\/von-kashmir-loka-samsara\/","title":{"rendered":"von Kashmir Loka Samsara"},"content":{"rendered":"<div data-elementor-type=\"wp-page\" data-elementor-id=\"1649\" class=\"elementor elementor-1649\">\n\t\t\t\t<div class=\"elementor-element elementor-element-489bfd64 e-flex e-con-boxed e-con e-parent\" data-id=\"489bfd64\" data-element_type=\"container\">\n\t\t\t\t\t<div class=\"e-con-inner\">\n\t\t<div class=\"elementor-element elementor-element-168ea72b e-con-full e-flex e-con e-child\" data-id=\"168ea72b\" data-element_type=\"container\" data-settings=\"{&quot;background_background&quot;:&quot;gradient&quot;}\">\n\t\t<div class=\"elementor-element elementor-element-679df53c e-con-full e-flex e-con e-child\" data-id=\"679df53c\" data-element_type=\"container\">\n\t\t\t\t<div class=\"elementor-element elementor-element-6fed6869 elementor-widget elementor-widget-heading\" data-id=\"6fed6869\" data-element_type=\"widget\" data-widget_type=\"heading.default\">\n\t\t\t\t\t<h2 class=\"elementor-heading-title elementor-size-default\">Kashi's Offsprings<\/h2>\t\t\t\t<\/div>\n\t\t<div class=\"elementor-element elementor-element-8e20937 e-con-full e-flex e-con e-child\" data-id=\"8e20937\" data-element_type=\"container\">\n\t\t\t\t<div class=\"elementor-element elementor-element-f564269 elementor-widget elementor-widget-image\" data-id=\"f564269\" data-element_type=\"widget\" data-widget_type=\"image.default\">\n\t\t\t\t\t\t\t\t\t\t\t\t\t\t\t<img fetchpriority=\"high\" decoding=\"async\" width=\"300\" height=\"300\" src=\"https:\/\/loka-samsara.de\/wp-content\/uploads\/2026\/03\/Kahmir_Crufts-300x300.jpg\" class=\"attachment-medium size-medium wp-image-1652\" alt=\"\" srcset=\"https:\/\/loka-samsara.de\/wp-content\/uploads\/2026\/03\/Kahmir_Crufts-300x300.jpg 300w, https:\/\/loka-samsara.de\/wp-content\/uploads\/2026\/03\/Kahmir_Crufts-150x150.jpg 150w, https:\/\/loka-samsara.de\/wp-content\/uploads\/2026\/03\/Kahmir_Crufts-768x768.jpg 768w, https:\/\/loka-samsara.de\/wp-content\/uploads\/2026\/03\/Kahmir_Crufts-600x600.jpg 600w, https:\/\/loka-samsara.de\/wp-content\/uploads\/2026\/03\/Kahmir_Crufts.jpg 925w\" sizes=\"(max-width: 300px) 100vw, 300px\" \/>\t\t\t\t\t\t\t\t\t\t\t\t\t\t\t<\/div>\n\t\t\t\t<\/div>\n\t\t<div class=\"elementor-element elementor-element-fb7ee37 e-flex e-con-boxed e-con e-child\" data-id=\"fb7ee37\" data-element_type=\"container\">\n\t\t\t\t\t<div class=\"e-con-inner\">\n\t\t\t\t<div class=\"elementor-element elementor-element-4df01611 elementor-widget elementor-widget-text-editor\" data-id=\"4df01611\" data-element_type=\"widget\" data-widget_type=\"text-editor.default\">\n\t\t\t\t\t\t\t\t\t<p>Kashi is my pride and joy. Through her gentleness, her pride, and her intelligence, she has completely captivated me. To me, she is the perfect Shih Tzu. If I were asked what faults Kashi has, I would not know what to answer.\n\nShe has perfect markings in a beautiful black and white. Her size is at the lower end of the breed standard. Her angulation allows her the perfect Shih Tzu movement, which is more floating than running. Her slight undershot bite and proud carriage show the desired aristocratic arrogance of the Shih Tzu. Her coat is the dream of every long-haired dog owner.<br \/>At the age of 3.5 years, Kashmir was allowed to meet a male for the first time, and it worked immediately.<br \/>Am 31.3.2018 schenkte uns Kashmir 4 gesunde Welpen. 1 R\u00fcde und 3 H\u00fcndinnen, aus denen ich mir Phoebe ausgesucht habe&#8230;..<\/p>\t\t\t\t\t\t\t\t<\/div>\n\t\t\t\t\t<\/div>\n\t\t\t\t<\/div>\n\t\t<div class=\"elementor-element elementor-element-59f0bad e-flex e-con-boxed e-con e-child\" data-id=\"59f0bad\" data-element_type=\"container\">\n\t\t\t\t\t<div class=\"e-con-inner\">\n\t\t<div class=\"elementor-element elementor-element-ed9d65d e-con-full e-flex e-con e-child\" data-id=\"ed9d65d\" data-element_type=\"container\">\n\t\t\t\t<div class=\"elementor-element elementor-element-5884d42 elementor-widget__width-initial elementor-widget elementor-widget-image\" data-id=\"5884d42\" data-element_type=\"widget\" data-widget_type=\"image.default\">\n\t\t\t\t\t\t\t\t\t\t\t\t\t\t\t\t<a href=\"https:\/\/loka-samsara.de\/en\/kashi-1-wurf\/\" target=\"_blank\">\n\t\t\t\t\t\t\t<img decoding=\"async\" width=\"150\" height=\"150\" src=\"https:\/\/loka-samsara.de\/wp-content\/uploads\/2026\/03\/Wurf1-Button-150x150.png\" class=\"attachment-thumbnail size-thumbnail wp-image-1633\" alt=\"\" \/>\t\t\t\t\t\t\t\t<\/a>\n\t\t\t\t\t\t\t\t\t\t\t\t\t\t\t<\/div>\n\t\t\t\t<\/div>\n\t\t\t\t\t<\/div>\n\t\t\t\t<\/div>\n\t\t<div class=\"elementor-element elementor-element-f2e5221 e-con-full e-flex e-con e-child\" data-id=\"f2e5221\" data-element_type=\"container\">\n\t\t<div class=\"elementor-element elementor-element-7eaf195 e-con-full e-flex e-con e-child\" data-id=\"7eaf195\" data-element_type=\"container\">\n\t\t\t\t<div class=\"elementor-element elementor-element-9452a39 elementor-widget__width-initial elementor-widget elementor-widget-image\" data-id=\"9452a39\" data-element_type=\"widget\" data-widget_type=\"image.default\">\n\t\t\t\t\t\t\t\t\t\t\t\t\t\t\t\t<a href=\"https:\/\/loka-samsara.de\/en\/kashi-2-wurf\/\" target=\"_blank\">\n\t\t\t\t\t\t\t<img decoding=\"async\" width=\"150\" height=\"150\" src=\"https:\/\/loka-samsara.de\/wp-content\/uploads\/2026\/03\/Wurf-2-Button-2-150x150.png\" class=\"attachment-thumbnail size-thumbnail wp-image-1635\" alt=\"\" \/>\t\t\t\t\t\t\t\t<\/a>\n\t\t\t\t\t\t\t\t\t\t\t\t\t\t\t<\/div>\n\t\t\t\t<\/div>\n\t\t\t\t<\/div>\n\t\t\t\t<\/div>\n\t\t\t\t<\/div>\n\t\t\t\t\t<\/div>\n\t\t\t\t<\/div>\n\t\t\t\t<\/div>","protected":false},"excerpt":{"rendered":"<p>Kashi&#8217;s Nachzuchten Kashi ist mein ganzer Stolz. Durch ihre Sanftmut, ihren Stolz und ihre Intelligenz hat sie mich ganz in ihren Bann gezogen. Sie ist f\u00fcr mich der perfekte Shih Tzu. Wenn ich sagen m\u00fcsste was f\u00fcr Fehler Kashi hat, w\u00fcsste ich nicht zu antworten. Sie hat eine perfekte Zeichnung in perfektem Schwarz-Weis. Ihre Gr\u00f6sse [&hellip;]<\/p>\n","protected":false},"author":2,"featured_media":0,"parent":0,"menu_order":0,"comment_status":"closed","ping_status":"closed","template":"elementor_header_footer","meta":{"inline_featured_image":false,"two_page_speed":[],"footnotes":""},"class_list":["post-1649","page","type-page","status-publish","hentry"],"_links":{"self":[{"href":"https:\/\/loka-samsara.de\/en\/wp-json\/wp\/v2\/pages\/1649","targetHints":{"allow":["GET"]}}],"collection":[{"href":"https:\/\/loka-samsara.de\/en\/wp-json\/wp\/v2\/pages"}],"about":[{"href":"https:\/\/loka-samsara.de\/en\/wp-json\/wp\/v2\/types\/page"}],"author":[{"embeddable":true,"href":"https:\/\/loka-samsara.de\/en\/wp-json\/wp\/v2\/users\/2"}],"replies":[{"embeddable":true,"href":"https:\/\/loka-samsara.de\/en\/wp-json\/wp\/v2\/comments?post=1649"}],"version-history":[{"count":0,"href":"https:\/\/loka-samsara.de\/en\/wp-json\/wp\/v2\/pages\/1649\/revisions"}],"wp:attachment":[{"href":"https:\/\/loka-samsara.de\/en\/wp-json\/wp\/v2\/media?parent=1649"}],"curies":[{"name":"wp","href":"https:\/\/api.w.org\/{rel}","templated":true}]}}