{"id":1658,"date":"2026-03-02T06:54:00","date_gmt":"2026-03-02T06:54:00","guid":{"rendered":"https:\/\/loka-samsara.de\/?page_id=1658"},"modified":"2026-03-08T09:00:58","modified_gmt":"2026-03-08T09:00:58","slug":"von-miss-milka-loka-samsara","status":"publish","type":"page","link":"https:\/\/loka-samsara.de\/en\/von-miss-milka-loka-samsara\/","title":{"rendered":"von Miss Milka Loka Samsara"},"content":{"rendered":"<div data-elementor-type=\"wp-page\" data-elementor-id=\"1658\" class=\"elementor elementor-1658\">\n\t\t\t\t<div class=\"elementor-element elementor-element-489bfd64 e-flex e-con-boxed e-con e-parent\" data-id=\"489bfd64\" data-element_type=\"container\">\n\t\t\t\t\t<div class=\"e-con-inner\">\n\t\t<div class=\"elementor-element elementor-element-168ea72b e-con-full e-flex e-con e-child\" data-id=\"168ea72b\" data-element_type=\"container\" data-settings=\"{&quot;background_background&quot;:&quot;gradient&quot;}\">\n\t\t<div class=\"elementor-element elementor-element-679df53c e-con-full e-flex e-con e-child\" data-id=\"679df53c\" data-element_type=\"container\">\n\t\t<div class=\"elementor-element elementor-element-c1f6c85 e-con-full e-flex e-con e-child\" data-id=\"c1f6c85\" data-element_type=\"container\">\n\t\t\t\t<div class=\"elementor-element elementor-element-ba2986f elementor-widget elementor-widget-image\" data-id=\"ba2986f\" data-element_type=\"widget\" data-widget_type=\"image.default\">\n\t\t\t\t\t\t\t\t\t\t\t\t\t\t\t<img fetchpriority=\"high\" decoding=\"async\" width=\"225\" height=\"300\" src=\"https:\/\/loka-samsara.de\/wp-content\/uploads\/2026\/03\/Milka-1-225x300.jpg\" class=\"attachment-medium size-medium wp-image-1662\" alt=\"\" srcset=\"https:\/\/loka-samsara.de\/wp-content\/uploads\/2026\/03\/Milka-1-225x300.jpg 225w, https:\/\/loka-samsara.de\/wp-content\/uploads\/2026\/03\/Milka-1-450x600.jpg 450w, https:\/\/loka-samsara.de\/wp-content\/uploads\/2026\/03\/Milka-1.jpg 720w\" sizes=\"(max-width: 225px) 100vw, 225px\" \/>\t\t\t\t\t\t\t\t\t\t\t\t\t\t\t<\/div>\n\t\t\t\t<\/div>\n\t\t\t\t<div class=\"elementor-element elementor-element-6fed6869 elementor-widget elementor-widget-heading\" data-id=\"6fed6869\" data-element_type=\"widget\" data-widget_type=\"heading.default\">\n\t\t\t\t\t<h2 class=\"elementor-heading-title elementor-size-default\">Milka's Offsprings<\/h2>\t\t\t\t<\/div>\n\t\t<div class=\"elementor-element elementor-element-fb7ee37 e-flex e-con-boxed e-con e-child\" data-id=\"fb7ee37\" data-element_type=\"container\">\n\t\t\t\t\t<div class=\"e-con-inner\">\n\t\t\t\t<div class=\"elementor-element elementor-element-4df01611 elementor-widget elementor-widget-text-editor\" data-id=\"4df01611\" data-element_type=\"widget\" data-widget_type=\"text-editor.default\">\n\t\t\t\t\t\t\t\t\t<p>Miss Milka Loka Samsara ist f\u00fcr mich der beste Hund den ich je hatte. Warum? Nun ja, sie ist eine ruhige ausgeglichene Lady, sie \u00fcber jede Situation erhaben. Nerven verliert sie nie, sondern zeigt gezielt wieweit andere Hunde in ihrem Umkreis gehen d\u00fcrfen. Sie ist unheimlich verschmust und anh\u00e4nglich, spielt aber ebensogerne mit ihrer Hundefamilie. Bis auf eine etwas flache Rute ( auch bedingt durch den schweren Behang) ist sie komplett Fehler frei.<\/p><p>Since I attend dog shows with great passion and Milka is an absolute star in the ring who fills me with so much pride, she experienced motherhood only rather late.<\/p><p>Interestingly, Milka did everything right here as well. She allowed the mating very well and behaved appropriately throughout the entire pregnancy. Both her eating habits and her level of activity were always such that I never had to worry.<\/p><p>I have never experienced such a textbook birth! Milka remained completely relaxed, calmly waiting for what was to come and step by step patiently awaited the pushing contractions in total serenity. That is why only two hours passed between the first and the sixth puppy.<\/p>\t\t\t\t\t\t\t\t<\/div>\n\t\t\t\t\t<\/div>\n\t\t\t\t<\/div>\n\t\t<div class=\"elementor-element elementor-element-59f0bad e-flex e-con-boxed e-con e-child\" data-id=\"59f0bad\" data-element_type=\"container\">\n\t\t\t\t\t<div class=\"e-con-inner\">\n\t\t<div class=\"elementor-element elementor-element-ed9d65d e-con-full e-flex e-con e-child\" data-id=\"ed9d65d\" data-element_type=\"container\">\n\t\t\t\t<div class=\"elementor-element elementor-element-5884d42 elementor-widget__width-initial elementor-widget elementor-widget-image\" data-id=\"5884d42\" data-element_type=\"widget\" data-widget_type=\"image.default\">\n\t\t\t\t\t\t\t\t\t\t\t\t\t\t\t\t<a href=\"https:\/\/loka-samsara.de\/en\/milka-1-wurf\/\" target=\"_blank\">\n\t\t\t\t\t\t\t<img decoding=\"async\" width=\"150\" height=\"150\" src=\"https:\/\/loka-samsara.de\/wp-content\/uploads\/2026\/03\/Wurf1-Button-150x150.png\" class=\"attachment-thumbnail size-thumbnail wp-image-1633\" alt=\"\" \/>\t\t\t\t\t\t\t\t<\/a>\n\t\t\t\t\t\t\t\t\t\t\t\t\t\t\t<\/div>\n\t\t\t\t<\/div>\n\t\t\t\t\t<\/div>\n\t\t\t\t<\/div>\n\t\t<div class=\"elementor-element elementor-element-9f2709e e-con-full e-flex e-con e-child\" data-id=\"9f2709e\" data-element_type=\"container\">\n\t\t<div class=\"elementor-element elementor-element-3307f16 e-con-full e-flex e-con e-child\" data-id=\"3307f16\" data-element_type=\"container\">\n\t\t\t\t<div class=\"elementor-element elementor-element-a053216 elementor-widget__width-initial elementor-widget elementor-widget-image\" data-id=\"a053216\" data-element_type=\"widget\" data-widget_type=\"image.default\">\n\t\t\t\t\t\t\t\t\t\t\t\t\t\t\t\t<a href=\"https:\/\/loka-samsara.de\/en\/milka-2-wurf\/\" target=\"_blank\">\n\t\t\t\t\t\t\t<img decoding=\"async\" width=\"150\" height=\"150\" src=\"https:\/\/loka-samsara.de\/wp-content\/uploads\/2026\/03\/Wurf-2-Button-2-150x150.png\" class=\"attachment-thumbnail size-thumbnail wp-image-1635\" alt=\"\" \/>\t\t\t\t\t\t\t\t<\/a>\n\t\t\t\t\t\t\t\t\t\t\t\t\t\t\t<\/div>\n\t\t\t\t<\/div>\n\t\t\t\t<\/div>\n\t\t\t\t<\/div>\n\t\t\t\t<\/div>\n\t\t\t\t\t<\/div>\n\t\t\t\t<\/div>\n\t\t\t\t<\/div>","protected":false},"excerpt":{"rendered":"<p>Milka&#8217;s Nachzuchten Miss Milka Loka Samsara ist f\u00fcr mich der beste Hund den ich je hatte. Warum? Nun ja, sie ist eine ruhige ausgeglichene Lady, sie \u00fcber jede Situation erhaben. Nerven verliert sie nie, sondern zeigt gezielt wieweit andere Hunde in ihrem Umkreis gehen d\u00fcrfen. Sie ist unheimlich verschmust und anh\u00e4nglich, spielt aber ebensogerne mit [&hellip;]<\/p>\n","protected":false},"author":2,"featured_media":0,"parent":0,"menu_order":0,"comment_status":"closed","ping_status":"closed","template":"elementor_header_footer","meta":{"inline_featured_image":false,"two_page_speed":[],"footnotes":""},"class_list":["post-1658","page","type-page","status-publish","hentry"],"_links":{"self":[{"href":"https:\/\/loka-samsara.de\/en\/wp-json\/wp\/v2\/pages\/1658","targetHints":{"allow":["GET"]}}],"collection":[{"href":"https:\/\/loka-samsara.de\/en\/wp-json\/wp\/v2\/pages"}],"about":[{"href":"https:\/\/loka-samsara.de\/en\/wp-json\/wp\/v2\/types\/page"}],"author":[{"embeddable":true,"href":"https:\/\/loka-samsara.de\/en\/wp-json\/wp\/v2\/users\/2"}],"replies":[{"embeddable":true,"href":"https:\/\/loka-samsara.de\/en\/wp-json\/wp\/v2\/comments?post=1658"}],"version-history":[{"count":0,"href":"https:\/\/loka-samsara.de\/en\/wp-json\/wp\/v2\/pages\/1658\/revisions"}],"wp:attachment":[{"href":"https:\/\/loka-samsara.de\/en\/wp-json\/wp\/v2\/media?parent=1658"}],"curies":[{"name":"wp","href":"https:\/\/api.w.org\/{rel}","templated":true}]}}