{"id":1677,"date":"2026-03-02T08:03:37","date_gmt":"2026-03-02T08:03:37","guid":{"rendered":"https:\/\/loka-samsara.de\/?page_id=1677"},"modified":"2026-03-08T09:07:17","modified_gmt":"2026-03-08T09:07:17","slug":"von-phoebe-loka-samsara","status":"publish","type":"page","link":"https:\/\/loka-samsara.de\/en\/von-phoebe-loka-samsara\/","title":{"rendered":"von Phoebe Loka Samsara"},"content":{"rendered":"<div data-elementor-type=\"wp-page\" data-elementor-id=\"1677\" class=\"elementor elementor-1677\">\n\t\t\t\t<div class=\"elementor-element elementor-element-489bfd64 e-flex e-con-boxed e-con e-parent\" data-id=\"489bfd64\" data-element_type=\"container\">\n\t\t\t\t\t<div class=\"e-con-inner\">\n\t\t<div class=\"elementor-element elementor-element-168ea72b e-con-full e-flex e-con e-child\" data-id=\"168ea72b\" data-element_type=\"container\" data-settings=\"{&quot;background_background&quot;:&quot;gradient&quot;}\">\n\t\t<div class=\"elementor-element elementor-element-679df53c e-con-full e-flex e-con e-child\" data-id=\"679df53c\" data-element_type=\"container\">\n\t\t\t\t<div class=\"elementor-element elementor-element-6fed6869 elementor-widget elementor-widget-heading\" data-id=\"6fed6869\" data-element_type=\"widget\" data-widget_type=\"heading.default\">\n\t\t\t\t\t<h2 class=\"elementor-heading-title elementor-size-default\">Phoebe's Offsprings<\/h2>\t\t\t\t<\/div>\n\t\t<div class=\"elementor-element elementor-element-36f5586 e-con-full e-flex e-con e-child\" data-id=\"36f5586\" data-element_type=\"container\">\n\t\t\t\t<div class=\"elementor-element elementor-element-02d5451 elementor-widget elementor-widget-image\" data-id=\"02d5451\" data-element_type=\"widget\" data-widget_type=\"image.default\">\n\t\t\t\t\t\t\t\t\t\t\t\t\t\t\t<img fetchpriority=\"high\" decoding=\"async\" width=\"640\" height=\"1011\" src=\"https:\/\/loka-samsara.de\/wp-content\/uploads\/2026\/03\/Phoebe-1-768x1213.jpg\" class=\"attachment-medium_large size-medium_large wp-image-1678\" alt=\"\" srcset=\"https:\/\/loka-samsara.de\/wp-content\/uploads\/2026\/03\/Phoebe-1-768x1213.jpg 768w, https:\/\/loka-samsara.de\/wp-content\/uploads\/2026\/03\/Phoebe-1-190x300.jpg 190w, https:\/\/loka-samsara.de\/wp-content\/uploads\/2026\/03\/Phoebe-1-648x1024.jpg 648w, https:\/\/loka-samsara.de\/wp-content\/uploads\/2026\/03\/Phoebe-1-380x600.jpg 380w, https:\/\/loka-samsara.de\/wp-content\/uploads\/2026\/03\/Phoebe-1.jpg 800w\" sizes=\"(max-width: 640px) 100vw, 640px\" \/>\t\t\t\t\t\t\t\t\t\t\t\t\t\t\t<\/div>\n\t\t\t\t<\/div>\n\t\t<div class=\"elementor-element elementor-element-fb7ee37 e-flex e-con-boxed e-con e-child\" data-id=\"fb7ee37\" data-element_type=\"container\">\n\t\t\t\t\t<div class=\"e-con-inner\">\n\t\t\t\t<div class=\"elementor-element elementor-element-4df01611 elementor-widget elementor-widget-text-editor\" data-id=\"4df01611\" data-element_type=\"widget\" data-widget_type=\"text-editor.default\">\n\t\t\t\t\t\t\t\t\tPhoebe Loka Samsara became a mother on April 18, 2021, giving birth to two males and two females.\t\t\t\t\t\t\t\t<\/div>\n\t\t\t\t<div class=\"elementor-element elementor-element-5825844 elementor-widget elementor-widget-image\" data-id=\"5825844\" data-element_type=\"widget\" data-widget_type=\"image.default\">\n\t\t\t\t\t\t\t\t\t\t\t\t\t\t\t<img decoding=\"async\" width=\"450\" height=\"100\" src=\"https:\/\/loka-samsara.de\/wp-content\/uploads\/2026\/03\/ranken-0001.gif\" class=\"attachment-medium_large size-medium_large wp-image-1679\" alt=\"\" \/>\t\t\t\t\t\t\t\t\t\t\t\t\t\t\t<\/div>\n\t\t\t\t\t<\/div>\n\t\t\t\t<\/div>\n\t\t<div class=\"elementor-element elementor-element-858cb7a e-con-full e-flex e-con e-child\" data-id=\"858cb7a\" data-element_type=\"container\">\n\t\t\t\t<div class=\"elementor-element elementor-element-6820a37 elementor-widget elementor-widget-text-editor\" data-id=\"6820a37\" data-element_type=\"widget\" data-widget_type=\"text-editor.default\">\n\t\t\t\t\t\t\t\t\t<p>Phoebe ist ein kleiner Sonnenschein und jedermanns Liebling. Egal wer auf Besuch kommt, Phoebe findet ihren Platz auf dessen Scho\u00df.<\/p><p>Ihren ersten Wurf bekam Sie am 18.4.2021. Sie schenkte 2 R\u00fcden und 2 H\u00fcndinnen das Leben. Sowohl Geburt, als auch die Aufzucht verlief komplikationslos.<\/p><p>Am 15.2.2026 wurde Phoebe das 2. Mal Mama.<\/p><p>Es war f\u00fcr mich die schlimmste Erfahrung die ich w\u00e4hrend meiner 25 j\u00e4hrigen \u00a0Shih Tzu Z\u00fcchterkarriere gemacht habe.<br \/>Phoebe hat entgegen aller anderen Schwangerschaften die ich begleitet habe 3 Tage vor fr\u00fchstm\u00f6glichem Geburtstermin nichts mehr gefressen. Die Geburt ging ziemlich flott am 56. Tag los. Das erste Baby blieb im Geburtskanal stecken und ich konnte es mit einem Geburtsgewicht von 204 Gramm tot herausziehen. Beide verbliebenen M\u00e4dchen hatten zuerst einen guten Start. Nach 2 Tagen wurde ich nachts wach wegen furchtbarem gefiepe und stellte fest, dass die Mutter das Nest verlassen hatte und die Welpen total unterk\u00fchlt waren. Obschon ich weis dass man erst aufw\u00e4rmen muss bevor man die Babies anlegt ging ab da alles bergab. Am 6. Tag sind beide unter intensiver medizinischer Betreuung verstorben.<br \/>Leider sind einige Massnahmen zu sp\u00e4t erfolgt weshalb ich auf der Seite Nachzuchten ein PDF ver\u00f6ffentlicht habe das Z\u00fcchtern und Tier\u00e4rzten eine schnellere Reaktion erm\u00f6glicht um so evtl. Leben zu retten.<\/p>\t\t\t\t\t\t\t\t<\/div>\n\t\t\t\t<\/div>\n\t\t<div class=\"elementor-element elementor-element-59f0bad e-flex e-con-boxed e-con e-child\" data-id=\"59f0bad\" data-element_type=\"container\">\n\t\t\t\t\t<div class=\"e-con-inner\">\n\t\t<div class=\"elementor-element elementor-element-ed9d65d e-con-full e-flex e-con e-child\" data-id=\"ed9d65d\" data-element_type=\"container\">\n\t\t\t\t<div class=\"elementor-element elementor-element-5884d42 elementor-widget__width-initial elementor-widget elementor-widget-image\" data-id=\"5884d42\" data-element_type=\"widget\" data-widget_type=\"image.default\">\n\t\t\t\t\t\t\t\t\t\t\t\t\t\t\t\t<a href=\"https:\/\/loka-samsara.de\/en\/phoebe-1-wurf\/\" target=\"_blank\">\n\t\t\t\t\t\t\t<img decoding=\"async\" width=\"150\" height=\"150\" src=\"https:\/\/loka-samsara.de\/wp-content\/uploads\/2026\/03\/Wurf1-Button-150x150.png\" class=\"attachment-thumbnail size-thumbnail wp-image-1633\" alt=\"\" \/>\t\t\t\t\t\t\t\t<\/a>\n\t\t\t\t\t\t\t\t\t\t\t\t\t\t\t<\/div>\n\t\t\t\t<\/div>\n\t\t\t\t\t<\/div>\n\t\t\t\t<\/div>\n\t\t<div class=\"elementor-element elementor-element-015a393 e-con-full e-flex e-con e-child\" data-id=\"015a393\" data-element_type=\"container\">\n\t\t<div class=\"elementor-element elementor-element-1411aa5 e-con-full e-flex e-con e-child\" data-id=\"1411aa5\" data-element_type=\"container\">\n\t\t\t\t<div class=\"elementor-element elementor-element-33568bf elementor-widget__width-initial elementor-widget elementor-widget-image\" data-id=\"33568bf\" data-element_type=\"widget\" data-widget_type=\"image.default\">\n\t\t\t\t\t\t\t\t\t\t\t\t\t\t\t\t<a href=\"https:\/\/loka-samsara.de\/en\/phoebe-2-wurf\/\" target=\"_blank\">\n\t\t\t\t\t\t\t<img loading=\"lazy\" decoding=\"async\" width=\"150\" height=\"150\" src=\"https:\/\/loka-samsara.de\/wp-content\/uploads\/2026\/03\/Wurf-2-Button-2-150x150.png\" class=\"attachment-thumbnail size-thumbnail wp-image-1635\" alt=\"\" \/>\t\t\t\t\t\t\t\t<\/a>\n\t\t\t\t\t\t\t\t\t\t\t\t\t\t\t<\/div>\n\t\t\t\t<\/div>\n\t\t\t\t<\/div>\n\t\t\t\t<\/div>\n\t\t\t\t<\/div>\n\t\t\t\t\t<\/div>\n\t\t\t\t<\/div>\n\t\t\t\t<\/div>","protected":false},"excerpt":{"rendered":"<p>Phoebe&#8217;s Nachzuchten Phoebe Loka Samsara wurde am 18.04.2021 Mama von 2 R\u00fcden und 2 H\u00fcndinnen Phoebe ist ein kleiner Sonnenschein und jedermanns Liebling. Egal wer auf Besuch kommt, Phoebe findet ihren Platz auf dessen Scho\u00df. Ihren ersten Wurf bekam Sie am 18.4.2021. Sie schenkte 2 R\u00fcden und 2 H\u00fcndinnen das Leben. Sowohl Geburt, als auch [&hellip;]<\/p>\n","protected":false},"author":2,"featured_media":0,"parent":0,"menu_order":0,"comment_status":"closed","ping_status":"closed","template":"elementor_header_footer","meta":{"inline_featured_image":false,"two_page_speed":[],"footnotes":""},"class_list":["post-1677","page","type-page","status-publish","hentry"],"_links":{"self":[{"href":"https:\/\/loka-samsara.de\/en\/wp-json\/wp\/v2\/pages\/1677","targetHints":{"allow":["GET"]}}],"collection":[{"href":"https:\/\/loka-samsara.de\/en\/wp-json\/wp\/v2\/pages"}],"about":[{"href":"https:\/\/loka-samsara.de\/en\/wp-json\/wp\/v2\/types\/page"}],"author":[{"embeddable":true,"href":"https:\/\/loka-samsara.de\/en\/wp-json\/wp\/v2\/users\/2"}],"replies":[{"embeddable":true,"href":"https:\/\/loka-samsara.de\/en\/wp-json\/wp\/v2\/comments?post=1677"}],"version-history":[{"count":0,"href":"https:\/\/loka-samsara.de\/en\/wp-json\/wp\/v2\/pages\/1677\/revisions"}],"wp:attachment":[{"href":"https:\/\/loka-samsara.de\/en\/wp-json\/wp\/v2\/media?parent=1677"}],"curies":[{"name":"wp","href":"https:\/\/api.w.org\/{rel}","templated":true}]}}