{"id":1724,"date":"2026-03-02T09:33:11","date_gmt":"2026-03-02T09:33:11","guid":{"rendered":"https:\/\/loka-samsara.de\/?page_id=1724"},"modified":"2026-03-04T10:19:49","modified_gmt":"2026-03-04T10:19:49","slug":"giulia-1-wurf","status":"publish","type":"page","link":"https:\/\/loka-samsara.de\/en\/giulia-1-wurf\/","title":{"rendered":"Giulia 1. Litter"},"content":{"rendered":"<div data-elementor-type=\"wp-page\" data-elementor-id=\"1724\" class=\"elementor elementor-1724\">\n\t\t\t\t<div class=\"elementor-element elementor-element-489bfd64 e-flex e-con-boxed e-con e-parent\" data-id=\"489bfd64\" data-element_type=\"container\">\n\t\t\t\t\t<div class=\"e-con-inner\">\n\t\t<div class=\"elementor-element elementor-element-168ea72b e-con-full e-flex e-con e-child\" data-id=\"168ea72b\" data-element_type=\"container\" data-settings=\"{&quot;background_background&quot;:&quot;gradient&quot;}\">\n\t\t<div class=\"elementor-element elementor-element-679df53c e-con-full e-flex e-con e-child\" data-id=\"679df53c\" data-element_type=\"container\">\n\t\t\t\t<div class=\"elementor-element elementor-element-6fed6869 elementor-widget elementor-widget-heading\" data-id=\"6fed6869\" data-element_type=\"widget\" data-widget_type=\"heading.default\">\n\t\t\t\t\t<h2 class=\"elementor-heading-title elementor-size-default\">1th  Litter<\/h2>\t\t\t\t<\/div>\n\t\t<div class=\"elementor-element elementor-element-ad32cb0 e-con-full e-flex e-con e-child\" data-id=\"ad32cb0\" data-element_type=\"container\">\n\t\t\t\t<div class=\"elementor-element elementor-element-8eafbb5 elementor-widget elementor-widget-text-editor\" data-id=\"8eafbb5\" data-element_type=\"widget\" data-widget_type=\"text-editor.default\">\n\t\t\t\t\t\t\t\t\t<p>I was overjoyed when my dear friend Verena allowed her 20-time Champion, Grand Champion, and International Champion Babbes Chohan Baloo to mate with my beloved Giulia.<br \/>I got to know Baloo as a very calm, composed, and affectionate male, and I had high hopes for this pairing. The puppies were expected to be as well-proportioned as their parents, inherit the father\u2019s coat quality, and be of an average size. Their character could only be good, as both parents possess all the qualities of an uncomplicated and friendly Shih Tzu.<br \/>My wishes were fulfilled exactly as I had hoped! Thank you, dear God\u2026 \ud83d\udc3e<\/p>\t\t\t\t\t\t\t\t<\/div>\n\t\t\t\t<div class=\"elementor-element elementor-element-fe5f494 elementor-widget elementor-widget-image\" data-id=\"fe5f494\" data-element_type=\"widget\" data-widget_type=\"image.default\">\n\t\t\t\t\t\t\t\t\t\t\t\t\t\t\t<img fetchpriority=\"high\" decoding=\"async\" width=\"300\" height=\"225\" src=\"https:\/\/loka-samsara.de\/wp-content\/uploads\/2026\/03\/K-Giulia-300x225.jpg\" class=\"attachment-medium size-medium wp-image-1727\" alt=\"\" srcset=\"https:\/\/loka-samsara.de\/wp-content\/uploads\/2026\/03\/K-Giulia-300x225.jpg 300w, https:\/\/loka-samsara.de\/wp-content\/uploads\/2026\/03\/K-Giulia-768x576.jpg 768w, https:\/\/loka-samsara.de\/wp-content\/uploads\/2026\/03\/K-Giulia-600x450.jpg 600w, https:\/\/loka-samsara.de\/wp-content\/uploads\/2026\/03\/K-Giulia.jpg 800w\" sizes=\"(max-width: 300px) 100vw, 300px\" \/>\t\t\t\t\t\t\t\t\t\t\t\t\t\t\t<\/div>\n\t\t<div class=\"elementor-element elementor-element-b801c95 e-flex e-con-boxed e-con e-child\" data-id=\"b801c95\" data-element_type=\"container\">\n\t\t\t\t\t<div class=\"e-con-inner\">\n\t\t<div class=\"elementor-element elementor-element-eda5eab e-flex e-con-boxed e-con e-child\" data-id=\"eda5eab\" data-element_type=\"container\">\n\t\t\t\t\t<div class=\"e-con-inner\">\n\t\t\t\t<div class=\"elementor-element elementor-element-47129bb elementor-widget elementor-widget-image\" data-id=\"47129bb\" data-element_type=\"widget\" data-widget_type=\"image.default\">\n\t\t\t\t\t\t\t\t\t\t\t\t\t\t\t<img decoding=\"async\" width=\"600\" height=\"800\" src=\"https:\/\/loka-samsara.de\/wp-content\/uploads\/2026\/03\/Kashmir-Baby.jpg\" class=\"attachment-large size-large wp-image-1728\" alt=\"\" srcset=\"https:\/\/loka-samsara.de\/wp-content\/uploads\/2026\/03\/Kashmir-Baby.jpg 600w, https:\/\/loka-samsara.de\/wp-content\/uploads\/2026\/03\/Kashmir-Baby-225x300.jpg 225w, https:\/\/loka-samsara.de\/wp-content\/uploads\/2026\/03\/Kashmir-Baby-450x600.jpg 450w\" sizes=\"(max-width: 600px) 100vw, 600px\" \/>\t\t\t\t\t\t\t\t\t\t\t\t\t\t\t<\/div>\n\t\t\t\t\t<\/div>\n\t\t\t\t<\/div>\n\t\t<div class=\"elementor-element elementor-element-0c14f84 e-con-full e-flex e-con e-child\" data-id=\"0c14f84\" data-element_type=\"container\">\n\t\t\t\t<div class=\"elementor-element elementor-element-8845e4c elementor-widget elementor-widget-text-editor\" data-id=\"8845e4c\" data-element_type=\"widget\" data-widget_type=\"text-editor.default\">\n\t\t\t\t\t\t\t\t\t<p>Kashmir Loka Samsara at 0:03 am  190g black-white<\/p><p><span style=\"color: #ff00ff;\"><a style=\"color: #ff00ff;\" href=\"https:\/\/loka-samsara.de\/en\/huendinnen\/\">- Take a look at females-<\/a><\/span><\/p><h4>\u00a0<\/h4>\t\t\t\t\t\t\t\t<\/div>\n\t\t\t\t<\/div>\n\t\t<div class=\"elementor-element elementor-element-5381497 e-con-full e-flex e-con e-child\" data-id=\"5381497\" data-element_type=\"container\">\n\t\t\t\t<div class=\"elementor-element elementor-element-e81544e elementor-widget elementor-widget-image\" data-id=\"e81544e\" data-element_type=\"widget\" data-widget_type=\"image.default\">\n\t\t\t\t\t\t\t\t\t\t\t\t\t\t\t<img decoding=\"async\" width=\"640\" height=\"960\" src=\"https:\/\/loka-samsara.de\/wp-content\/uploads\/2025\/12\/Kashmir-und-ich.jpeg\" class=\"attachment-large size-large wp-image-264\" alt=\"\" srcset=\"https:\/\/loka-samsara.de\/wp-content\/uploads\/2025\/12\/Kashmir-und-ich.jpeg 640w, https:\/\/loka-samsara.de\/wp-content\/uploads\/2025\/12\/Kashmir-und-ich-200x300.jpeg 200w, https:\/\/loka-samsara.de\/wp-content\/uploads\/2025\/12\/Kashmir-und-ich-400x600.jpeg 400w\" sizes=\"(max-width: 640px) 100vw, 640px\" \/>\t\t\t\t\t\t\t\t\t\t\t\t\t\t\t<\/div>\n\t\t\t\t<\/div>\n\t\t\t\t\t<\/div>\n\t\t\t\t<\/div>\n\t\t\t\t<div class=\"elementor-element elementor-element-bab0709 elementor-widget__width-initial elementor-widget elementor-widget-image\" data-id=\"bab0709\" data-element_type=\"widget\" data-widget_type=\"image.default\">\n\t\t\t\t\t\t\t\t\t\t\t\t\t\t\t<img loading=\"lazy\" decoding=\"async\" width=\"578\" height=\"35\" src=\"https:\/\/loka-samsara.de\/wp-content\/uploads\/2026\/03\/pfoten.gif\" class=\"attachment-large size-large wp-image-1769\" alt=\"\" \/>\t\t\t\t\t\t\t\t\t\t\t\t\t\t\t<\/div>\n\t\t<div class=\"elementor-element elementor-element-160e594 e-con-full e-flex e-con e-child\" data-id=\"160e594\" data-element_type=\"container\">\n\t\t<div class=\"elementor-element elementor-element-7e1d6af e-flex e-con-boxed e-con e-child\" data-id=\"7e1d6af\" data-element_type=\"container\">\n\t\t\t\t\t<div class=\"e-con-inner\">\n\t\t\t\t<div class=\"elementor-element elementor-element-974e6b9 elementor-widget elementor-widget-image\" data-id=\"974e6b9\" data-element_type=\"widget\" data-widget_type=\"image.default\">\n\t\t\t\t\t\t\t\t\t\t\t\t\t\t\t<img loading=\"lazy\" decoding=\"async\" width=\"600\" height=\"800\" src=\"https:\/\/loka-samsara.de\/wp-content\/uploads\/2026\/03\/KenjiBaby.jpg\" class=\"attachment-large size-large wp-image-1730\" alt=\"\" srcset=\"https:\/\/loka-samsara.de\/wp-content\/uploads\/2026\/03\/KenjiBaby.jpg 600w, https:\/\/loka-samsara.de\/wp-content\/uploads\/2026\/03\/KenjiBaby-225x300.jpg 225w, https:\/\/loka-samsara.de\/wp-content\/uploads\/2026\/03\/KenjiBaby-450x600.jpg 450w\" sizes=\"(max-width: 600px) 100vw, 600px\" \/>\t\t\t\t\t\t\t\t\t\t\t\t\t\t\t<\/div>\n\t\t\t\t\t<\/div>\n\t\t\t\t<\/div>\n\t\t<div class=\"elementor-element elementor-element-1db1681 e-con-full e-flex e-con e-child\" data-id=\"1db1681\" data-element_type=\"container\">\n\t\t\t\t<div class=\"elementor-element elementor-element-f200fd1 elementor-widget elementor-widget-text-editor\" data-id=\"f200fd1\" data-element_type=\"widget\" data-widget_type=\"text-editor.default\">\n\t\t\t\t\t\t\t\t\t<p>Kenji Loka Samsara at 1:33 am with 192g black and white<br \/><span style=\"color: #ff00ff;\"><a style=\"color: #ff00ff;\" href=\"https:\/\/loka-samsara.de\/en\/rueden\/\">-take a look at males-<\/a><\/span><\/p>\t\t\t\t\t\t\t\t<\/div>\n\t\t\t\t<\/div>\n\t\t<div class=\"elementor-element elementor-element-68f8ce4 e-con-full e-flex e-con e-child\" data-id=\"68f8ce4\" data-element_type=\"container\">\n\t\t\t\t<div class=\"elementor-element elementor-element-abf1d59 elementor-widget elementor-widget-image\" data-id=\"abf1d59\" data-element_type=\"widget\" data-widget_type=\"image.default\">\n\t\t\t\t\t\t\t\t\t\t\t\t\t\t\t<img loading=\"lazy\" decoding=\"async\" width=\"640\" height=\"427\" src=\"https:\/\/loka-samsara.de\/wp-content\/uploads\/2026\/02\/Kenji4.jpeg\" class=\"attachment-large size-large wp-image-1398\" alt=\"\" srcset=\"https:\/\/loka-samsara.de\/wp-content\/uploads\/2026\/02\/Kenji4.jpeg 1024w, https:\/\/loka-samsara.de\/wp-content\/uploads\/2026\/02\/Kenji4-300x200.jpeg 300w, https:\/\/loka-samsara.de\/wp-content\/uploads\/2026\/02\/Kenji4-768x512.jpeg 768w, https:\/\/loka-samsara.de\/wp-content\/uploads\/2026\/02\/Kenji4-600x400.jpeg 600w\" sizes=\"(max-width: 640px) 100vw, 640px\" \/>\t\t\t\t\t\t\t\t\t\t\t\t\t\t\t<\/div>\n\t\t\t\t<\/div>\n\t\t\t\t<\/div>\n\t\t<div class=\"elementor-element elementor-element-19fb5e5 e-con-full e-flex e-con e-child\" data-id=\"19fb5e5\" data-element_type=\"container\">\n\t\t<div class=\"elementor-element elementor-element-aace3d1 e-con-full e-flex e-con e-child\" data-id=\"aace3d1\" data-element_type=\"container\">\n\t\t\t\t<div class=\"elementor-element elementor-element-b0bec9b elementor-widget__width-initial elementor-widget elementor-widget-image\" data-id=\"b0bec9b\" data-element_type=\"widget\" data-widget_type=\"image.default\">\n\t\t\t\t\t\t\t\t\t\t\t\t\t\t\t<img loading=\"lazy\" decoding=\"async\" width=\"578\" height=\"35\" src=\"https:\/\/loka-samsara.de\/wp-content\/uploads\/2026\/03\/pfoten.gif\" class=\"attachment-large size-large wp-image-1769\" alt=\"\" \/>\t\t\t\t\t\t\t\t\t\t\t\t\t\t\t<\/div>\n\t\t\t\t<\/div>\n\t\t\t\t<\/div>\n\t\t<div class=\"elementor-element elementor-element-9e1067c e-con-full e-flex e-con e-child\" data-id=\"9e1067c\" data-element_type=\"container\">\n\t\t<div class=\"elementor-element elementor-element-31806b2 e-flex e-con-boxed e-con e-child\" data-id=\"31806b2\" data-element_type=\"container\">\n\t\t\t\t\t<div class=\"e-con-inner\">\n\t\t\t\t<div class=\"elementor-element elementor-element-f27bb58 elementor-widget__width-initial elementor-widget elementor-widget-image\" data-id=\"f27bb58\" data-element_type=\"widget\" data-widget_type=\"image.default\">\n\t\t\t\t\t\t\t\t\t\t\t\t\t\t\t<img loading=\"lazy\" decoding=\"async\" width=\"640\" height=\"853\" src=\"https:\/\/loka-samsara.de\/wp-content\/uploads\/2026\/03\/Kumikobaby.jpg\" class=\"attachment-large size-large wp-image-1729\" alt=\"\" srcset=\"https:\/\/loka-samsara.de\/wp-content\/uploads\/2026\/03\/Kumikobaby.jpg 720w, https:\/\/loka-samsara.de\/wp-content\/uploads\/2026\/03\/Kumikobaby-225x300.jpg 225w, https:\/\/loka-samsara.de\/wp-content\/uploads\/2026\/03\/Kumikobaby-450x600.jpg 450w\" sizes=\"(max-width: 640px) 100vw, 640px\" \/>\t\t\t\t\t\t\t\t\t\t\t\t\t\t\t<\/div>\n\t\t\t\t\t<\/div>\n\t\t\t\t<\/div>\n\t\t<div class=\"elementor-element elementor-element-4ef919f e-con-full e-flex e-con e-child\" data-id=\"4ef919f\" data-element_type=\"container\">\n\t\t\t\t<div class=\"elementor-element elementor-element-80a406b elementor-widget elementor-widget-text-editor\" data-id=\"80a406b\" data-element_type=\"widget\" data-widget_type=\"text-editor.default\">\n\t\t\t\t\t\t\t\t\tKumiko Loka Samsara at 1:20 am with 177g black and white\t\t\t\t\t\t\t\t<\/div>\n\t\t\t\t<\/div>\n\t\t<div class=\"elementor-element elementor-element-2b65b9d e-con-full e-flex e-con e-child\" data-id=\"2b65b9d\" data-element_type=\"container\">\n\t\t\t\t<\/div>\n\t\t\t\t<\/div>\n\t\t\t\t<\/div>\n\t\t\t\t<\/div>\n\t\t\t\t<\/div>\n\t\t\t\t\t<\/div>\n\t\t\t\t<\/div>\n\t\t\t\t<\/div>","protected":false},"excerpt":{"rendered":"<p>1.Wurf Ich war \u00fcber gl\u00fccklich als meine liebe Freundin Verena mir ihren 20fachen Champion, Gran Champion und \u00a0Internationalen Champion Babbes Chohan Baloo zum decken f\u00fcr meine \u00fcber alles geliebte Giulia gegeben hat.Ich habe Baloo als einen sehr besonnenen ruhigen und verschmusten R\u00fcden kennengelernt und habe mir einiges von der Verpaarung versprochen. Die Welpen sollten genauso [&hellip;]<\/p>\n","protected":false},"author":2,"featured_media":0,"parent":0,"menu_order":0,"comment_status":"closed","ping_status":"closed","template":"elementor_header_footer","meta":{"inline_featured_image":false,"two_page_speed":[],"footnotes":""},"class_list":["post-1724","page","type-page","status-publish","hentry"],"_links":{"self":[{"href":"https:\/\/loka-samsara.de\/en\/wp-json\/wp\/v2\/pages\/1724","targetHints":{"allow":["GET"]}}],"collection":[{"href":"https:\/\/loka-samsara.de\/en\/wp-json\/wp\/v2\/pages"}],"about":[{"href":"https:\/\/loka-samsara.de\/en\/wp-json\/wp\/v2\/types\/page"}],"author":[{"embeddable":true,"href":"https:\/\/loka-samsara.de\/en\/wp-json\/wp\/v2\/users\/2"}],"replies":[{"embeddable":true,"href":"https:\/\/loka-samsara.de\/en\/wp-json\/wp\/v2\/comments?post=1724"}],"version-history":[{"count":0,"href":"https:\/\/loka-samsara.de\/en\/wp-json\/wp\/v2\/pages\/1724\/revisions"}],"wp:attachment":[{"href":"https:\/\/loka-samsara.de\/en\/wp-json\/wp\/v2\/media?parent=1724"}],"curies":[{"name":"wp","href":"https:\/\/api.w.org\/{rel}","templated":true}]}}