{"id":1816,"date":"2026-03-02T11:36:17","date_gmt":"2026-03-02T11:36:17","guid":{"rendered":"https:\/\/loka-samsara.de\/?page_id=1816"},"modified":"2026-03-04T10:46:51","modified_gmt":"2026-03-04T10:46:51","slug":"jin-jin-2-wurf-2","status":"publish","type":"page","link":"https:\/\/loka-samsara.de\/en\/jin-jin-2-wurf-2\/","title":{"rendered":"Jin-Jin 2. Litter"},"content":{"rendered":"<div data-elementor-type=\"wp-page\" data-elementor-id=\"1816\" class=\"elementor elementor-1816\">\n\t\t\t\t<div class=\"elementor-element elementor-element-489bfd64 e-flex e-con-boxed e-con e-parent\" data-id=\"489bfd64\" data-element_type=\"container\">\n\t\t\t\t\t<div class=\"e-con-inner\">\n\t\t<div class=\"elementor-element elementor-element-168ea72b e-con-full e-flex e-con e-child\" data-id=\"168ea72b\" data-element_type=\"container\" data-settings=\"{&quot;background_background&quot;:&quot;gradient&quot;}\">\n\t\t<div class=\"elementor-element elementor-element-679df53c e-con-full e-flex e-con e-child\" data-id=\"679df53c\" data-element_type=\"container\">\n\t\t\t\t<div class=\"elementor-element elementor-element-6fed6869 elementor-widget elementor-widget-heading\" data-id=\"6fed6869\" data-element_type=\"widget\" data-widget_type=\"heading.default\">\n\t\t\t\t\t<h2 class=\"elementor-heading-title elementor-size-default\">2nd litter<\/h2>\t\t\t\t<\/div>\n\t\t<div class=\"elementor-element elementor-element-ad32cb0 e-con-full e-flex e-con e-child\" data-id=\"ad32cb0\" data-element_type=\"container\">\n\t\t\t\t<div class=\"elementor-element elementor-element-8eafbb5 elementor-widget elementor-widget-text-editor\" data-id=\"8eafbb5\" data-element_type=\"widget\" data-widget_type=\"text-editor.default\">\n\t\t\t\t\t\t\t\t\t<p>born April 3, 2018<br \/>Jin-Jin was once again a wonderful mother. She completed the birth in record time and gave life to two males and two females.<br \/>The father, Mister Muffin Loka Samsara, and the mother have done an excellent job.<\/p>\t\t\t\t\t\t\t\t<\/div>\n\t\t\t\t<div class=\"elementor-element elementor-element-fe5f494 elementor-widget elementor-widget-image\" data-id=\"fe5f494\" data-element_type=\"widget\" data-widget_type=\"image.default\">\n\t\t\t\t\t\t\t\t\t\t\t\t\t\t\t<img fetchpriority=\"high\" decoding=\"async\" width=\"225\" height=\"300\" src=\"https:\/\/loka-samsara.de\/wp-content\/uploads\/2026\/03\/Jin-Jin-2.wurf_-225x300.jpg\" class=\"attachment-medium size-medium wp-image-1817\" alt=\"\" srcset=\"https:\/\/loka-samsara.de\/wp-content\/uploads\/2026\/03\/Jin-Jin-2.wurf_-225x300.jpg 225w, https:\/\/loka-samsara.de\/wp-content\/uploads\/2026\/03\/Jin-Jin-2.wurf_-768x1024.jpg 768w, https:\/\/loka-samsara.de\/wp-content\/uploads\/2026\/03\/Jin-Jin-2.wurf_-450x600.jpg 450w, https:\/\/loka-samsara.de\/wp-content\/uploads\/2026\/03\/Jin-Jin-2.wurf_.jpg 900w\" sizes=\"(max-width: 225px) 100vw, 225px\" \/>\t\t\t\t\t\t\t\t\t\t\t\t\t\t\t<\/div>\n\t\t<div class=\"elementor-element elementor-element-b801c95 e-flex e-con-boxed e-con e-child\" data-id=\"b801c95\" data-element_type=\"container\">\n\t\t\t\t\t<div class=\"e-con-inner\">\n\t\t<div class=\"elementor-element elementor-element-eda5eab e-flex e-con-boxed e-con e-child\" data-id=\"eda5eab\" data-element_type=\"container\">\n\t\t\t\t\t<div class=\"e-con-inner\">\n\t\t\t\t<div class=\"elementor-element elementor-element-47129bb elementor-widget elementor-widget-image\" data-id=\"47129bb\" data-element_type=\"widget\" data-widget_type=\"image.default\">\n\t\t\t\t\t\t\t\t\t\t\t\t\t\t\t<img decoding=\"async\" width=\"640\" height=\"853\" src=\"https:\/\/loka-samsara.de\/wp-content\/uploads\/2026\/03\/Pancake1-768x1024.jpg\" class=\"attachment-large size-large wp-image-1818\" alt=\"\" srcset=\"https:\/\/loka-samsara.de\/wp-content\/uploads\/2026\/03\/Pancake1-768x1024.jpg 768w, https:\/\/loka-samsara.de\/wp-content\/uploads\/2026\/03\/Pancake1-225x300.jpg 225w, https:\/\/loka-samsara.de\/wp-content\/uploads\/2026\/03\/Pancake1-450x600.jpg 450w, https:\/\/loka-samsara.de\/wp-content\/uploads\/2026\/03\/Pancake1.jpg 900w\" sizes=\"(max-width: 640px) 100vw, 640px\" \/>\t\t\t\t\t\t\t\t\t\t\t\t\t\t\t<\/div>\n\t\t\t\t\t<\/div>\n\t\t\t\t<\/div>\n\t\t<div class=\"elementor-element elementor-element-0c14f84 e-con-full e-flex e-con e-child\" data-id=\"0c14f84\" data-element_type=\"container\">\n\t\t\t\t<div class=\"elementor-element elementor-element-8845e4c elementor-widget elementor-widget-text-editor\" data-id=\"8845e4c\" data-element_type=\"widget\" data-widget_type=\"text-editor.default\">\n\t\t\t\t\t\t\t\t\t<p>*Sold*<\/p><p>Pancake<br \/>male<br \/>born at 5:31pm<br \/>206g<br \/>black and white<\/p>\t\t\t\t\t\t\t\t<\/div>\n\t\t\t\t<\/div>\n\t\t<div class=\"elementor-element elementor-element-2bbce02 e-con-full e-flex e-con e-child\" data-id=\"2bbce02\" data-element_type=\"container\">\n\t\t\t\t<div class=\"elementor-element elementor-element-5a7168c elementor-widget elementor-widget-image\" data-id=\"5a7168c\" data-element_type=\"widget\" data-widget_type=\"image.default\">\n\t\t\t\t\t\t\t\t\t\t\t\t\t\t\t<img decoding=\"async\" width=\"640\" height=\"852\" src=\"https:\/\/loka-samsara.de\/wp-content\/uploads\/2026\/03\/Pancake2-769x1024.jpeg\" class=\"attachment-large size-large wp-image-1819\" alt=\"\" srcset=\"https:\/\/loka-samsara.de\/wp-content\/uploads\/2026\/03\/Pancake2-769x1024.jpeg 769w, https:\/\/loka-samsara.de\/wp-content\/uploads\/2026\/03\/Pancake2-225x300.jpeg 225w, https:\/\/loka-samsara.de\/wp-content\/uploads\/2026\/03\/Pancake2-768x1022.jpeg 768w, https:\/\/loka-samsara.de\/wp-content\/uploads\/2026\/03\/Pancake2-451x600.jpeg 451w, https:\/\/loka-samsara.de\/wp-content\/uploads\/2026\/03\/Pancake2.jpeg 800w\" sizes=\"(max-width: 640px) 100vw, 640px\" \/>\t\t\t\t\t\t\t\t\t\t\t\t\t\t\t<\/div>\n\t\t\t\t<\/div>\n\t\t\t\t\t<\/div>\n\t\t\t\t<\/div>\n\t\t<div class=\"elementor-element elementor-element-5ffc9b3 e-con-full e-flex e-con e-child\" data-id=\"5ffc9b3\" data-element_type=\"container\">\n\t\t<div class=\"elementor-element elementor-element-da3bcaa e-flex e-con-boxed e-con e-child\" data-id=\"da3bcaa\" data-element_type=\"container\">\n\t\t\t\t\t<div class=\"e-con-inner\">\n\t\t\t\t<div class=\"elementor-element elementor-element-2898de4 elementor-widget elementor-widget-image\" data-id=\"2898de4\" data-element_type=\"widget\" data-widget_type=\"image.default\">\n\t\t\t\t\t\t\t\t\t\t\t\t\t\t\t<img loading=\"lazy\" decoding=\"async\" width=\"640\" height=\"480\" src=\"https:\/\/loka-samsara.de\/wp-content\/uploads\/2026\/03\/Primrose1-1024x768.jpg\" class=\"attachment-large size-large wp-image-1824\" alt=\"\" srcset=\"https:\/\/loka-samsara.de\/wp-content\/uploads\/2026\/03\/Primrose1-1024x768.jpg 1024w, https:\/\/loka-samsara.de\/wp-content\/uploads\/2026\/03\/Primrose1-300x225.jpg 300w, https:\/\/loka-samsara.de\/wp-content\/uploads\/2026\/03\/Primrose1-768x576.jpg 768w, https:\/\/loka-samsara.de\/wp-content\/uploads\/2026\/03\/Primrose1-600x450.jpg 600w, https:\/\/loka-samsara.de\/wp-content\/uploads\/2026\/03\/Primrose1.jpg 1200w\" sizes=\"(max-width: 640px) 100vw, 640px\" \/>\t\t\t\t\t\t\t\t\t\t\t\t\t\t\t<\/div>\n\t\t\t\t\t<\/div>\n\t\t\t\t<\/div>\n\t\t<div class=\"elementor-element elementor-element-b2cd26d e-con-full e-flex e-con e-child\" data-id=\"b2cd26d\" data-element_type=\"container\">\n\t\t\t\t<div class=\"elementor-element elementor-element-2c5ce49 elementor-widget elementor-widget-text-editor\" data-id=\"2c5ce49\" data-element_type=\"widget\" data-widget_type=\"text-editor.default\">\n\t\t\t\t\t\t\t\t\t<p>*it's mine*<br \/>Primrose black<br \/>female<br \/>geboren um 17:58 Uhr<br \/>210 Gramm<br \/>Farbe Schwarz<\/p>\t\t\t\t\t\t\t\t<\/div>\n\t\t\t\t<\/div>\n\t\t<div class=\"elementor-element elementor-element-ec58276 e-con-full e-flex e-con e-child\" data-id=\"ec58276\" data-element_type=\"container\">\n\t\t\t\t<div class=\"elementor-element elementor-element-d07583f elementor-widget elementor-widget-image\" data-id=\"d07583f\" data-element_type=\"widget\" data-widget_type=\"image.default\">\n\t\t\t\t\t\t\t\t\t\t\t\t\t\t\t<img loading=\"lazy\" decoding=\"async\" width=\"640\" height=\"852\" src=\"https:\/\/loka-samsara.de\/wp-content\/uploads\/2026\/03\/Primrose2-769x1024.jpg\" class=\"attachment-large size-large wp-image-1825\" alt=\"\" srcset=\"https:\/\/loka-samsara.de\/wp-content\/uploads\/2026\/03\/Primrose2-769x1024.jpg 769w, https:\/\/loka-samsara.de\/wp-content\/uploads\/2026\/03\/Primrose2-225x300.jpg 225w, https:\/\/loka-samsara.de\/wp-content\/uploads\/2026\/03\/Primrose2-768x1022.jpg 768w, https:\/\/loka-samsara.de\/wp-content\/uploads\/2026\/03\/Primrose2-451x600.jpg 451w, https:\/\/loka-samsara.de\/wp-content\/uploads\/2026\/03\/Primrose2.jpg 800w\" sizes=\"(max-width: 640px) 100vw, 640px\" \/>\t\t\t\t\t\t\t\t\t\t\t\t\t\t\t<\/div>\n\t\t\t\t<\/div>\n\t\t\t\t<\/div>\n\t\t<div class=\"elementor-element elementor-element-f145607 e-con-full e-flex e-con e-child\" data-id=\"f145607\" data-element_type=\"container\">\n\t\t<div class=\"elementor-element elementor-element-e83acdf e-flex e-con-boxed e-con e-child\" data-id=\"e83acdf\" data-element_type=\"container\">\n\t\t\t\t\t<div class=\"e-con-inner\">\n\t\t\t\t<div class=\"elementor-element elementor-element-39b5b50 elementor-widget elementor-widget-image\" data-id=\"39b5b50\" data-element_type=\"widget\" data-widget_type=\"image.default\">\n\t\t\t\t\t\t\t\t\t\t\t\t\t\t\t<img loading=\"lazy\" decoding=\"async\" width=\"640\" height=\"853\" src=\"https:\/\/loka-samsara.de\/wp-content\/uploads\/2026\/03\/PrettyZoe1-768x1024.jpg\" class=\"attachment-large size-large wp-image-1823\" alt=\"\" srcset=\"https:\/\/loka-samsara.de\/wp-content\/uploads\/2026\/03\/PrettyZoe1-768x1024.jpg 768w, https:\/\/loka-samsara.de\/wp-content\/uploads\/2026\/03\/PrettyZoe1-225x300.jpg 225w, https:\/\/loka-samsara.de\/wp-content\/uploads\/2026\/03\/PrettyZoe1-450x600.jpg 450w, https:\/\/loka-samsara.de\/wp-content\/uploads\/2026\/03\/PrettyZoe1.jpg 900w\" sizes=\"(max-width: 640px) 100vw, 640px\" \/>\t\t\t\t\t\t\t\t\t\t\t\t\t\t\t<\/div>\n\t\t\t\t\t<\/div>\n\t\t\t\t<\/div>\n\t\t<div class=\"elementor-element elementor-element-b73ed9e e-con-full e-flex e-con e-child\" data-id=\"b73ed9e\" data-element_type=\"container\">\n\t\t\t\t<div class=\"elementor-element elementor-element-f1b93c3 elementor-widget elementor-widget-text-editor\" data-id=\"f1b93c3\" data-element_type=\"widget\" data-widget_type=\"text-editor.default\">\n\t\t\t\t\t\t\t\t\t<p>*Sold*<br \/>Pretty Zo\u00e9<br \/>female<br \/>born at 6:48pm<br \/>182g<br \/>black and white<\/p>\t\t\t\t\t\t\t\t<\/div>\n\t\t\t\t<\/div>\n\t\t<div class=\"elementor-element elementor-element-5c5217b e-con-full e-flex e-con e-child\" data-id=\"5c5217b\" data-element_type=\"container\">\n\t\t\t\t<div class=\"elementor-element elementor-element-8b1c873 elementor-widget elementor-widget-image\" data-id=\"8b1c873\" data-element_type=\"widget\" data-widget_type=\"image.default\">\n\t\t\t\t\t\t\t\t\t\t\t\t\t\t\t<img loading=\"lazy\" decoding=\"async\" width=\"640\" height=\"852\" src=\"https:\/\/loka-samsara.de\/wp-content\/uploads\/2026\/03\/Pretty_Zoe2-769x1024.jpeg\" class=\"attachment-large size-large wp-image-1822\" alt=\"\" srcset=\"https:\/\/loka-samsara.de\/wp-content\/uploads\/2026\/03\/Pretty_Zoe2-769x1024.jpeg 769w, https:\/\/loka-samsara.de\/wp-content\/uploads\/2026\/03\/Pretty_Zoe2-225x300.jpeg 225w, https:\/\/loka-samsara.de\/wp-content\/uploads\/2026\/03\/Pretty_Zoe2-768x1022.jpeg 768w, https:\/\/loka-samsara.de\/wp-content\/uploads\/2026\/03\/Pretty_Zoe2-451x600.jpeg 451w, https:\/\/loka-samsara.de\/wp-content\/uploads\/2026\/03\/Pretty_Zoe2.jpeg 800w\" sizes=\"(max-width: 640px) 100vw, 640px\" \/>\t\t\t\t\t\t\t\t\t\t\t\t\t\t\t<\/div>\n\t\t\t\t<\/div>\n\t\t\t\t<\/div>\n\t\t<div class=\"elementor-element elementor-element-c3f7507 e-con-full e-flex e-con e-child\" data-id=\"c3f7507\" data-element_type=\"container\">\n\t\t<div class=\"elementor-element elementor-element-3a131d7 e-flex e-con-boxed e-con e-child\" data-id=\"3a131d7\" data-element_type=\"container\">\n\t\t\t\t\t<div class=\"e-con-inner\">\n\t\t\t\t<div class=\"elementor-element elementor-element-a868d4f elementor-widget elementor-widget-image\" data-id=\"a868d4f\" data-element_type=\"widget\" data-widget_type=\"image.default\">\n\t\t\t\t\t\t\t\t\t\t\t\t\t\t\t<img loading=\"lazy\" decoding=\"async\" width=\"640\" height=\"853\" src=\"https:\/\/loka-samsara.de\/wp-content\/uploads\/2026\/03\/Pumukel1-768x1024.jpg\" class=\"attachment-large size-large wp-image-1820\" alt=\"\" srcset=\"https:\/\/loka-samsara.de\/wp-content\/uploads\/2026\/03\/Pumukel1-768x1024.jpg 768w, https:\/\/loka-samsara.de\/wp-content\/uploads\/2026\/03\/Pumukel1-225x300.jpg 225w, https:\/\/loka-samsara.de\/wp-content\/uploads\/2026\/03\/Pumukel1-450x600.jpg 450w, https:\/\/loka-samsara.de\/wp-content\/uploads\/2026\/03\/Pumukel1.jpg 900w\" sizes=\"(max-width: 640px) 100vw, 640px\" \/>\t\t\t\t\t\t\t\t\t\t\t\t\t\t\t<\/div>\n\t\t\t\t\t<\/div>\n\t\t\t\t<\/div>\n\t\t<div class=\"elementor-element elementor-element-f3b6183 e-con-full e-flex e-con e-child\" data-id=\"f3b6183\" data-element_type=\"container\">\n\t\t\t\t<div class=\"elementor-element elementor-element-cc008ed elementor-widget elementor-widget-text-editor\" data-id=\"cc008ed\" data-element_type=\"widget\" data-widget_type=\"text-editor.default\">\n\t\t\t\t\t\t\t\t\t<p>*Sold*<br \/>Pumukel<br \/>male<br \/>212g<br \/>born at 7:27pm<br \/>sable<\/p>\t\t\t\t\t\t\t\t<\/div>\n\t\t\t\t<\/div>\n\t\t<div class=\"elementor-element elementor-element-ac77964 e-con-full e-flex e-con e-child\" data-id=\"ac77964\" data-element_type=\"container\">\n\t\t\t\t<div class=\"elementor-element elementor-element-db6e443 elementor-widget elementor-widget-image\" data-id=\"db6e443\" data-element_type=\"widget\" data-widget_type=\"image.default\">\n\t\t\t\t\t\t\t\t\t\t\t\t\t\t\t<img loading=\"lazy\" decoding=\"async\" width=\"640\" height=\"853\" src=\"https:\/\/loka-samsara.de\/wp-content\/uploads\/2026\/03\/Pumukel2-768x1024.jpeg\" class=\"attachment-large size-large wp-image-1821\" alt=\"\" srcset=\"https:\/\/loka-samsara.de\/wp-content\/uploads\/2026\/03\/Pumukel2-768x1024.jpeg 768w, https:\/\/loka-samsara.de\/wp-content\/uploads\/2026\/03\/Pumukel2-225x300.jpeg 225w, https:\/\/loka-samsara.de\/wp-content\/uploads\/2026\/03\/Pumukel2-450x600.jpeg 450w, https:\/\/loka-samsara.de\/wp-content\/uploads\/2026\/03\/Pumukel2.jpeg 800w\" sizes=\"(max-width: 640px) 100vw, 640px\" \/>\t\t\t\t\t\t\t\t\t\t\t\t\t\t\t<\/div>\n\t\t\t\t<\/div>\n\t\t\t\t<\/div>\n\t\t\t\t<\/div>\n\t\t\t\t<\/div>\n\t\t\t\t<\/div>\n\t\t\t\t\t<\/div>\n\t\t\t\t<\/div>\n\t\t\t\t<\/div>","protected":false},"excerpt":{"rendered":"<p>2.Wurf geboren am 3.4.2018Jin-Jin ist auch diesmal eine vorbildliche Mama. Sie hat die Geburt im Schnelldurchgang erledigt. Sie hat 2 R\u00fcden und 2 H\u00fcndinnen das Leben geschenkt.Der Papa Mister Muffin Loka Samsara und die Mama habe vorz\u00fcgliche Arbeit geleistet. *VERKAUFT* PancakeR\u00fcdegeboren um 17:31 Uhr206 Grammschwarz-weiss *Meine*Primrose blackH\u00fcndingeboren um 17:58 Uhr210 GrammFarbe Schwarz *VERKAUFT*Pretty Zo\u00e9H\u00fcndingeboren um [&hellip;]<\/p>\n","protected":false},"author":2,"featured_media":0,"parent":0,"menu_order":0,"comment_status":"closed","ping_status":"closed","template":"elementor_header_footer","meta":{"inline_featured_image":false,"two_page_speed":[],"footnotes":""},"class_list":["post-1816","page","type-page","status-publish","hentry"],"_links":{"self":[{"href":"https:\/\/loka-samsara.de\/en\/wp-json\/wp\/v2\/pages\/1816","targetHints":{"allow":["GET"]}}],"collection":[{"href":"https:\/\/loka-samsara.de\/en\/wp-json\/wp\/v2\/pages"}],"about":[{"href":"https:\/\/loka-samsara.de\/en\/wp-json\/wp\/v2\/types\/page"}],"author":[{"embeddable":true,"href":"https:\/\/loka-samsara.de\/en\/wp-json\/wp\/v2\/users\/2"}],"replies":[{"embeddable":true,"href":"https:\/\/loka-samsara.de\/en\/wp-json\/wp\/v2\/comments?post=1816"}],"version-history":[{"count":0,"href":"https:\/\/loka-samsara.de\/en\/wp-json\/wp\/v2\/pages\/1816\/revisions"}],"wp:attachment":[{"href":"https:\/\/loka-samsara.de\/en\/wp-json\/wp\/v2\/media?parent=1816"}],"curies":[{"name":"wp","href":"https:\/\/api.w.org\/{rel}","templated":true}]}}