{"id":1831,"date":"2026-03-02T12:25:08","date_gmt":"2026-03-02T12:25:08","guid":{"rendered":"https:\/\/loka-samsara.de\/?page_id=1831"},"modified":"2026-03-04T10:51:49","modified_gmt":"2026-03-04T10:51:49","slug":"kashi-1-wurf","status":"publish","type":"page","link":"https:\/\/loka-samsara.de\/en\/kashi-1-wurf\/","title":{"rendered":"Kashi 1. Litter"},"content":{"rendered":"<div data-elementor-type=\"wp-page\" data-elementor-id=\"1831\" class=\"elementor elementor-1831\">\n\t\t\t\t<div class=\"elementor-element elementor-element-489bfd64 e-flex e-con-boxed e-con e-parent\" data-id=\"489bfd64\" data-element_type=\"container\">\n\t\t\t\t\t<div class=\"e-con-inner\">\n\t\t<div class=\"elementor-element elementor-element-168ea72b e-con-full e-flex e-con e-child\" data-id=\"168ea72b\" data-element_type=\"container\" data-settings=\"{&quot;background_background&quot;:&quot;gradient&quot;}\">\n\t\t<div class=\"elementor-element elementor-element-679df53c e-con-full e-flex e-con e-child\" data-id=\"679df53c\" data-element_type=\"container\">\n\t\t\t\t<div class=\"elementor-element elementor-element-6fed6869 elementor-widget elementor-widget-heading\" data-id=\"6fed6869\" data-element_type=\"widget\" data-widget_type=\"heading.default\">\n\t\t\t\t\t<h2 class=\"elementor-heading-title elementor-size-default\">1th  Litter<\/h2>\t\t\t\t<\/div>\n\t\t<div class=\"elementor-element elementor-element-ad32cb0 e-con-full e-flex e-con e-child\" data-id=\"ad32cb0\" data-element_type=\"container\">\n\t\t\t\t<div class=\"elementor-element elementor-element-8eafbb5 elementor-widget elementor-widget-text-editor\" data-id=\"8eafbb5\" data-element_type=\"widget\" data-widget_type=\"text-editor.default\">\n\t\t\t\t\t\t\t\t\t<p>born March 31,2018<br \/>One male and three females saw the light of day.<br \/>My Kashi did a wonderful job. During the pregnancy there were no abnormalities. She ate well throughout, moved normally, and only gradually expanded her personal space. There were quite a few scoldings for her four-legged housemates who kept getting too close. The birth itself she handled calmly, without panic, fear, or stress.<br \/>My Kashi did a wonderful job. During the pregnancy there were no abnormalities. She ate well throughout, moved normally, and only gradually expanded her personal space. There were quite a few scoldings for her four-legged housemates who kept getting too close. The birth itself she handled calmly, without panic, fear, or stress.<br \/>At 5:43 a.m., the first little one was born weighing 148 g.<br \/>At 6:34 a.m., a strong male followed, weighing 178 g.<br \/>At 7:05 a.m., a sweet female followed, weighing 160 g.<br \/>At 8:17 a.m., the last little one followed with a fighting weight of 184 g.<br \/>The mother takes excellent care of her babies and gives me great joy watching her.<\/p>\t\t\t\t\t\t\t\t<\/div>\n\t\t\t\t<div class=\"elementor-element elementor-element-fe5f494 elementor-widget elementor-widget-image\" data-id=\"fe5f494\" data-element_type=\"widget\" data-widget_type=\"image.default\">\n\t\t\t\t\t\t\t\t\t\t\t\t\t\t\t<img decoding=\"async\" width=\"300\" height=\"67\" src=\"https:\/\/loka-samsara.de\/wp-content\/uploads\/2026\/03\/ranken-0001-300x67.gif\" class=\"attachment-medium size-medium wp-image-1679\" alt=\"\" \/>\t\t\t\t\t\t\t\t\t\t\t\t\t\t\t<\/div>\n\t\t\t\t<div class=\"elementor-element elementor-element-29f37af elementor-widget elementor-widget-image\" data-id=\"29f37af\" data-element_type=\"widget\" data-widget_type=\"image.default\">\n\t\t\t\t\t\t\t\t\t\t\t\t\t\t\t<img fetchpriority=\"high\" decoding=\"async\" width=\"225\" height=\"300\" src=\"https:\/\/loka-samsara.de\/wp-content\/uploads\/2026\/03\/Kashmir-1-Wurf-225x300.jpg\" class=\"attachment-medium size-medium wp-image-1832\" alt=\"\" srcset=\"https:\/\/loka-samsara.de\/wp-content\/uploads\/2026\/03\/Kashmir-1-Wurf-225x300.jpg 225w, https:\/\/loka-samsara.de\/wp-content\/uploads\/2026\/03\/Kashmir-1-Wurf-768x1024.jpg 768w, https:\/\/loka-samsara.de\/wp-content\/uploads\/2026\/03\/Kashmir-1-Wurf-450x600.jpg 450w, https:\/\/loka-samsara.de\/wp-content\/uploads\/2026\/03\/Kashmir-1-Wurf.jpg 900w\" sizes=\"(max-width: 225px) 100vw, 225px\" \/>\t\t\t\t\t\t\t\t\t\t\t\t\t\t\t<\/div>\n\t\t<div class=\"elementor-element elementor-element-b801c95 e-flex e-con-boxed e-con e-child\" data-id=\"b801c95\" data-element_type=\"container\">\n\t\t\t\t\t<div class=\"e-con-inner\">\n\t\t<div class=\"elementor-element elementor-element-eda5eab e-flex e-con-boxed e-con e-child\" data-id=\"eda5eab\" data-element_type=\"container\">\n\t\t\t\t\t<div class=\"e-con-inner\">\n\t\t\t\t<div class=\"elementor-element elementor-element-47129bb elementor-widget elementor-widget-image\" data-id=\"47129bb\" data-element_type=\"widget\" data-widget_type=\"image.default\">\n\t\t\t\t\t\t\t\t\t\t\t\t\t\t\t<img decoding=\"async\" width=\"640\" height=\"853\" src=\"https:\/\/loka-samsara.de\/wp-content\/uploads\/2026\/03\/Piper1-768x1024.jpg\" class=\"attachment-large size-large wp-image-1833\" alt=\"\" srcset=\"https:\/\/loka-samsara.de\/wp-content\/uploads\/2026\/03\/Piper1-768x1024.jpg 768w, https:\/\/loka-samsara.de\/wp-content\/uploads\/2026\/03\/Piper1-225x300.jpg 225w, https:\/\/loka-samsara.de\/wp-content\/uploads\/2026\/03\/Piper1-450x600.jpg 450w, https:\/\/loka-samsara.de\/wp-content\/uploads\/2026\/03\/Piper1.jpg 900w\" sizes=\"(max-width: 640px) 100vw, 640px\" \/>\t\t\t\t\t\t\t\t\t\t\t\t\t\t\t<\/div>\n\t\t\t\t\t<\/div>\n\t\t\t\t<\/div>\n\t\t<div class=\"elementor-element elementor-element-0c14f84 e-con-full e-flex e-con e-child\" data-id=\"0c14f84\" data-element_type=\"container\">\n\t\t\t\t<div class=\"elementor-element elementor-element-8845e4c elementor-widget elementor-widget-text-editor\" data-id=\"8845e4c\" data-element_type=\"widget\" data-widget_type=\"text-editor.default\">\n\t\t\t\t\t\t\t\t\t<p>*Sold*<br \/>Piper<br \/>female born at 5:43am<br \/>weight 148g<\/p>\t\t\t\t\t\t\t\t<\/div>\n\t\t\t\t<\/div>\n\t\t<div class=\"elementor-element elementor-element-2bbce02 e-con-full e-flex e-con e-child\" data-id=\"2bbce02\" data-element_type=\"container\">\n\t\t\t\t<div class=\"elementor-element elementor-element-5a7168c elementor-widget elementor-widget-image\" data-id=\"5a7168c\" data-element_type=\"widget\" data-widget_type=\"image.default\">\n\t\t\t\t\t\t\t\t\t\t\t\t\t\t\t<img loading=\"lazy\" decoding=\"async\" width=\"640\" height=\"852\" src=\"https:\/\/loka-samsara.de\/wp-content\/uploads\/2026\/03\/Piper2-769x1024.jpg\" class=\"attachment-large size-large wp-image-1834\" alt=\"\" srcset=\"https:\/\/loka-samsara.de\/wp-content\/uploads\/2026\/03\/Piper2-769x1024.jpg 769w, https:\/\/loka-samsara.de\/wp-content\/uploads\/2026\/03\/Piper2-225x300.jpg 225w, https:\/\/loka-samsara.de\/wp-content\/uploads\/2026\/03\/Piper2-768x1022.jpg 768w, https:\/\/loka-samsara.de\/wp-content\/uploads\/2026\/03\/Piper2-451x600.jpg 451w, https:\/\/loka-samsara.de\/wp-content\/uploads\/2026\/03\/Piper2.jpg 800w\" sizes=\"(max-width: 640px) 100vw, 640px\" \/>\t\t\t\t\t\t\t\t\t\t\t\t\t\t\t<\/div>\n\t\t\t\t<\/div>\n\t\t\t\t\t<\/div>\n\t\t\t\t<\/div>\n\t\t<div class=\"elementor-element elementor-element-5ffc9b3 e-con-full e-flex e-con e-child\" data-id=\"5ffc9b3\" data-element_type=\"container\">\n\t\t<div class=\"elementor-element elementor-element-da3bcaa e-flex e-con-boxed e-con e-child\" data-id=\"da3bcaa\" data-element_type=\"container\">\n\t\t\t\t\t<div class=\"e-con-inner\">\n\t\t\t\t<div class=\"elementor-element elementor-element-2898de4 elementor-widget elementor-widget-image\" data-id=\"2898de4\" data-element_type=\"widget\" data-widget_type=\"image.default\">\n\t\t\t\t\t\t\t\t\t\t\t\t\t\t\t<img loading=\"lazy\" decoding=\"async\" width=\"640\" height=\"853\" src=\"https:\/\/loka-samsara.de\/wp-content\/uploads\/2026\/03\/Panda1-768x1024.jpg\" class=\"attachment-large size-large wp-image-1835\" alt=\"\" srcset=\"https:\/\/loka-samsara.de\/wp-content\/uploads\/2026\/03\/Panda1-768x1024.jpg 768w, https:\/\/loka-samsara.de\/wp-content\/uploads\/2026\/03\/Panda1-225x300.jpg 225w, https:\/\/loka-samsara.de\/wp-content\/uploads\/2026\/03\/Panda1-450x600.jpg 450w, https:\/\/loka-samsara.de\/wp-content\/uploads\/2026\/03\/Panda1.jpg 900w\" sizes=\"(max-width: 640px) 100vw, 640px\" \/>\t\t\t\t\t\t\t\t\t\t\t\t\t\t\t<\/div>\n\t\t\t\t\t<\/div>\n\t\t\t\t<\/div>\n\t\t<div class=\"elementor-element elementor-element-b2cd26d e-con-full e-flex e-con e-child\" data-id=\"b2cd26d\" data-element_type=\"container\">\n\t\t\t\t<div class=\"elementor-element elementor-element-2c5ce49 elementor-widget elementor-widget-text-editor\" data-id=\"2c5ce49\" data-element_type=\"widget\" data-widget_type=\"text-editor.default\">\n\t\t\t\t\t\t\t\t\t<p>*Sold*<br \/>Panda<br \/>male born at 6:34am<br \/>weight 178g<\/p>\t\t\t\t\t\t\t\t<\/div>\n\t\t\t\t<\/div>\n\t\t<div class=\"elementor-element elementor-element-ec58276 e-con-full e-flex e-con e-child\" data-id=\"ec58276\" data-element_type=\"container\">\n\t\t\t\t<div class=\"elementor-element elementor-element-d07583f elementor-widget elementor-widget-image\" data-id=\"d07583f\" data-element_type=\"widget\" data-widget_type=\"image.default\">\n\t\t\t\t\t\t\t\t\t\t\t\t\t\t\t<img loading=\"lazy\" decoding=\"async\" width=\"640\" height=\"852\" src=\"https:\/\/loka-samsara.de\/wp-content\/uploads\/2026\/03\/Panda2-769x1024.jpg\" class=\"attachment-large size-large wp-image-1836\" alt=\"\" srcset=\"https:\/\/loka-samsara.de\/wp-content\/uploads\/2026\/03\/Panda2-769x1024.jpg 769w, https:\/\/loka-samsara.de\/wp-content\/uploads\/2026\/03\/Panda2-225x300.jpg 225w, https:\/\/loka-samsara.de\/wp-content\/uploads\/2026\/03\/Panda2-768x1022.jpg 768w, https:\/\/loka-samsara.de\/wp-content\/uploads\/2026\/03\/Panda2-451x600.jpg 451w, https:\/\/loka-samsara.de\/wp-content\/uploads\/2026\/03\/Panda2.jpg 800w\" sizes=\"(max-width: 640px) 100vw, 640px\" \/>\t\t\t\t\t\t\t\t\t\t\t\t\t\t\t<\/div>\n\t\t\t\t<\/div>\n\t\t\t\t<\/div>\n\t\t<div class=\"elementor-element elementor-element-f145607 e-con-full e-flex e-con e-child\" data-id=\"f145607\" data-element_type=\"container\">\n\t\t<div class=\"elementor-element elementor-element-e83acdf e-flex e-con-boxed e-con e-child\" data-id=\"e83acdf\" data-element_type=\"container\">\n\t\t\t\t\t<div class=\"e-con-inner\">\n\t\t\t\t<div class=\"elementor-element elementor-element-39b5b50 elementor-widget elementor-widget-image\" data-id=\"39b5b50\" data-element_type=\"widget\" data-widget_type=\"image.default\">\n\t\t\t\t\t\t\t\t\t\t\t\t\t\t\t<img loading=\"lazy\" decoding=\"async\" width=\"640\" height=\"853\" src=\"https:\/\/loka-samsara.de\/wp-content\/uploads\/2026\/03\/Phoebebaby1-768x1024.jpg\" class=\"attachment-large size-large wp-image-1837\" alt=\"\" srcset=\"https:\/\/loka-samsara.de\/wp-content\/uploads\/2026\/03\/Phoebebaby1-768x1024.jpg 768w, https:\/\/loka-samsara.de\/wp-content\/uploads\/2026\/03\/Phoebebaby1-225x300.jpg 225w, https:\/\/loka-samsara.de\/wp-content\/uploads\/2026\/03\/Phoebebaby1-450x600.jpg 450w, https:\/\/loka-samsara.de\/wp-content\/uploads\/2026\/03\/Phoebebaby1.jpg 900w\" sizes=\"(max-width: 640px) 100vw, 640px\" \/>\t\t\t\t\t\t\t\t\t\t\t\t\t\t\t<\/div>\n\t\t\t\t\t<\/div>\n\t\t\t\t<\/div>\n\t\t<div class=\"elementor-element elementor-element-b73ed9e e-con-full e-flex e-con e-child\" data-id=\"b73ed9e\" data-element_type=\"container\">\n\t\t\t\t<div class=\"elementor-element elementor-element-f1b93c3 elementor-widget elementor-widget-text-editor\" data-id=\"f1b93c3\" data-element_type=\"widget\" data-widget_type=\"text-editor.default\">\n\t\t\t\t\t\t\t\t\t<p>*it's mine*<\/p><p>Pheobe<br \/>female born at 7:05 am<br \/>weight: 160g<\/p>\t\t\t\t\t\t\t\t<\/div>\n\t\t\t\t<\/div>\n\t\t<div class=\"elementor-element elementor-element-5c5217b e-con-full e-flex e-con e-child\" data-id=\"5c5217b\" data-element_type=\"container\">\n\t\t\t\t<div class=\"elementor-element elementor-element-8b1c873 elementor-widget elementor-widget-image\" data-id=\"8b1c873\" data-element_type=\"widget\" data-widget_type=\"image.default\">\n\t\t\t\t\t\t\t\t\t\t\t\t\t\t\t<img loading=\"lazy\" decoding=\"async\" width=\"640\" height=\"852\" src=\"https:\/\/loka-samsara.de\/wp-content\/uploads\/2026\/03\/Phoebe-baby2-769x1024.jpg\" class=\"attachment-large size-large wp-image-1838\" alt=\"\" srcset=\"https:\/\/loka-samsara.de\/wp-content\/uploads\/2026\/03\/Phoebe-baby2-769x1024.jpg 769w, https:\/\/loka-samsara.de\/wp-content\/uploads\/2026\/03\/Phoebe-baby2-225x300.jpg 225w, https:\/\/loka-samsara.de\/wp-content\/uploads\/2026\/03\/Phoebe-baby2-768x1022.jpg 768w, https:\/\/loka-samsara.de\/wp-content\/uploads\/2026\/03\/Phoebe-baby2-451x600.jpg 451w, https:\/\/loka-samsara.de\/wp-content\/uploads\/2026\/03\/Phoebe-baby2.jpg 800w\" sizes=\"(max-width: 640px) 100vw, 640px\" \/>\t\t\t\t\t\t\t\t\t\t\t\t\t\t\t<\/div>\n\t\t\t\t<\/div>\n\t\t\t\t<\/div>\n\t\t<div class=\"elementor-element elementor-element-c3f7507 e-con-full e-flex e-con e-child\" data-id=\"c3f7507\" data-element_type=\"container\">\n\t\t<div class=\"elementor-element elementor-element-3a131d7 e-flex e-con-boxed e-con e-child\" data-id=\"3a131d7\" data-element_type=\"container\">\n\t\t\t\t\t<div class=\"e-con-inner\">\n\t\t\t\t<div class=\"elementor-element elementor-element-a868d4f elementor-widget elementor-widget-image\" data-id=\"a868d4f\" data-element_type=\"widget\" data-widget_type=\"image.default\">\n\t\t\t\t\t\t\t\t\t\t\t\t\t\t\t<img loading=\"lazy\" decoding=\"async\" width=\"640\" height=\"480\" src=\"https:\/\/loka-samsara.de\/wp-content\/uploads\/2026\/03\/Page1-1024x768.jpg\" class=\"attachment-large size-large wp-image-1839\" alt=\"\" srcset=\"https:\/\/loka-samsara.de\/wp-content\/uploads\/2026\/03\/Page1-1024x768.jpg 1024w, https:\/\/loka-samsara.de\/wp-content\/uploads\/2026\/03\/Page1-300x225.jpg 300w, https:\/\/loka-samsara.de\/wp-content\/uploads\/2026\/03\/Page1-768x576.jpg 768w, https:\/\/loka-samsara.de\/wp-content\/uploads\/2026\/03\/Page1-600x450.jpg 600w, https:\/\/loka-samsara.de\/wp-content\/uploads\/2026\/03\/Page1.jpg 1200w\" sizes=\"(max-width: 640px) 100vw, 640px\" \/>\t\t\t\t\t\t\t\t\t\t\t\t\t\t\t<\/div>\n\t\t\t\t\t<\/div>\n\t\t\t\t<\/div>\n\t\t<div class=\"elementor-element elementor-element-f3b6183 e-con-full e-flex e-con e-child\" data-id=\"f3b6183\" data-element_type=\"container\">\n\t\t\t\t<div class=\"elementor-element elementor-element-cc008ed elementor-widget elementor-widget-text-editor\" data-id=\"cc008ed\" data-element_type=\"widget\" data-widget_type=\"text-editor.default\">\n\t\t\t\t\t\t\t\t\t<p>*Sold*<br \/>Page<br \/>female born at 8:17am<br \/>weight: 184g<\/p>\t\t\t\t\t\t\t\t<\/div>\n\t\t\t\t<\/div>\n\t\t<div class=\"elementor-element elementor-element-ac77964 e-con-full e-flex e-con e-child\" data-id=\"ac77964\" data-element_type=\"container\">\n\t\t\t\t<div class=\"elementor-element elementor-element-db6e443 elementor-widget elementor-widget-image\" data-id=\"db6e443\" data-element_type=\"widget\" data-widget_type=\"image.default\">\n\t\t\t\t\t\t\t\t\t\t\t\t\t\t\t<img loading=\"lazy\" decoding=\"async\" width=\"640\" height=\"853\" src=\"https:\/\/loka-samsara.de\/wp-content\/uploads\/2026\/03\/Page2-768x1024.jpg\" class=\"attachment-large size-large wp-image-1840\" alt=\"\" srcset=\"https:\/\/loka-samsara.de\/wp-content\/uploads\/2026\/03\/Page2-768x1024.jpg 768w, https:\/\/loka-samsara.de\/wp-content\/uploads\/2026\/03\/Page2-225x300.jpg 225w, https:\/\/loka-samsara.de\/wp-content\/uploads\/2026\/03\/Page2-450x600.jpg 450w, https:\/\/loka-samsara.de\/wp-content\/uploads\/2026\/03\/Page2.jpg 800w\" sizes=\"(max-width: 640px) 100vw, 640px\" \/>\t\t\t\t\t\t\t\t\t\t\t\t\t\t\t<\/div>\n\t\t\t\t<\/div>\n\t\t\t\t<\/div>\n\t\t\t\t<\/div>\n\t\t\t\t<\/div>\n\t\t\t\t<\/div>\n\t\t\t\t\t<\/div>\n\t\t\t\t<\/div>\n\t\t\t\t<\/div>","protected":false},"excerpt":{"rendered":"<p>1.Wurf geboren am 31.3.2018.1 R\u00fcde und 3 H\u00fcndinnen haben das Licht der Welt erblickt.Meine Kashi hat das wunderbar gemacht. W\u00e4hrend der Schwangerschaft gab es keine Auff\u00e4lligkeiten. Sie hat durchweg gut gegessen, sich normal bewegt, einzig ihren Intimradius hat sie kontinuierlich erweitert. Da gab es viele Anschnauzereien bei ihren Mitbewohnern auf 4 Pfoten die ihr einfach [&hellip;]<\/p>\n","protected":false},"author":2,"featured_media":0,"parent":0,"menu_order":0,"comment_status":"closed","ping_status":"closed","template":"elementor_header_footer","meta":{"inline_featured_image":false,"two_page_speed":[],"footnotes":""},"class_list":["post-1831","page","type-page","status-publish","hentry"],"_links":{"self":[{"href":"https:\/\/loka-samsara.de\/en\/wp-json\/wp\/v2\/pages\/1831","targetHints":{"allow":["GET"]}}],"collection":[{"href":"https:\/\/loka-samsara.de\/en\/wp-json\/wp\/v2\/pages"}],"about":[{"href":"https:\/\/loka-samsara.de\/en\/wp-json\/wp\/v2\/types\/page"}],"author":[{"embeddable":true,"href":"https:\/\/loka-samsara.de\/en\/wp-json\/wp\/v2\/users\/2"}],"replies":[{"embeddable":true,"href":"https:\/\/loka-samsara.de\/en\/wp-json\/wp\/v2\/comments?post=1831"}],"version-history":[{"count":0,"href":"https:\/\/loka-samsara.de\/en\/wp-json\/wp\/v2\/pages\/1831\/revisions"}],"wp:attachment":[{"href":"https:\/\/loka-samsara.de\/en\/wp-json\/wp\/v2\/media?parent=1831"}],"curies":[{"name":"wp","href":"https:\/\/api.w.org\/{rel}","templated":true}]}}