{"id":1846,"date":"2026-03-02T12:41:30","date_gmt":"2026-03-02T12:41:30","guid":{"rendered":"https:\/\/loka-samsara.de\/?page_id=1846"},"modified":"2026-03-04T10:54:36","modified_gmt":"2026-03-04T10:54:36","slug":"kashi-2-wurf","status":"publish","type":"page","link":"https:\/\/loka-samsara.de\/en\/kashi-2-wurf\/","title":{"rendered":"Kashi 2. Litter"},"content":{"rendered":"<div data-elementor-type=\"wp-page\" data-elementor-id=\"1846\" class=\"elementor elementor-1846\">\n\t\t\t\t<div class=\"elementor-element elementor-element-489bfd64 e-flex e-con-boxed e-con e-parent\" data-id=\"489bfd64\" data-element_type=\"container\">\n\t\t\t\t\t<div class=\"e-con-inner\">\n\t\t<div class=\"elementor-element elementor-element-168ea72b e-con-full e-flex e-con e-child\" data-id=\"168ea72b\" data-element_type=\"container\" data-settings=\"{&quot;background_background&quot;:&quot;gradient&quot;}\">\n\t\t<div class=\"elementor-element elementor-element-679df53c e-con-full e-flex e-con e-child\" data-id=\"679df53c\" data-element_type=\"container\">\n\t\t\t\t<div class=\"elementor-element elementor-element-6fed6869 elementor-widget elementor-widget-heading\" data-id=\"6fed6869\" data-element_type=\"widget\" data-widget_type=\"heading.default\">\n\t\t\t\t\t<h2 class=\"elementor-heading-title elementor-size-default\">2nd litter<\/h2>\t\t\t\t<\/div>\n\t\t<div class=\"elementor-element elementor-element-ad32cb0 e-con-full e-flex e-con e-child\" data-id=\"ad32cb0\" data-element_type=\"container\">\n\t\t\t\t<div class=\"elementor-element elementor-element-8eafbb5 elementor-widget elementor-widget-text-editor\" data-id=\"8eafbb5\" data-element_type=\"widget\" data-widget_type=\"text-editor.default\">\n\t\t\t\t\t\t\t\t\t<p>Father Santosha Firebird<br \/>Puppies born in April 19, 2020<br \/>2 males and 1 female saw the light of day.<br \/>During the pregnancy there were no abnormalities. She ate well throughout, moved normally, and only gradually expanded her personal space. There were quite a few scoldings for her four-legged housemates who kept getting too close. The birth itself she handled calmly, without panic, fear, or stress.<\/p><p>At 9:00 p.m., the contractions began. \ud83d\udc3e<br \/>At 1:35 a.m., after two hours of pushing contractions\u2014and a lot of anxious sweating on my part\u2014the first little one was born weighing 195 g.<br \/>At 2:30 a.m., a strong male followed, weighing 180 g.<br \/>At 3:30 a.m., a handsome little male was born weighing 123 g, but he had great difficulty breathing. I was unable to save the little boy and presented him to the veterinarian after five days. The vet diagnosed a malformation of the trachea, which had caused a severely enlarged heart. The little one could not drink properly and mostly swallowed air. I had to have him put to sleep, but I will never forget him\u2026<br \/>After calm returned to the whelping box, Kashi took wonderful care of her babies. The two \u201cchubby ones\u201d developed beautifully.<\/p>\t\t\t\t\t\t\t\t<\/div>\n\t\t\t\t<div class=\"elementor-element elementor-element-fe5f494 elementor-widget elementor-widget-image\" data-id=\"fe5f494\" data-element_type=\"widget\" data-widget_type=\"image.default\">\n\t\t\t\t\t\t\t\t\t\t\t\t\t\t\t<img decoding=\"async\" width=\"300\" height=\"67\" src=\"https:\/\/loka-samsara.de\/wp-content\/uploads\/2026\/03\/ranken-0001-300x67.gif\" class=\"attachment-medium size-medium wp-image-1679\" alt=\"\" \/>\t\t\t\t\t\t\t\t\t\t\t\t\t\t\t<\/div>\n\t\t\t\t<div class=\"elementor-element elementor-element-29f37af elementor-widget elementor-widget-image\" data-id=\"29f37af\" data-element_type=\"widget\" data-widget_type=\"image.default\">\n\t\t\t\t\t\t\t\t\t\t\t\t\t\t\t<img fetchpriority=\"high\" decoding=\"async\" width=\"225\" height=\"300\" src=\"https:\/\/loka-samsara.de\/wp-content\/uploads\/2026\/03\/Kashi2.WURF_-225x300.jpeg\" class=\"attachment-medium size-medium wp-image-1851\" alt=\"\" srcset=\"https:\/\/loka-samsara.de\/wp-content\/uploads\/2026\/03\/Kashi2.WURF_-225x300.jpeg 225w, https:\/\/loka-samsara.de\/wp-content\/uploads\/2026\/03\/Kashi2.WURF_-768x1024.jpeg 768w, https:\/\/loka-samsara.de\/wp-content\/uploads\/2026\/03\/Kashi2.WURF_-450x600.jpeg 450w, https:\/\/loka-samsara.de\/wp-content\/uploads\/2026\/03\/Kashi2.WURF_.jpeg 900w\" sizes=\"(max-width: 225px) 100vw, 225px\" \/>\t\t\t\t\t\t\t\t\t\t\t\t\t\t\t<\/div>\n\t\t<div class=\"elementor-element elementor-element-b801c95 e-flex e-con-boxed e-con e-child\" data-id=\"b801c95\" data-element_type=\"container\">\n\t\t\t\t\t<div class=\"e-con-inner\">\n\t\t<div class=\"elementor-element elementor-element-eda5eab e-flex e-con-boxed e-con e-child\" data-id=\"eda5eab\" data-element_type=\"container\">\n\t\t\t\t\t<div class=\"e-con-inner\">\n\t\t\t\t<div class=\"elementor-element elementor-element-47129bb elementor-widget elementor-widget-image\" data-id=\"47129bb\" data-element_type=\"widget\" data-widget_type=\"image.default\">\n\t\t\t\t\t\t\t\t\t\t\t\t\t\t\t<img decoding=\"async\" width=\"640\" height=\"863\" src=\"https:\/\/loka-samsara.de\/wp-content\/uploads\/2026\/03\/Rashi2-759x1024.jpg\" class=\"attachment-large size-large wp-image-1848\" alt=\"\" srcset=\"https:\/\/loka-samsara.de\/wp-content\/uploads\/2026\/03\/Rashi2-759x1024.jpg 759w, https:\/\/loka-samsara.de\/wp-content\/uploads\/2026\/03\/Rashi2-223x300.jpg 223w, https:\/\/loka-samsara.de\/wp-content\/uploads\/2026\/03\/Rashi2-768x1036.jpg 768w, https:\/\/loka-samsara.de\/wp-content\/uploads\/2026\/03\/Rashi2-445x600.jpg 445w, https:\/\/loka-samsara.de\/wp-content\/uploads\/2026\/03\/Rashi2.jpg 890w\" sizes=\"(max-width: 640px) 100vw, 640px\" \/>\t\t\t\t\t\t\t\t\t\t\t\t\t\t\t<\/div>\n\t\t\t\t\t<\/div>\n\t\t\t\t<\/div>\n\t\t<div class=\"elementor-element elementor-element-0c14f84 e-con-full e-flex e-con e-child\" data-id=\"0c14f84\" data-element_type=\"container\">\n\t\t\t\t<div class=\"elementor-element elementor-element-8845e4c elementor-widget elementor-widget-text-editor\" data-id=\"8845e4c\" data-element_type=\"widget\" data-widget_type=\"text-editor.default\">\n\t\t\t\t\t\t\t\t\t<p>***sold***<br \/>Rashi B\u00e4rli<br \/>H\u00fcndin um 2:35 Uhr geboren<br \/>Geburtsgewicht: 193g<\/p>\t\t\t\t\t\t\t\t<\/div>\n\t\t\t\t<\/div>\n\t\t<div class=\"elementor-element elementor-element-2bbce02 e-con-full e-flex e-con e-child\" data-id=\"2bbce02\" data-element_type=\"container\">\n\t\t\t\t<div class=\"elementor-element elementor-element-5a7168c elementor-widget elementor-widget-image\" data-id=\"5a7168c\" data-element_type=\"widget\" data-widget_type=\"image.default\">\n\t\t\t\t\t\t\t\t\t\t\t\t\t\t\t<img loading=\"lazy\" decoding=\"async\" width=\"640\" height=\"852\" src=\"https:\/\/loka-samsara.de\/wp-content\/uploads\/2026\/03\/Piper2-769x1024.jpg\" class=\"attachment-large size-large wp-image-1834\" alt=\"\" srcset=\"https:\/\/loka-samsara.de\/wp-content\/uploads\/2026\/03\/Piper2-769x1024.jpg 769w, https:\/\/loka-samsara.de\/wp-content\/uploads\/2026\/03\/Piper2-225x300.jpg 225w, https:\/\/loka-samsara.de\/wp-content\/uploads\/2026\/03\/Piper2-768x1022.jpg 768w, https:\/\/loka-samsara.de\/wp-content\/uploads\/2026\/03\/Piper2-451x600.jpg 451w, https:\/\/loka-samsara.de\/wp-content\/uploads\/2026\/03\/Piper2.jpg 800w\" sizes=\"(max-width: 640px) 100vw, 640px\" \/>\t\t\t\t\t\t\t\t\t\t\t\t\t\t\t<\/div>\n\t\t\t\t<\/div>\n\t\t\t\t\t<\/div>\n\t\t\t\t<\/div>\n\t\t<div class=\"elementor-element elementor-element-5ffc9b3 e-con-full e-flex e-con e-child\" data-id=\"5ffc9b3\" data-element_type=\"container\">\n\t\t<div class=\"elementor-element elementor-element-da3bcaa e-flex e-con-boxed e-con e-child\" data-id=\"da3bcaa\" data-element_type=\"container\">\n\t\t\t\t\t<div class=\"e-con-inner\">\n\t\t\t\t<div class=\"elementor-element elementor-element-2898de4 elementor-widget elementor-widget-image\" data-id=\"2898de4\" data-element_type=\"widget\" data-widget_type=\"image.default\">\n\t\t\t\t\t\t\t\t\t\t\t\t\t\t\t<img loading=\"lazy\" decoding=\"async\" width=\"640\" height=\"824\" src=\"https:\/\/loka-samsara.de\/wp-content\/uploads\/2026\/03\/Ravi2-795x1024.jpg\" class=\"attachment-large size-large wp-image-1850\" alt=\"\" srcset=\"https:\/\/loka-samsara.de\/wp-content\/uploads\/2026\/03\/Ravi2-795x1024.jpg 795w, https:\/\/loka-samsara.de\/wp-content\/uploads\/2026\/03\/Ravi2-233x300.jpg 233w, https:\/\/loka-samsara.de\/wp-content\/uploads\/2026\/03\/Ravi2-768x989.jpg 768w, https:\/\/loka-samsara.de\/wp-content\/uploads\/2026\/03\/Ravi2-466x600.jpg 466w, https:\/\/loka-samsara.de\/wp-content\/uploads\/2026\/03\/Ravi2.jpg 932w\" sizes=\"(max-width: 640px) 100vw, 640px\" \/>\t\t\t\t\t\t\t\t\t\t\t\t\t\t\t<\/div>\n\t\t\t\t\t<\/div>\n\t\t\t\t<\/div>\n\t\t<div class=\"elementor-element elementor-element-b2cd26d e-con-full e-flex e-con e-child\" data-id=\"b2cd26d\" data-element_type=\"container\">\n\t\t\t\t<div class=\"elementor-element elementor-element-2c5ce49 elementor-widget elementor-widget-text-editor\" data-id=\"2c5ce49\" data-element_type=\"widget\" data-widget_type=\"text-editor.default\">\n\t\t\t\t\t\t\t\t\t<p>***sold***<br \/>Ravi Tashi<br \/>R\u00fcde um 2:30 Uhr geboren<br \/>Geburtsgewicht: 180g<\/p>\t\t\t\t\t\t\t\t<\/div>\n\t\t\t\t<\/div>\n\t\t<div class=\"elementor-element elementor-element-ec58276 e-con-full e-flex e-con e-child\" data-id=\"ec58276\" data-element_type=\"container\">\n\t\t\t\t<div class=\"elementor-element elementor-element-d07583f elementor-widget elementor-widget-image\" data-id=\"d07583f\" data-element_type=\"widget\" data-widget_type=\"image.default\">\n\t\t\t\t\t\t\t\t\t\t\t\t\t\t\t<img loading=\"lazy\" decoding=\"async\" width=\"640\" height=\"853\" src=\"https:\/\/loka-samsara.de\/wp-content\/uploads\/2026\/03\/Ravi1-768x1024.jpeg\" class=\"attachment-large size-large wp-image-1849\" alt=\"\" srcset=\"https:\/\/loka-samsara.de\/wp-content\/uploads\/2026\/03\/Ravi1-768x1024.jpeg 768w, https:\/\/loka-samsara.de\/wp-content\/uploads\/2026\/03\/Ravi1-225x300.jpeg 225w, https:\/\/loka-samsara.de\/wp-content\/uploads\/2026\/03\/Ravi1-450x600.jpeg 450w, https:\/\/loka-samsara.de\/wp-content\/uploads\/2026\/03\/Ravi1.jpeg 900w\" sizes=\"(max-width: 640px) 100vw, 640px\" \/>\t\t\t\t\t\t\t\t\t\t\t\t\t\t\t<\/div>\n\t\t\t\t<\/div>\n\t\t\t\t<\/div>\n\t\t\t\t<\/div>\n\t\t\t\t<\/div>\n\t\t\t\t<\/div>\n\t\t\t\t\t<\/div>\n\t\t\t\t<\/div>\n\t\t\t\t<\/div>","protected":false},"excerpt":{"rendered":"<p>2.Wurf Vater: Santosha FirelordWelpen geboren am 19.4.20202 R\u00fcde und 1 H\u00fcndin haben das Licht der Welt erblickt.W\u00e4hrend der Schwangerschaft gab es keine Auff\u00e4lligkeiten. Sie hat durchweg gut gegessen, sich normal bewegt, einzig ihren Intimradius hat sie kontinuierlich erweitert. Da gab es viele Anschnauzereien bei ihren Mitbewohnern auf 4 Pfoten die ihr einfach immer wieder zu [&hellip;]<\/p>\n","protected":false},"author":2,"featured_media":0,"parent":0,"menu_order":0,"comment_status":"closed","ping_status":"closed","template":"elementor_header_footer","meta":{"inline_featured_image":false,"two_page_speed":[],"footnotes":""},"class_list":["post-1846","page","type-page","status-publish","hentry"],"_links":{"self":[{"href":"https:\/\/loka-samsara.de\/en\/wp-json\/wp\/v2\/pages\/1846","targetHints":{"allow":["GET"]}}],"collection":[{"href":"https:\/\/loka-samsara.de\/en\/wp-json\/wp\/v2\/pages"}],"about":[{"href":"https:\/\/loka-samsara.de\/en\/wp-json\/wp\/v2\/types\/page"}],"author":[{"embeddable":true,"href":"https:\/\/loka-samsara.de\/en\/wp-json\/wp\/v2\/users\/2"}],"replies":[{"embeddable":true,"href":"https:\/\/loka-samsara.de\/en\/wp-json\/wp\/v2\/comments?post=1846"}],"version-history":[{"count":0,"href":"https:\/\/loka-samsara.de\/en\/wp-json\/wp\/v2\/pages\/1846\/revisions"}],"wp:attachment":[{"href":"https:\/\/loka-samsara.de\/en\/wp-json\/wp\/v2\/media?parent=1846"}],"curies":[{"name":"wp","href":"https:\/\/api.w.org\/{rel}","templated":true}]}}