{"id":1895,"date":"2026-03-02T15:09:29","date_gmt":"2026-03-02T15:09:29","guid":{"rendered":"https:\/\/loka-samsara.de\/?page_id=1895"},"modified":"2026-03-07T21:10:50","modified_gmt":"2026-03-07T21:10:50","slug":"prim-1-wurf","status":"publish","type":"page","link":"https:\/\/loka-samsara.de\/en\/prim-1-wurf\/","title":{"rendered":"Prim 1. Litter"},"content":{"rendered":"<div data-elementor-type=\"wp-page\" data-elementor-id=\"1895\" class=\"elementor elementor-1895\">\n\t\t\t\t<div class=\"elementor-element elementor-element-489bfd64 e-flex e-con-boxed e-con e-parent\" data-id=\"489bfd64\" data-element_type=\"container\">\n\t\t\t\t\t<div class=\"e-con-inner\">\n\t\t<div class=\"elementor-element elementor-element-168ea72b e-con-full e-flex e-con e-child\" data-id=\"168ea72b\" data-element_type=\"container\" data-settings=\"{&quot;background_background&quot;:&quot;gradient&quot;}\">\n\t\t<div class=\"elementor-element elementor-element-679df53c e-con-full e-flex e-con e-child\" data-id=\"679df53c\" data-element_type=\"container\">\n\t\t\t\t<div class=\"elementor-element elementor-element-6fed6869 elementor-widget elementor-widget-heading\" data-id=\"6fed6869\" data-element_type=\"widget\" data-widget_type=\"heading.default\">\n\t\t\t\t\t<h2 class=\"elementor-heading-title elementor-size-default\">1th  Litter<\/h2>\t\t\t\t<\/div>\n\t\t<div class=\"elementor-element elementor-element-ad32cb0 e-con-full e-flex e-con e-child\" data-id=\"ad32cb0\" data-element_type=\"container\">\n\t\t\t\t<div class=\"elementor-element elementor-element-8eafbb5 elementor-widget elementor-widget-text-editor\" data-id=\"8eafbb5\" data-element_type=\"widget\" data-widget_type=\"text-editor.default\">\n\t\t\t\t\t\t\t\t\t<p>Prim wurde am 31.3.2021, \u00a0Mama von 6 Welpen<br \/>Nicht immer verl\u00e4uft alles glatt. Leider musste ich meine erste Totgeburt<br \/>in 25 Jahren Zucht erleben&#8230;<br \/>Es war ein Schock, als der Erstgeborene, ein kleiner schwarz-weisser R\u00fcde, bereits tot zur Welt kam.<br \/>Primmel blieb trotz allem souver\u00e4n und ruhig und hat im Anschluss 3 gesunden R\u00fcden und 2 gesunden \u00a0H\u00fcndinnen das Leben geschenkt.\u00a0Alle 5 sind quietschfidel und \u00a0kr\u00e4ftig in den Farben.<\/p>\t\t\t\t\t\t\t\t<\/div>\n\t\t\t\t<div class=\"elementor-element elementor-element-fe5f494 elementor-widget elementor-widget-image\" data-id=\"fe5f494\" data-element_type=\"widget\" data-widget_type=\"image.default\">\n\t\t\t\t\t\t\t\t\t\t\t\t\t\t\t<img fetchpriority=\"high\" decoding=\"async\" width=\"225\" height=\"300\" src=\"https:\/\/loka-samsara.de\/wp-content\/uploads\/2026\/03\/Prims1wurf-225x300.jpeg\" class=\"attachment-medium size-medium wp-image-1898\" alt=\"\" srcset=\"https:\/\/loka-samsara.de\/wp-content\/uploads\/2026\/03\/Prims1wurf-225x300.jpeg 225w, https:\/\/loka-samsara.de\/wp-content\/uploads\/2026\/03\/Prims1wurf-768x1024.jpeg 768w, https:\/\/loka-samsara.de\/wp-content\/uploads\/2026\/03\/Prims1wurf-450x600.jpeg 450w, https:\/\/loka-samsara.de\/wp-content\/uploads\/2026\/03\/Prims1wurf.jpeg 900w\" sizes=\"(max-width: 225px) 100vw, 225px\" \/>\t\t\t\t\t\t\t\t\t\t\t\t\t\t\t<\/div>\n\t\t<div class=\"elementor-element elementor-element-b801c95 e-flex e-con-boxed e-con e-child\" data-id=\"b801c95\" data-element_type=\"container\">\n\t\t\t\t\t<div class=\"e-con-inner\">\n\t\t<div class=\"elementor-element elementor-element-eda5eab e-flex e-con-boxed e-con e-child\" data-id=\"eda5eab\" data-element_type=\"container\">\n\t\t\t\t\t<div class=\"e-con-inner\">\n\t\t\t\t<div class=\"elementor-element elementor-element-47129bb elementor-widget elementor-widget-image\" data-id=\"47129bb\" data-element_type=\"widget\" data-widget_type=\"image.default\">\n\t\t\t\t\t\t\t\t\t\t\t\t\t\t\t<img decoding=\"async\" width=\"640\" height=\"853\" src=\"https:\/\/loka-samsara.de\/wp-content\/uploads\/2026\/03\/shakti1-768x1024.jpeg\" class=\"attachment-large size-large wp-image-1899\" alt=\"\" srcset=\"https:\/\/loka-samsara.de\/wp-content\/uploads\/2026\/03\/shakti1-768x1024.jpeg 768w, https:\/\/loka-samsara.de\/wp-content\/uploads\/2026\/03\/shakti1-225x300.jpeg 225w, https:\/\/loka-samsara.de\/wp-content\/uploads\/2026\/03\/shakti1-450x600.jpeg 450w, https:\/\/loka-samsara.de\/wp-content\/uploads\/2026\/03\/shakti1.jpeg 900w\" sizes=\"(max-width: 640px) 100vw, 640px\" \/>\t\t\t\t\t\t\t\t\t\t\t\t\t\t\t<\/div>\n\t\t\t\t\t<\/div>\n\t\t\t\t<\/div>\n\t\t<div class=\"elementor-element elementor-element-0c14f84 e-con-full e-flex e-con e-child\" data-id=\"0c14f84\" data-element_type=\"container\">\n\t\t\t\t<div class=\"elementor-element elementor-element-8845e4c elementor-widget elementor-widget-text-editor\" data-id=\"8845e4c\" data-element_type=\"widget\" data-widget_type=\"text-editor.default\">\n\t\t\t\t\t\t\t\t\t<p>***sold***<\/p><p>Shakti<br \/>female<br \/>born at 2:49am<br \/>um 2:49<br \/>weight 140g<br \/>Fellfarbe:<br \/>solid black<\/p>\t\t\t\t\t\t\t\t<\/div>\n\t\t\t\t<\/div>\n\t\t<div class=\"elementor-element elementor-element-5381497 e-con-full e-flex e-con e-child\" data-id=\"5381497\" data-element_type=\"container\">\n\t\t\t\t<div class=\"elementor-element elementor-element-e81544e elementor-widget elementor-widget-image\" data-id=\"e81544e\" data-element_type=\"widget\" data-widget_type=\"image.default\">\n\t\t\t\t\t\t\t\t\t\t\t\t\t\t\t<img decoding=\"async\" width=\"640\" height=\"640\" src=\"https:\/\/loka-samsara.de\/wp-content\/uploads\/2026\/03\/Shakti2-1024x1024.jpeg\" class=\"attachment-large size-large wp-image-1900\" alt=\"\" srcset=\"https:\/\/loka-samsara.de\/wp-content\/uploads\/2026\/03\/Shakti2-1024x1024.jpeg 1024w, https:\/\/loka-samsara.de\/wp-content\/uploads\/2026\/03\/Shakti2-300x300.jpeg 300w, https:\/\/loka-samsara.de\/wp-content\/uploads\/2026\/03\/Shakti2-150x150.jpeg 150w, https:\/\/loka-samsara.de\/wp-content\/uploads\/2026\/03\/Shakti2-768x768.jpeg 768w, https:\/\/loka-samsara.de\/wp-content\/uploads\/2026\/03\/Shakti2-600x600.jpeg 600w, https:\/\/loka-samsara.de\/wp-content\/uploads\/2026\/03\/Shakti2.jpeg 1200w\" sizes=\"(max-width: 640px) 100vw, 640px\" \/>\t\t\t\t\t\t\t\t\t\t\t\t\t\t\t<\/div>\n\t\t\t\t<\/div>\n\t\t\t\t\t<\/div>\n\t\t\t\t<\/div>\n\t\t<div class=\"elementor-element elementor-element-160e594 e-con-full e-flex e-con e-child\" data-id=\"160e594\" data-element_type=\"container\">\n\t\t<div class=\"elementor-element elementor-element-7e1d6af e-flex e-con-boxed e-con e-child\" data-id=\"7e1d6af\" data-element_type=\"container\">\n\t\t\t\t\t<div class=\"e-con-inner\">\n\t\t\t\t<div class=\"elementor-element elementor-element-974e6b9 elementor-widget elementor-widget-image\" data-id=\"974e6b9\" data-element_type=\"widget\" data-widget_type=\"image.default\">\n\t\t\t\t\t\t\t\t\t\t\t\t\t\t\t<img loading=\"lazy\" decoding=\"async\" width=\"640\" height=\"853\" src=\"https:\/\/loka-samsara.de\/wp-content\/uploads\/2026\/03\/Shiva1-768x1024.jpeg\" class=\"attachment-large size-large wp-image-1901\" alt=\"\" srcset=\"https:\/\/loka-samsara.de\/wp-content\/uploads\/2026\/03\/Shiva1-768x1024.jpeg 768w, https:\/\/loka-samsara.de\/wp-content\/uploads\/2026\/03\/Shiva1-225x300.jpeg 225w, https:\/\/loka-samsara.de\/wp-content\/uploads\/2026\/03\/Shiva1-450x600.jpeg 450w, https:\/\/loka-samsara.de\/wp-content\/uploads\/2026\/03\/Shiva1.jpeg 900w\" sizes=\"(max-width: 640px) 100vw, 640px\" \/>\t\t\t\t\t\t\t\t\t\t\t\t\t\t\t<\/div>\n\t\t\t\t\t<\/div>\n\t\t\t\t<\/div>\n\t\t<div class=\"elementor-element elementor-element-1db1681 e-con-full e-flex e-con e-child\" data-id=\"1db1681\" data-element_type=\"container\">\n\t\t\t\t<div class=\"elementor-element elementor-element-f200fd1 elementor-widget elementor-widget-text-editor\" data-id=\"f200fd1\" data-element_type=\"widget\" data-widget_type=\"text-editor.default\">\n\t\t\t\t\t\t\t\t\t<p>***sold***<br \/>Shiva<br \/>male<br \/>born at 3:55am<br \/>um 3:08 Uhr<br \/>weight 138g<br \/>Fellfarbe:<br \/>black and white<\/p>\t\t\t\t\t\t\t\t<\/div>\n\t\t\t\t<\/div>\n\t\t<div class=\"elementor-element elementor-element-68f8ce4 e-con-full e-flex e-con e-child\" data-id=\"68f8ce4\" data-element_type=\"container\">\n\t\t\t\t<div class=\"elementor-element elementor-element-abf1d59 elementor-widget elementor-widget-image\" data-id=\"abf1d59\" data-element_type=\"widget\" data-widget_type=\"image.default\">\n\t\t\t\t\t\t\t\t\t\t\t\t\t\t\t<img loading=\"lazy\" decoding=\"async\" width=\"640\" height=\"640\" src=\"https:\/\/loka-samsara.de\/wp-content\/uploads\/2026\/03\/Shiva2-1024x1024.jpeg\" class=\"attachment-large size-large wp-image-1902\" alt=\"\" srcset=\"https:\/\/loka-samsara.de\/wp-content\/uploads\/2026\/03\/Shiva2-1024x1024.jpeg 1024w, https:\/\/loka-samsara.de\/wp-content\/uploads\/2026\/03\/Shiva2-300x300.jpeg 300w, https:\/\/loka-samsara.de\/wp-content\/uploads\/2026\/03\/Shiva2-150x150.jpeg 150w, https:\/\/loka-samsara.de\/wp-content\/uploads\/2026\/03\/Shiva2-768x768.jpeg 768w, https:\/\/loka-samsara.de\/wp-content\/uploads\/2026\/03\/Shiva2-600x600.jpeg 600w, https:\/\/loka-samsara.de\/wp-content\/uploads\/2026\/03\/Shiva2.jpeg 1200w\" sizes=\"(max-width: 640px) 100vw, 640px\" \/>\t\t\t\t\t\t\t\t\t\t\t\t\t\t\t<\/div>\n\t\t\t\t<\/div>\n\t\t\t\t<\/div>\n\t\t<div class=\"elementor-element elementor-element-9e1067c e-con-full e-flex e-con e-child\" data-id=\"9e1067c\" data-element_type=\"container\">\n\t\t<div class=\"elementor-element elementor-element-31806b2 e-flex e-con-boxed e-con e-child\" data-id=\"31806b2\" data-element_type=\"container\">\n\t\t\t\t\t<div class=\"e-con-inner\">\n\t\t\t\t<div class=\"elementor-element elementor-element-f27bb58 elementor-widget elementor-widget-image\" data-id=\"f27bb58\" data-element_type=\"widget\" data-widget_type=\"image.default\">\n\t\t\t\t\t\t\t\t\t\t\t\t\t\t\t<img loading=\"lazy\" decoding=\"async\" width=\"640\" height=\"853\" src=\"https:\/\/loka-samsara.de\/wp-content\/uploads\/2026\/03\/Simba1-768x1024.jpeg\" class=\"attachment-large size-large wp-image-1904\" alt=\"\" srcset=\"https:\/\/loka-samsara.de\/wp-content\/uploads\/2026\/03\/Simba1-768x1024.jpeg 768w, https:\/\/loka-samsara.de\/wp-content\/uploads\/2026\/03\/Simba1-225x300.jpeg 225w, https:\/\/loka-samsara.de\/wp-content\/uploads\/2026\/03\/Simba1-450x600.jpeg 450w, https:\/\/loka-samsara.de\/wp-content\/uploads\/2026\/03\/Simba1.jpeg 900w\" sizes=\"(max-width: 640px) 100vw, 640px\" \/>\t\t\t\t\t\t\t\t\t\t\t\t\t\t\t<\/div>\n\t\t\t\t\t<\/div>\n\t\t\t\t<\/div>\n\t\t<div class=\"elementor-element elementor-element-4ef919f e-con-full e-flex e-con e-child\" data-id=\"4ef919f\" data-element_type=\"container\">\n\t\t\t\t<div class=\"elementor-element elementor-element-80a406b elementor-widget elementor-widget-text-editor\" data-id=\"80a406b\" data-element_type=\"widget\" data-widget_type=\"text-editor.default\">\n\t\t\t\t\t\t\t\t\t<p>***sold***<br \/>Simba<br \/>male<br \/>born at 3:55am<br \/>um 3:30 Uhr<br \/>weight 125g<br \/>Fellfarbe:<br \/>Solid Gold<\/p>\t\t\t\t\t\t\t\t<\/div>\n\t\t\t\t<\/div>\n\t\t<div class=\"elementor-element elementor-element-2b65b9d e-con-full e-flex e-con e-child\" data-id=\"2b65b9d\" data-element_type=\"container\">\n\t\t\t\t<div class=\"elementor-element elementor-element-d848dd7 elementor-widget elementor-widget-image\" data-id=\"d848dd7\" data-element_type=\"widget\" data-widget_type=\"image.default\">\n\t\t\t\t\t\t\t\t\t\t\t\t\t\t\t<img loading=\"lazy\" decoding=\"async\" width=\"640\" height=\"640\" src=\"https:\/\/loka-samsara.de\/wp-content\/uploads\/2026\/03\/Simba2-1024x1024.jpeg\" class=\"attachment-large size-large wp-image-1903\" alt=\"\" srcset=\"https:\/\/loka-samsara.de\/wp-content\/uploads\/2026\/03\/Simba2-1024x1024.jpeg 1024w, https:\/\/loka-samsara.de\/wp-content\/uploads\/2026\/03\/Simba2-300x300.jpeg 300w, https:\/\/loka-samsara.de\/wp-content\/uploads\/2026\/03\/Simba2-150x150.jpeg 150w, https:\/\/loka-samsara.de\/wp-content\/uploads\/2026\/03\/Simba2-768x768.jpeg 768w, https:\/\/loka-samsara.de\/wp-content\/uploads\/2026\/03\/Simba2-600x600.jpeg 600w, https:\/\/loka-samsara.de\/wp-content\/uploads\/2026\/03\/Simba2.jpeg 1200w\" sizes=\"(max-width: 640px) 100vw, 640px\" \/>\t\t\t\t\t\t\t\t\t\t\t\t\t\t\t<\/div>\n\t\t\t\t<\/div>\n\t\t\t\t<\/div>\n\t\t<div class=\"elementor-element elementor-element-435d321 e-con-full e-flex e-con e-child\" data-id=\"435d321\" data-element_type=\"container\">\n\t\t<div class=\"elementor-element elementor-element-f106677 e-flex e-con-boxed e-con e-child\" data-id=\"f106677\" data-element_type=\"container\">\n\t\t\t\t\t<div class=\"e-con-inner\">\n\t\t\t\t<div class=\"elementor-element elementor-element-c1d9ffa elementor-widget elementor-widget-image\" data-id=\"c1d9ffa\" data-element_type=\"widget\" data-widget_type=\"image.default\">\n\t\t\t\t\t\t\t\t\t\t\t\t\t\t\t<img loading=\"lazy\" decoding=\"async\" width=\"640\" height=\"853\" src=\"https:\/\/loka-samsara.de\/wp-content\/uploads\/2026\/03\/Seba1-768x1024.jpeg\" class=\"attachment-large size-large wp-image-1905\" alt=\"\" srcset=\"https:\/\/loka-samsara.de\/wp-content\/uploads\/2026\/03\/Seba1-768x1024.jpeg 768w, https:\/\/loka-samsara.de\/wp-content\/uploads\/2026\/03\/Seba1-225x300.jpeg 225w, https:\/\/loka-samsara.de\/wp-content\/uploads\/2026\/03\/Seba1-450x600.jpeg 450w, https:\/\/loka-samsara.de\/wp-content\/uploads\/2026\/03\/Seba1.jpeg 900w\" sizes=\"(max-width: 640px) 100vw, 640px\" \/>\t\t\t\t\t\t\t\t\t\t\t\t\t\t\t<\/div>\n\t\t\t\t\t<\/div>\n\t\t\t\t<\/div>\n\t\t<div class=\"elementor-element elementor-element-07853e3 e-con-full e-flex e-con e-child\" data-id=\"07853e3\" data-element_type=\"container\">\n\t\t\t\t<div class=\"elementor-element elementor-element-0dd02e3 elementor-widget elementor-widget-text-editor\" data-id=\"0dd02e3\" data-element_type=\"widget\" data-widget_type=\"text-editor.default\">\n\t\t\t\t\t\t\t\t\t<p>***sold***<br \/>Seba der Baron<br \/>male<br \/>born at 3:55am<br \/>um 3:40 Uhr<br \/>weight 123g<br \/>Fellfarbe:<br \/>Gold and white<\/p>\t\t\t\t\t\t\t\t<\/div>\n\t\t\t\t<\/div>\n\t\t<div class=\"elementor-element elementor-element-fa4de60 e-con-full e-flex e-con e-child\" data-id=\"fa4de60\" data-element_type=\"container\">\n\t\t\t\t<div class=\"elementor-element elementor-element-4eb802d elementor-widget elementor-widget-image\" data-id=\"4eb802d\" data-element_type=\"widget\" data-widget_type=\"image.default\">\n\t\t\t\t\t\t\t\t\t\t\t\t\t\t\t<img loading=\"lazy\" decoding=\"async\" width=\"640\" height=\"640\" src=\"https:\/\/loka-samsara.de\/wp-content\/uploads\/2026\/03\/Seba2-1024x1024.jpeg\" class=\"attachment-large size-large wp-image-1906\" alt=\"\" srcset=\"https:\/\/loka-samsara.de\/wp-content\/uploads\/2026\/03\/Seba2-1024x1024.jpeg 1024w, https:\/\/loka-samsara.de\/wp-content\/uploads\/2026\/03\/Seba2-300x300.jpeg 300w, https:\/\/loka-samsara.de\/wp-content\/uploads\/2026\/03\/Seba2-150x150.jpeg 150w, https:\/\/loka-samsara.de\/wp-content\/uploads\/2026\/03\/Seba2-768x768.jpeg 768w, https:\/\/loka-samsara.de\/wp-content\/uploads\/2026\/03\/Seba2-600x600.jpeg 600w, https:\/\/loka-samsara.de\/wp-content\/uploads\/2026\/03\/Seba2.jpeg 1200w\" sizes=\"(max-width: 640px) 100vw, 640px\" \/>\t\t\t\t\t\t\t\t\t\t\t\t\t\t\t<\/div>\n\t\t\t\t<\/div>\n\t\t\t\t<\/div>\n\t\t<div class=\"elementor-element elementor-element-7a68c4e e-con-full e-flex e-con e-child\" data-id=\"7a68c4e\" data-element_type=\"container\">\n\t\t<div class=\"elementor-element elementor-element-dbd11e8 e-flex e-con-boxed e-con e-child\" data-id=\"dbd11e8\" data-element_type=\"container\">\n\t\t\t\t\t<div class=\"e-con-inner\">\n\t\t\t\t<div class=\"elementor-element elementor-element-ec157e5 elementor-widget elementor-widget-image\" data-id=\"ec157e5\" data-element_type=\"widget\" data-widget_type=\"image.default\">\n\t\t\t\t\t\t\t\t\t\t\t\t\t\t\t<img loading=\"lazy\" decoding=\"async\" width=\"640\" height=\"974\" src=\"https:\/\/loka-samsara.de\/wp-content\/uploads\/2026\/03\/Sunnyi1-673x1024.jpeg\" class=\"attachment-large size-large wp-image-1907\" alt=\"\" srcset=\"https:\/\/loka-samsara.de\/wp-content\/uploads\/2026\/03\/Sunnyi1-673x1024.jpeg 673w, https:\/\/loka-samsara.de\/wp-content\/uploads\/2026\/03\/Sunnyi1-197x300.jpeg 197w, https:\/\/loka-samsara.de\/wp-content\/uploads\/2026\/03\/Sunnyi1-768x1168.jpeg 768w, https:\/\/loka-samsara.de\/wp-content\/uploads\/2026\/03\/Sunnyi1-395x600.jpeg 395w, https:\/\/loka-samsara.de\/wp-content\/uploads\/2026\/03\/Sunnyi1.jpeg 789w\" sizes=\"(max-width: 640px) 100vw, 640px\" \/>\t\t\t\t\t\t\t\t\t\t\t\t\t\t\t<\/div>\n\t\t\t\t\t<\/div>\n\t\t\t\t<\/div>\n\t\t<div class=\"elementor-element elementor-element-8d302d1 e-con-full e-flex e-con e-child\" data-id=\"8d302d1\" data-element_type=\"container\">\n\t\t\t\t<div class=\"elementor-element elementor-element-513ceaf elementor-widget elementor-widget-text-editor\" data-id=\"513ceaf\" data-element_type=\"widget\" data-widget_type=\"text-editor.default\">\n\t\t\t\t\t\t\t\t\t<p>***sold***<br \/>Sunnyi<br \/>female<br \/>born at 3:55am<br \/>um 3:55 Uhr<br \/>weight 148g<br \/>Fellfarbe:<br \/>Gold and white<\/p>\t\t\t\t\t\t\t\t<\/div>\n\t\t\t\t<\/div>\n\t\t<div class=\"elementor-element elementor-element-cf6ce72 e-con-full e-flex e-con e-child\" data-id=\"cf6ce72\" data-element_type=\"container\">\n\t\t\t\t<div class=\"elementor-element elementor-element-f725ec4 elementor-widget elementor-widget-image\" data-id=\"f725ec4\" data-element_type=\"widget\" data-widget_type=\"image.default\">\n\t\t\t\t\t\t\t\t\t\t\t\t\t\t\t<img loading=\"lazy\" decoding=\"async\" width=\"640\" height=\"640\" src=\"https:\/\/loka-samsara.de\/wp-content\/uploads\/2026\/03\/Sunnyi2-1024x1024.jpeg\" class=\"attachment-large size-large wp-image-1908\" alt=\"\" srcset=\"https:\/\/loka-samsara.de\/wp-content\/uploads\/2026\/03\/Sunnyi2-1024x1024.jpeg 1024w, https:\/\/loka-samsara.de\/wp-content\/uploads\/2026\/03\/Sunnyi2-300x300.jpeg 300w, https:\/\/loka-samsara.de\/wp-content\/uploads\/2026\/03\/Sunnyi2-150x150.jpeg 150w, https:\/\/loka-samsara.de\/wp-content\/uploads\/2026\/03\/Sunnyi2-768x768.jpeg 768w, https:\/\/loka-samsara.de\/wp-content\/uploads\/2026\/03\/Sunnyi2-600x600.jpeg 600w, https:\/\/loka-samsara.de\/wp-content\/uploads\/2026\/03\/Sunnyi2.jpeg 1200w\" sizes=\"(max-width: 640px) 100vw, 640px\" \/>\t\t\t\t\t\t\t\t\t\t\t\t\t\t\t<\/div>\n\t\t\t\t<\/div>\n\t\t\t\t<\/div>\n\t\t\t\t<\/div>\n\t\t\t\t<\/div>\n\t\t\t\t<\/div>\n\t\t\t\t\t<\/div>\n\t\t\t\t<\/div>\n\t\t\t\t<\/div>","protected":false},"excerpt":{"rendered":"<p>1.Wurf Prim wurde am 31.3.2021, \u00a0Mama von 6 WelpenNicht immer verl\u00e4uft alles glatt. Leider musste ich meine erste Totgeburtin 25 Jahren Zucht erleben&#8230;Es war ein Schock, als der Erstgeborene, ein kleiner schwarz-weisser R\u00fcde, bereits tot zur Welt kam.Primmel blieb trotz allem souver\u00e4n und ruhig und hat im Anschluss 3 gesunden R\u00fcden und 2 gesunden \u00a0H\u00fcndinnen [&hellip;]<\/p>\n","protected":false},"author":2,"featured_media":0,"parent":0,"menu_order":0,"comment_status":"closed","ping_status":"closed","template":"elementor_header_footer","meta":{"inline_featured_image":false,"two_page_speed":[],"footnotes":""},"class_list":["post-1895","page","type-page","status-publish","hentry"],"_links":{"self":[{"href":"https:\/\/loka-samsara.de\/en\/wp-json\/wp\/v2\/pages\/1895","targetHints":{"allow":["GET"]}}],"collection":[{"href":"https:\/\/loka-samsara.de\/en\/wp-json\/wp\/v2\/pages"}],"about":[{"href":"https:\/\/loka-samsara.de\/en\/wp-json\/wp\/v2\/types\/page"}],"author":[{"embeddable":true,"href":"https:\/\/loka-samsara.de\/en\/wp-json\/wp\/v2\/users\/2"}],"replies":[{"embeddable":true,"href":"https:\/\/loka-samsara.de\/en\/wp-json\/wp\/v2\/comments?post=1895"}],"version-history":[{"count":0,"href":"https:\/\/loka-samsara.de\/en\/wp-json\/wp\/v2\/pages\/1895\/revisions"}],"wp:attachment":[{"href":"https:\/\/loka-samsara.de\/en\/wp-json\/wp\/v2\/media?parent=1895"}],"curies":[{"name":"wp","href":"https:\/\/api.w.org\/{rel}","templated":true}]}}