{"id":1924,"date":"2026-03-02T15:49:48","date_gmt":"2026-03-02T15:49:48","guid":{"rendered":"https:\/\/loka-samsara.de\/?page_id=1924"},"modified":"2026-03-05T08:19:15","modified_gmt":"2026-03-05T08:19:15","slug":"queen-1-wurf","status":"publish","type":"page","link":"https:\/\/loka-samsara.de\/en\/queen-1-wurf\/","title":{"rendered":"Queeny 1. Litter"},"content":{"rendered":"<div data-elementor-type=\"wp-page\" data-elementor-id=\"1924\" class=\"elementor elementor-1924\">\n\t\t\t\t<div class=\"elementor-element elementor-element-489bfd64 e-flex e-con-boxed e-con e-parent\" data-id=\"489bfd64\" data-element_type=\"container\">\n\t\t\t\t\t<div class=\"e-con-inner\">\n\t\t<div class=\"elementor-element elementor-element-168ea72b e-con-full e-flex e-con e-child\" data-id=\"168ea72b\" data-element_type=\"container\" data-settings=\"{&quot;background_background&quot;:&quot;gradient&quot;}\">\n\t\t<div class=\"elementor-element elementor-element-679df53c e-con-full e-flex e-con e-child\" data-id=\"679df53c\" data-element_type=\"container\">\n\t\t\t\t<div class=\"elementor-element elementor-element-6fed6869 elementor-widget elementor-widget-heading\" data-id=\"6fed6869\" data-element_type=\"widget\" data-widget_type=\"heading.default\">\n\t\t\t\t\t<h2 class=\"elementor-heading-title elementor-size-default\">1th  Litter<\/h2>\t\t\t\t<\/div>\n\t\t<div class=\"elementor-element elementor-element-ad32cb0 e-con-full e-flex e-con e-child\" data-id=\"ad32cb0\" data-element_type=\"container\">\n\t\t\t\t<div class=\"elementor-element elementor-element-8eafbb5 elementor-widget elementor-widget-text-editor\" data-id=\"8eafbb5\" data-element_type=\"widget\" data-widget_type=\"text-editor.default\">\n\t\t\t\t\t\t\t\t\t<p>On November 1, 2021, Queeny gave life to the most beautiful puppy of my career.<\/p>\t\t\t\t\t\t\t\t<\/div>\n\t\t\t\t<div class=\"elementor-element elementor-element-fe5f494 elementor-widget elementor-widget-image\" data-id=\"fe5f494\" data-element_type=\"widget\" data-widget_type=\"image.default\">\n\t\t\t\t\t\t\t\t\t\t\t\t\t\t\t<img fetchpriority=\"high\" decoding=\"async\" width=\"640\" height=\"748\" src=\"https:\/\/loka-samsara.de\/wp-content\/uploads\/2026\/03\/Queenywelpen-768x897.jpg\" class=\"attachment-medium_large size-medium_large wp-image-1926\" alt=\"\" srcset=\"https:\/\/loka-samsara.de\/wp-content\/uploads\/2026\/03\/Queenywelpen-768x897.jpg 768w, https:\/\/loka-samsara.de\/wp-content\/uploads\/2026\/03\/Queenywelpen-257x300.jpg 257w, https:\/\/loka-samsara.de\/wp-content\/uploads\/2026\/03\/Queenywelpen-877x1024.jpg 877w, https:\/\/loka-samsara.de\/wp-content\/uploads\/2026\/03\/Queenywelpen-1315x1536.jpg 1315w, https:\/\/loka-samsara.de\/wp-content\/uploads\/2026\/03\/Queenywelpen-1754x2048.jpg 1754w, https:\/\/loka-samsara.de\/wp-content\/uploads\/2026\/03\/Queenywelpen-514x600.jpg 514w\" sizes=\"(max-width: 640px) 100vw, 640px\" \/>\t\t\t\t\t\t\t\t\t\t\t\t\t\t\t<\/div>\n\t\t<div class=\"elementor-element elementor-element-b801c95 e-flex e-con-boxed e-con e-child\" data-id=\"b801c95\" data-element_type=\"container\">\n\t\t\t\t\t<div class=\"e-con-inner\">\n\t\t<div class=\"elementor-element elementor-element-eda5eab e-flex e-con-boxed e-con e-child\" data-id=\"eda5eab\" data-element_type=\"container\">\n\t\t\t\t\t<div class=\"e-con-inner\">\n\t\t\t\t<div class=\"elementor-element elementor-element-47129bb elementor-widget elementor-widget-image\" data-id=\"47129bb\" data-element_type=\"widget\" data-widget_type=\"image.default\">\n\t\t\t\t\t\t\t\t\t\t\t\t\t\t\t<img decoding=\"async\" width=\"568\" height=\"1024\" src=\"https:\/\/loka-samsara.de\/wp-content\/uploads\/2026\/03\/Solea1-568x1024.jpg\" class=\"attachment-large size-large wp-image-1927\" alt=\"\" srcset=\"https:\/\/loka-samsara.de\/wp-content\/uploads\/2026\/03\/Solea1-568x1024.jpg 568w, https:\/\/loka-samsara.de\/wp-content\/uploads\/2026\/03\/Solea1-166x300.jpg 166w, https:\/\/loka-samsara.de\/wp-content\/uploads\/2026\/03\/Solea1-768x1384.jpg 768w, https:\/\/loka-samsara.de\/wp-content\/uploads\/2026\/03\/Solea1-333x600.jpg 333w, https:\/\/loka-samsara.de\/wp-content\/uploads\/2026\/03\/Solea1.jpg 800w\" sizes=\"(max-width: 568px) 100vw, 568px\" \/>\t\t\t\t\t\t\t\t\t\t\t\t\t\t\t<\/div>\n\t\t\t\t\t<\/div>\n\t\t\t\t<\/div>\n\t\t<div class=\"elementor-element elementor-element-0c14f84 e-con-full e-flex e-con e-child\" data-id=\"0c14f84\" data-element_type=\"container\">\n\t\t\t\t<div class=\"elementor-element elementor-element-8845e4c elementor-widget elementor-widget-text-editor\" data-id=\"8845e4c\" data-element_type=\"widget\" data-widget_type=\"text-editor.default\">\n\t\t\t\t\t\t\t\t\t<p>***sold***<\/p>\n<p>Solea<\/p>\n<p>female gold and white<\/p>\n<p>Born November 1, 2021<\/p>\n<p>at 5:50am<\/p>\n<p>187g<\/p>\t\t\t\t\t\t\t\t<\/div>\n\t\t\t\t<\/div>\n\t\t<div class=\"elementor-element elementor-element-5381497 e-con-full e-flex e-con e-child\" data-id=\"5381497\" data-element_type=\"container\">\n\t\t\t\t<div class=\"elementor-element elementor-element-e81544e elementor-widget elementor-widget-image\" data-id=\"e81544e\" data-element_type=\"widget\" data-widget_type=\"image.default\">\n\t\t\t\t\t\t\t\t\t\t\t\t\t\t\t<img decoding=\"async\" width=\"600\" height=\"800\" src=\"https:\/\/loka-samsara.de\/wp-content\/uploads\/2026\/03\/solea2.jpeg\" class=\"attachment-large size-large wp-image-1928\" alt=\"\" srcset=\"https:\/\/loka-samsara.de\/wp-content\/uploads\/2026\/03\/solea2.jpeg 600w, https:\/\/loka-samsara.de\/wp-content\/uploads\/2026\/03\/solea2-225x300.jpeg 225w, https:\/\/loka-samsara.de\/wp-content\/uploads\/2026\/03\/solea2-450x600.jpeg 450w\" sizes=\"(max-width: 600px) 100vw, 600px\" \/>\t\t\t\t\t\t\t\t\t\t\t\t\t\t\t<\/div>\n\t\t\t\t<\/div>\n\t\t\t\t\t<\/div>\n\t\t\t\t<\/div>\n\t\t<div class=\"elementor-element elementor-element-160e594 e-con-full e-flex e-con e-child\" data-id=\"160e594\" data-element_type=\"container\">\n\t\t<div class=\"elementor-element elementor-element-7e1d6af e-flex e-con-boxed e-con e-child\" data-id=\"7e1d6af\" data-element_type=\"container\">\n\t\t\t\t\t<div class=\"e-con-inner\">\n\t\t\t\t<div class=\"elementor-element elementor-element-974e6b9 elementor-widget elementor-widget-image\" data-id=\"974e6b9\" data-element_type=\"widget\" data-widget_type=\"image.default\">\n\t\t\t\t\t\t\t\t\t\t\t\t\t\t\t<img loading=\"lazy\" decoding=\"async\" width=\"628\" height=\"1024\" src=\"https:\/\/loka-samsara.de\/wp-content\/uploads\/2026\/03\/Siimba1-628x1024.jpg\" class=\"attachment-large size-large wp-image-1929\" alt=\"\" srcset=\"https:\/\/loka-samsara.de\/wp-content\/uploads\/2026\/03\/Siimba1-628x1024.jpg 628w, https:\/\/loka-samsara.de\/wp-content\/uploads\/2026\/03\/Siimba1-184x300.jpg 184w, https:\/\/loka-samsara.de\/wp-content\/uploads\/2026\/03\/Siimba1-768x1252.jpg 768w, https:\/\/loka-samsara.de\/wp-content\/uploads\/2026\/03\/Siimba1-368x600.jpg 368w, https:\/\/loka-samsara.de\/wp-content\/uploads\/2026\/03\/Siimba1.jpg 800w\" sizes=\"(max-width: 628px) 100vw, 628px\" \/>\t\t\t\t\t\t\t\t\t\t\t\t\t\t\t<\/div>\n\t\t\t\t\t<\/div>\n\t\t\t\t<\/div>\n\t\t<div class=\"elementor-element elementor-element-1db1681 e-con-full e-flex e-con e-child\" data-id=\"1db1681\" data-element_type=\"container\">\n\t\t\t\t<div class=\"elementor-element elementor-element-f200fd1 elementor-widget elementor-widget-text-editor\" data-id=\"f200fd1\" data-element_type=\"widget\" data-widget_type=\"text-editor.default\">\n\t\t\t\t\t\t\t\t\t<p>***sold***<\/p>\n<p>Siimba<\/p>\n<p>male gold white<\/p>\n<p>Born November 1, 2021<\/p>\n<p>at 6:17am<\/p>\n<p>194g<\/p>\t\t\t\t\t\t\t\t<\/div>\n\t\t\t\t<\/div>\n\t\t<div class=\"elementor-element elementor-element-68f8ce4 e-con-full e-flex e-con e-child\" data-id=\"68f8ce4\" data-element_type=\"container\">\n\t\t\t\t<div class=\"elementor-element elementor-element-abf1d59 elementor-widget elementor-widget-image\" data-id=\"abf1d59\" data-element_type=\"widget\" data-widget_type=\"image.default\">\n\t\t\t\t\t\t\t\t\t\t\t\t\t\t\t<img loading=\"lazy\" decoding=\"async\" width=\"600\" height=\"800\" src=\"https:\/\/loka-samsara.de\/wp-content\/uploads\/2026\/03\/Siimba2.jpeg\" class=\"attachment-large size-large wp-image-1930\" alt=\"\" srcset=\"https:\/\/loka-samsara.de\/wp-content\/uploads\/2026\/03\/Siimba2.jpeg 600w, https:\/\/loka-samsara.de\/wp-content\/uploads\/2026\/03\/Siimba2-225x300.jpeg 225w, https:\/\/loka-samsara.de\/wp-content\/uploads\/2026\/03\/Siimba2-450x600.jpeg 450w\" sizes=\"(max-width: 600px) 100vw, 600px\" \/>\t\t\t\t\t\t\t\t\t\t\t\t\t\t\t<\/div>\n\t\t\t\t<\/div>\n\t\t\t\t<\/div>\n\t\t<div class=\"elementor-element elementor-element-9e1067c e-con-full e-flex e-con e-child\" data-id=\"9e1067c\" data-element_type=\"container\">\n\t\t<div class=\"elementor-element elementor-element-31806b2 e-flex e-con-boxed e-con e-child\" data-id=\"31806b2\" data-element_type=\"container\">\n\t\t\t\t\t<div class=\"e-con-inner\">\n\t\t\t\t<div class=\"elementor-element elementor-element-f27bb58 elementor-widget elementor-widget-image\" data-id=\"f27bb58\" data-element_type=\"widget\" data-widget_type=\"image.default\">\n\t\t\t\t\t\t\t\t\t\t\t\t\t\t\t<img loading=\"lazy\" decoding=\"async\" width=\"640\" height=\"892\" src=\"https:\/\/loka-samsara.de\/wp-content\/uploads\/2026\/03\/Santanawelpe1-735x1024.jpg\" class=\"attachment-large size-large wp-image-1931\" alt=\"\" srcset=\"https:\/\/loka-samsara.de\/wp-content\/uploads\/2026\/03\/Santanawelpe1-735x1024.jpg 735w, https:\/\/loka-samsara.de\/wp-content\/uploads\/2026\/03\/Santanawelpe1-215x300.jpg 215w, https:\/\/loka-samsara.de\/wp-content\/uploads\/2026\/03\/Santanawelpe1-768x1069.jpg 768w, https:\/\/loka-samsara.de\/wp-content\/uploads\/2026\/03\/Santanawelpe1-431x600.jpg 431w, https:\/\/loka-samsara.de\/wp-content\/uploads\/2026\/03\/Santanawelpe1.jpg 800w\" sizes=\"(max-width: 640px) 100vw, 640px\" \/>\t\t\t\t\t\t\t\t\t\t\t\t\t\t\t<\/div>\n\t\t\t\t\t<\/div>\n\t\t\t\t<\/div>\n\t\t<div class=\"elementor-element elementor-element-4ef919f e-con-full e-flex e-con e-child\" data-id=\"4ef919f\" data-element_type=\"container\">\n\t\t\t\t<div class=\"elementor-element elementor-element-80a406b elementor-widget elementor-widget-text-editor\" data-id=\"80a406b\" data-element_type=\"widget\" data-widget_type=\"text-editor.default\">\n\t\t\t\t\t\t\t\t\t<p>*it's mine*<\/p>\n<p>Santana<\/p>\n<p>female gold and white<\/p>\n<p>Born November 1, 2021<\/p>\n<p>at 6:58 am<\/p>\n<p>180g<\/p>\t\t\t\t\t\t\t\t<\/div>\n\t\t\t\t<\/div>\n\t\t<div class=\"elementor-element elementor-element-2b65b9d e-con-full e-flex e-con e-child\" data-id=\"2b65b9d\" data-element_type=\"container\">\n\t\t\t\t<div class=\"elementor-element elementor-element-d848dd7 elementor-widget elementor-widget-image\" data-id=\"d848dd7\" data-element_type=\"widget\" data-widget_type=\"image.default\">\n\t\t\t\t\t\t\t\t\t\t\t\t\t\t\t<img loading=\"lazy\" decoding=\"async\" width=\"600\" height=\"800\" src=\"https:\/\/loka-samsara.de\/wp-content\/uploads\/2026\/03\/Santanawelpe2.jpeg\" class=\"attachment-large size-large wp-image-1932\" alt=\"\" srcset=\"https:\/\/loka-samsara.de\/wp-content\/uploads\/2026\/03\/Santanawelpe2.jpeg 600w, https:\/\/loka-samsara.de\/wp-content\/uploads\/2026\/03\/Santanawelpe2-225x300.jpeg 225w, https:\/\/loka-samsara.de\/wp-content\/uploads\/2026\/03\/Santanawelpe2-450x600.jpeg 450w\" sizes=\"(max-width: 600px) 100vw, 600px\" \/>\t\t\t\t\t\t\t\t\t\t\t\t\t\t\t<\/div>\n\t\t\t\t<\/div>\n\t\t\t\t<\/div>\n\t\t<div class=\"elementor-element elementor-element-435d321 e-con-full e-flex e-con e-child\" data-id=\"435d321\" data-element_type=\"container\">\n\t\t<div class=\"elementor-element elementor-element-f106677 e-flex e-con-boxed e-con e-child\" data-id=\"f106677\" data-element_type=\"container\">\n\t\t\t\t\t<div class=\"e-con-inner\">\n\t\t\t\t<div class=\"elementor-element elementor-element-c1d9ffa elementor-widget elementor-widget-image\" data-id=\"c1d9ffa\" data-element_type=\"widget\" data-widget_type=\"image.default\">\n\t\t\t\t\t\t\t\t\t\t\t\t\t\t\t<img loading=\"lazy\" decoding=\"async\" width=\"640\" height=\"785\" src=\"https:\/\/loka-samsara.de\/wp-content\/uploads\/2026\/03\/Saabiwelpe1.jpg\" class=\"attachment-large size-large wp-image-1933\" alt=\"\" srcset=\"https:\/\/loka-samsara.de\/wp-content\/uploads\/2026\/03\/Saabiwelpe1.jpg 800w, https:\/\/loka-samsara.de\/wp-content\/uploads\/2026\/03\/Saabiwelpe1-245x300.jpg 245w, https:\/\/loka-samsara.de\/wp-content\/uploads\/2026\/03\/Saabiwelpe1-768x942.jpg 768w, https:\/\/loka-samsara.de\/wp-content\/uploads\/2026\/03\/Saabiwelpe1-489x600.jpg 489w\" sizes=\"(max-width: 640px) 100vw, 640px\" \/>\t\t\t\t\t\t\t\t\t\t\t\t\t\t\t<\/div>\n\t\t\t\t\t<\/div>\n\t\t\t\t<\/div>\n\t\t<div class=\"elementor-element elementor-element-07853e3 e-con-full e-flex e-con e-child\" data-id=\"07853e3\" data-element_type=\"container\">\n\t\t\t\t<div class=\"elementor-element elementor-element-0dd02e3 elementor-widget elementor-widget-text-editor\" data-id=\"0dd02e3\" data-element_type=\"widget\" data-widget_type=\"text-editor.default\">\n\t\t\t\t\t\t\t\t\t<p>*it's mine*<\/p>\n<p>Saabi<\/p>\n<p>female gold and white<\/p>\n<p>Born November 1, 2021<\/p>\n<p>at 7:05 am<\/p>\n<p>190g<\/p>\t\t\t\t\t\t\t\t<\/div>\n\t\t\t\t<\/div>\n\t\t<div class=\"elementor-element elementor-element-fa4de60 e-con-full e-flex e-con e-child\" data-id=\"fa4de60\" data-element_type=\"container\">\n\t\t\t\t<div class=\"elementor-element elementor-element-4eb802d elementor-widget elementor-widget-image\" data-id=\"4eb802d\" data-element_type=\"widget\" data-widget_type=\"image.default\">\n\t\t\t\t\t\t\t\t\t\t\t\t\t\t\t<img loading=\"lazy\" decoding=\"async\" width=\"600\" height=\"701\" src=\"https:\/\/loka-samsara.de\/wp-content\/uploads\/2026\/03\/Saabiwelpe2.jpeg\" class=\"attachment-large size-large wp-image-1934\" alt=\"\" srcset=\"https:\/\/loka-samsara.de\/wp-content\/uploads\/2026\/03\/Saabiwelpe2.jpeg 600w, https:\/\/loka-samsara.de\/wp-content\/uploads\/2026\/03\/Saabiwelpe2-257x300.jpeg 257w, https:\/\/loka-samsara.de\/wp-content\/uploads\/2026\/03\/Saabiwelpe2-514x600.jpeg 514w\" sizes=\"(max-width: 600px) 100vw, 600px\" \/>\t\t\t\t\t\t\t\t\t\t\t\t\t\t\t<\/div>\n\t\t\t\t<\/div>\n\t\t\t\t<\/div>\n\t\t<div class=\"elementor-element elementor-element-0587ad0 e-con-full e-flex e-con e-child\" data-id=\"0587ad0\" data-element_type=\"container\">\n\t\t<div class=\"elementor-element elementor-element-f8da13d e-flex e-con-boxed e-con e-child\" data-id=\"f8da13d\" data-element_type=\"container\">\n\t\t\t\t\t<div class=\"e-con-inner\">\n\t\t\t\t<div class=\"elementor-element elementor-element-71c94b7 elementor-widget elementor-widget-image\" data-id=\"71c94b7\" data-element_type=\"widget\" data-widget_type=\"image.default\">\n\t\t\t\t\t\t\t\t\t\t\t\t\t\t\t<img loading=\"lazy\" decoding=\"async\" width=\"640\" height=\"1019\" src=\"https:\/\/loka-samsara.de\/wp-content\/uploads\/2026\/03\/Sanala1-643x1024.jpg\" class=\"attachment-large size-large wp-image-1935\" alt=\"\" srcset=\"https:\/\/loka-samsara.de\/wp-content\/uploads\/2026\/03\/Sanala1-643x1024.jpg 643w, https:\/\/loka-samsara.de\/wp-content\/uploads\/2026\/03\/Sanala1-188x300.jpg 188w, https:\/\/loka-samsara.de\/wp-content\/uploads\/2026\/03\/Sanala1-768x1223.jpg 768w, https:\/\/loka-samsara.de\/wp-content\/uploads\/2026\/03\/Sanala1-377x600.jpg 377w, https:\/\/loka-samsara.de\/wp-content\/uploads\/2026\/03\/Sanala1.jpg 800w\" sizes=\"(max-width: 640px) 100vw, 640px\" \/>\t\t\t\t\t\t\t\t\t\t\t\t\t\t\t<\/div>\n\t\t\t\t\t<\/div>\n\t\t\t\t<\/div>\n\t\t<div class=\"elementor-element elementor-element-5068b8c e-con-full e-flex e-con e-child\" data-id=\"5068b8c\" data-element_type=\"container\">\n\t\t\t\t<div class=\"elementor-element elementor-element-c601cf4 elementor-widget elementor-widget-text-editor\" data-id=\"c601cf4\" data-element_type=\"widget\" data-widget_type=\"text-editor.default\">\n\t\t\t\t\t\t\t\t\t<p>***sold***<\/p>\n<p>Sanala<\/p>\n<p>female gold and white<\/p>\n<p>Born November 1, 2021<\/p>\n<p>at 7:30 am<\/p>\n<p>205g<\/p>\t\t\t\t\t\t\t\t<\/div>\n\t\t\t\t<\/div>\n\t\t<div class=\"elementor-element elementor-element-1733228 e-con-full e-flex e-con e-child\" data-id=\"1733228\" data-element_type=\"container\">\n\t\t\t\t<div class=\"elementor-element elementor-element-5cde376 elementor-widget elementor-widget-image\" data-id=\"5cde376\" data-element_type=\"widget\" data-widget_type=\"image.default\">\n\t\t\t\t\t\t\t\t\t\t\t\t\t\t\t<img loading=\"lazy\" decoding=\"async\" width=\"600\" height=\"723\" src=\"https:\/\/loka-samsara.de\/wp-content\/uploads\/2026\/03\/Sanala2.jpeg\" class=\"attachment-large size-large wp-image-1936\" alt=\"\" srcset=\"https:\/\/loka-samsara.de\/wp-content\/uploads\/2026\/03\/Sanala2.jpeg 600w, https:\/\/loka-samsara.de\/wp-content\/uploads\/2026\/03\/Sanala2-249x300.jpeg 249w, https:\/\/loka-samsara.de\/wp-content\/uploads\/2026\/03\/Sanala2-498x600.jpeg 498w\" sizes=\"(max-width: 600px) 100vw, 600px\" \/>\t\t\t\t\t\t\t\t\t\t\t\t\t\t\t<\/div>\n\t\t\t\t<\/div>\n\t\t\t\t<\/div>\n\t\t<div class=\"elementor-element elementor-element-8838997 e-con-full e-flex e-con e-child\" data-id=\"8838997\" data-element_type=\"container\">\n\t\t<div class=\"elementor-element elementor-element-17fe045 e-flex e-con-boxed e-con e-child\" data-id=\"17fe045\" data-element_type=\"container\">\n\t\t\t\t\t<div class=\"e-con-inner\">\n\t\t\t\t<div class=\"elementor-element elementor-element-4fe75b4 elementor-widget elementor-widget-image\" data-id=\"4fe75b4\" data-element_type=\"widget\" data-widget_type=\"image.default\">\n\t\t\t\t\t\t\t\t\t\t\t\t\t\t\t<img loading=\"lazy\" decoding=\"async\" width=\"600\" height=\"728\" src=\"https:\/\/loka-samsara.de\/wp-content\/uploads\/2026\/03\/Sookie2.jpeg\" class=\"attachment-large size-large wp-image-1938\" alt=\"\" srcset=\"https:\/\/loka-samsara.de\/wp-content\/uploads\/2026\/03\/Sookie2.jpeg 600w, https:\/\/loka-samsara.de\/wp-content\/uploads\/2026\/03\/Sookie2-247x300.jpeg 247w, https:\/\/loka-samsara.de\/wp-content\/uploads\/2026\/03\/Sookie2-495x600.jpeg 495w\" sizes=\"(max-width: 600px) 100vw, 600px\" \/>\t\t\t\t\t\t\t\t\t\t\t\t\t\t\t<\/div>\n\t\t\t\t\t<\/div>\n\t\t\t\t<\/div>\n\t\t<div class=\"elementor-element elementor-element-3363585 e-con-full e-flex e-con e-child\" data-id=\"3363585\" data-element_type=\"container\">\n\t\t\t\t<div class=\"elementor-element elementor-element-00d23da elementor-widget elementor-widget-text-editor\" data-id=\"00d23da\" data-element_type=\"widget\" data-widget_type=\"text-editor.default\">\n\t\t\t\t\t\t\t\t\t<p>***sold***<\/p>\n<p>Sookie<\/p>\n<p>female gold and white<\/p>\n<p>Born November 1, 2021<\/p>\n<p>at 7:50 am<\/p>\n<p>192g<\/p>\t\t\t\t\t\t\t\t<\/div>\n\t\t\t\t<\/div>\n\t\t<div class=\"elementor-element elementor-element-bf37256 e-con-full e-flex e-con e-child\" data-id=\"bf37256\" data-element_type=\"container\">\n\t\t\t\t<div class=\"elementor-element elementor-element-599a12b elementor-widget elementor-widget-image\" data-id=\"599a12b\" data-element_type=\"widget\" data-widget_type=\"image.default\">\n\t\t\t\t\t\t\t\t\t\t\t\t\t\t\t<img loading=\"lazy\" decoding=\"async\" width=\"600\" height=\"728\" src=\"https:\/\/loka-samsara.de\/wp-content\/uploads\/2026\/03\/Sookie2.jpeg\" class=\"attachment-large size-large wp-image-1938\" alt=\"\" srcset=\"https:\/\/loka-samsara.de\/wp-content\/uploads\/2026\/03\/Sookie2.jpeg 600w, https:\/\/loka-samsara.de\/wp-content\/uploads\/2026\/03\/Sookie2-247x300.jpeg 247w, https:\/\/loka-samsara.de\/wp-content\/uploads\/2026\/03\/Sookie2-495x600.jpeg 495w\" sizes=\"(max-width: 600px) 100vw, 600px\" \/>\t\t\t\t\t\t\t\t\t\t\t\t\t\t\t<\/div>\n\t\t\t\t<\/div>\n\t\t\t\t<\/div>\n\t\t\t\t<\/div>\n\t\t\t\t<\/div>\n\t\t\t\t<\/div>\n\t\t\t\t\t<\/div>\n\t\t\t\t<\/div>\n\t\t\t\t<\/div>","protected":false},"excerpt":{"rendered":"<p>1.Wurf Queeny hat am 1.11.2021 den sch\u00f6nsten Welpen meiner Kariere das Leben geschenkt *Verkauft* Solea H\u00fcndin Gold Weiss geboren am 01.11.2021 um 5:50 Uhr 187g *Verkauft* Siimba R\u00fcde gold-weiss geboren am 1.11.2021 um 6:17 Uhr 194g *Meins* Santana H\u00fcndin gold-weiss geboren am 1.11.2021 um 6:58 Uhr 180g *Meins* Saabi H\u00fcndin gold-weiss geboren am 1.11.2021 um [&hellip;]<\/p>\n","protected":false},"author":2,"featured_media":0,"parent":0,"menu_order":0,"comment_status":"closed","ping_status":"closed","template":"elementor_header_footer","meta":{"inline_featured_image":false,"two_page_speed":[],"footnotes":""},"class_list":["post-1924","page","type-page","status-publish","hentry"],"_links":{"self":[{"href":"https:\/\/loka-samsara.de\/en\/wp-json\/wp\/v2\/pages\/1924","targetHints":{"allow":["GET"]}}],"collection":[{"href":"https:\/\/loka-samsara.de\/en\/wp-json\/wp\/v2\/pages"}],"about":[{"href":"https:\/\/loka-samsara.de\/en\/wp-json\/wp\/v2\/types\/page"}],"author":[{"embeddable":true,"href":"https:\/\/loka-samsara.de\/en\/wp-json\/wp\/v2\/users\/2"}],"replies":[{"embeddable":true,"href":"https:\/\/loka-samsara.de\/en\/wp-json\/wp\/v2\/comments?post=1924"}],"version-history":[{"count":0,"href":"https:\/\/loka-samsara.de\/en\/wp-json\/wp\/v2\/pages\/1924\/revisions"}],"wp:attachment":[{"href":"https:\/\/loka-samsara.de\/en\/wp-json\/wp\/v2\/media?parent=1924"}],"curies":[{"name":"wp","href":"https:\/\/api.w.org\/{rel}","templated":true}]}}