{"id":1944,"date":"2026-03-02T16:04:47","date_gmt":"2026-03-02T16:04:47","guid":{"rendered":"https:\/\/loka-samsara.de\/?page_id=1944"},"modified":"2026-03-07T21:16:21","modified_gmt":"2026-03-07T21:16:21","slug":"rija-1-wurf","status":"publish","type":"page","link":"https:\/\/loka-samsara.de\/en\/rija-1-wurf\/","title":{"rendered":"Rija 1. Litter"},"content":{"rendered":"<div data-elementor-type=\"wp-page\" data-elementor-id=\"1944\" class=\"elementor elementor-1944\">\n\t\t\t\t<div class=\"elementor-element elementor-element-489bfd64 e-flex e-con-boxed e-con e-parent\" data-id=\"489bfd64\" data-element_type=\"container\">\n\t\t\t\t\t<div class=\"e-con-inner\">\n\t\t<div class=\"elementor-element elementor-element-168ea72b e-con-full e-flex e-con e-child\" data-id=\"168ea72b\" data-element_type=\"container\" data-settings=\"{&quot;background_background&quot;:&quot;gradient&quot;}\">\n\t\t<div class=\"elementor-element elementor-element-679df53c e-con-full e-flex e-con e-child\" data-id=\"679df53c\" data-element_type=\"container\">\n\t\t\t\t<div class=\"elementor-element elementor-element-6fed6869 elementor-widget elementor-widget-heading\" data-id=\"6fed6869\" data-element_type=\"widget\" data-widget_type=\"heading.default\">\n\t\t\t\t\t<h2 class=\"elementor-heading-title elementor-size-default\">1th  Litter<\/h2>\t\t\t\t<\/div>\n\t\t<div class=\"elementor-element elementor-element-ad32cb0 e-con-full e-flex e-con e-child\" data-id=\"ad32cb0\" data-element_type=\"container\">\n\t\t\t\t<div class=\"elementor-element elementor-element-8eafbb5 elementor-widget elementor-widget-text-editor\" data-id=\"8eafbb5\" data-element_type=\"widget\" data-widget_type=\"text-editor.default\">\n\t\t\t\t\t\t\t\t\t<p>Ria hat am 10.12.2023, \u00a03 wundersch\u00f6nen Welpen das Leben geschenkt<\/p>\t\t\t\t\t\t\t\t<\/div>\n\t\t\t\t<div class=\"elementor-element elementor-element-fe5f494 elementor-widget elementor-widget-image\" data-id=\"fe5f494\" data-element_type=\"widget\" data-widget_type=\"image.default\">\n\t\t\t\t\t\t\t\t\t\t\t\t\t\t\t<img fetchpriority=\"high\" decoding=\"async\" width=\"245\" height=\"300\" src=\"https:\/\/loka-samsara.de\/wp-content\/uploads\/2026\/03\/Rijawelpen-245x300.jpeg\" class=\"attachment-medium size-medium wp-image-1947\" alt=\"\" srcset=\"https:\/\/loka-samsara.de\/wp-content\/uploads\/2026\/03\/Rijawelpen-245x300.jpeg 245w, https:\/\/loka-samsara.de\/wp-content\/uploads\/2026\/03\/Rijawelpen-768x940.jpeg 768w, https:\/\/loka-samsara.de\/wp-content\/uploads\/2026\/03\/Rijawelpen-490x600.jpeg 490w, https:\/\/loka-samsara.de\/wp-content\/uploads\/2026\/03\/Rijawelpen.jpeg 800w\" sizes=\"(max-width: 245px) 100vw, 245px\" \/>\t\t\t\t\t\t\t\t\t\t\t\t\t\t\t<\/div>\n\t\t<div class=\"elementor-element elementor-element-b801c95 e-con-full e-flex e-con e-child\" data-id=\"b801c95\" data-element_type=\"container\">\n\t\t<div class=\"elementor-element elementor-element-eda5eab e-flex e-con-boxed e-con e-child\" data-id=\"eda5eab\" data-element_type=\"container\">\n\t\t\t\t\t<div class=\"e-con-inner\">\n\t\t\t\t<div class=\"elementor-element elementor-element-47129bb elementor-widget elementor-widget-image\" data-id=\"47129bb\" data-element_type=\"widget\" data-widget_type=\"image.default\">\n\t\t\t\t\t\t\t\t\t\t\t\t\t\t\t<img decoding=\"async\" width=\"640\" height=\"654\" src=\"https:\/\/loka-samsara.de\/wp-content\/uploads\/2026\/03\/Uniquemolly.jpeg\" class=\"attachment-large size-large wp-image-1949\" alt=\"\" srcset=\"https:\/\/loka-samsara.de\/wp-content\/uploads\/2026\/03\/Uniquemolly.jpeg 800w, https:\/\/loka-samsara.de\/wp-content\/uploads\/2026\/03\/Uniquemolly-293x300.jpeg 293w, https:\/\/loka-samsara.de\/wp-content\/uploads\/2026\/03\/Uniquemolly-768x785.jpeg 768w, https:\/\/loka-samsara.de\/wp-content\/uploads\/2026\/03\/Uniquemolly-587x600.jpeg 587w\" sizes=\"(max-width: 640px) 100vw, 640px\" \/>\t\t\t\t\t\t\t\t\t\t\t\t\t\t\t<\/div>\n\t\t\t\t\t<\/div>\n\t\t\t\t<\/div>\n\t\t<div class=\"elementor-element elementor-element-0c14f84 e-con-full e-flex e-con e-child\" data-id=\"0c14f84\" data-element_type=\"container\">\n\t\t\t\t<div class=\"elementor-element elementor-element-8845e4c elementor-widget elementor-widget-text-editor\" data-id=\"8845e4c\" data-element_type=\"widget\" data-widget_type=\"text-editor.default\">\n\t\t\t\t\t\t\t\t\t<p>*Sold*<br \/>Unique Molly<br \/>female gold and white<br \/>born December 10, 2023<br \/>at 1:27pm<br \/>166g<\/p>\t\t\t\t\t\t\t\t<\/div>\n\t\t\t\t<\/div>\n\t\t\t\t<\/div>\n\t\t<div class=\"elementor-element elementor-element-160e594 e-con-full e-flex e-con e-child\" data-id=\"160e594\" data-element_type=\"container\">\n\t\t<div class=\"elementor-element elementor-element-7e1d6af e-flex e-con-boxed e-con e-child\" data-id=\"7e1d6af\" data-element_type=\"container\">\n\t\t\t\t\t<div class=\"e-con-inner\">\n\t\t\t\t<div class=\"elementor-element elementor-element-974e6b9 elementor-widget elementor-widget-image\" data-id=\"974e6b9\" data-element_type=\"widget\" data-widget_type=\"image.default\">\n\t\t\t\t\t\t\t\t\t\t\t\t\t\t\t<img decoding=\"async\" width=\"640\" height=\"662\" src=\"https:\/\/loka-samsara.de\/wp-content\/uploads\/2026\/03\/Unalasally.jpeg\" class=\"attachment-large size-large wp-image-1948\" alt=\"\" srcset=\"https:\/\/loka-samsara.de\/wp-content\/uploads\/2026\/03\/Unalasally.jpeg 800w, https:\/\/loka-samsara.de\/wp-content\/uploads\/2026\/03\/Unalasally-290x300.jpeg 290w, https:\/\/loka-samsara.de\/wp-content\/uploads\/2026\/03\/Unalasally-768x795.jpeg 768w, https:\/\/loka-samsara.de\/wp-content\/uploads\/2026\/03\/Unalasally-580x600.jpeg 580w\" sizes=\"(max-width: 640px) 100vw, 640px\" \/>\t\t\t\t\t\t\t\t\t\t\t\t\t\t\t<\/div>\n\t\t\t\t\t<\/div>\n\t\t\t\t<\/div>\n\t\t<div class=\"elementor-element elementor-element-1db1681 e-con-full e-flex e-con e-child\" data-id=\"1db1681\" data-element_type=\"container\">\n\t\t\t\t<div class=\"elementor-element elementor-element-f200fd1 elementor-widget elementor-widget-text-editor\" data-id=\"f200fd1\" data-element_type=\"widget\" data-widget_type=\"text-editor.default\">\n\t\t\t\t\t\t\t\t\t<p>*Sold*<br \/>Unala Sally<br \/>female gold and white<br \/>born December 10, 2023<br \/>at 2:26 pm<br \/>176g<\/p>\t\t\t\t\t\t\t\t<\/div>\n\t\t\t\t<\/div>\n\t\t\t\t<\/div>\n\t\t<div class=\"elementor-element elementor-element-9e1067c e-con-full e-flex e-con e-child\" data-id=\"9e1067c\" data-element_type=\"container\">\n\t\t<div class=\"elementor-element elementor-element-31806b2 e-flex e-con-boxed e-con e-child\" data-id=\"31806b2\" data-element_type=\"container\">\n\t\t\t\t\t<div class=\"e-con-inner\">\n\t\t\t\t<div class=\"elementor-element elementor-element-f27bb58 elementor-widget elementor-widget-image\" data-id=\"f27bb58\" data-element_type=\"widget\" data-widget_type=\"image.default\">\n\t\t\t\t\t\t\t\t\t\t\t\t\t\t\t<img loading=\"lazy\" decoding=\"async\" width=\"640\" height=\"606\" src=\"https:\/\/loka-samsara.de\/wp-content\/uploads\/2026\/03\/Uun-Jing.jpeg\" class=\"attachment-large size-large wp-image-1950\" alt=\"\" srcset=\"https:\/\/loka-samsara.de\/wp-content\/uploads\/2026\/03\/Uun-Jing.jpeg 800w, https:\/\/loka-samsara.de\/wp-content\/uploads\/2026\/03\/Uun-Jing-300x284.jpeg 300w, https:\/\/loka-samsara.de\/wp-content\/uploads\/2026\/03\/Uun-Jing-768x728.jpeg 768w, https:\/\/loka-samsara.de\/wp-content\/uploads\/2026\/03\/Uun-Jing-600x569.jpeg 600w\" sizes=\"(max-width: 640px) 100vw, 640px\" \/>\t\t\t\t\t\t\t\t\t\t\t\t\t\t\t<\/div>\n\t\t\t\t\t<\/div>\n\t\t\t\t<\/div>\n\t\t<div class=\"elementor-element elementor-element-4ef919f e-con-full e-flex e-con e-child\" data-id=\"4ef919f\" data-element_type=\"container\">\n\t\t\t\t<div class=\"elementor-element elementor-element-80a406b elementor-widget elementor-widget-text-editor\" data-id=\"80a406b\" data-element_type=\"widget\" data-widget_type=\"text-editor.default\">\n\t\t\t\t\t\t\t\t\t<p>*Sold*<br \/>Uu-Njing<br \/>male black and white<br \/>born December 10, 2023<br \/>at 3:54pm<br \/>177g<\/p>\t\t\t\t\t\t\t\t<\/div>\n\t\t\t\t<\/div>\n\t\t\t\t<\/div>\n\t\t\t\t<\/div>\n\t\t\t\t<\/div>\n\t\t\t\t<\/div>\n\t\t\t\t\t<\/div>\n\t\t\t\t<\/div>\n\t\t\t\t<\/div>","protected":false},"excerpt":{"rendered":"<p>1.Wurf Ria hat am 10.12.2023, \u00a03 wundersch\u00f6nen Welpen das Leben geschenkt *VERKAUFT*Unique MollyH\u00fcndin Gold Weissgeboren am 10.12.2023um 13:27 Uhr166g *VERKAUFT*Unala SallyH\u00fcndin gold-weissgeboren am 10.12.2023um 14:26 Uhr176g *VERKAUFT*Uu-NjingR\u00fcde schwarz-weissgeboren am 10.12.2023um 15:54 Uh177g<\/p>","protected":false},"author":2,"featured_media":0,"parent":0,"menu_order":0,"comment_status":"closed","ping_status":"closed","template":"elementor_header_footer","meta":{"inline_featured_image":false,"two_page_speed":[],"footnotes":""},"class_list":["post-1944","page","type-page","status-publish","hentry"],"_links":{"self":[{"href":"https:\/\/loka-samsara.de\/en\/wp-json\/wp\/v2\/pages\/1944","targetHints":{"allow":["GET"]}}],"collection":[{"href":"https:\/\/loka-samsara.de\/en\/wp-json\/wp\/v2\/pages"}],"about":[{"href":"https:\/\/loka-samsara.de\/en\/wp-json\/wp\/v2\/types\/page"}],"author":[{"embeddable":true,"href":"https:\/\/loka-samsara.de\/en\/wp-json\/wp\/v2\/users\/2"}],"replies":[{"embeddable":true,"href":"https:\/\/loka-samsara.de\/en\/wp-json\/wp\/v2\/comments?post=1944"}],"version-history":[{"count":0,"href":"https:\/\/loka-samsara.de\/en\/wp-json\/wp\/v2\/pages\/1944\/revisions"}],"wp:attachment":[{"href":"https:\/\/loka-samsara.de\/en\/wp-json\/wp\/v2\/media?parent=1944"}],"curies":[{"name":"wp","href":"https:\/\/api.w.org\/{rel}","templated":true}]}}