{"id":1955,"date":"2026-03-02T16:24:50","date_gmt":"2026-03-02T16:24:50","guid":{"rendered":"https:\/\/loka-samsara.de\/?page_id=1955"},"modified":"2026-03-08T08:45:35","modified_gmt":"2026-03-08T08:45:35","slug":"santana-1-wurf","status":"publish","type":"page","link":"https:\/\/loka-samsara.de\/en\/santana-1-wurf\/","title":{"rendered":"Santana 1. Litter"},"content":{"rendered":"<div data-elementor-type=\"wp-page\" data-elementor-id=\"1955\" class=\"elementor elementor-1955\">\n\t\t\t\t<div class=\"elementor-element elementor-element-489bfd64 e-flex e-con-boxed e-con e-parent\" data-id=\"489bfd64\" data-element_type=\"container\">\n\t\t\t\t\t<div class=\"e-con-inner\">\n\t\t<div class=\"elementor-element elementor-element-168ea72b e-con-full e-flex e-con e-child\" data-id=\"168ea72b\" data-element_type=\"container\" data-settings=\"{&quot;background_background&quot;:&quot;gradient&quot;}\">\n\t\t<div class=\"elementor-element elementor-element-679df53c e-con-full e-flex e-con e-child\" data-id=\"679df53c\" data-element_type=\"container\">\n\t\t\t\t<div class=\"elementor-element elementor-element-6fed6869 elementor-widget elementor-widget-heading\" data-id=\"6fed6869\" data-element_type=\"widget\" data-widget_type=\"heading.default\">\n\t\t\t\t\t<h2 class=\"elementor-heading-title elementor-size-default\">1th  Litter<\/h2>\t\t\t\t<\/div>\n\t\t<div class=\"elementor-element elementor-element-ad32cb0 e-con-full e-flex e-con e-child\" data-id=\"ad32cb0\" data-element_type=\"container\">\n\t\t\t\t<div class=\"elementor-element elementor-element-8eafbb5 elementor-widget elementor-widget-text-editor\" data-id=\"8eafbb5\" data-element_type=\"widget\" data-widget_type=\"text-editor.default\">\n\t\t\t\t\t\t\t\t\t<p>SANTANA hat am 27.12.2024, \u00a05 wundersch\u00f6nen Welpen das Leben geschenkt<\/p>\t\t\t\t\t\t\t\t<\/div>\n\t\t\t\t<div class=\"elementor-element elementor-element-fe5f494 elementor-widget elementor-widget-image\" data-id=\"fe5f494\" data-element_type=\"widget\" data-widget_type=\"image.default\">\n\t\t\t\t\t\t\t\t\t\t\t\t\t\t\t<img fetchpriority=\"high\" decoding=\"async\" width=\"300\" height=\"225\" src=\"https:\/\/loka-samsara.de\/wp-content\/uploads\/2026\/03\/Giulia-wurf-2-300x225.jpg\" class=\"attachment-medium size-medium wp-image-1740\" alt=\"\" srcset=\"https:\/\/loka-samsara.de\/wp-content\/uploads\/2026\/03\/Giulia-wurf-2-300x225.jpg 300w, https:\/\/loka-samsara.de\/wp-content\/uploads\/2026\/03\/Giulia-wurf-2-768x576.jpg 768w, https:\/\/loka-samsara.de\/wp-content\/uploads\/2026\/03\/Giulia-wurf-2-600x450.jpg 600w, https:\/\/loka-samsara.de\/wp-content\/uploads\/2026\/03\/Giulia-wurf-2.jpg 1024w\" sizes=\"(max-width: 300px) 100vw, 300px\" \/>\t\t\t\t\t\t\t\t\t\t\t\t\t\t\t<\/div>\n\t\t<div class=\"elementor-element elementor-element-b801c95 e-flex e-con-boxed e-con e-child\" data-id=\"b801c95\" data-element_type=\"container\">\n\t\t\t\t\t<div class=\"e-con-inner\">\n\t\t<div class=\"elementor-element elementor-element-eda5eab e-flex e-con-boxed e-con e-child\" data-id=\"eda5eab\" data-element_type=\"container\">\n\t\t\t\t\t<div class=\"e-con-inner\">\n\t\t\t\t<div class=\"elementor-element elementor-element-47129bb elementor-widget elementor-widget-image\" data-id=\"47129bb\" data-element_type=\"widget\" data-widget_type=\"image.default\">\n\t\t\t\t\t\t\t\t\t\t\t\t\t\t\t<img decoding=\"async\" width=\"640\" height=\"853\" src=\"https:\/\/loka-samsara.de\/wp-content\/uploads\/2026\/03\/Vivicca1-768x1024.jpeg\" class=\"attachment-large size-large wp-image-1966\" alt=\"\" srcset=\"https:\/\/loka-samsara.de\/wp-content\/uploads\/2026\/03\/Vivicca1-768x1024.jpeg 768w, https:\/\/loka-samsara.de\/wp-content\/uploads\/2026\/03\/Vivicca1-225x300.jpeg 225w, https:\/\/loka-samsara.de\/wp-content\/uploads\/2026\/03\/Vivicca1-1152x1536.jpeg 1152w, https:\/\/loka-samsara.de\/wp-content\/uploads\/2026\/03\/Vivicca1-450x600.jpeg 450w, https:\/\/loka-samsara.de\/wp-content\/uploads\/2026\/03\/Vivicca1.jpeg 1536w\" sizes=\"(max-width: 640px) 100vw, 640px\" \/>\t\t\t\t\t\t\t\t\t\t\t\t\t\t\t<\/div>\n\t\t\t\t\t<\/div>\n\t\t\t\t<\/div>\n\t\t<div class=\"elementor-element elementor-element-0c14f84 e-con-full e-flex e-con e-child\" data-id=\"0c14f84\" data-element_type=\"container\">\n\t\t\t\t<div class=\"elementor-element elementor-element-8845e4c elementor-widget elementor-widget-text-editor\" data-id=\"8845e4c\" data-element_type=\"widget\" data-widget_type=\"text-editor.default\">\n\t\t\t\t\t\t\t\t\t<p>***sold***<br \/>Vivicca<br \/>female solid gold<br \/>geboren am 27.12.2024<br \/>at 10:07am<br \/>216g<\/p>\t\t\t\t\t\t\t\t<\/div>\n\t\t\t\t<\/div>\n\t\t<div class=\"elementor-element elementor-element-5381497 e-con-full e-flex e-con e-child\" data-id=\"5381497\" data-element_type=\"container\">\n\t\t\t\t<div class=\"elementor-element elementor-element-e81544e elementor-widget elementor-widget-image\" data-id=\"e81544e\" data-element_type=\"widget\" data-widget_type=\"image.default\">\n\t\t\t\t\t\t\t\t\t\t\t\t\t\t\t<img decoding=\"async\" width=\"400\" height=\"533\" src=\"https:\/\/loka-samsara.de\/wp-content\/uploads\/2026\/03\/Vivicca2.jpeg\" class=\"attachment-large size-large wp-image-1967\" alt=\"\" srcset=\"https:\/\/loka-samsara.de\/wp-content\/uploads\/2026\/03\/Vivicca2.jpeg 400w, https:\/\/loka-samsara.de\/wp-content\/uploads\/2026\/03\/Vivicca2-225x300.jpeg 225w\" sizes=\"(max-width: 400px) 100vw, 400px\" \/>\t\t\t\t\t\t\t\t\t\t\t\t\t\t\t<\/div>\n\t\t\t\t<\/div>\n\t\t\t\t\t<\/div>\n\t\t\t\t<\/div>\n\t\t<div class=\"elementor-element elementor-element-160e594 e-con-full e-flex e-con e-child\" data-id=\"160e594\" data-element_type=\"container\">\n\t\t<div class=\"elementor-element elementor-element-7e1d6af e-flex e-con-boxed e-con e-child\" data-id=\"7e1d6af\" data-element_type=\"container\">\n\t\t\t\t\t<div class=\"e-con-inner\">\n\t\t\t\t<div class=\"elementor-element elementor-element-974e6b9 elementor-widget elementor-widget-image\" data-id=\"974e6b9\" data-element_type=\"widget\" data-widget_type=\"image.default\">\n\t\t\t\t\t\t\t\t\t\t\t\t\t\t\t<img loading=\"lazy\" decoding=\"async\" width=\"400\" height=\"495\" src=\"https:\/\/loka-samsara.de\/wp-content\/uploads\/2026\/03\/Vishnu1.jpeg\" class=\"attachment-large size-large wp-image-1965\" alt=\"\" srcset=\"https:\/\/loka-samsara.de\/wp-content\/uploads\/2026\/03\/Vishnu1.jpeg 400w, https:\/\/loka-samsara.de\/wp-content\/uploads\/2026\/03\/Vishnu1-242x300.jpeg 242w\" sizes=\"(max-width: 400px) 100vw, 400px\" \/>\t\t\t\t\t\t\t\t\t\t\t\t\t\t\t<\/div>\n\t\t\t\t\t<\/div>\n\t\t\t\t<\/div>\n\t\t<div class=\"elementor-element elementor-element-1db1681 e-con-full e-flex e-con e-child\" data-id=\"1db1681\" data-element_type=\"container\">\n\t\t\t\t<div class=\"elementor-element elementor-element-f200fd1 elementor-widget elementor-widget-text-editor\" data-id=\"f200fd1\" data-element_type=\"widget\" data-widget_type=\"text-editor.default\">\n\t\t\t\t\t\t\t\t\t<p>***sold***<br \/>Vishnu<br \/>male gold white<br \/>geboren am 27.12.2024<br \/>at 10:56 am<br \/>168g<\/p>\t\t\t\t\t\t\t\t<\/div>\n\t\t\t\t<\/div>\n\t\t<div class=\"elementor-element elementor-element-68f8ce4 e-con-full e-flex e-con e-child\" data-id=\"68f8ce4\" data-element_type=\"container\">\n\t\t\t\t<div class=\"elementor-element elementor-element-abf1d59 elementor-widget elementor-widget-image\" data-id=\"abf1d59\" data-element_type=\"widget\" data-widget_type=\"image.default\">\n\t\t\t\t\t\t\t\t\t\t\t\t\t\t\t<img loading=\"lazy\" decoding=\"async\" width=\"400\" height=\"495\" src=\"https:\/\/loka-samsara.de\/wp-content\/uploads\/2026\/03\/Vishnu1.jpeg\" class=\"attachment-large size-large wp-image-1965\" alt=\"\" srcset=\"https:\/\/loka-samsara.de\/wp-content\/uploads\/2026\/03\/Vishnu1.jpeg 400w, https:\/\/loka-samsara.de\/wp-content\/uploads\/2026\/03\/Vishnu1-242x300.jpeg 242w\" sizes=\"(max-width: 400px) 100vw, 400px\" \/>\t\t\t\t\t\t\t\t\t\t\t\t\t\t\t<\/div>\n\t\t\t\t<\/div>\n\t\t\t\t<\/div>\n\t\t<div class=\"elementor-element elementor-element-9e1067c e-con-full e-flex e-con e-child\" data-id=\"9e1067c\" data-element_type=\"container\">\n\t\t<div class=\"elementor-element elementor-element-31806b2 e-flex e-con-boxed e-con e-child\" data-id=\"31806b2\" data-element_type=\"container\">\n\t\t\t\t\t<div class=\"e-con-inner\">\n\t\t\t\t<div class=\"elementor-element elementor-element-f27bb58 elementor-widget elementor-widget-image\" data-id=\"f27bb58\" data-element_type=\"widget\" data-widget_type=\"image.default\">\n\t\t\t\t\t\t\t\t\t\t\t\t\t\t\t<img loading=\"lazy\" decoding=\"async\" width=\"215\" height=\"200\" src=\"https:\/\/loka-samsara.de\/wp-content\/uploads\/2026\/03\/Regenbogen.gif\" class=\"attachment-large size-large wp-image-1968\" alt=\"\" \/>\t\t\t\t\t\t\t\t\t\t\t\t\t\t\t<\/div>\n\t\t\t\t\t<\/div>\n\t\t\t\t<\/div>\n\t\t<div class=\"elementor-element elementor-element-4ef919f e-con-full e-flex e-con e-child\" data-id=\"4ef919f\" data-element_type=\"container\">\n\t\t\t\t<div class=\"elementor-element elementor-element-80a406b elementor-widget elementor-widget-text-editor\" data-id=\"80a406b\" data-element_type=\"widget\" data-widget_type=\"text-editor.default\">\n\t\t\t\t\t\t\t\t\t<p>V3<br \/>female gold and white<br \/>geboren am 27.12.2004<br \/>at 11:56am<br \/>204g<\/p><p>\ud83c\udf08 Passed away on January 10, 2025 \ud83c\udf08<\/p>\t\t\t\t\t\t\t\t<\/div>\n\t\t\t\t<\/div>\n\t\t<div class=\"elementor-element elementor-element-2b65b9d e-con-full e-flex e-con e-child\" data-id=\"2b65b9d\" data-element_type=\"container\">\n\t\t\t\t<div class=\"elementor-element elementor-element-d848dd7 elementor-widget elementor-widget-image\" data-id=\"d848dd7\" data-element_type=\"widget\" data-widget_type=\"image.default\">\n\t\t\t\t\t\t\t\t\t\t\t\t\t\t\t<img loading=\"lazy\" decoding=\"async\" width=\"215\" height=\"200\" src=\"https:\/\/loka-samsara.de\/wp-content\/uploads\/2026\/03\/Regenbogen.gif\" class=\"attachment-large size-large wp-image-1968\" alt=\"\" \/>\t\t\t\t\t\t\t\t\t\t\t\t\t\t\t<\/div>\n\t\t\t\t<\/div>\n\t\t\t\t<\/div>\n\t\t<div class=\"elementor-element elementor-element-435d321 e-con-full e-flex e-con e-child\" data-id=\"435d321\" data-element_type=\"container\">\n\t\t<div class=\"elementor-element elementor-element-f106677 e-flex e-con-boxed e-con e-child\" data-id=\"f106677\" data-element_type=\"container\">\n\t\t\t\t\t<div class=\"e-con-inner\">\n\t\t\t\t<div class=\"elementor-element elementor-element-c1d9ffa elementor-widget elementor-widget-image\" data-id=\"c1d9ffa\" data-element_type=\"widget\" data-widget_type=\"image.default\">\n\t\t\t\t\t\t\t\t\t\t\t\t\t\t\t<img loading=\"lazy\" decoding=\"async\" width=\"640\" height=\"689\" src=\"https:\/\/loka-samsara.de\/wp-content\/uploads\/2026\/03\/Vani1-951x1024.jpg\" class=\"attachment-large size-large wp-image-1959\" alt=\"\" srcset=\"https:\/\/loka-samsara.de\/wp-content\/uploads\/2026\/03\/Vani1-951x1024.jpg 951w, https:\/\/loka-samsara.de\/wp-content\/uploads\/2026\/03\/Vani1-278x300.jpg 278w, https:\/\/loka-samsara.de\/wp-content\/uploads\/2026\/03\/Vani1-768x827.jpg 768w, https:\/\/loka-samsara.de\/wp-content\/uploads\/2026\/03\/Vani1-557x600.jpg 557w, https:\/\/loka-samsara.de\/wp-content\/uploads\/2026\/03\/Vani1.jpg 1101w\" sizes=\"(max-width: 640px) 100vw, 640px\" \/>\t\t\t\t\t\t\t\t\t\t\t\t\t\t\t<\/div>\n\t\t\t\t\t<\/div>\n\t\t\t\t<\/div>\n\t\t<div class=\"elementor-element elementor-element-07853e3 e-con-full e-flex e-con e-child\" data-id=\"07853e3\" data-element_type=\"container\">\n\t\t\t\t<div class=\"elementor-element elementor-element-0dd02e3 elementor-widget elementor-widget-text-editor\" data-id=\"0dd02e3\" data-element_type=\"widget\" data-widget_type=\"text-editor.default\">\n\t\t\t\t\t\t\t\t\t<p>***sold***<br \/>V-Nele<br \/>female solid gold<br \/>geboren am 27.12.2024<br \/>at 0:57 pm<br \/>166g<\/p>\t\t\t\t\t\t\t\t<\/div>\n\t\t\t\t<\/div>\n\t\t<div class=\"elementor-element elementor-element-fa4de60 e-con-full e-flex e-con e-child\" data-id=\"fa4de60\" data-element_type=\"container\">\n\t\t\t\t<div class=\"elementor-element elementor-element-4eb802d elementor-widget elementor-widget-image\" data-id=\"4eb802d\" data-element_type=\"widget\" data-widget_type=\"image.default\">\n\t\t\t\t\t\t\t\t\t\t\t\t\t\t\t<img loading=\"lazy\" decoding=\"async\" width=\"400\" height=\"533\" src=\"https:\/\/loka-samsara.de\/wp-content\/uploads\/2026\/03\/Vani2.jpeg\" class=\"attachment-large size-large wp-image-1960\" alt=\"\" srcset=\"https:\/\/loka-samsara.de\/wp-content\/uploads\/2026\/03\/Vani2.jpeg 400w, https:\/\/loka-samsara.de\/wp-content\/uploads\/2026\/03\/Vani2-225x300.jpeg 225w\" sizes=\"(max-width: 400px) 100vw, 400px\" \/>\t\t\t\t\t\t\t\t\t\t\t\t\t\t\t<\/div>\n\t\t\t\t<\/div>\n\t\t\t\t<\/div>\n\t\t<div class=\"elementor-element elementor-element-7a68c4e e-con-full e-flex e-con e-child\" data-id=\"7a68c4e\" data-element_type=\"container\">\n\t\t<div class=\"elementor-element elementor-element-dbd11e8 e-flex e-con-boxed e-con e-child\" data-id=\"dbd11e8\" data-element_type=\"container\">\n\t\t\t\t\t<div class=\"e-con-inner\">\n\t\t\t\t<div class=\"elementor-element elementor-element-ec157e5 elementor-widget elementor-widget-image\" data-id=\"ec157e5\" data-element_type=\"widget\" data-widget_type=\"image.default\">\n\t\t\t\t\t\t\t\t\t\t\t\t\t\t\t<img loading=\"lazy\" decoding=\"async\" width=\"640\" height=\"632\" src=\"https:\/\/loka-samsara.de\/wp-content\/uploads\/2026\/03\/Vicca1.jpg\" class=\"attachment-large size-large wp-image-1963\" alt=\"\" srcset=\"https:\/\/loka-samsara.de\/wp-content\/uploads\/2026\/03\/Vicca1.jpg 909w, https:\/\/loka-samsara.de\/wp-content\/uploads\/2026\/03\/Vicca1-300x296.jpg 300w, https:\/\/loka-samsara.de\/wp-content\/uploads\/2026\/03\/Vicca1-768x758.jpg 768w, https:\/\/loka-samsara.de\/wp-content\/uploads\/2026\/03\/Vicca1-600x592.jpg 600w\" sizes=\"(max-width: 640px) 100vw, 640px\" \/>\t\t\t\t\t\t\t\t\t\t\t\t\t\t\t<\/div>\n\t\t\t\t\t<\/div>\n\t\t\t\t<\/div>\n\t\t<div class=\"elementor-element elementor-element-8d302d1 e-con-full e-flex e-con e-child\" data-id=\"8d302d1\" data-element_type=\"container\">\n\t\t\t\t<div class=\"elementor-element elementor-element-513ceaf elementor-widget elementor-widget-text-editor\" data-id=\"513ceaf\" data-element_type=\"widget\" data-widget_type=\"text-editor.default\">\n\t\t\t\t\t\t\t\t\t<p>***sold***<br \/>Vicca<br \/>geboren am 27.12.2024<br \/>at 1:46pm<br \/>206g<\/p>\t\t\t\t\t\t\t\t<\/div>\n\t\t\t\t<\/div>\n\t\t<div class=\"elementor-element elementor-element-cf6ce72 e-con-full e-flex e-con e-child\" data-id=\"cf6ce72\" data-element_type=\"container\">\n\t\t\t\t<div class=\"elementor-element elementor-element-f725ec4 elementor-widget elementor-widget-image\" data-id=\"f725ec4\" data-element_type=\"widget\" data-widget_type=\"image.default\">\n\t\t\t\t\t\t\t\t\t\t\t\t\t\t\t<img loading=\"lazy\" decoding=\"async\" width=\"400\" height=\"486\" src=\"https:\/\/loka-samsara.de\/wp-content\/uploads\/2026\/03\/Vicca2.jpeg\" class=\"attachment-large size-large wp-image-1964\" alt=\"\" srcset=\"https:\/\/loka-samsara.de\/wp-content\/uploads\/2026\/03\/Vicca2.jpeg 400w, https:\/\/loka-samsara.de\/wp-content\/uploads\/2026\/03\/Vicca2-247x300.jpeg 247w\" sizes=\"(max-width: 400px) 100vw, 400px\" \/>\t\t\t\t\t\t\t\t\t\t\t\t\t\t\t<\/div>\n\t\t\t\t<\/div>\n\t\t\t\t<\/div>\n\t\t<div class=\"elementor-element elementor-element-0587ad0 e-con-full e-flex e-con e-child\" data-id=\"0587ad0\" data-element_type=\"container\">\n\t\t<div class=\"elementor-element elementor-element-f8da13d e-flex e-con-boxed e-con e-child\" data-id=\"f8da13d\" data-element_type=\"container\">\n\t\t\t\t\t<div class=\"e-con-inner\">\n\t\t\t\t<div class=\"elementor-element elementor-element-71c94b7 elementor-widget elementor-widget-image\" data-id=\"71c94b7\" data-element_type=\"widget\" data-widget_type=\"image.default\">\n\t\t\t\t\t\t\t\t\t\t\t\t\t\t\t<img loading=\"lazy\" decoding=\"async\" width=\"215\" height=\"200\" src=\"https:\/\/loka-samsara.de\/wp-content\/uploads\/2026\/03\/Regenbogen.gif\" class=\"attachment-large size-large wp-image-1968\" alt=\"\" \/>\t\t\t\t\t\t\t\t\t\t\t\t\t\t\t<\/div>\n\t\t\t\t\t<\/div>\n\t\t\t\t<\/div>\n\t\t<div class=\"elementor-element elementor-element-5068b8c e-con-full e-flex e-con e-child\" data-id=\"5068b8c\" data-element_type=\"container\">\n\t\t\t\t<div class=\"elementor-element elementor-element-c601cf4 elementor-widget elementor-widget-text-editor\" data-id=\"c601cf4\" data-element_type=\"widget\" data-widget_type=\"text-editor.default\">\n\t\t\t\t\t\t\t\t\t<p>V6<br \/>male black and white<br \/>geboren am 27.12.2024<br \/>at 1:52 am<br \/>112g<br \/>\ud83c\udf08stillborn\ud83c\udf08<\/p>\t\t\t\t\t\t\t\t<\/div>\n\t\t\t\t<\/div>\n\t\t<div class=\"elementor-element elementor-element-1733228 e-con-full e-flex e-con e-child\" data-id=\"1733228\" data-element_type=\"container\">\n\t\t\t\t<div class=\"elementor-element elementor-element-5cde376 elementor-widget elementor-widget-image\" data-id=\"5cde376\" data-element_type=\"widget\" data-widget_type=\"image.default\">\n\t\t\t\t\t\t\t\t\t\t\t\t\t\t\t<img loading=\"lazy\" decoding=\"async\" width=\"215\" height=\"200\" src=\"https:\/\/loka-samsara.de\/wp-content\/uploads\/2026\/03\/Regenbogen.gif\" class=\"attachment-large size-large wp-image-1968\" alt=\"\" \/>\t\t\t\t\t\t\t\t\t\t\t\t\t\t\t<\/div>\n\t\t\t\t<\/div>\n\t\t\t\t<\/div>\n\t\t\t\t<\/div>\n\t\t\t\t<\/div>\n\t\t\t\t<\/div>\n\t\t\t\t\t<\/div>\n\t\t\t\t<\/div>\n\t\t\t\t<\/div>","protected":false},"excerpt":{"rendered":"<p>1.Wurf SANTANA hat am 27.12.2024, \u00a05 wundersch\u00f6nen Welpen das Leben geschenkt *Verkauft*ViviccaH\u00fcndin solid Goldgeboren am 27.12.2024um 10:07 Uhr216g *Verkauft*VishnuR\u00fcde gold-weissgeboren am 27.12.2024um 10:56 Uhr168g V3H\u00fcndin Gold weissgeboren am 27.12.2004um 11:56204g am 10.01.2025 verstorben *Verkauft*V-NeleH\u00fcndin solid Goldgeboren am 27.12.2024um 12:57 Uhr166g *Verkauft*Viccageboren am 27.12.2024um 13:46206g V6R\u00fcde schwarz weissgeboren am 27.12.2024um 13:52 Uhr112gtotgeboren<\/p>","protected":false},"author":2,"featured_media":0,"parent":0,"menu_order":0,"comment_status":"closed","ping_status":"closed","template":"elementor_header_footer","meta":{"inline_featured_image":false,"two_page_speed":[],"footnotes":""},"class_list":["post-1955","page","type-page","status-publish","hentry"],"_links":{"self":[{"href":"https:\/\/loka-samsara.de\/en\/wp-json\/wp\/v2\/pages\/1955","targetHints":{"allow":["GET"]}}],"collection":[{"href":"https:\/\/loka-samsara.de\/en\/wp-json\/wp\/v2\/pages"}],"about":[{"href":"https:\/\/loka-samsara.de\/en\/wp-json\/wp\/v2\/types\/page"}],"author":[{"embeddable":true,"href":"https:\/\/loka-samsara.de\/en\/wp-json\/wp\/v2\/users\/2"}],"replies":[{"embeddable":true,"href":"https:\/\/loka-samsara.de\/en\/wp-json\/wp\/v2\/comments?post=1955"}],"version-history":[{"count":0,"href":"https:\/\/loka-samsara.de\/en\/wp-json\/wp\/v2\/pages\/1955\/revisions"}],"wp:attachment":[{"href":"https:\/\/loka-samsara.de\/en\/wp-json\/wp\/v2\/media?parent=1955"}],"curies":[{"name":"wp","href":"https:\/\/api.w.org\/{rel}","templated":true}]}}