{"id":1973,"date":"2026-03-02T16:46:04","date_gmt":"2026-03-02T16:46:04","guid":{"rendered":"https:\/\/loka-samsara.de\/?page_id=1973"},"modified":"2026-03-05T08:33:52","modified_gmt":"2026-03-05T08:33:52","slug":"saabi-1-wurf","status":"publish","type":"page","link":"https:\/\/loka-samsara.de\/en\/saabi-1-wurf\/","title":{"rendered":"Saabi 1. Litter"},"content":{"rendered":"<div data-elementor-type=\"wp-page\" data-elementor-id=\"1973\" class=\"elementor elementor-1973\">\n\t\t\t\t<div class=\"elementor-element elementor-element-489bfd64 e-flex e-con-boxed e-con e-parent\" data-id=\"489bfd64\" data-element_type=\"container\">\n\t\t\t\t\t<div class=\"e-con-inner\">\n\t\t<div class=\"elementor-element elementor-element-168ea72b e-con-full e-flex e-con e-child\" data-id=\"168ea72b\" data-element_type=\"container\" data-settings=\"{&quot;background_background&quot;:&quot;gradient&quot;}\">\n\t\t<div class=\"elementor-element elementor-element-679df53c e-con-full e-flex e-con e-child\" data-id=\"679df53c\" data-element_type=\"container\">\n\t\t\t\t<div class=\"elementor-element elementor-element-6fed6869 elementor-widget elementor-widget-heading\" data-id=\"6fed6869\" data-element_type=\"widget\" data-widget_type=\"heading.default\">\n\t\t\t\t\t<h2 class=\"elementor-heading-title elementor-size-default\">1th  Litter<\/h2>\t\t\t\t<\/div>\n\t\t<div class=\"elementor-element elementor-element-ad32cb0 e-con-full e-flex e-con e-child\" data-id=\"ad32cb0\" data-element_type=\"container\">\n\t\t\t\t<div class=\"elementor-element elementor-element-8eafbb5 elementor-widget elementor-widget-text-editor\" data-id=\"8eafbb5\" data-element_type=\"widget\" data-widget_type=\"text-editor.default\">\n\t\t\t\t\t\t\t\t\t<p>Saabi gave birth to her two boys very easily and confidently. Both had a good birth weight without being too heavy, although that changed quickly after birth. Willow needed real help to start walking because he was so chubby that his little feet could hardly touch the ground.<\/p>\t\t\t\t\t\t\t\t<\/div>\n\t\t\t\t<div class=\"elementor-element elementor-element-fe5f494 elementor-widget elementor-widget-image\" data-id=\"fe5f494\" data-element_type=\"widget\" data-widget_type=\"image.default\">\n\t\t\t\t\t\t\t\t\t\t\t\t\t\t\t<img decoding=\"async\" width=\"300\" height=\"67\" src=\"https:\/\/loka-samsara.de\/wp-content\/uploads\/2026\/03\/ranken-0001-300x67.gif\" class=\"attachment-medium size-medium wp-image-1679\" alt=\"\" \/>\t\t\t\t\t\t\t\t\t\t\t\t\t\t\t<\/div>\n\t\t\t\t<div class=\"elementor-element elementor-element-29f37af elementor-widget elementor-widget-image\" data-id=\"29f37af\" data-element_type=\"widget\" data-widget_type=\"image.default\">\n\t\t\t\t\t\t\t\t\t\t\t\t\t\t\t<img fetchpriority=\"high\" decoding=\"async\" width=\"640\" height=\"853\" src=\"https:\/\/loka-samsara.de\/wp-content\/uploads\/2026\/03\/Saabiwurf1-768x1024.jpeg\" class=\"attachment-medium_large size-medium_large wp-image-1975\" alt=\"\" srcset=\"https:\/\/loka-samsara.de\/wp-content\/uploads\/2026\/03\/Saabiwurf1-768x1024.jpeg 768w, https:\/\/loka-samsara.de\/wp-content\/uploads\/2026\/03\/Saabiwurf1-225x300.jpeg 225w, https:\/\/loka-samsara.de\/wp-content\/uploads\/2026\/03\/Saabiwurf1-1152x1536.jpeg 1152w, https:\/\/loka-samsara.de\/wp-content\/uploads\/2026\/03\/Saabiwurf1-1536x2048.jpeg 1536w, https:\/\/loka-samsara.de\/wp-content\/uploads\/2026\/03\/Saabiwurf1-450x600.jpeg 450w, https:\/\/loka-samsara.de\/wp-content\/uploads\/2026\/03\/Saabiwurf1-scaled.jpeg 1920w\" sizes=\"(max-width: 640px) 100vw, 640px\" \/>\t\t\t\t\t\t\t\t\t\t\t\t\t\t\t<\/div>\n\t\t<div class=\"elementor-element elementor-element-b801c95 e-flex e-con-boxed e-con e-child\" data-id=\"b801c95\" data-element_type=\"container\">\n\t\t\t\t\t<div class=\"e-con-inner\">\n\t\t<div class=\"elementor-element elementor-element-eda5eab e-flex e-con-boxed e-con e-child\" data-id=\"eda5eab\" data-element_type=\"container\">\n\t\t\t\t\t<div class=\"e-con-inner\">\n\t\t\t\t<div class=\"elementor-element elementor-element-47129bb elementor-widget elementor-widget-image\" data-id=\"47129bb\" data-element_type=\"widget\" data-widget_type=\"image.default\">\n\t\t\t\t\t\t\t\t\t\t\t\t\t\t\t<img decoding=\"async\" width=\"640\" height=\"853\" src=\"https:\/\/loka-samsara.de\/wp-content\/uploads\/2026\/03\/Willow1-768x1024.jpeg\" class=\"attachment-large size-large wp-image-1977\" alt=\"\" srcset=\"https:\/\/loka-samsara.de\/wp-content\/uploads\/2026\/03\/Willow1-768x1024.jpeg 768w, https:\/\/loka-samsara.de\/wp-content\/uploads\/2026\/03\/Willow1-225x300.jpeg 225w, https:\/\/loka-samsara.de\/wp-content\/uploads\/2026\/03\/Willow1-1152x1536.jpeg 1152w, https:\/\/loka-samsara.de\/wp-content\/uploads\/2026\/03\/Willow1-1536x2048.jpeg 1536w, https:\/\/loka-samsara.de\/wp-content\/uploads\/2026\/03\/Willow1-450x600.jpeg 450w, https:\/\/loka-samsara.de\/wp-content\/uploads\/2026\/03\/Willow1-scaled.jpeg 1920w\" sizes=\"(max-width: 640px) 100vw, 640px\" \/>\t\t\t\t\t\t\t\t\t\t\t\t\t\t\t<\/div>\n\t\t\t\t\t<\/div>\n\t\t\t\t<\/div>\n\t\t<div class=\"elementor-element elementor-element-0c14f84 e-con-full e-flex e-con e-child\" data-id=\"0c14f84\" data-element_type=\"container\">\n\t\t\t\t<div class=\"elementor-element elementor-element-8845e4c elementor-widget elementor-widget-text-editor\" data-id=\"8845e4c\" data-element_type=\"widget\" data-widget_type=\"text-editor.default\">\n\t\t\t\t\t\t\t\t\t<p>***sold***<br \/>Willow<br \/>male born at 4:34pm<br \/>218g<\/p>\t\t\t\t\t\t\t\t<\/div>\n\t\t\t\t<\/div>\n\t\t<div class=\"elementor-element elementor-element-2bbce02 e-con-full e-flex e-con e-child\" data-id=\"2bbce02\" data-element_type=\"container\">\n\t\t\t\t<div class=\"elementor-element elementor-element-5a7168c elementor-widget elementor-widget-image\" data-id=\"5a7168c\" data-element_type=\"widget\" data-widget_type=\"image.default\">\n\t\t\t\t\t\t\t\t\t\t\t\t\t\t\t<img loading=\"lazy\" decoding=\"async\" width=\"640\" height=\"853\" src=\"https:\/\/loka-samsara.de\/wp-content\/uploads\/2026\/03\/Willow2-768x1024.jpeg\" class=\"attachment-large size-large wp-image-1976\" alt=\"\" srcset=\"https:\/\/loka-samsara.de\/wp-content\/uploads\/2026\/03\/Willow2-768x1024.jpeg 768w, https:\/\/loka-samsara.de\/wp-content\/uploads\/2026\/03\/Willow2-225x300.jpeg 225w, https:\/\/loka-samsara.de\/wp-content\/uploads\/2026\/03\/Willow2-1152x1536.jpeg 1152w, https:\/\/loka-samsara.de\/wp-content\/uploads\/2026\/03\/Willow2-1536x2048.jpeg 1536w, https:\/\/loka-samsara.de\/wp-content\/uploads\/2026\/03\/Willow2-450x600.jpeg 450w, https:\/\/loka-samsara.de\/wp-content\/uploads\/2026\/03\/Willow2-scaled.jpeg 1920w\" sizes=\"(max-width: 640px) 100vw, 640px\" \/>\t\t\t\t\t\t\t\t\t\t\t\t\t\t\t<\/div>\n\t\t\t\t<\/div>\n\t\t\t\t\t<\/div>\n\t\t\t\t<\/div>\n\t\t<div class=\"elementor-element elementor-element-5ffc9b3 e-con-full e-flex e-con e-child\" data-id=\"5ffc9b3\" data-element_type=\"container\">\n\t\t<div class=\"elementor-element elementor-element-da3bcaa e-flex e-con-boxed e-con e-child\" data-id=\"da3bcaa\" data-element_type=\"container\">\n\t\t\t\t\t<div class=\"e-con-inner\">\n\t\t\t\t<div class=\"elementor-element elementor-element-2898de4 elementor-widget elementor-widget-image\" data-id=\"2898de4\" data-element_type=\"widget\" data-widget_type=\"image.default\">\n\t\t\t\t\t\t\t\t\t\t\t\t\t\t\t<img loading=\"lazy\" decoding=\"async\" width=\"640\" height=\"853\" src=\"https:\/\/loka-samsara.de\/wp-content\/uploads\/2026\/03\/Nicco1-768x1024.jpeg\" class=\"attachment-large size-large wp-image-1980\" alt=\"\" srcset=\"https:\/\/loka-samsara.de\/wp-content\/uploads\/2026\/03\/Nicco1-768x1024.jpeg 768w, https:\/\/loka-samsara.de\/wp-content\/uploads\/2026\/03\/Nicco1-225x300.jpeg 225w, https:\/\/loka-samsara.de\/wp-content\/uploads\/2026\/03\/Nicco1-1152x1536.jpeg 1152w, https:\/\/loka-samsara.de\/wp-content\/uploads\/2026\/03\/Nicco1-1536x2048.jpeg 1536w, https:\/\/loka-samsara.de\/wp-content\/uploads\/2026\/03\/Nicco1-450x600.jpeg 450w, https:\/\/loka-samsara.de\/wp-content\/uploads\/2026\/03\/Nicco1-scaled.jpeg 1920w\" sizes=\"(max-width: 640px) 100vw, 640px\" \/>\t\t\t\t\t\t\t\t\t\t\t\t\t\t\t<\/div>\n\t\t\t\t\t<\/div>\n\t\t\t\t<\/div>\n\t\t<div class=\"elementor-element elementor-element-b2cd26d e-con-full e-flex e-con e-child\" data-id=\"b2cd26d\" data-element_type=\"container\">\n\t\t\t\t<div class=\"elementor-element elementor-element-2c5ce49 elementor-widget elementor-widget-text-editor\" data-id=\"2c5ce49\" data-element_type=\"widget\" data-widget_type=\"text-editor.default\">\n\t\t\t\t\t\t\t\t\t<p>***sold***<br \/>Wild Nicco<br \/>male born at 5:51pm<br \/>216g<\/p>\t\t\t\t\t\t\t\t<\/div>\n\t\t\t\t<\/div>\n\t\t<div class=\"elementor-element elementor-element-ec58276 e-con-full e-flex e-con e-child\" data-id=\"ec58276\" data-element_type=\"container\">\n\t\t\t\t<div class=\"elementor-element elementor-element-d07583f elementor-widget elementor-widget-image\" data-id=\"d07583f\" data-element_type=\"widget\" data-widget_type=\"image.default\">\n\t\t\t\t\t\t\t\t\t\t\t\t\t\t\t<img loading=\"lazy\" decoding=\"async\" width=\"640\" height=\"853\" src=\"https:\/\/loka-samsara.de\/wp-content\/uploads\/2026\/03\/Nicco2-768x1024.jpeg\" class=\"attachment-large size-large wp-image-1981\" alt=\"\" srcset=\"https:\/\/loka-samsara.de\/wp-content\/uploads\/2026\/03\/Nicco2-768x1024.jpeg 768w, https:\/\/loka-samsara.de\/wp-content\/uploads\/2026\/03\/Nicco2-225x300.jpeg 225w, https:\/\/loka-samsara.de\/wp-content\/uploads\/2026\/03\/Nicco2-1152x1536.jpeg 1152w, https:\/\/loka-samsara.de\/wp-content\/uploads\/2026\/03\/Nicco2-1536x2048.jpeg 1536w, https:\/\/loka-samsara.de\/wp-content\/uploads\/2026\/03\/Nicco2-450x600.jpeg 450w, https:\/\/loka-samsara.de\/wp-content\/uploads\/2026\/03\/Nicco2-scaled.jpeg 1920w\" sizes=\"(max-width: 640px) 100vw, 640px\" \/>\t\t\t\t\t\t\t\t\t\t\t\t\t\t\t<\/div>\n\t\t\t\t<\/div>\n\t\t\t\t<\/div>\n\t\t\t\t<\/div>\n\t\t\t\t<\/div>\n\t\t\t\t<\/div>\n\t\t\t\t\t<\/div>\n\t\t\t\t<\/div>\n\t\t\t\t<\/div>","protected":false},"excerpt":{"rendered":"<p>1.Wurf Saabi hat ganz leicht und ganz souver\u00e4n Ihre 2 Jungs geboren. Beide hatten ein gutes Gewicht ohne zu dick zu sein, was sich allerdings dann nach der Geburt schnell ge\u00e4ndert hat. Willow brauchte echte Starthilfe beim Laufen, da er so fett war, dass die F\u00fcsschen nicht auf den Boden kamen *Verkauft*WillowR\u00fcde um 16:34 Uhr [&hellip;]<\/p>\n","protected":false},"author":2,"featured_media":0,"parent":0,"menu_order":0,"comment_status":"closed","ping_status":"closed","template":"elementor_header_footer","meta":{"inline_featured_image":false,"two_page_speed":[],"footnotes":""},"class_list":["post-1973","page","type-page","status-publish","hentry"],"_links":{"self":[{"href":"https:\/\/loka-samsara.de\/en\/wp-json\/wp\/v2\/pages\/1973","targetHints":{"allow":["GET"]}}],"collection":[{"href":"https:\/\/loka-samsara.de\/en\/wp-json\/wp\/v2\/pages"}],"about":[{"href":"https:\/\/loka-samsara.de\/en\/wp-json\/wp\/v2\/types\/page"}],"author":[{"embeddable":true,"href":"https:\/\/loka-samsara.de\/en\/wp-json\/wp\/v2\/users\/2"}],"replies":[{"embeddable":true,"href":"https:\/\/loka-samsara.de\/en\/wp-json\/wp\/v2\/comments?post=1973"}],"version-history":[{"count":0,"href":"https:\/\/loka-samsara.de\/en\/wp-json\/wp\/v2\/pages\/1973\/revisions"}],"wp:attachment":[{"href":"https:\/\/loka-samsara.de\/en\/wp-json\/wp\/v2\/media?parent=1973"}],"curies":[{"name":"wp","href":"https:\/\/api.w.org\/{rel}","templated":true}]}}