{"id":1986,"date":"2026-03-02T17:06:17","date_gmt":"2026-03-02T17:06:17","guid":{"rendered":"https:\/\/loka-samsara.de\/?page_id=1986"},"modified":"2026-03-07T21:08:03","modified_gmt":"2026-03-07T21:08:03","slug":"phoebe-2-wurf","status":"publish","type":"page","link":"https:\/\/loka-samsara.de\/en\/phoebe-2-wurf\/","title":{"rendered":"Phoebe 2. Litter"},"content":{"rendered":"<div data-elementor-type=\"wp-page\" data-elementor-id=\"1986\" class=\"elementor elementor-1986\">\n\t\t\t\t<div class=\"elementor-element elementor-element-489bfd64 e-flex e-con-boxed e-con e-parent\" data-id=\"489bfd64\" data-element_type=\"container\">\n\t\t\t\t\t<div class=\"e-con-inner\">\n\t\t<div class=\"elementor-element elementor-element-168ea72b e-con-full e-flex e-con e-child\" data-id=\"168ea72b\" data-element_type=\"container\" data-settings=\"{&quot;background_background&quot;:&quot;gradient&quot;}\">\n\t\t<div class=\"elementor-element elementor-element-679df53c e-con-full e-flex e-con e-child\" data-id=\"679df53c\" data-element_type=\"container\">\n\t\t\t\t<div class=\"elementor-element elementor-element-6fed6869 elementor-widget elementor-widget-heading\" data-id=\"6fed6869\" data-element_type=\"widget\" data-widget_type=\"heading.default\">\n\t\t\t\t\t<h2 class=\"elementor-heading-title elementor-size-default\">2nd litter<\/h2>\t\t\t\t<\/div>\n\t\t<div class=\"elementor-element elementor-element-ad32cb0 e-con-full e-flex e-con e-child\" data-id=\"ad32cb0\" data-element_type=\"container\">\n\t\t\t\t<div class=\"elementor-element elementor-element-8eafbb5 elementor-widget elementor-widget-text-editor\" data-id=\"8eafbb5\" data-element_type=\"widget\" data-widget_type=\"text-editor.default\">\n\t\t\t\t\t\t\t\t\t<p>Phoebe\u2019s second litter was awaited with so much love and anticipation, but in the end it turned into an emotional disaster.<\/p><p>Phoebe stopped eating three days before the birth, which took place on the 56th day.<\/p><p>When the puppies were finally born, I thought the little girl had managed it very well, as the three puppies were really very heavy for such a small female.<\/p><p>Der erste Welpe blieb zu lange im Geburtskanal und kam tot auf die Welt.<\/p><p>Die anderen beiden M\u00e4dels waren fit. Die ersten 2 Tage nach der Geburt verlief noch alles nach Plan und dann kippte es.<\/p><p>Ich bin nachts wach geworden weil die Welpen erb\u00e4rmlich gefiept haben. Mama hatte das Nest verlassen und die Welpen lagen nicht unter der W\u00e4rmelampe, sondern ausserhalb der Hitze. Ich habe also die Mama zur\u00fcck beordert, die Welpenbox geschlossen und die W\u00e4rmelampe ausgemacht, da ich dachte es l\u00e4ge an der Hitze dass Mama gefl\u00fcchtet ist.<\/p><p>From that moment on, everything went downhill.<\/p><p>Nach erfolgloser pathologischer Untersuchungen, \u00a0gehe ich \u00a0davon aus, dass Mama einen Infekt hatte und die Welpen an Unterk\u00fchlung litten.\u00a0<\/p><p>Both passed away peacefully in my hands on the sixth day, despite round-the-clock care and support.<\/p>\t\t\t\t\t\t\t\t<\/div>\n\t\t\t\t<div class=\"elementor-element elementor-element-fe5f494 elementor-widget elementor-widget-image\" data-id=\"fe5f494\" data-element_type=\"widget\" data-widget_type=\"image.default\">\n\t\t\t\t\t\t\t\t\t\t\t\t\t\t\t<img decoding=\"async\" width=\"160\" height=\"72\" src=\"https:\/\/loka-samsara.de\/wp-content\/uploads\/2026\/03\/liebe-0301.gif\" class=\"attachment-medium size-medium wp-image-1989\" alt=\"\" \/>\t\t\t\t\t\t\t\t\t\t\t\t\t\t\t<\/div>\n\t\t\t\t<div class=\"elementor-element elementor-element-29f37af elementor-widget elementor-widget-image\" data-id=\"29f37af\" data-element_type=\"widget\" data-widget_type=\"image.default\">\n\t\t\t\t\t\t\t\t\t\t\t\t\t\t\t<img fetchpriority=\"high\" decoding=\"async\" width=\"640\" height=\"853\" src=\"https:\/\/loka-samsara.de\/wp-content\/uploads\/2026\/03\/Phoebe2.wurf_-768x1024.jpeg\" class=\"attachment-medium_large size-medium_large wp-image-1988\" alt=\"\" srcset=\"https:\/\/loka-samsara.de\/wp-content\/uploads\/2026\/03\/Phoebe2.wurf_-768x1024.jpeg 768w, https:\/\/loka-samsara.de\/wp-content\/uploads\/2026\/03\/Phoebe2.wurf_-225x300.jpeg 225w, https:\/\/loka-samsara.de\/wp-content\/uploads\/2026\/03\/Phoebe2.wurf_-1152x1536.jpeg 1152w, https:\/\/loka-samsara.de\/wp-content\/uploads\/2026\/03\/Phoebe2.wurf_-1536x2048.jpeg 1536w, https:\/\/loka-samsara.de\/wp-content\/uploads\/2026\/03\/Phoebe2.wurf_-450x600.jpeg 450w, https:\/\/loka-samsara.de\/wp-content\/uploads\/2026\/03\/Phoebe2.wurf_-scaled.jpeg 1920w\" sizes=\"(max-width: 640px) 100vw, 640px\" \/>\t\t\t\t\t\t\t\t\t\t\t\t\t\t\t<\/div>\n\t\t\t\t<\/div>\n\t\t\t\t<\/div>\n\t\t\t\t<\/div>\n\t\t\t\t\t<\/div>\n\t\t\t\t<\/div>\n\t\t\t\t<\/div>","protected":false},"excerpt":{"rendered":"<p>2.Wurf Phoebe&#8217;s 2. Wurf war mit soviel Liebe und Vorfreude erwartet und wurde am Ende zu einem emotionalen Desaster. Phoebe hat 3 Tage vor der Geburt (die am 56.Tag stattfand) aufgeh\u00f6rt zu essen. Als dann die Welpen geboren waren, dachte ich, dass die Kleine Maus das schon sehr gut gemanagt hat, da die 3 Kleinen [&hellip;]<\/p>\n","protected":false},"author":2,"featured_media":0,"parent":0,"menu_order":0,"comment_status":"closed","ping_status":"closed","template":"elementor_header_footer","meta":{"inline_featured_image":false,"two_page_speed":[],"footnotes":""},"class_list":["post-1986","page","type-page","status-publish","hentry"],"_links":{"self":[{"href":"https:\/\/loka-samsara.de\/en\/wp-json\/wp\/v2\/pages\/1986","targetHints":{"allow":["GET"]}}],"collection":[{"href":"https:\/\/loka-samsara.de\/en\/wp-json\/wp\/v2\/pages"}],"about":[{"href":"https:\/\/loka-samsara.de\/en\/wp-json\/wp\/v2\/types\/page"}],"author":[{"embeddable":true,"href":"https:\/\/loka-samsara.de\/en\/wp-json\/wp\/v2\/users\/2"}],"replies":[{"embeddable":true,"href":"https:\/\/loka-samsara.de\/en\/wp-json\/wp\/v2\/comments?post=1986"}],"version-history":[{"count":0,"href":"https:\/\/loka-samsara.de\/en\/wp-json\/wp\/v2\/pages\/1986\/revisions"}],"wp:attachment":[{"href":"https:\/\/loka-samsara.de\/en\/wp-json\/wp\/v2\/media?parent=1986"}],"curies":[{"name":"wp","href":"https:\/\/api.w.org\/{rel}","templated":true}]}}