{"id":2000,"date":"2026-03-02T17:31:05","date_gmt":"2026-03-02T17:31:05","guid":{"rendered":"https:\/\/loka-samsara.de\/?page_id=2000"},"modified":"2026-03-04T10:03:21","modified_gmt":"2026-03-04T10:03:21","slug":"von-d-kiss-from-audreys-paradise","status":"publish","type":"page","link":"https:\/\/loka-samsara.de\/en\/von-d-kiss-from-audreys-paradise\/","title":{"rendered":"von D-Kiss from Audreys Paradise"},"content":{"rendered":"<div data-elementor-type=\"wp-page\" data-elementor-id=\"2000\" class=\"elementor elementor-2000\">\n\t\t\t\t<div class=\"elementor-element elementor-element-489bfd64 e-flex e-con-boxed e-con e-parent\" data-id=\"489bfd64\" data-element_type=\"container\">\n\t\t\t\t\t<div class=\"e-con-inner\">\n\t\t<div class=\"elementor-element elementor-element-168ea72b e-con-full e-flex e-con e-child\" data-id=\"168ea72b\" data-element_type=\"container\" data-settings=\"{&quot;background_background&quot;:&quot;gradient&quot;}\">\n\t\t<div class=\"elementor-element elementor-element-679df53c e-con-full e-flex e-con e-child\" data-id=\"679df53c\" data-element_type=\"container\">\n\t\t\t\t<div class=\"elementor-element elementor-element-6fed6869 elementor-widget elementor-widget-heading\" data-id=\"6fed6869\" data-element_type=\"widget\" data-widget_type=\"heading.default\">\n\t\t\t\t\t<h2 class=\"elementor-heading-title elementor-size-default\">Kissi's Offsprings<\/h2>\t\t\t\t<\/div>\n\t\t<div class=\"elementor-element elementor-element-36f5586 e-con-full e-flex e-con e-child\" data-id=\"36f5586\" data-element_type=\"container\">\n\t\t\t\t<div class=\"elementor-element elementor-element-02d5451 elementor-widget elementor-widget-image\" data-id=\"02d5451\" data-element_type=\"widget\" data-widget_type=\"image.default\">\n\t\t\t\t\t\t\t\t\t\t\t\t\t\t\t<img fetchpriority=\"high\" decoding=\"async\" width=\"300\" height=\"225\" src=\"https:\/\/loka-samsara.de\/wp-content\/uploads\/2026\/03\/Kissi1.wurf_-300x225.jpg\" class=\"attachment-medium size-medium wp-image-2002\" alt=\"\" srcset=\"https:\/\/loka-samsara.de\/wp-content\/uploads\/2026\/03\/Kissi1.wurf_-300x225.jpg 300w, https:\/\/loka-samsara.de\/wp-content\/uploads\/2026\/03\/Kissi1.wurf_-768x576.jpg 768w, https:\/\/loka-samsara.de\/wp-content\/uploads\/2026\/03\/Kissi1.wurf_-600x450.jpg 600w, https:\/\/loka-samsara.de\/wp-content\/uploads\/2026\/03\/Kissi1.wurf_.jpg 800w\" sizes=\"(max-width: 300px) 100vw, 300px\" \/>\t\t\t\t\t\t\t\t\t\t\t\t\t\t\t<\/div>\n\t\t\t\t<\/div>\n\t\t<div class=\"elementor-element elementor-element-fb7ee37 e-flex e-con-boxed e-con e-child\" data-id=\"fb7ee37\" data-element_type=\"container\">\n\t\t\t\t\t<div class=\"e-con-inner\">\n\t\t\t\t<div class=\"elementor-element elementor-element-4df01611 elementor-widget elementor-widget-text-editor\" data-id=\"4df01611\" data-element_type=\"widget\" data-widget_type=\"text-editor.default\">\n\t\t\t\t\t\t\t\t\tSince Kissi came to me at the age of 3.5 years, she was only able to give me two litters. Both times there were four puppies. However, I kept two puppies from each litter because the quality of her offspring was exceptionally good.\t\t\t\t\t\t\t\t<\/div>\n\t\t\t\t<div class=\"elementor-element elementor-element-5825844 elementor-widget elementor-widget-image\" data-id=\"5825844\" data-element_type=\"widget\" data-widget_type=\"image.default\">\n\t\t\t\t\t\t\t\t\t\t\t\t\t\t\t<img decoding=\"async\" width=\"604\" height=\"405\" src=\"https:\/\/loka-samsara.de\/wp-content\/uploads\/2026\/03\/Giulia_Baby_Spanien.jpg\" class=\"attachment-medium_large size-medium_large wp-image-2004\" alt=\"\" srcset=\"https:\/\/loka-samsara.de\/wp-content\/uploads\/2026\/03\/Giulia_Baby_Spanien.jpg 604w, https:\/\/loka-samsara.de\/wp-content\/uploads\/2026\/03\/Giulia_Baby_Spanien-300x201.jpg 300w, https:\/\/loka-samsara.de\/wp-content\/uploads\/2026\/03\/Giulia_Baby_Spanien-600x402.jpg 600w\" sizes=\"(max-width: 604px) 100vw, 604px\" \/>\t\t\t\t\t\t\t\t\t\t\t\t\t\t\t<\/div>\n\t\t\t\t<div class=\"elementor-element elementor-element-7ef2b5c elementor-widget elementor-widget-text-editor\" data-id=\"7ef2b5c\" data-element_type=\"widget\" data-widget_type=\"text-editor.default\">\n\t\t\t\t\t\t\t\t\tFrom the first litter I kept Giulia-Reina Loka Samsara and Goldie-Angel Loka Samsara, who was never used for breeding and later moved to my neighbor\u2019s daughter when she was an adult. Giulia became a mother twice. From both litters I kept one pair each. \ud83d\udc3e\t\t\t\t\t\t\t\t<\/div>\n\t\t\t\t<div class=\"elementor-element elementor-element-ba10d44 elementor-widget elementor-widget-image\" data-id=\"ba10d44\" data-element_type=\"widget\" data-widget_type=\"image.default\">\n\t\t\t\t\t\t\t\t\t\t\t\t\t\t\t<img decoding=\"async\" width=\"450\" height=\"100\" src=\"https:\/\/loka-samsara.de\/wp-content\/uploads\/2026\/03\/ranken-0001.gif\" class=\"attachment-medium_large size-medium_large wp-image-1679\" alt=\"\" \/>\t\t\t\t\t\t\t\t\t\t\t\t\t\t\t<\/div>\n\t\t\t\t<div class=\"elementor-element elementor-element-0fe7add elementor-widget elementor-widget-image\" data-id=\"0fe7add\" data-element_type=\"widget\" data-widget_type=\"image.default\">\n\t\t\t\t\t\t\t\t\t\t\t\t\t\t\t<img loading=\"lazy\" decoding=\"async\" width=\"597\" height=\"800\" src=\"https:\/\/loka-samsara.de\/wp-content\/uploads\/2026\/03\/Jin-Jin_Babie.jpg\" class=\"attachment-medium_large size-medium_large wp-image-2005\" alt=\"\" srcset=\"https:\/\/loka-samsara.de\/wp-content\/uploads\/2026\/03\/Jin-Jin_Babie.jpg 597w, https:\/\/loka-samsara.de\/wp-content\/uploads\/2026\/03\/Jin-Jin_Babie-224x300.jpg 224w, https:\/\/loka-samsara.de\/wp-content\/uploads\/2026\/03\/Jin-Jin_Babie-448x600.jpg 448w\" sizes=\"(max-width: 597px) 100vw, 597px\" \/>\t\t\t\t\t\t\t\t\t\t\t\t\t\t\t<\/div>\n\t\t\t\t<div class=\"elementor-element elementor-element-68235fb elementor-widget elementor-widget-text-editor\" data-id=\"68235fb\" data-element_type=\"widget\" data-widget_type=\"text-editor.default\">\n\t\t\t\t\t\t\t\t\tThe second litter brought me Jin-Jin Loka Samsara and, for my daughter, Jai-Alai Jamali Loka Samsara. Jamali has already become a father several times, and Jin-Jin became a mother for the first time on May 1, 2016. \ud83d\udc3e\t\t\t\t\t\t\t\t<\/div>\n\t\t\t\t\t<\/div>\n\t\t\t\t<\/div>\n\t\t<div class=\"elementor-element elementor-element-59f0bad e-flex e-con-boxed e-con e-child\" data-id=\"59f0bad\" data-element_type=\"container\">\n\t\t\t\t\t<div class=\"e-con-inner\">\n\t\t<div class=\"elementor-element elementor-element-ed9d65d e-con-full e-flex e-con e-child\" data-id=\"ed9d65d\" data-element_type=\"container\">\n\t\t\t\t<\/div>\n\t\t\t\t\t<\/div>\n\t\t\t\t<\/div>\n\t\t\t\t<\/div>\n\t\t\t\t<\/div>\n\t\t\t\t\t<\/div>\n\t\t\t\t<\/div>\n\t\t\t\t<\/div>","protected":false},"excerpt":{"rendered":"<p>Kissi&#8217;s Nachzuchten Da Kissi erst im Alter von 3,5 Jahren zu mir kam, konnte sie mir nur 2 W\u00fcrfe schenken. Beidemal waren es 4 Welpen. Davon habe ich aber jedesmal 2 Hunde zur\u00fcck behalten, da die Qualit\u00e4t ihrer Nachzucht \u00fcberdurchschnittlich gut war. Aus dem ersten Wurf behielt ich Giulia-Reina Loka Samsara und Goldie-Angel Loka Samsara, [&hellip;]<\/p>\n","protected":false},"author":2,"featured_media":0,"parent":0,"menu_order":0,"comment_status":"closed","ping_status":"closed","template":"elementor_header_footer","meta":{"inline_featured_image":false,"two_page_speed":[],"footnotes":""},"class_list":["post-2000","page","type-page","status-publish","hentry"],"_links":{"self":[{"href":"https:\/\/loka-samsara.de\/en\/wp-json\/wp\/v2\/pages\/2000","targetHints":{"allow":["GET"]}}],"collection":[{"href":"https:\/\/loka-samsara.de\/en\/wp-json\/wp\/v2\/pages"}],"about":[{"href":"https:\/\/loka-samsara.de\/en\/wp-json\/wp\/v2\/types\/page"}],"author":[{"embeddable":true,"href":"https:\/\/loka-samsara.de\/en\/wp-json\/wp\/v2\/users\/2"}],"replies":[{"embeddable":true,"href":"https:\/\/loka-samsara.de\/en\/wp-json\/wp\/v2\/comments?post=2000"}],"version-history":[{"count":0,"href":"https:\/\/loka-samsara.de\/en\/wp-json\/wp\/v2\/pages\/2000\/revisions"}],"wp:attachment":[{"href":"https:\/\/loka-samsara.de\/en\/wp-json\/wp\/v2\/media?parent=2000"}],"curies":[{"name":"wp","href":"https:\/\/api.w.org\/{rel}","templated":true}]}}