{"id":2144,"date":"2026-03-03T14:14:18","date_gmt":"2026-03-03T14:14:18","guid":{"rendered":"https:\/\/loka-samsara.de\/?page_id=2144"},"modified":"2026-03-07T21:18:49","modified_gmt":"2026-03-07T21:18:49","slug":"rija-loka-samsara","status":"publish","type":"page","link":"https:\/\/loka-samsara.de\/en\/rija-loka-samsara\/","title":{"rendered":"Rija Loka Samsara"},"content":{"rendered":"<div data-elementor-type=\"wp-page\" data-elementor-id=\"2144\" class=\"elementor elementor-2144\">\n\t\t\t\t<div class=\"elementor-element elementor-element-489bfd64 e-flex e-con-boxed e-con e-parent\" data-id=\"489bfd64\" data-element_type=\"container\">\n\t\t\t\t\t<div class=\"e-con-inner\">\n\t\t<div class=\"elementor-element elementor-element-168ea72b e-con-full e-flex e-con e-child\" data-id=\"168ea72b\" data-element_type=\"container\" data-settings=\"{&quot;background_background&quot;:&quot;gradient&quot;}\">\n\t\t<div class=\"elementor-element elementor-element-679df53c e-con-full e-flex e-con e-child\" data-id=\"679df53c\" data-element_type=\"container\">\n\t\t\t\t<div class=\"elementor-element elementor-element-6fed6869 elementor-widget elementor-widget-heading\" data-id=\"6fed6869\" data-element_type=\"widget\" data-widget_type=\"heading.default\">\n\t\t\t\t\t<h2 class=\"elementor-heading-title elementor-size-default\">Rija Loka Samsara<\/h2>\t\t\t\t<\/div>\n\t\t\t\t<div class=\"elementor-element elementor-element-8618324 elementor-widget elementor-widget-image\" data-id=\"8618324\" data-element_type=\"widget\" data-widget_type=\"image.default\">\n\t\t\t\t\t\t\t\t\t\t\t\t\t\t\t<img fetchpriority=\"high\" decoding=\"async\" width=\"225\" height=\"300\" src=\"https:\/\/loka-samsara.de\/wp-content\/uploads\/2026\/03\/Rija1-1-225x300.jpg\" class=\"attachment-medium size-medium wp-image-2147\" alt=\"\" srcset=\"https:\/\/loka-samsara.de\/wp-content\/uploads\/2026\/03\/Rija1-1-225x300.jpg 225w, https:\/\/loka-samsara.de\/wp-content\/uploads\/2026\/03\/Rija1-1-450x600.jpg 450w, https:\/\/loka-samsara.de\/wp-content\/uploads\/2026\/03\/Rija1-1.jpg 720w\" sizes=\"(max-width: 225px) 100vw, 225px\" \/>\t\t\t\t\t\t\t\t\t\t\t\t\t\t\t<\/div>\n\t\t<div class=\"elementor-element elementor-element-fb7ee37 e-flex e-con-boxed e-con e-child\" data-id=\"fb7ee37\" data-element_type=\"container\">\n\t\t\t\t\t<div class=\"e-con-inner\">\n\t\t\t\t<div class=\"elementor-element elementor-element-4df01611 elementor-widget elementor-widget-text-editor\" data-id=\"4df01611\" data-element_type=\"widget\" data-widget_type=\"text-editor.default\">\n\t\t\t\t\t\t\t\t\t<p>Born November 15, 2020<\/p><p>Die kleine Rija ist eine solid farbene H\u00fcndin. Sie zeichnet sich durch ihre Souver\u00e4nit\u00e4t und ihren Liebreiz aus.<\/p><p>Rija is the daughter of Multi Champion Miss Milka Loka Samsara and Santosha Firelord.<\/p><p>Rija hat am 10.12.2023 \u00a03 Babies bekommen.<br \/>The father is The Royal Shih Tzu Garden Quentin Black.<\/p><p>One boy and two girls saw the light of day. \ud83d\udc3e<\/p><h4><span style=\"color: #ff00ff;\"><a style=\"color: #ff00ff;\" href=\"https:\/\/loka-samsara.de\/en\/rija-1-wurf\/\">-1th Litter-<\/a><\/span><\/h4>\t\t\t\t\t\t\t\t<\/div>\n\t\t\t\t\t<\/div>\n\t\t\t\t<\/div>\n\t\t\t\t<\/div>\n\t\t\t\t<\/div>\n\t\t\t\t\t<\/div>\n\t\t\t\t<\/div>\n\t\t\t\t<\/div>","protected":false},"excerpt":{"rendered":"<p>Rija Loka Samsara geboren am 15.11.2020 Die kleine Rija ist eine solid farbene H\u00fcndin. Sie zeichnet sich durch ihre Souver\u00e4nit\u00e4t und ihren Liebreiz aus. Rija ist die Tochter von Multi Champion Miss Milka Loka Samsara und Santosha Firelord. Rija hat am 10.12.2023 \u00a03 Babies bekommen.Der Vater ist The Royal Shih Tzu Garden Quentin Black. Es [&hellip;]<\/p>\n","protected":false},"author":2,"featured_media":0,"parent":0,"menu_order":0,"comment_status":"closed","ping_status":"closed","template":"elementor_header_footer","meta":{"inline_featured_image":false,"two_page_speed":[],"footnotes":""},"class_list":["post-2144","page","type-page","status-publish","hentry"],"_links":{"self":[{"href":"https:\/\/loka-samsara.de\/en\/wp-json\/wp\/v2\/pages\/2144","targetHints":{"allow":["GET"]}}],"collection":[{"href":"https:\/\/loka-samsara.de\/en\/wp-json\/wp\/v2\/pages"}],"about":[{"href":"https:\/\/loka-samsara.de\/en\/wp-json\/wp\/v2\/types\/page"}],"author":[{"embeddable":true,"href":"https:\/\/loka-samsara.de\/en\/wp-json\/wp\/v2\/users\/2"}],"replies":[{"embeddable":true,"href":"https:\/\/loka-samsara.de\/en\/wp-json\/wp\/v2\/comments?post=2144"}],"version-history":[{"count":0,"href":"https:\/\/loka-samsara.de\/en\/wp-json\/wp\/v2\/pages\/2144\/revisions"}],"wp:attachment":[{"href":"https:\/\/loka-samsara.de\/en\/wp-json\/wp\/v2\/media?parent=2144"}],"curies":[{"name":"wp","href":"https:\/\/api.w.org\/{rel}","templated":true}]}}