{"id":2153,"date":"2026-03-03T14:26:41","date_gmt":"2026-03-03T14:26:41","guid":{"rendered":"https:\/\/loka-samsara.de\/?page_id=2153"},"modified":"2026-03-04T09:26:27","modified_gmt":"2026-03-04T09:26:27","slug":"santana-loka-samsara","status":"publish","type":"page","link":"https:\/\/loka-samsara.de\/en\/santana-loka-samsara\/","title":{"rendered":"Santana Loka Samsara"},"content":{"rendered":"<div data-elementor-type=\"wp-page\" data-elementor-id=\"2153\" class=\"elementor elementor-2153\">\n\t\t\t\t<div class=\"elementor-element elementor-element-489bfd64 e-flex e-con-boxed e-con e-parent\" data-id=\"489bfd64\" data-element_type=\"container\">\n\t\t\t\t\t<div class=\"e-con-inner\">\n\t\t<div class=\"elementor-element elementor-element-168ea72b e-con-full e-flex e-con e-child\" data-id=\"168ea72b\" data-element_type=\"container\" data-settings=\"{&quot;background_background&quot;:&quot;gradient&quot;}\">\n\t\t<div class=\"elementor-element elementor-element-679df53c e-con-full e-flex e-con e-child\" data-id=\"679df53c\" data-element_type=\"container\">\n\t\t\t\t<div class=\"elementor-element elementor-element-6fed6869 elementor-widget elementor-widget-heading\" data-id=\"6fed6869\" data-element_type=\"widget\" data-widget_type=\"heading.default\">\n\t\t\t\t\t<h2 class=\"elementor-heading-title elementor-size-default\">Santana Loka Samsara<\/h2>\t\t\t\t<\/div>\n\t\t<div class=\"elementor-element elementor-element-fb7ee37 e-flex e-con-boxed e-con e-child\" data-id=\"fb7ee37\" data-element_type=\"container\">\n\t\t\t\t\t<div class=\"e-con-inner\">\n\t\t<div class=\"elementor-element elementor-element-90678d4 e-con-full e-flex e-con e-child\" data-id=\"90678d4\" data-element_type=\"container\">\n\t\t\t\t<div class=\"elementor-element elementor-element-558b853 elementor-widget elementor-widget-image\" data-id=\"558b853\" data-element_type=\"widget\" data-widget_type=\"image.default\">\n\t\t\t\t\t\t\t\t\t\t\t\t\t\t\t<img fetchpriority=\"high\" decoding=\"async\" width=\"600\" height=\"595\" src=\"https:\/\/loka-samsara.de\/wp-content\/uploads\/2025\/12\/Santana1.jpg\" class=\"attachment-large size-large wp-image-431\" alt=\"\" srcset=\"https:\/\/loka-samsara.de\/wp-content\/uploads\/2025\/12\/Santana1.jpg 600w, https:\/\/loka-samsara.de\/wp-content\/uploads\/2025\/12\/Santana1-300x298.jpg 300w, https:\/\/loka-samsara.de\/wp-content\/uploads\/2025\/12\/Santana1-150x150.jpg 150w\" sizes=\"(max-width: 600px) 100vw, 600px\" \/>\t\t\t\t\t\t\t\t\t\t\t\t\t\t\t<\/div>\n\t\t\t\t<\/div>\n\t\t\t\t<div class=\"elementor-element elementor-element-4df01611 elementor-widget elementor-widget-text-editor\" data-id=\"4df01611\" data-element_type=\"widget\" data-widget_type=\"text-editor.default\">\n\t\t\t\t\t\t\t\t\t<p>Born November 1, 2021<\/p><p>Father: The Royal Shih Tzu  Garden Elton John\nMother: Queeny Loka Samsara \ud83d\udc3e<\/p><p>Santana, our little dervish. One of the most intelligent females from my breeding.<\/p><p>She always finds a solution for every problem, and nothing is too complicated for her. Incredibly playful,<br \/>loyal and obedient.<\/p><p>Santana gave birth to seven puppies without any problems on December 27, 2024.<\/p><p>Daddy is my beautiful Kenji Loka Samsara<br \/><br \/><span style=\"color: #ff00ff;\"><a style=\"color: #ff00ff;\" href=\"https:\/\/loka-samsara.de\/en\/santana-1-wurf\/\">-1th Litter-<\/a><\/span><\/p>\t\t\t\t\t\t\t\t<\/div>\n\t\t\t\t\t<\/div>\n\t\t\t\t<\/div>\n\t\t\t\t<\/div>\n\t\t\t\t<\/div>\n\t\t\t\t\t<\/div>\n\t\t\t\t<\/div>\n\t\t\t\t<\/div>","protected":false},"excerpt":{"rendered":"<p>Santana Loka Samsara geboren am 01.11.2021 Papa ist The Royal Garden Elton John x \u00a0Mama ist Queeny Loka Samsara Santana unser kleiner Derwish. Eine der intelligentesten H\u00fcndinnen aus meiner Zucht. Sie weis f\u00fcr jedes Problem eine L\u00f6sung und nichts ist ihr zu kompliziert. Unwahrscheinlich verspielt,loyal und gehorsam. Santana hat am 27.12.2024 ohne Probleme 7 Welpen [&hellip;]<\/p>\n","protected":false},"author":2,"featured_media":0,"parent":0,"menu_order":0,"comment_status":"closed","ping_status":"closed","template":"elementor_header_footer","meta":{"inline_featured_image":false,"two_page_speed":[],"footnotes":""},"class_list":["post-2153","page","type-page","status-publish","hentry"],"_links":{"self":[{"href":"https:\/\/loka-samsara.de\/en\/wp-json\/wp\/v2\/pages\/2153","targetHints":{"allow":["GET"]}}],"collection":[{"href":"https:\/\/loka-samsara.de\/en\/wp-json\/wp\/v2\/pages"}],"about":[{"href":"https:\/\/loka-samsara.de\/en\/wp-json\/wp\/v2\/types\/page"}],"author":[{"embeddable":true,"href":"https:\/\/loka-samsara.de\/en\/wp-json\/wp\/v2\/users\/2"}],"replies":[{"embeddable":true,"href":"https:\/\/loka-samsara.de\/en\/wp-json\/wp\/v2\/comments?post=2153"}],"version-history":[{"count":0,"href":"https:\/\/loka-samsara.de\/en\/wp-json\/wp\/v2\/pages\/2153\/revisions"}],"wp:attachment":[{"href":"https:\/\/loka-samsara.de\/en\/wp-json\/wp\/v2\/media?parent=2153"}],"curies":[{"name":"wp","href":"https:\/\/api.w.org\/{rel}","templated":true}]}}