{"id":2162,"date":"2026-03-03T15:22:04","date_gmt":"2026-03-03T15:22:04","guid":{"rendered":"https:\/\/loka-samsara.de\/?page_id=2162"},"modified":"2026-03-07T21:24:09","modified_gmt":"2026-03-07T21:24:09","slug":"saabi-loka-samsara","status":"publish","type":"page","link":"https:\/\/loka-samsara.de\/en\/saabi-loka-samsara\/","title":{"rendered":"Saabi Loka Samsara"},"content":{"rendered":"<div data-elementor-type=\"wp-page\" data-elementor-id=\"2162\" class=\"elementor elementor-2162\">\n\t\t\t\t<div class=\"elementor-element elementor-element-489bfd64 e-flex e-con-boxed e-con e-parent\" data-id=\"489bfd64\" data-element_type=\"container\">\n\t\t\t\t\t<div class=\"e-con-inner\">\n\t\t<div class=\"elementor-element elementor-element-168ea72b e-con-full e-flex e-con e-child\" data-id=\"168ea72b\" data-element_type=\"container\" data-settings=\"{&quot;background_background&quot;:&quot;gradient&quot;}\">\n\t\t<div class=\"elementor-element elementor-element-679df53c e-con-full e-flex e-con e-child\" data-id=\"679df53c\" data-element_type=\"container\">\n\t\t\t\t<div class=\"elementor-element elementor-element-6fed6869 elementor-widget elementor-widget-heading\" data-id=\"6fed6869\" data-element_type=\"widget\" data-widget_type=\"heading.default\">\n\t\t\t\t\t<h2 class=\"elementor-heading-title elementor-size-default\">Saabi Loka Samsara<\/h2>\t\t\t\t<\/div>\n\t\t\t\t<div class=\"elementor-element elementor-element-475942e elementor-widget elementor-widget-image\" data-id=\"475942e\" data-element_type=\"widget\" data-widget_type=\"image.default\">\n\t\t\t\t\t\t\t\t\t\t\t\t\t\t\t<img fetchpriority=\"high\" decoding=\"async\" width=\"380\" height=\"600\" src=\"https:\/\/loka-samsara.de\/wp-content\/uploads\/2025\/12\/Saabi4-380x600.jpg\" class=\"attachment-tenweb_optimizer_mobile size-tenweb_optimizer_mobile wp-image-440\" alt=\"\" srcset=\"https:\/\/loka-samsara.de\/wp-content\/uploads\/2025\/12\/Saabi4-380x600.jpg 380w, https:\/\/loka-samsara.de\/wp-content\/uploads\/2025\/12\/Saabi4-190x300.jpg 190w, https:\/\/loka-samsara.de\/wp-content\/uploads\/2025\/12\/Saabi4-648x1024.jpg 648w, https:\/\/loka-samsara.de\/wp-content\/uploads\/2025\/12\/Saabi4-768x1214.jpg 768w, https:\/\/loka-samsara.de\/wp-content\/uploads\/2025\/12\/Saabi4-972x1536.jpg 972w, https:\/\/loka-samsara.de\/wp-content\/uploads\/2025\/12\/Saabi4.jpg 1296w\" sizes=\"(max-width: 380px) 100vw, 380px\" \/>\t\t\t\t\t\t\t\t\t\t\t\t\t\t\t<\/div>\n\t\t<div class=\"elementor-element elementor-element-fb7ee37 e-flex e-con-boxed e-con e-child\" data-id=\"fb7ee37\" data-element_type=\"container\">\n\t\t\t\t\t<div class=\"e-con-inner\">\n\t\t\t\t<div class=\"elementor-element elementor-element-4df01611 elementor-widget elementor-widget-text-editor\" data-id=\"4df01611\" data-element_type=\"widget\" data-widget_type=\"text-editor.default\">\n\t\t\t\t\t\t\t\t\t<p>Born November 1, 2021<\/p><p>Saabi ist unser Sonnenschein. Immer gut gelaunt, nie b\u00f6sartig aber immer auf der Hut. Sie kuschelt am liebsten mit Herrchen auf der Couch und l\u00e4sst sich stundenlang den Bauch kraulen. Zusammen mit ihrer Schwester sind beide H\u00fcndinnen ein unschlagbares Team. Stundenlanges spielen und sich gegenseitig an den Haaren durch die K\u00fcche zerren sind keine Ausnahmen, was auch erkl\u00e4rt warum ich diese bildh\u00fcbsche H\u00fcndin nicht auf Ausstellungen vorstellen kann. Das Fell ist einfach nie in Show Kondition\u2026. daf\u00fcr haben wir gl\u00fcckliche Hunde<\/p><p>Saabi became a mother of two beautiful boys on November 30, 2025.<br \/><span style=\"color: #ff00ff;\"><a style=\"color: #ff00ff;\" href=\"https:\/\/loka-samsara.de\/en\/saabi-1-wurf\/\" target=\"_blank\" rel=\"noopener\">-1th Litter-<\/a><\/span><\/p>\t\t\t\t\t\t\t\t<\/div>\n\t\t\t\t\t<\/div>\n\t\t\t\t<\/div>\n\t\t\t\t<\/div>\n\t\t\t\t<\/div>\n\t\t\t\t\t<\/div>\n\t\t\t\t<\/div>\n\t\t\t\t<\/div>","protected":false},"excerpt":{"rendered":"<p>Saabi Loka Samsara Geboren am 1.11.2021 Saabi ist unser Sonnenschein. Immer gut gelaunt, nie b\u00f6sartig aber immer auf der Hut. Sie kuschelt am liebsten mit Herrchen auf der Couch und l\u00e4sst sich stundenlang den Bauch kraulen. Zusammen mit ihrer Schwester sind beide H\u00fcndinnen ein unschlagbares Team. Stundenlanges spielen und sich gegenseitig an den Haaren durch [&hellip;]<\/p>\n","protected":false},"author":2,"featured_media":0,"parent":0,"menu_order":0,"comment_status":"closed","ping_status":"closed","template":"elementor_header_footer","meta":{"inline_featured_image":false,"two_page_speed":[],"footnotes":""},"class_list":["post-2162","page","type-page","status-publish","hentry"],"_links":{"self":[{"href":"https:\/\/loka-samsara.de\/en\/wp-json\/wp\/v2\/pages\/2162","targetHints":{"allow":["GET"]}}],"collection":[{"href":"https:\/\/loka-samsara.de\/en\/wp-json\/wp\/v2\/pages"}],"about":[{"href":"https:\/\/loka-samsara.de\/en\/wp-json\/wp\/v2\/types\/page"}],"author":[{"embeddable":true,"href":"https:\/\/loka-samsara.de\/en\/wp-json\/wp\/v2\/users\/2"}],"replies":[{"embeddable":true,"href":"https:\/\/loka-samsara.de\/en\/wp-json\/wp\/v2\/comments?post=2162"}],"version-history":[{"count":0,"href":"https:\/\/loka-samsara.de\/en\/wp-json\/wp\/v2\/pages\/2162\/revisions"}],"wp:attachment":[{"href":"https:\/\/loka-samsara.de\/en\/wp-json\/wp\/v2\/media?parent=2162"}],"curies":[{"name":"wp","href":"https:\/\/api.w.org\/{rel}","templated":true}]}}