{"id":2977,"date":"2026-03-27T11:35:05","date_gmt":"2026-03-27T11:35:05","guid":{"rendered":"https:\/\/loka-samsara.de\/?page_id=2977"},"modified":"2026-03-27T13:23:23","modified_gmt":"2026-03-27T13:23:23","slug":"shihtzu","status":"publish","type":"page","link":"https:\/\/loka-samsara.de\/en\/shihtzu\/","title":{"rendered":"Shihtzu"},"content":{"rendered":"<div data-elementor-type=\"wp-post\" data-elementor-id=\"2977\" class=\"elementor elementor-2977\">\n\t\t\t\t<div class=\"elementor-element elementor-element-b29a8b9 e-con-full e-flex e-con e-parent\" data-id=\"b29a8b9\" data-element_type=\"container\" data-settings=\"{&quot;background_background&quot;:&quot;gradient&quot;}\">\n\t\t<div class=\"elementor-element elementor-element-5393847 e-con-full e-flex e-con e-child\" data-id=\"5393847\" data-element_type=\"container\">\n\t\t<div class=\"elementor-element elementor-element-326ea32 e-con-full e-flex e-con e-child\" data-id=\"326ea32\" data-element_type=\"container\">\n\t\t<div class=\"elementor-element elementor-element-49242b3 e-flex e-con-boxed e-con e-child\" data-id=\"49242b3\" data-element_type=\"container\">\n\t\t\t\t\t<div class=\"e-con-inner\">\n\t\t\t\t<div class=\"elementor-element elementor-element-f1abc9a elementor-widget elementor-widget-text-editor\" data-id=\"f1abc9a\" data-element_type=\"widget\" data-widget_type=\"text-editor.default\">\n\t\t\t\t\t\t\t\t\t<h4>Der Shih Tzu \u2013 Herkunft, Wesen und Pflege<\/h4><p>\u00a0<\/p><h2>Herkunft des Shih Tzu<\/h2><p>\u00a0<\/p><p>Die Wurzeln des Shih Tzu liegen im Spannungsfeld zwischen Tibet und dem kaiserlichen China. \u00dcberlieferungen berichten, dass kleine, l\u00f6wen\u00e4hnliche Hunde aus tibetischen Kl\u00f6stern als kostbare Geschenke an den chinesischen Kaiserhof gelangten. Besonders h\u00e4ufig wird erz\u00e4hlt, dass solche Hunde vom Dalai Lama an die kaiserliche Familie \u00fcbergeben wurden.<\/p><p>Am Hof der chinesischen Herrscher wurden diese Hunde \u00fcber Generationen hinweg sorgf\u00e4ltig bewahrt und gezielt weitergez\u00fcchtet. Unter der Kaiserinwitwe Cixi im 19. Jahrhundert erreichte diese Zucht eine besondere Bl\u00fcte. Die kleinen \u201eL\u00f6wenhunde\u201c galten nicht nur als Begleiter, sondern als Ausdruck von W\u00fcrde, Anmut und spiritueller Bedeutung.<\/p><p>Der Name \u201eShih Tzu\u201c bedeutet sinngem\u00e4\u00df \u201eL\u00f6wenhund\u201c und verweist auf diese kulturelle Symbolik. Bis heute tr\u00e4gt der Shih Tzu diese Herkunft in sich \u2013 nicht laut, sondern in einer stillen, selbstverst\u00e4ndlichen Eleganz.<\/p><div class=\"loka-divider\">\u00a0<\/div><h2>Wesen und Charakter<\/h2><p>\u00a0<\/p><p>Der Shih Tzu ist ein Hund von au\u00dfergew\u00f6hnlicher Menschenbezogenheit. Seine gr\u00f6\u00dfte St\u00e4rke liegt nicht in Leistung oder Aufgabe, sondern in seiner F\u00e4higkeit zur Bindung.<\/p><p>Er ist freundlich, offen und ausgeglichen. Dabei besitzt er eine feine Sensibilit\u00e4t f\u00fcr Stimmungen und eine ruhige Pr\u00e4senz, die ihn zu einem sehr angenehmen Begleiter macht. Trotz seiner Gelassenheit ist er verspielt und aufmerksam, ohne je aufdringlich zu wirken.<\/p><p>Typisch f\u00fcr den Shih Tzu ist seine stille W\u00fcrde. Er dr\u00e4ngt sich nicht in den Vordergrund, ist aber dennoch stets pr\u00e4sent. Seine N\u00e4he zum Menschen ist tief, ruhig und selbstverst\u00e4ndlich.<\/p><p>Ein Shih Tzu passt sich dem Leben seiner Menschen an \u2013 nicht durch Unterordnung, sondern durch eine nat\u00fcrliche Harmonie.<\/p><div class=\"loka-divider\">\u00a0<\/div><h2>Pflege und Haltung<\/h2><p>\u00a0<\/p><p>Das lange, flie\u00dfende Fell des Shih Tzu ist eines seiner charakteristischsten Merkmale und verlangt eine regelm\u00e4\u00dfige, sorgf\u00e4ltige Pflege. Mit der richtigen Routine wird diese Pflege zu einem ruhigen und verbindenden Moment zwischen Mensch und Hund.<\/p><p>T\u00e4gliches B\u00fcrsten hilft, Verfilzungen zu vermeiden und das Fell gesund zu erhalten. Ebenso wichtig ist die regelm\u00e4\u00dfige Reinigung der Augenpartie, da der Shih Tzu zu Tr\u00e4nenfluss neigen kann. Auch Ohren und Pfoten sollten in die Pflege einbezogen werden.<\/p><p>Eine ausgewogene Ern\u00e4hrung tr\u00e4gt wesentlich zur Fellqualit\u00e4t und allgemeinen Gesundheit bei.<\/p><p>Der Shih Tzu ist ein ausgesprochener Familienhund. Er geh\u00f6rt nicht nach drau\u00dfen oder in eine isolierte Haltung, sondern in die N\u00e4he des Menschen. Er lebt von Kontakt, von Ruhe und von einer stabilen Umgebung.<\/p><p>Richtig gepflegt und gehalten, entwickelt sich der Shih Tzu zu einem langlebigen, ausgeglichenen und tief verbundenen Begleiter.<\/p><div class=\"loka-shih\"><p>\u00a0<\/p><\/div>\t\t\t\t\t\t\t\t<\/div>\n\t\t\t\t<div class=\"elementor-element elementor-element-KF0oD7Zq elementor-widget__width-inherit elementor-widget-mobile__width-inherit   elementor-widget elementor-widget-image\" data-id=\"KF0oD7Zq\" data-element_type=\"widget\" data-widget_type=\"image.default\">\n\t\t\t\t\t\t\t\t\t\t\t\t\t\t\t\t<a href=\"https:\/\/www.facebook.com\/profile.php?id=100057465235424\" target=\"_blank\">\n\t\t\t\t\t\t\t<img fetchpriority=\"high\" decoding=\"async\" width=\"928\" height=\"1232\" src=\"https:\/\/loka-samsara.de\/wp-content\/uploads\/2026\/03\/Shih-Tzu.avif\" class=\"attachment-full size-full wp-image-2978\" alt=\"Shihtzu in China\" srcset=\"https:\/\/loka-samsara.de\/wp-content\/uploads\/2026\/03\/Shih-Tzu.avif 928w, https:\/\/loka-samsara.de\/wp-content\/uploads\/2026\/03\/Shih-Tzu-226x300.avif 226w, https:\/\/loka-samsara.de\/wp-content\/uploads\/2026\/03\/Shih-Tzu-771x1024.avif 771w, https:\/\/loka-samsara.de\/wp-content\/uploads\/2026\/03\/Shih-Tzu-768x1020.avif 768w, https:\/\/loka-samsara.de\/wp-content\/uploads\/2026\/03\/Shih-Tzu-9x12.avif 9w, https:\/\/loka-samsara.de\/wp-content\/uploads\/2026\/03\/Shih-Tzu-452x600.avif 452w\" sizes=\"(max-width: 928px) 100vw, 928px\" \/>\t\t\t\t\t\t\t\t<\/a>\n\t\t\t\t\t\t\t\t\t\t\t\t\t\t\t<\/div>\n\t\t\t\t\t<\/div>\n\t\t\t\t<\/div>\n\t\t\t\t<\/div>\n\t\t\t\t<\/div>\n\t\t\t\t<\/div>\n\t\t\t\t<\/div>","protected":false},"excerpt":{"rendered":"<p>Loka Samsara Shih Tzu &#8211; liebevolle Hobbyzucht mit Herz<\/p>","protected":false},"author":2,"featured_media":740,"parent":0,"menu_order":0,"comment_status":"closed","ping_status":"publish","template":"","meta":{"inline_featured_image":false,"two_page_speed":[],"footnotes":""},"class_list":["post-2977","page","type-page","status-publish","has-post-thumbnail","hentry"],"_links":{"self":[{"href":"https:\/\/loka-samsara.de\/en\/wp-json\/wp\/v2\/pages\/2977","targetHints":{"allow":["GET"]}}],"collection":[{"href":"https:\/\/loka-samsara.de\/en\/wp-json\/wp\/v2\/pages"}],"about":[{"href":"https:\/\/loka-samsara.de\/en\/wp-json\/wp\/v2\/types\/page"}],"author":[{"embeddable":true,"href":"https:\/\/loka-samsara.de\/en\/wp-json\/wp\/v2\/users\/2"}],"replies":[{"embeddable":true,"href":"https:\/\/loka-samsara.de\/en\/wp-json\/wp\/v2\/comments?post=2977"}],"version-history":[{"count":7,"href":"https:\/\/loka-samsara.de\/en\/wp-json\/wp\/v2\/pages\/2977\/revisions"}],"predecessor-version":[{"id":3006,"href":"https:\/\/loka-samsara.de\/en\/wp-json\/wp\/v2\/pages\/2977\/revisions\/3006"}],"wp:featuredmedia":[{"embeddable":true,"href":"https:\/\/loka-samsara.de\/en\/wp-json\/wp\/v2\/media\/740"}],"wp:attachment":[{"href":"https:\/\/loka-samsara.de\/en\/wp-json\/wp\/v2\/media?parent=2977"}],"curies":[{"name":"wp","href":"https:\/\/api.w.org\/{rel}","templated":true}]}}